{"id":2820,"date":"2021-10-13T18:28:23","date_gmt":"2021-10-13T16:28:23","guid":{"rendered":"https:\/\/antcube.shop\/produkt\/ameisen-ausbruchsschutz-ol-10ml\/"},"modified":"2026-04-05T11:59:15","modified_gmt":"2026-04-05T09:59:15","slug":"ameisen-ausbruchsschutz-ol-10ml","status":"publish","type":"product","link":"https:\/\/antcube.shop\/sk\/produkt\/ameisen-ausbruchsschutz-ol-10ml\/","title":{"rendered":"Olej na ochranu pred \u00fanikom mravcov 10ml"},"content":{"rendered":"<p><strong>Obsah:<\/strong> 10 ml (sta\u010d\u00ed na pribli\u017ene 10-15 metrov 2 cm \u0161irok\u00e9ho p\u00e1su)<\/p>\n<p><strong>Farba:<\/strong> prieh\u013eadn\u00fd, bezfarebn\u00fd<\/p>\n<p><strong>Materi\u00e1l:<\/strong> na b\u00e1ze paraf\u00ednov\u00e9ho oleja<\/p>\n<p><strong>V\u00fdhoda:<\/strong> M\u00f4\u017ee sa aplikova\u0165 na v\u0161etky hladk\u00e9 povrchy, ako je sklo alebo plast:<\/p>\n<p><strong>Nev\u00fdhoda:<\/strong> V pr\u00edpade ve\u013ek\u00fdch kol\u00f3ni\u00ed m\u00f4\u017eu zvierat\u00e1 roznies\u0165 olej po skle ch\u00f4dzou po jeho povrchu, tak\u017ee sklo sa mus\u00ed \u010dasom vy\u010disti\u0165.<\/p>\n<p><strong>Pou\u017eitie:<\/strong> F\u00f3lia by mala by\u0165 na vn\u00fatornom okraji asi trikr\u00e1t \u0161ir\u0161ia ako mravce a mala by sa nan\u00e1\u0161a\u0165 bez kvapkania.<\/p>\n<p><strong>Obnovenie:<\/strong> 2-4 mesiace v z\u00e1vislosti od ve\u013ekosti kol\u00f3nie a ro\u010dn\u00e9ho obdobia.<\/p>\n<p><strong>Pozn\u00e1mka:<\/strong> Zvierat\u00e1 by mali pr\u00eds\u0165 do kontaktu s olejom len nohami. V pr\u00edpade ve\u013ek\u00e9ho mno\u017estva kvapiek hroz\u00ed, \u017ee sa zvierat\u00e1 dostan\u00fa hlavou do kvapky a udusia sa olejom.<\/p>\n<p><a href=\"https:\/\/antcube.shop\/wp-content\/uploads\/2022\/02\/ant_escape_protection_oil_en.pdf\">Karta bezpe\u010dnostn\u00fdch \u00fadajov pre olej na ochranu proti vylamovaniu mravcov, (PDF 0,1 MB)<\/a><br \/>\n(Obsahuje: Bezpe\u010dnostn\u00e9 pokyny)<\/p>\n<p>&nbsp;<\/p>","protected":false},"excerpt":{"rendered":"<p>Obsah: Farba: prieh\u013eadn\u00e1, bezfarebn\u00e1 Materi\u00e1l: na b\u00e1ze paraf\u00ednov\u00e9ho oleja V\u00fdhody: Mo\u017eno aplikova\u0165 na v\u0161etky hladk\u00e9 povrchy, ako je sklo alebo plast: Nev\u00fdhody: V pr\u00edpade ve\u013ek\u00fdch kol\u00f3ni\u00ed m\u00f4\u017eu zvierat\u00e1 rozotrie\u0165 olej po skle ch\u00f4dzou po povrchu oleja,","protected":false},"featured_media":303,"comment_status":"open","ping_status":"closed","template":"","meta":{"_acf_changed":false,"content-type":"","_monsterinsights_skip_tracking":false,"_monsterinsights_sitenote_active":false,"_monsterinsights_sitenote_note":"","_monsterinsights_sitenote_category":0},"product_brand":[],"product_cat":[237],"product_tag":[],"class_list":{"0":"post-2820","1":"product","2":"type-product","3":"status-publish","4":"has-post-thumbnail","6":"product_cat-tools","8":"first","9":"instock","10":"taxable","11":"shipping-taxable","12":"purchasable","13":"product-type-simple"},"acf":[],"aioseo_notices":[],"jetpack_sharing_enabled":true,"_links":{"self":[{"href":"https:\/\/antcube.shop\/sk\/wp-json\/wp\/v2\/product\/2820","targetHints":{"allow":["GET"]}}],"collection":[{"href":"https:\/\/antcube.shop\/sk\/wp-json\/wp\/v2\/product"}],"about":[{"href":"https:\/\/antcube.shop\/sk\/wp-json\/wp\/v2\/types\/product"}],"replies":[{"embeddable":true,"href":"https:\/\/antcube.shop\/sk\/wp-json\/wp\/v2\/comments?post=2820"}],"wp:featuredmedia":[{"embeddable":true,"href":"https:\/\/antcube.shop\/sk\/wp-json\/wp\/v2\/media\/303"}],"wp:attachment":[{"href":"https:\/\/antcube.shop\/sk\/wp-json\/wp\/v2\/media?parent=2820"}],"wp:term":[{"taxonomy":"product_brand","embeddable":true,"href":"https:\/\/antcube.shop\/sk\/wp-json\/wp\/v2\/product_brand?post=2820"},{"taxonomy":"product_cat","embeddable":true,"href":"https:\/\/antcube.shop\/sk\/wp-json\/wp\/v2\/product_cat?post=2820"},{"taxonomy":"product_tag","embeddable":true,"href":"https:\/\/antcube.shop\/sk\/wp-json\/wp\/v2\/product_tag?post=2820"}],"curies":[{"name":"wp","href":"https:\/\/api.w.org\/{rel}","templated":true}]}}