{"id":2816,"date":"2021-10-13T18:27:16","date_gmt":"2021-10-13T16:27:16","guid":{"rendered":"https:\/\/antcube.shop\/produkt\/pinzette-federstahl-breit-weich\/"},"modified":"2026-04-20T16:11:08","modified_gmt":"2026-04-20T14:11:08","slug":"pinzeta-priruba-ocel-siroka-makka","status":"publish","type":"product","link":"https:\/\/antcube.shop\/sk\/produkt\/pinzeta-priruba-ocel-siroka-makka\/","title":{"rendered":"Pinzeta z pru\u017einovej ocele - \u0161irok\u00e1 - m\u00e4kk\u00e1"},"content":{"rendered":"<p><strong>D\u013a\u017eka:<\/strong> 115 mm<\/p>\n<p><strong>Materi\u00e1l:<\/strong> pru\u017einov\u00e1 oce\u013e 0,25 mm<\/p>\n<p><strong>Popis: V s\u00fa\u010dasnosti je na trhu viac ako 10 000 zariaden\u00ed, ktor\u00e9 s\u00fa ur\u010den\u00e9 na predaj:<\/strong> Pinzeta z pru\u017einovej ocele. Ide\u00e1lna na \"zbieranie\" mravcov, preto\u017ee tlak na stl\u00e1\u010danie je pri tomto type pinzety mierne obmedzen\u00fd, a preto sa mravce nedaj\u00fa tak \u013eahko \"rozdrvi\u0165\".<\/p>","protected":false},"excerpt":{"rendered":"<p>D\u013a\u017eka: 115 mm, Materi\u00e1l: pru\u017einov\u00e1 oce\u013e<\/p>","protected":false},"featured_media":5603,"comment_status":"open","ping_status":"closed","template":"","meta":{"_acf_changed":false,"content-type":"","_monsterinsights_skip_tracking":false,"_monsterinsights_sitenote_active":false,"_monsterinsights_sitenote_note":"","_monsterinsights_sitenote_category":0},"product_brand":[],"product_cat":[237],"product_tag":[],"class_list":{"0":"post-2816","1":"product","2":"type-product","3":"status-publish","4":"has-post-thumbnail","6":"product_cat-tools","8":"first","9":"instock","10":"taxable","11":"shipping-taxable","12":"purchasable","13":"product-type-simple"},"acf":[],"aioseo_notices":[],"jetpack_sharing_enabled":true,"_links":{"self":[{"href":"https:\/\/antcube.shop\/sk\/wp-json\/wp\/v2\/product\/2816","targetHints":{"allow":["GET"]}}],"collection":[{"href":"https:\/\/antcube.shop\/sk\/wp-json\/wp\/v2\/product"}],"about":[{"href":"https:\/\/antcube.shop\/sk\/wp-json\/wp\/v2\/types\/product"}],"replies":[{"embeddable":true,"href":"https:\/\/antcube.shop\/sk\/wp-json\/wp\/v2\/comments?post=2816"}],"wp:featuredmedia":[{"embeddable":true,"href":"https:\/\/antcube.shop\/sk\/wp-json\/wp\/v2\/media\/5603"}],"wp:attachment":[{"href":"https:\/\/antcube.shop\/sk\/wp-json\/wp\/v2\/media?parent=2816"}],"wp:term":[{"taxonomy":"product_brand","embeddable":true,"href":"https:\/\/antcube.shop\/sk\/wp-json\/wp\/v2\/product_brand?post=2816"},{"taxonomy":"product_cat","embeddable":true,"href":"https:\/\/antcube.shop\/sk\/wp-json\/wp\/v2\/product_cat?post=2816"},{"taxonomy":"product_tag","embeddable":true,"href":"https:\/\/antcube.shop\/sk\/wp-json\/wp\/v2\/product_tag?post=2816"}],"curies":[{"name":"wp","href":"https:\/\/api.w.org\/{rel}","templated":true}]}}