{"id":2744,"date":"2021-10-08T12:05:54","date_gmt":"2021-10-08T10:05:54","guid":{"rendered":"https:\/\/antcube.shop\/produkt\/antcube-starter-set-s-20x20-wald\/"},"modified":"2026-04-07T10:39:01","modified_gmt":"2026-04-07T08:39:01","slug":"antcube-starter-set-s-20x20-wald","status":"publish","type":"product","link":"https:\/\/antcube.shop\/sk\/produkt\/antcube-starter-set-s-20x20-wald\/","title":{"rendered":"ANTCUBE Starter Set S - 20\u00d720 - Forest"},"content":{"rendered":"<p><strong>Obsah:<\/strong><br \/>\n1x Cvr\u010dekov\u00fd d\u017eem 25g<br \/>\n1x Lesn\u00fd med (Wa) - n\u00e1pl\u0148 10ml<\/p>\n<p>1x ANTCUBE - Arena 20x20x10 - ploch\u00e1<br \/>\n1x r\u00e1m mraveniska 20\u00d720<br \/>\n1x kryt mraveniska 20\u00d720<br \/>\n4x upev\u0148ovac\u00ed bod pre kryt ar\u00e9ny<br \/>\n1x ANTCUBE - mravenisko - L - 20\u00d720 - vertik\u00e1lne<\/p>\n<p>1x 0,5 m prieh\u013eadn\u00e1 r\u00farka 10\/06 mm<br \/>\n1x ANTCUBE - \u010derven\u00e1 f\u00f3lia 20\u00d720 - filter<br \/>\n1x lepiace svorky - prieh\u013eadn\u00e9 2 ks.<br \/>\n1x substr\u00e1t - lesn\u00fd - 1kg<br \/>\n1x Formicarien granul\u00e1t 200 ml - \u010dierny<\/p>\n<p>1x mrie\u017ekov\u00e1 vlo\u017eka - 50 mm - nerezov\u00e1 oce\u013e<br \/>\n1x z\u00e1tka Formicarium pre 50 mm otvor<br \/>\n1x z\u00e1tka Formicarium pre 27 mm otvor<br \/>\n1x Formik\u00e1rov\u00fd uz\u00e1ver pre 6mm z\u00e1suvku<\/p>\n<p>1x konektor pre um\u00fdvadlo B-27 a S-10-16 mm M25 - sada<br \/>\n1x Nap\u00e1jac\u00ed \u017e\u013eab 2ml - 360 stup\u0148ov<br \/>\n1x pitn\u00fd \u017e\u013eab \u010d\u00edry 20ml - \u0161pongia<br \/>\n1x miska \u010d\u00edra 1\u00d720 - huba<br \/>\n1x Mini teplomer anal\u00f3gov\u00fd - displej - z\u00e1vesn\u00fd<br \/>\n1x Olej na ochranu proti mravcom 10ml<br \/>\n1x pinzeta z pru\u017einovej ocele - \u0161irok\u00e1 - m\u00e4kk\u00e1<br \/>\n1x pinzeta plastov\u00e1 prieh\u013eadn\u00e1<br \/>\n1x plastov\u00e1 pipeta 3 ml<br \/>\n1x ru\u010dn\u00e1 lupa - 2x - 30 mm<br \/>\n1x penov\u00fd stiera\u010d 150x18x2,5mm<br \/>\n1x fotografick\u00fd chrb\u00e1t - les - 20\u00d710<\/p>\n<p><strong>Popis: V s\u00fa\u010dasnosti je na trhu viac ako 10 000 zariaden\u00ed, ktor\u00e9 s\u00fa ur\u010den\u00e9 na predaj:<\/strong><br \/>\nT\u00e1to lesn\u00e1 \u0161tartovacia sada je vhodn\u00e1 pre v\u0161etky druhy mravcov \u017eij\u00facich v lesnom poraste.<\/p>\n<p>V \u00faplne transparentnej farme (hniezdo) sa na vyplnenie farmy pou\u017e\u00edva \"P\u00f4da - da\u017e\u010fov\u00fd prales\". V pr\u00edpade potreby mo\u017eno cez 50 mm otvory v kryte pripoji\u0165 \u010fal\u0161ie moduly, napr. samostatne dostupn\u00e9 hmlovacie zariadenia, ventil\u00e1tory alebo svetl\u00e1. Pr\u00edpadne s\u00fa s\u00fa\u010das\u0165ou dod\u00e1vky vhodn\u00e9 formik\u00e1riov\u00e9 z\u00e1tky na uzavretie otvorov. V pr\u00edpade potreby mo\u017eno formik\u00e1rium prev\u00e1dzkova\u0165 aj v otvorenom stave jednoduch\u00fdm nasaden\u00edm odn\u00edmate\u013en\u00e9ho r\u00e1mu a nanesen\u00edm oleja na ochranu proti \u00faniku mravcov na okraj. \"Nap\u00e1ja\u010dka 2 ml - 360 stup\u0148ov\" je ur\u010den\u00e1 na med\/cukrov\u00fd roztok, \"Nap\u00e1ja\u010dka \u010d\u00edra 20 ml - \u0161pongia\" na vodu. \"Mini termohygrometer\" sa d\u00e1 pripevni\u0165 na r\u00e1m alebo kryt a zobrazuje klimatick\u00e9 hodnoty.<\/p>\n<p><strong>D\u00f4le\u017eit\u00e9:<\/strong> Pred pou\u017eit\u00edm substr\u00e1t navlh\u010dite, aby sa zmes mohla spoji\u0165 a pevne sa uchyti\u0165 v mravenisku. Okrem toho, ak je substr\u00e1t pr\u00edli\u0161 such\u00fd a pra\u0161n\u00fd, m\u00f4\u017ee d\u00f4js\u0165 k zablokovaniu d\u00fdchac\u00edch ciest mravcov a v najhor\u0161om pr\u00edpade sa m\u00f4\u017eu zvierat\u00e1 udusi\u0165.<\/p>\n<p><strong>Odpor\u00fa\u010danie:<\/strong> Odpor\u00fa\u010dame vrstvu substr\u00e1tu s v\u00fd\u0161kou 2 mm, aby sa zvierat\u00e1 nemohli zahraba\u0165 do ar\u00e9ny a namiesto toho pou\u017e\u00edvali na tento \u00fa\u010del poskytnut\u00fd statok. Odpor\u00fa\u010dame tie\u017e, aby bol hniezdny materi\u00e1l vo farme (piesok\/hlina, Digfix at\u010f.) na jednom mieste \u013eahko napichan\u00fd, aby sa zvierat\u00e1m u\u013eah\u010dilo hrabanie.<\/p>\n<p><strong>Pozn\u00e1mky k v\u00fdrobe<\/strong><br \/>\nSklo sa re\u017ee na mieru pod\u013ea DIN 1249 s toleranciou +\/- 1 mm. Pri extr\u00e9mne mal\u00fdch druhoch mravcov je nevyhnutn\u00e1 dodato\u010dn\u00e1 ochrana proti vylomeniu.<\/p>\n<p><strong>Pozn\u00e1mky k farme<\/strong><br \/>\nPri prip\u00e1jan\u00ed alebo odoberan\u00ed had\u00edc dbajte na nasleduj\u00face pokyny:<br \/>\nAk sa r\u00farka ve\u013emi \u0165a\u017eko nasadzuje na pripojovaciu z\u00e1suvku, treba z\u00e1suvku z\u013eahka potrie\u0165 kvapkou n\u00e1\u0161ho oleja alebo pr\u00e1\u0161ku proti praskaniu. Hadica by sa potom mala nasun\u00fa\u0165 na obj\u00edmku kr\u00fatiacimi alebo skrutkovac\u00edmi pohybmi bez toho, aby sa obj\u00edmka nam\u00e1hala pohybmi nahor a nadol. To ist\u00e9 plat\u00ed aj pri odstra\u0148ovan\u00ed had\u00edc z pripojovacej z\u00e1suvky farmy. Neodstra\u0148ujte ju jednoducho!<\/p>\n<p><strong>Pokyny:<\/strong> (Verzia 2023, aktualizovan\u00e1 verzia pre rok 2024 bude k dispoz\u00edcii najnesk\u00f4r do 04\/2024)<\/p>\n<p>- DE <a href=\"https:\/\/www.antstore.net\/shop\/images\/info\/de\/Gebrauchsanweisung%20Starter%20Set%20Habitat.pdf\">Gebrauchsanweisung \u0160tartovacia sada Habitat<\/a> (PDF 3,21 MB)<\/p>\n<p>- SK <a href=\"https:\/\/www.antstore.net\/shop\/images\/info\/en\/Instructions%20for%20use%20-%20Starter%20Set%20Habitat.pdf\">N\u00e1vod na pou\u017eitie - \u0161tartovacia sada Habitat<\/a> (PDF 3,21 MB)<\/p>\n<p>- ES <a href=\"https:\/\/www.antstore.net\/shop\/images\/info\/es\/Manual%20de%20instrucciones%20-%20Set%20de%20inicio%20H%C3%A1bitat.pdf\">Manu\u00e1l s in\u0161trukciami - Set de inicio H\u00e1bitat<\/a> (PDF 3,21 MB)<\/p>\n<p>- FR <a href=\"https:\/\/www.antstore.net\/shop\/images\/info\/fr\/Manuel%20d'instruction%20-%20Kit%20de%20d%C3%A9marrage%20Habitat.pdf\">Manuel d'instruction - Kit de d\u00e9marrage Habitat<\/a> (PDF 3,21 MB)<\/p>\n<p><strong>Pozn\u00e1mky k lesn\u00e9mu medu (Wa) - n\u00e1pl\u0148ov\u00e9 balenie 10ml<\/strong><br \/>\nObsah: 10 ml<\/p>\n<p><strong>Popis: V s\u00fa\u010dasnosti je na trhu viac ako 10 000 zariaden\u00ed, ktor\u00e9 s\u00fa ur\u010den\u00e9 na predaj:<\/strong> Ide o \u010disto pr\u00edrodn\u00fd produkt. Med poch\u00e1dza z lesov, a preto je ide\u00e1lny pre lesn\u00e9 druhy mravcov.<br \/>\nPou\u017eitie: Do misky s krmivom sa m\u00f4\u017ee prida\u0165 men\u0161ie mno\u017estvo pod\u013ea potreby\/pod\u013ea ve\u013ekosti kol\u00f3nie. Krmivo by sa malo skonzumova\u0165 pribli\u017ene do 3 dn\u00ed, inak hroz\u00ed riziko vzniku plesn\u00ed, a z rovnak\u00e9ho d\u00f4vodu je potrebn\u00e9 pred op\u00e4tovn\u00fdm naplnen\u00edm misku s krmivom vy\u010disti\u0165.<\/p>\n<p><strong>Pou\u017eitie:<\/strong><br \/>\nMed z da\u017e\u010fov\u00fdch pralesov = pre druhy mravcov \u017eiviacich sa medom (Meliphagidae)<br \/>\nIde o doplnkov\u00e9 krmivo<br \/>\nM\u00f4\u017ee sa pon\u00faka\u0165 zvierat\u00e1m ako dod\u00e1vka. Ke\u010f\u017ee koncentr\u00e1cia cukru sa vplyvom vlhkosti zni\u017euje a za\u010d\u00edna sa proces ferment\u00e1cie, krmivo by sa malo ka\u017ed\u00e9 tri dni vymie\u0148a\u0165. Pred op\u00e4tovn\u00fdm pou\u017eit\u00edm d\u00f4kladne vy\u010distite misku na k\u0155menie.<br \/>\nPo otvoren\u00ed balenia by sa malo uchov\u00e1va\u0165 pevne uzavret\u00e9 a\u017e do d\u00e1tumu exspir\u00e1cie.<\/p>\n<p><strong>Obsahuje:<\/strong> Zlo\u017eenie medu vo v\u0161eobecnosti, pomery sa l\u00ed\u0161ia v z\u00e1vislosti od druhu medu.<br \/>\n- pribli\u017ene 38 % ovocn\u00e9ho cukru (frukt\u00f3zy)<br \/>\n- pribli\u017ene 32 % dextr\u00f3zy (gluk\u00f3zy)<br \/>\n- pribli\u017ene 20 % vody<br \/>\n- pribli\u017ene 5 polysacharidov %<br \/>\n- pribli\u017ene 5 vitam\u00ednov % (B1, B2, B6, C, H)<br \/>\nMiner\u00e1lne l\u00e1tky (drasl\u00edk, v\u00e1pnik, me\u010f, \u017eelezo, sod\u00edk, hor\u010d\u00edk, fosfor, zinok a in\u00e9 stopov\u00e9 prvky) Aminokyseliny (prol\u00edn, leuc\u00edn, fenylalan\u00edn, alan\u00edn, histid\u00edn, izoleuc\u00edn, kyselina glut\u00e1mov\u00e1, argin\u00edn, kyselina aspar\u00e1gov\u00e1 at\u010f.) Organick\u00e9 kyseliny Enz\u00fdmy (fermenty) Chu\u0165ov\u00e9 l\u00e1tky Inhib\u00edtory (antibakteri\u00e1lne l\u00e1tky) Kvety Pe\u013e<\/p>\n<p><strong>Skladovanie:<\/strong> Aby sa zabezpe\u010dila kvalita krmiva, malo by sa skladova\u0165 na tmavom a suchom mieste.<\/p>\n<p><strong>Pozn\u00e1mka:<\/strong><br \/>\nDoplnkov\u00e9 krmivo pre mravce \u017eiviace sa medom.<br \/>\nZlo\u017eenie, analytick\u00e9 zlo\u017eky, d\u00e1tum minim\u00e1lnej trvanlivosti a \u010d\u00edslo \u0161ar\u017ee n\u00e1jdete v pr\u00edbalovom let\u00e1ku.<\/p>\n<p>Informa\u010dn\u00e1 linka +49 30 439703870<\/p>\n<p><strong>Zodpovedn\u00fd veterin\u00e1rny a potravinov\u00fd in\u0161pektor\u00e1t:<\/strong><br \/>\nVeterin\u00e1rna kancel\u00e1ria Steglitz<br \/>\nK\u00f6nigin-Luise-Str. 92<br \/>\n14195 Berl\u00edn<\/p>\n<p><strong>Pozn\u00e1mky k z\u00e1pasu Cricket Jam:<\/strong><br \/>\nNa\u0161e blan\u0161\u00edrovan\u00e9 cvr\u010dky predstavuj\u00fa jednoduch\u00fd sp\u00f4sob, ako mravcom poskytn\u00fa\u0165 \u010derstvo konzervovan\u00fa bielkovinov\u00fa potravu bez toho, aby ste museli k\u0155mi\u0165 \u017eiv\u00fdm hmyzom. Obsiahnut\u00e9 cvr\u010dky (Acheta domesticus) boli jemne blan\u0161\u00edrovan\u00e9, aby sa zabezpe\u010dilo zachovanie nutri\u010dn\u00fdch hodn\u00f4t, chuti a v\u00f4ne. Okrem toho sa t\u00fdmto sp\u00f4sobom zm\u00e4k\u010duje chit\u00ednov\u00e1 schr\u00e1nka hmyzu, aby sa \u013eah\u0161ie tr\u00e1vila. V\u00e4zby kolag\u00e9nov\u00fdch bielkov\u00edn sa rozbij\u00fa, aby ich mravce mohli lep\u0161ie vyu\u017ei\u0165. Konzervy Acheta domesticus maj\u00fa rovnak\u00fa v\u00fd\u017eivov\u00fa hodnotu ako \u017eiv\u00e9 cvr\u010dky, ale s\u00fa \u013eah\u0161ie str\u00e1vite\u013en\u00e9.<\/p>\n<p>Cricket Jam nie je vhodn\u00fd na lov druhov mravcov, ktor\u00e9 vy\u017eaduj\u00fa \u017eiv\u00fa potravu (napr. poniklecov (ve\u013ek\u00fdch mravcov), ako s\u00fa Harpegnathos alebo Odontomachus).<\/p>\n<p><strong>\u010eal\u0161ie v\u00fdhody:<\/strong><br \/>\nZaru\u010dene bez rozto\u010dov<br \/>\nM\u00f4\u017ee sa porciova\u0165 a riedi\u0165 vodou<br \/>\nSterilizovan\u00e9 a v\u00e1kuovo balen\u00e9<br \/>\nBez pr\u00eddavn\u00fdch l\u00e1tok<br \/>\nCvr\u010dky z udr\u017eate\u013en\u00e9ho \u010disto ekologick\u00e9ho chovu, k\u0155men\u00e9 organick\u00fdm odpadom<\/p>\n<p><strong>Pozn\u00e1mka:<\/strong><br \/>\nPo otvoren\u00ed sa m\u00f4\u017ee uchov\u00e1va\u0165 v chladni\u010dke pribli\u017ene \u0161tyri dni. Pri zmrazen\u00ed je trvanlivos\u0165 dlh\u0161ia.<br \/>\nPozor: Najprv porciu, potom zmrazte.<\/p>","protected":false},"excerpt":{"rendered":"<p>S\u00faprava pozost\u00e1va zo 42 dielov a je ur\u010den\u00e1 pre v\u0161etky druhy mravcov \u017eij\u00facich v lesnej p\u00f4de.<br \/>\nVe\u013ekos\u0165: <span style=\"color: #ff8c00;\"><strong>S<\/strong><\/span><\/p>","protected":false},"featured_media":5450,"comment_status":"open","ping_status":"closed","template":"","meta":{"_acf_changed":false,"content-type":"","_monsterinsights_skip_tracking":false,"_monsterinsights_sitenote_active":false,"_monsterinsights_sitenote_note":"","_monsterinsights_sitenote_category":0},"product_brand":[],"product_cat":[73,74],"product_tag":[],"class_list":{"0":"post-2744","1":"product","2":"type-product","3":"status-publish","4":"has-post-thumbnail","6":"product_cat-starter-sets","7":"product_cat-starter-sets-habitat","9":"first","10":"outofstock","11":"taxable","12":"shipping-taxable","13":"purchasable","14":"product-type-simple"},"acf":[],"aioseo_notices":[],"jetpack_sharing_enabled":true,"_links":{"self":[{"href":"https:\/\/antcube.shop\/sk\/wp-json\/wp\/v2\/product\/2744","targetHints":{"allow":["GET"]}}],"collection":[{"href":"https:\/\/antcube.shop\/sk\/wp-json\/wp\/v2\/product"}],"about":[{"href":"https:\/\/antcube.shop\/sk\/wp-json\/wp\/v2\/types\/product"}],"replies":[{"embeddable":true,"href":"https:\/\/antcube.shop\/sk\/wp-json\/wp\/v2\/comments?post=2744"}],"wp:featuredmedia":[{"embeddable":true,"href":"https:\/\/antcube.shop\/sk\/wp-json\/wp\/v2\/media\/5450"}],"wp:attachment":[{"href":"https:\/\/antcube.shop\/sk\/wp-json\/wp\/v2\/media?parent=2744"}],"wp:term":[{"taxonomy":"product_brand","embeddable":true,"href":"https:\/\/antcube.shop\/sk\/wp-json\/wp\/v2\/product_brand?post=2744"},{"taxonomy":"product_cat","embeddable":true,"href":"https:\/\/antcube.shop\/sk\/wp-json\/wp\/v2\/product_cat?post=2744"},{"taxonomy":"product_tag","embeddable":true,"href":"https:\/\/antcube.shop\/sk\/wp-json\/wp\/v2\/product_tag?post=2744"}],"curies":[{"name":"wp","href":"https:\/\/api.w.org\/{rel}","templated":true}]}}