{"id":2737,"date":"2021-10-08T12:04:45","date_gmt":"2021-10-08T10:04:45","guid":{"rendered":"https:\/\/antcube.shop\/produkt\/antcube-starter-set-fur-blattschneiderarten-gros\/"},"modified":"2026-04-01T13:28:05","modified_gmt":"2026-04-01T11:28:05","slug":"antcube-starter-set-fur-blattschneiderarten-gros","status":"publish","type":"product","link":"https:\/\/antcube.shop\/sk\/produkt\/antcube-starter-set-fur-blattschneiderarten-gros\/","title":{"rendered":"ANTCUBE - \u0161tartovacia sada pre mravce Leaf Cutter - ve\u013ek\u00e1"},"content":{"rendered":"<p><span data-text-color=\"alert\"><strong>Preprava je mo\u017en\u00e1 len prostredn\u00edctvom preposlania na palete.<\/strong><\/span><\/p>\n<p><strong>Zah\u0155\u0148a:<\/strong><\/p>\n<p>1x ANTCUBE Arena 30x30x60 s posuvn\u00fdmi dverami<br \/>\n1x r\u00e1m pre posuvn\u00e9 dvere<br \/>\n2x ANTCUBE Arena 30x30x30cm<br \/>\n3x mravenisko r\u00e1m 30x30cm<br \/>\n3x kryt na mravenisko 30x30cm<br \/>\n12x upev\u0148ovac\u00ed bod pre kryt ar\u00e9ny<\/p>\n<p>1x mraven\u010dia trubica - kri\u0161t\u00e1\u013eovo \u010dist\u00e1 50 mm - 1 m (polovi\u010dn\u00e1)<br \/>\n1x substr\u00e1t - da\u017e\u010fov\u00fd prales - 1 kg<br \/>\n1x granul\u00e1t Formicarium 200ml - b\u00e9\u017eov\u00fd<br \/>\n3x z\u00e1klad\u0148a Formicarium 30\u00d730<\/p>\n<p>3x Formicarium plug for 50mm hole<br \/>\n8x Grid insert acrylic &#8211; 50 mm with sealing ring<br \/>\n4x konektor n\u00e1dr\u017ee 1 1\/2\u2033 na 50 mm - kri\u0161t\u00e1\u013eovo \u010dist\u00fd<br \/>\n4x Formik\u00e1riov\u00e1 matica 1 1\/2 palca - kri\u0161t\u00e1\u013eovo \u010dist\u00e1<\/p>\n<p>1x Foil thermometer Display<br \/>\n1x drinking clear 5ml &#8211; sponge<br \/>\n1x pinzeta z pru\u017einovej ocele - \u0161irok\u00e1 - m\u00e4kk\u00e1<br \/>\n1x pinzeta Formicarium - plastov\u00e1<br \/>\n1x ru\u010dn\u00e1 lupa - 2x - 30 mm<br \/>\n1x ochrann\u00fd olej proti \u00faniku mravcov 10ml<br \/>\n1x penov\u00fd stiera\u010d 150x18x2,5mm<br \/>\n1x f\u013ea\u0161a s rozpra\u0161ova\u010dom Rozpra\u0161ova\u010d 0,5 l - mosadzn\u00e1 tryska<br \/>\n1x okvetn\u00e9 l\u00edstky ru\u017e\u00ed 100g - su\u0161en\u00e9<br \/>\n2x fotostena - da\u017e\u010fov\u00fd prales - 30\u00d730<br \/>\n1x fotostena - da\u017e\u010fov\u00fd prales - 30\u00d760 - vysok\u00e1<\/p>\n<p><strong>Popis: V s\u00fa\u010dasnosti je na trhu viac ako 10 000 zariaden\u00ed, ktor\u00e9 s\u00fa ur\u010den\u00e9 na predaj:<\/strong><br \/>\nThis expandable starter set for all leafcutter ant species contains, in addition to the optimally adapted formicarium, the appropriate accessories for keeping these ants. The voluminous basins allow easy handling for feeding and cleaning. The large holes (50 mm) and tubes not only make it easy to observe the ants, they also allow the animals to remove large pieces of leaf. The stainless steel mesh inserts ensure good ventilation and are robust against mechanical impact. Even large colonies of leaf-cutter ants, which are very fond of cutting, are unable to penetrate them. The sturdy screw sockets are also absolutely bite-proof.. If necessary, the humidity can be increased using the spray bottle.<\/p>\n<p><strong>D\u00f4le\u017eit\u00e9:<\/strong> Pred pou\u017eit\u00edm substr\u00e1t navlh\u010dite, aby sa zmes mohla spoji\u0165 a pevne sa uchyti\u0165 v mravenisku. Okrem toho, ak je substr\u00e1t pr\u00edli\u0161 such\u00fd a pra\u0161n\u00fd, m\u00f4\u017ee d\u00f4js\u0165 k zablokovaniu d\u00fdchac\u00edch ciest mravcov a v najhor\u0161om pr\u00edpade sa m\u00f4\u017eu zvierat\u00e1 udusi\u0165.<\/p>\n<p><strong>Pozn\u00e1mky k v\u00fdrobe<\/strong><br \/>\nSklo sa re\u017ee na mieru pod\u013ea normy DIN 1249 s toleranciou +\/- 1 mm. Pri extr\u00e9mne mal\u00fdch druhoch mravcov je nevyhnutn\u00e1 dodato\u010dn\u00e1 ochrana proti \u00faniku.<\/p>\n<p><strong>Popis ar\u00e9ny s posuvn\u00fdmi dverami: <\/strong>Na\u0161a ar\u00e9na ANTCUBE 30x30x60 s posuvn\u00fdmi dverami bola vyvinut\u00e1 tak, aby sa v nej dalo pohodlne pracova\u0165 aj v plnej forme. S\u00fa obzvl\u00e1\u0161\u0165 u\u017eito\u010dn\u00e9 ako formik\u00e1rium pre mravce tk\u00e1\u010dovit\u00e9 (Polyrhachis a Oecophylla), preto\u017ee radi stavaj\u00fa smerom nahor a potrebuj\u00fa hostite\u013esk\u00fa rastlinu. Niekedy m\u00f4\u017ee by\u0165 \u0165a\u017ek\u00e9 odstr\u00e1ni\u0165 napr\u00edklad odpad zo \u017eivo\u010d\u00edchov na dne formik\u00e1ria. V pr\u00edpade tejto \u0161peci\u00e1lne upravenej n\u00e1dr\u017ee to nie je probl\u00e9m. Posuvn\u00e9 dvierka s\u00fa ve\u013emi praktick\u00e9 aj v pr\u00edpade k\u0155mnych misiek pre mravce Acromyrmex alebo listonohy Atta, preto\u017ee zvy\u0161ky rastl\u00edn a in\u00fd odpad sa daj\u00fa \u013eahko odstr\u00e1ni\u0165. R\u00e1m posuvn\u00fdch dver\u00ed (\u010d. polo\u017eky 1005648) m\u00f4\u017eete pou\u017ei\u0165 aj na zabr\u00e1nenie \u00faniku zvierat po\u010das pr\u00e1ce.<\/p>","protected":false},"excerpt":{"rendered":"<p>The set consists of 47 parts and is suitable for all leaf cutter ant species.<br \/>\nVe\u013ekos\u0165: <span style=\"color: #ed1c24;\"><strong>XL<\/strong><\/span><\/p>","protected":false},"featured_media":7665,"comment_status":"open","ping_status":"closed","template":"","meta":{"_acf_changed":false,"content-type":"","_monsterinsights_skip_tracking":false,"_monsterinsights_sitenote_active":false,"_monsterinsights_sitenote_note":"","_monsterinsights_sitenote_category":0},"product_brand":[484],"product_cat":[73,79],"product_tag":[],"class_list":{"0":"post-2737","1":"product","2":"type-product","3":"status-publish","4":"has-post-thumbnail","6":"product_brand-antcube","7":"product_cat-starter-sets","8":"product_cat-starter-sets-for-leafcutter-ants","9":"product_shipping_class-forwarding-on-pallet","11":"first","12":"instock","13":"taxable","14":"shipping-taxable","15":"purchasable","16":"product-type-simple"},"acf":[],"aioseo_notices":[],"jetpack_sharing_enabled":true,"_links":{"self":[{"href":"https:\/\/antcube.shop\/sk\/wp-json\/wp\/v2\/product\/2737","targetHints":{"allow":["GET"]}}],"collection":[{"href":"https:\/\/antcube.shop\/sk\/wp-json\/wp\/v2\/product"}],"about":[{"href":"https:\/\/antcube.shop\/sk\/wp-json\/wp\/v2\/types\/product"}],"replies":[{"embeddable":true,"href":"https:\/\/antcube.shop\/sk\/wp-json\/wp\/v2\/comments?post=2737"}],"wp:featuredmedia":[{"embeddable":true,"href":"https:\/\/antcube.shop\/sk\/wp-json\/wp\/v2\/media\/7665"}],"wp:attachment":[{"href":"https:\/\/antcube.shop\/sk\/wp-json\/wp\/v2\/media?parent=2737"}],"wp:term":[{"taxonomy":"product_brand","embeddable":true,"href":"https:\/\/antcube.shop\/sk\/wp-json\/wp\/v2\/product_brand?post=2737"},{"taxonomy":"product_cat","embeddable":true,"href":"https:\/\/antcube.shop\/sk\/wp-json\/wp\/v2\/product_cat?post=2737"},{"taxonomy":"product_tag","embeddable":true,"href":"https:\/\/antcube.shop\/sk\/wp-json\/wp\/v2\/product_tag?post=2737"}],"curies":[{"name":"wp","href":"https:\/\/api.w.org\/{rel}","templated":true}]}}