{"id":2733,"date":"2021-10-08T12:04:06","date_gmt":"2021-10-08T10:04:06","guid":{"rendered":"https:\/\/antcube.shop\/produkt\/antcube-arena-20x20x20-combi-m\/"},"modified":"2026-04-05T21:18:12","modified_gmt":"2026-04-05T19:18:12","slug":"antcube-arena-20x20x20-combi-m","status":"publish","type":"product","link":"https:\/\/antcube.shop\/sk\/produkt\/antcube-arena-20x20x20-combi-m\/","title":{"rendered":"ANTCUBE - Arena 20x20x20 - Combi M"},"content":{"rendered":"<p><strong>Rozmery:<\/strong> 20x20x20 cm; hr\u00fabka skla 4 mm<\/p>\n<p><strong>Materi\u00e1l:<\/strong> sklo lepen\u00e9 silik\u00f3nom<\/p>\n<p><strong>Pripojenie:<\/strong> 2x otvor 27 mm (2x 10 mm otvor v oblasti hniezda)<\/p>\n<p><strong>Vzdialenos\u0165 medzi doskami v oblasti hniezda:<\/strong> pribli\u017ene 10 mm<\/p>\n<p><strong>Popis: V s\u00fa\u010dasnosti je na trhu viac ako 10 000 zariaden\u00ed, ktor\u00e9 s\u00fa ur\u010den\u00e9 na predaj:<\/strong> Mravenisko - Combi m\u00e1 farmu alebo hniezdo, ktor\u00e9 je integrovan\u00e9 do formik\u00e1ria. Mravce maj\u00fa pr\u00edstup do hniezdnej oblasti z ar\u00e9ny cez dva vn\u00fatorn\u00e9 10 mm otvory.<\/p>\n<p><strong>Upozornenie:<\/strong><br \/>\nPri pou\u017eit\u00ed na\u0161ich vlo\u017eiek do hniezd (napr. korkov\u00fdch, sadrov\u00fdch) si pros\u00edm v\u0161imnite, \u017ee s\u00fa o 8 mm u\u017e\u0161ie, preto\u017ee boli p\u00f4vodne navrhnut\u00e9 tak, aby sa do nich zmestili na\u0161e u\u017e\u0161ie mravenisk\u00e1, ako aj vlo\u017eky do ar\u00e9n! Tu by sa priestor medzi nimi musel vyplni\u0165 v\u00fdpl\u0148ov\u00fdm materi\u00e1lom, napr. sadrou alebo hlinou.<\/p>\n<p>&nbsp;<\/p>","protected":false},"excerpt":{"rendered":"<p>Pripojenie: 2x otvor 27 mm<br \/>\nVe\u013ekos\u0165: <span style=\"color: #008000;\"><strong>M<\/strong><\/span><\/p>","protected":false},"featured_media":329,"comment_status":"open","ping_status":"closed","template":"","meta":{"_acf_changed":false,"content-type":"","_monsterinsights_skip_tracking":false,"_monsterinsights_sitenote_active":false,"_monsterinsights_sitenote_note":"","_monsterinsights_sitenote_category":0},"product_brand":[],"product_cat":[85,82,86],"product_tag":[],"class_list":{"0":"post-2733","1":"product","2":"type-product","3":"status-publish","4":"has-post-thumbnail","6":"product_cat-ant-arenas","7":"product_cat-antfarms-m","8":"product_cat-formicariums","10":"first","11":"instock","12":"taxable","13":"shipping-taxable","14":"purchasable","15":"product-type-simple"},"acf":[],"aioseo_notices":[],"jetpack_sharing_enabled":true,"_links":{"self":[{"href":"https:\/\/antcube.shop\/sk\/wp-json\/wp\/v2\/product\/2733","targetHints":{"allow":["GET"]}}],"collection":[{"href":"https:\/\/antcube.shop\/sk\/wp-json\/wp\/v2\/product"}],"about":[{"href":"https:\/\/antcube.shop\/sk\/wp-json\/wp\/v2\/types\/product"}],"replies":[{"embeddable":true,"href":"https:\/\/antcube.shop\/sk\/wp-json\/wp\/v2\/comments?post=2733"}],"wp:featuredmedia":[{"embeddable":true,"href":"https:\/\/antcube.shop\/sk\/wp-json\/wp\/v2\/media\/329"}],"wp:attachment":[{"href":"https:\/\/antcube.shop\/sk\/wp-json\/wp\/v2\/media?parent=2733"}],"wp:term":[{"taxonomy":"product_brand","embeddable":true,"href":"https:\/\/antcube.shop\/sk\/wp-json\/wp\/v2\/product_brand?post=2733"},{"taxonomy":"product_cat","embeddable":true,"href":"https:\/\/antcube.shop\/sk\/wp-json\/wp\/v2\/product_cat?post=2733"},{"taxonomy":"product_tag","embeddable":true,"href":"https:\/\/antcube.shop\/sk\/wp-json\/wp\/v2\/product_tag?post=2733"}],"curies":[{"name":"wp","href":"https:\/\/api.w.org\/{rel}","templated":true}]}}