{"id":2728,"date":"2021-10-08T12:02:35","date_gmt":"2021-10-08T10:02:35","guid":{"rendered":"https:\/\/antcube.shop\/produkt\/antcube-starter-set-fur-blattschneiderarten-klein\/"},"modified":"2026-04-13T09:33:20","modified_gmt":"2026-04-13T07:33:20","slug":"antcube-starter-set-fur-blattschneiderarten-klein","status":"publish","type":"product","link":"https:\/\/antcube.shop\/sk\/produkt\/antcube-starter-set-fur-blattschneiderarten-klein\/","title":{"rendered":"ANTCUBE - \u0160tartovacia sada pre mravce - mal\u00e9"},"content":{"rendered":"<p><span data-text-color=\"alert\"><strong>NOVINKA od 04\/2024:<\/strong><\/span><br \/>\n<strong>K\u0155mna misa sa teraz dod\u00e1va ako ar\u00e9na s rozmermi 20x20x40 cm. To ponech\u00e1va viac priestoru pre krmivo.<\/strong><br \/>\n<strong>Star\u00e9 konektory sme nahradili \u00faplne prieh\u013eadn\u00fdmi nov\u00fdmi konektormi vr\u00e1tane \u00faplne prieh\u013eadn\u00fdch mat\u00edc.<\/strong><br \/>\n<strong>Do v\u0161etk\u00fdch um\u00fdvadiel sme pridali aj podlo\u017eky z formik\u00e1ria (ochrana n\u00e1bytku a um\u00fdvadiel a proti vibr\u00e1ci\u00e1m)<\/strong><\/p>\n<p>&nbsp;<\/p>\n<p><strong>Zah\u0155\u0148a:<\/strong><\/p>\n<p>2x ANTCUBE Arena 20x20x20cm<br \/>\n1x ANTCUBE Arena 20x20x40cm vysok\u00e1<br \/>\n3x mravenisko r\u00e1m 20x20cm<br \/>\n3x kryt na mravenisko 20x20cm<br \/>\n12x upev\u0148ovac\u00ed bod pre kryt ar\u00e9ny<\/p>\n<p>1x mraven\u010dia trubica - kri\u0161t\u00e1\u013eovo \u010d\u00edra 32 mm - 1 m (polovi\u010dn\u00e1)<br \/>\n1x substr\u00e1t - da\u017e\u010fov\u00fd prales - 1 kg<br \/>\n1x granul\u00e1t Formicarium 200ml - b\u00e9\u017eov\u00fd<br \/>\n3x z\u00e1klad\u0148a formik\u00e1ria 20\u00d720<\/p>\n<p>2x formik\u00e1riov\u00e9 z\u00e1tky pre 50 mm otvor<br \/>\n5x Grid insert acrylic &#8211; 50 mm with sealing ring<br \/>\n2x Grid insert acrylic &#8211; 27 mm with sealing ring<br \/>\n4x konektor n\u00e1dr\u017ee 3\/4\u2033 na 32 mm - kri\u0161t\u00e1\u013eovo \u010dist\u00fd<br \/>\n4x Formik\u00e1riov\u00e1 matica 3\/4 palca - kri\u0161t\u00e1\u013eovo \u010dist\u00e1<\/p>\n<p>1x Foil thermometer Display<br \/>\n1x drinking clear 5ml &#8211; sponge<br \/>\n1x pinzeta z pru\u017einovej ocele - \u0161irok\u00e1 - m\u00e4kk\u00e1<br \/>\n1x pinzeta Formicarium - plastov\u00e1<br \/>\n1x ru\u010dn\u00e1 lupa - 2x - 30 mm<br \/>\n1x olej na ochranu pred vypuknut\u00edm mraveniska 10ml<br \/>\n1x penov\u00fd stiera\u010d 150x18x2,5mm<br \/>\n1x f\u013ea\u0161a s rozpra\u0161ova\u010dom Rozpra\u0161ova\u010d 0,5 l - mosadzn\u00e1 tryska<br \/>\n1x okvetn\u00e9 l\u00edstky ru\u017e\u00ed 100g - su\u0161en\u00e9<br \/>\n2x fotostena - da\u017e\u010fov\u00fd prales - 20\u00d720<br \/>\n1x fotostena - da\u017e\u010fov\u00fd prales - v\u00fd\u0161ka 20\u00d740<\/p>\n<p><strong>Popis: V s\u00fa\u010dasnosti je na trhu viac ako 10 000 zariaden\u00ed, ktor\u00e9 s\u00fa ur\u010den\u00e9 na predaj:<\/strong><br \/>\nThis expandable starter set for all leafcutter ant species contains, in addition to the optimally adapted formicarium, the appropriate accessories for keeping these ants. The basins are easy to use for feeding and cleaning. The large holes (27 mm) and tubes not only make it easy to observe the ants, they also allow the animals to remove large pieces of leaf. The stainless steel mesh inserts ensure good ventilation and are robust against mechanical impact. Even large colonies of leaf-cutter ants, which are very fond of cutting, are unable to penetrate them. The sturdy tube connectors are also absolutely bite-proof. The humidity can be increased using the spray bottle.<\/p>\n<p><strong>D\u00f4le\u017eit\u00e9:<\/strong> Pred pou\u017eit\u00edm substr\u00e1t navlh\u010dite, aby sa zmes mohla spoji\u0165 a pevne sa uchyti\u0165 v mravenisku. Okrem toho, ak je substr\u00e1t pr\u00edli\u0161 such\u00fd a pra\u0161n\u00fd, m\u00f4\u017ee d\u00f4js\u0165 k zablokovaniu d\u00fdchac\u00edch ciest mravcov a v najhor\u0161om pr\u00edpade sa m\u00f4\u017eu zvierat\u00e1 udusi\u0165.<\/p>\n<p><strong>Pozn\u00e1mky k v\u00fdrobe<\/strong><br \/>\nSklo sa re\u017ee na mieru pod\u013ea normy DIN 1249 s toleranciou +\/- 1 mm. Pri extr\u00e9mne mal\u00fdch druhoch mravcov je nevyhnutn\u00e1 dodato\u010dn\u00e1 ochrana proti \u00faniku.<\/p>","protected":false},"excerpt":{"rendered":"<p>S\u00faprava pozost\u00e1va zo 43 dielov<br \/>\nVe\u013ekos\u0165: <span style=\"color: #ed1c24;\"><strong>XL<\/strong><\/span><\/p>","protected":false},"featured_media":7666,"comment_status":"open","ping_status":"closed","template":"","meta":{"_acf_changed":false,"content-type":"","_monsterinsights_skip_tracking":false,"_monsterinsights_sitenote_active":false,"_monsterinsights_sitenote_note":"","_monsterinsights_sitenote_category":0},"product_brand":[],"product_cat":[73,79],"product_tag":[],"class_list":{"0":"post-2728","1":"product","2":"type-product","3":"status-publish","4":"has-post-thumbnail","6":"product_cat-starter-sets","7":"product_cat-starter-sets-for-leafcutter-ants","9":"first","10":"outofstock","11":"taxable","12":"shipping-taxable","13":"purchasable","14":"product-type-simple"},"acf":[],"aioseo_notices":[],"jetpack_sharing_enabled":true,"_links":{"self":[{"href":"https:\/\/antcube.shop\/sk\/wp-json\/wp\/v2\/product\/2728","targetHints":{"allow":["GET"]}}],"collection":[{"href":"https:\/\/antcube.shop\/sk\/wp-json\/wp\/v2\/product"}],"about":[{"href":"https:\/\/antcube.shop\/sk\/wp-json\/wp\/v2\/types\/product"}],"replies":[{"embeddable":true,"href":"https:\/\/antcube.shop\/sk\/wp-json\/wp\/v2\/comments?post=2728"}],"wp:featuredmedia":[{"embeddable":true,"href":"https:\/\/antcube.shop\/sk\/wp-json\/wp\/v2\/media\/7666"}],"wp:attachment":[{"href":"https:\/\/antcube.shop\/sk\/wp-json\/wp\/v2\/media?parent=2728"}],"wp:term":[{"taxonomy":"product_brand","embeddable":true,"href":"https:\/\/antcube.shop\/sk\/wp-json\/wp\/v2\/product_brand?post=2728"},{"taxonomy":"product_cat","embeddable":true,"href":"https:\/\/antcube.shop\/sk\/wp-json\/wp\/v2\/product_cat?post=2728"},{"taxonomy":"product_tag","embeddable":true,"href":"https:\/\/antcube.shop\/sk\/wp-json\/wp\/v2\/product_tag?post=2728"}],"curies":[{"name":"wp","href":"https:\/\/api.w.org\/{rel}","templated":true}]}}