{"id":2724,"date":"2021-10-08T12:01:56","date_gmt":"2021-10-08T10:01:56","guid":{"rendered":"https:\/\/antcube.shop\/produkt\/atta-mexicana\/"},"modified":"2023-05-19T09:36:50","modified_gmt":"2023-05-19T07:36:50","slug":"atta-mexicana","status":"publish","type":"product","link":"https:\/\/antcube.shop\/sk\/produkt\/atta-mexicana\/","title":{"rendered":"Atta mexicana"},"content":{"rendered":"<p>&nbsp;<\/p>\n<table border=\"1\" cellspacing=\"1\" cellpadding=\"1\">\n<tbody>\n<tr>\n<td><strong>Latinsk\u00fd n\u00e1zov:<\/strong><\/td>\n<td><strong><img data-recalc-dims=\"1\" loading=\"lazy\" decoding=\"async\" src=\"https:\/\/i0.wp.com\/www.antstore.net\/shop\/images\/icons\/ants\/lateinname.jpg?resize=30%2C30&#038;ssl=1\" alt=\"\" width=\"30\" height=\"30\" \/><\/strong><\/td>\n<td>Atta mexicana<\/td>\n<\/tr>\n<tr>\n<td><strong>Trivi\u00e1lne meno:<\/strong><\/td>\n<td><strong><img data-recalc-dims=\"1\" loading=\"lazy\" decoding=\"async\" src=\"https:\/\/i0.wp.com\/www.antstore.net\/shop\/images\/icons\/ants\/trivialname.jpg?resize=30%2C30&#038;ssl=1\" alt=\"\" width=\"30\" height=\"30\" \/><\/strong><\/td>\n<td>Leafcutterant<\/td>\n<\/tr>\n<tr>\n<td><strong>Taxon\u00f3mia:<\/strong><\/td>\n<td><strong><img data-recalc-dims=\"1\" loading=\"lazy\" decoding=\"async\" src=\"https:\/\/i0.wp.com\/www.antstore.net\/shop\/images\/icons\/ants\/taxonomie.jpg?resize=30%2C30&#038;ssl=1\" alt=\"\" width=\"30\" height=\"30\" \/><\/strong><\/td>\n<td><strong>Pod\u010de\u013ea\u010f:<\/strong> Myrmicinae <strong>Kme\u0148:<\/strong> Attini<\/td>\n<\/tr>\n<tr>\n<td><strong>\u00darove\u0148 udr\u017eiavania:<\/strong><\/td>\n<td><strong><img data-recalc-dims=\"1\" loading=\"lazy\" decoding=\"async\" src=\"https:\/\/i0.wp.com\/www.antstore.net\/shop\/images\/icons\/ants\/haltungsklasse.jpg?resize=30%2C30&#038;ssl=1\" alt=\"\" width=\"30\" height=\"30\" \/><\/strong><\/td>\n<td><strong>(3)<\/strong>kv\u00f4li vysok\u00fdm n\u00e1rokom na krmivo a priestor, ako aj \u0161peci\u00e1lnym podmienkam v kilme len pre pokro\u010dil\u00fdch chovate\u013eov<\/td>\n<\/tr>\n<tr>\n<td><strong>Distrib\u00facia:<\/strong><\/td>\n<td><strong><img data-recalc-dims=\"1\" loading=\"lazy\" decoding=\"async\" src=\"https:\/\/i0.wp.com\/www.antstore.net\/shop\/images\/icons\/ants\/verbreitung.jpg?resize=30%2C30&#038;ssl=1\" alt=\"\" width=\"30\" height=\"30\" \/><\/strong><\/td>\n<td>od Mexika a\u017e po Arizonu<\/td>\n<\/tr>\n<tr>\n<td><strong>S\u00eddlisko:<\/strong><\/td>\n<td><strong><img data-recalc-dims=\"1\" loading=\"lazy\" decoding=\"async\" src=\"https:\/\/i0.wp.com\/www.antstore.net\/shop\/images\/icons\/ants\/habitat.jpg?resize=30%2C30&#038;ssl=1\" alt=\"\" width=\"30\" height=\"30\" \/><\/strong><\/td>\n<td>subtropy<\/td>\n<\/tr>\n<tr>\n<td><strong>Forma kol\u00f3nie:<\/strong><\/td>\n<td><strong><img data-recalc-dims=\"1\" loading=\"lazy\" decoding=\"async\" src=\"https:\/\/i0.wp.com\/www.antstore.net\/shop\/images\/icons\/ants\/Kolonieform.jpg?resize=30%2C30&#038;ssl=1\" alt=\"\" width=\"30\" height=\"30\" \/><\/strong><\/td>\n<td>monogyne<\/td>\n<\/tr>\n<tr>\n<td><strong>Kr\u00e1\u013eovn\u00e1:<\/strong><\/td>\n<td><strong><img data-recalc-dims=\"1\" loading=\"lazy\" decoding=\"async\" src=\"https:\/\/i0.wp.com\/www.antstore.net\/shop\/images\/icons\/ants\/koenigin.jpg?resize=30%2C30&#038;ssl=1\" alt=\"\" width=\"30\" height=\"30\" \/><\/strong><\/td>\n<td><strong>Ve\u013ekos\u0165:<\/strong> 30 mm <strong>Farba:<\/strong> \u010dervenohned\u00e1<\/td>\n<\/tr>\n<tr>\n<td><strong>Pracovn\u00edk:<\/strong><\/td>\n<td><img data-recalc-dims=\"1\" loading=\"lazy\" decoding=\"async\" src=\"https:\/\/i0.wp.com\/www.antstore.net\/shop\/images\/icons\/ants\/arbeiterin.jpg?resize=30%2C30&#038;ssl=1\" alt=\"\" width=\"30\" height=\"30\" \/><\/td>\n<td><strong>Ve\u013ekos\u0165:<\/strong> 3 - 16 mm <strong>Farba:<\/strong> \u010dervenohned\u00fd, polymorfn\u00fd<\/td>\n<\/tr>\n<tr>\n<td><strong>Vojak:<\/strong><\/td>\n<td><img data-recalc-dims=\"1\" loading=\"lazy\" decoding=\"async\" src=\"https:\/\/i0.wp.com\/www.antstore.net\/shop\/images\/icons\/ants\/soldaten.jpg?resize=30%2C30&#038;ssl=1\" alt=\"\" width=\"30\" height=\"30\" \/><\/td>\n<td>18 - 23 mm,<\/td>\n<\/tr>\n<tr>\n<td><strong>Mu\u017ei:<\/strong><\/td>\n<td><img data-recalc-dims=\"1\" loading=\"lazy\" decoding=\"async\" src=\"https:\/\/i0.wp.com\/www.antstore.net\/shop\/images\/icons\/ants\/maennchen.jpg?resize=30%2C30&#038;ssl=1\" alt=\"\" width=\"30\" height=\"30\" \/><\/td>\n<td><strong>Ve\u013ekos\u0165:<\/strong> 20 - 25 mm<strong> Farba:<\/strong>\u00a0 leskl\u00fd jant\u00e1r<\/td>\n<\/tr>\n<tr>\n<td><strong>V\u00fd\u017eiva:<\/strong><\/td>\n<td><img data-recalc-dims=\"1\" loading=\"lazy\" decoding=\"async\" src=\"https:\/\/i0.wp.com\/www.antstore.net\/shop\/images\/icons\/ants\/nahrung.jpg?resize=30%2C30&#038;ssl=1\" alt=\"\" width=\"30\" height=\"30\" \/><\/td>\n<td>dom\u00e1ca huba (Leucoagaricus gongylophorus), ktor\u00fa robotn\u00edci pestuj\u00fa na listoch a kvetoch ru\u017eov\u00fdch rastl\u00edn, ako aj na plodoch. \u0160peci\u00e1lne bielkovinov\u00e9 telieska na h\u00fdfach huby sa zbieraj\u00fa a k\u0155mia kr\u00e1\u013eovnou a plodnicami.<br \/>\nOdpor\u00fa\u010da sa pod\u00e1va\u0165 cukrov\u00fd roztok, med alebo medov\u00fa vodu. Okrem toho by mala by\u0165 v\u017edy k dispoz\u00edcii \u010derstv\u00e1 voda (alebo vodn\u00fd g\u00e9l).<br \/>\nMo\u017en\u00e9 k\u0155mne rastliny s\u00fa:  Okrem jab\u013ak, pomaran\u010dov, ban\u00e1nov, hrozna, v pr\u00edpade n\u00fadze aj ovsen\u00fdch vlo\u010diek.<br \/>\n<strong>D\u00f4le\u017eit\u00e9: ak\u00e9ko\u013evek krmivo nesmie obsahova\u0165 pestic\u00eddy ani fungic\u00eddy.<\/strong><br \/>\nPred k\u0155men\u00edm sa odpor\u00fa\u010da postrieka\u0165 listy krmiva vodou.<strong> D\u00f4le\u017eit\u00e9: nikdy nestriekajte vodu priamo na hubu.<\/strong><\/td>\n<\/tr>\n<tr>\n<td><strong>Vlhkos\u0165 vzduchu:<\/strong><\/td>\n<td><strong><img data-recalc-dims=\"1\" loading=\"lazy\" decoding=\"async\" src=\"https:\/\/i0.wp.com\/www.antstore.net\/shop\/images\/icons\/ants\/feuchtigkeit.jpg?resize=30%2C30&#038;ssl=1\" alt=\"\" width=\"30\" height=\"30\" \/><\/strong><\/td>\n<td><strong>Ar\u00e9na:<\/strong> 40 &#8211; 70% <strong>Nestpart:<\/strong> 80 &#8211; 90% <strong>odpadov\u00e1 komora:<\/strong> 30 &#8211; 40%<\/td>\n<\/tr>\n<tr>\n<td><strong>Teplota:<\/strong><\/td>\n<td><strong><img data-recalc-dims=\"1\" loading=\"lazy\" decoding=\"async\" src=\"https:\/\/i0.wp.com\/www.antstore.net\/shop\/images\/icons\/ants\/temperatur.jpg?resize=30%2C30&#038;ssl=1\" alt=\"\" width=\"30\" height=\"30\" \/><\/strong><\/td>\n<td><strong>Ar\u00e9na:<\/strong> 21 - 28\u00b0C <strong>Nestpart:<\/strong> 24 - 28\u00b0C<\/td>\n<\/tr>\n<tr>\n<td><strong>Hibern\u00e1cia:<\/strong><\/td>\n<td><img data-recalc-dims=\"1\" loading=\"lazy\" decoding=\"async\" src=\"https:\/\/i0.wp.com\/www.antstore.net\/shop\/images\/icons\/ants\/winterruhe.jpg?resize=30%2C30&#038;ssl=1\" alt=\"\" width=\"30\" height=\"30\" \/><\/td>\n<td>nie<\/td>\n<\/tr>\n<tr>\n<td><strong>Nestform:<\/strong><\/td>\n<td><img data-recalc-dims=\"1\" loading=\"lazy\" decoding=\"async\" src=\"https:\/\/i0.wp.com\/www.antstore.net\/shop\/images\/icons\/ants\/nestform.jpg?resize=30%2C30&#038;ssl=1\" alt=\"\" width=\"30\" height=\"30\" \/><\/td>\n<td>\u00a0hniezda v p\u00f4de s mnoh\u00fdmi mal\u00fdmi komorami<\/td>\n<\/tr>\n<tr>\n<td><strong>Druh Formicaria:<\/strong><\/td>\n<td><img data-recalc-dims=\"1\" loading=\"lazy\" decoding=\"async\" src=\"https:\/\/i0.wp.com\/www.antstore.net\/shop\/images\/icons\/ants\/formicarienart.jpg?resize=30%2C30&#038;ssl=1\" alt=\"\" width=\"30\" height=\"30\" \/><\/td>\n<td>\u0160tartovacia sada Leafcutter large, \u0160tartovacia sada Leafcutter small, \u0160tartovacia sada Leafcutter cylinder, 3 samostatn\u00e9 n\u00e1dr\u017ee (d\u00f4le\u017eit\u00e9: Mravce listonohy v\u017edy potrebuj\u00fa komoru na k\u0155menie, komoru na huby a komoru na odpad).<\/td>\n<\/tr>\n<tr>\n<td><strong>Ve\u013ekos\u0165 Formicaria:<\/strong><\/td>\n<td><strong><img data-recalc-dims=\"1\" loading=\"lazy\" decoding=\"async\" src=\"https:\/\/i0.wp.com\/www.antstore.net\/shop\/images\/icons\/ants\/formicariengroesse.jpg?resize=30%2C30&#038;ssl=1\" alt=\"\" width=\"30\" height=\"30\" \/><\/strong><\/td>\n<td><strong>Ve\u013ekos\u0165:<\/strong>\u00a0 <strong>XL\u00a0<\/strong><strong> !!! pri pestovan\u00ed kol\u00f3nie aspo\u0148 3 misky na huby, krmivo a odpad!!!<\/strong><\/td>\n<\/tr>\n<tr>\n<td><strong>Substr\u00e1t:<\/strong><\/td>\n<td><strong><img data-recalc-dims=\"1\" loading=\"lazy\" decoding=\"async\" src=\"https:\/\/i0.wp.com\/www.antstore.net\/shop\/images\/icons\/ants\/substrat.jpg?resize=30%2C30&#038;ssl=1\" alt=\"\" width=\"30\" height=\"30\" \/><\/strong><\/td>\n<td><strong>Komora na huby:<\/strong> substr\u00e1t da\u017e\u010fov\u00e9ho pralesa, mravenisko granule <strong>K\u0155mna komora:<\/strong> najlep\u0161ie bez substr\u00e1tu alebo ako v komore na huby <strong>Odpadov\u00e1 komora:<\/strong> najlep\u0161ie bez substr\u00e1tu alebo ako v komore na huby<\/td>\n<\/tr>\n<tr>\n<td><strong>V\u00fdsadba:<\/strong><\/td>\n<td><img data-recalc-dims=\"1\" loading=\"lazy\" decoding=\"async\" src=\"https:\/\/i0.wp.com\/www.antstore.net\/shop\/images\/icons\/ants\/bepflanzung.jpg?resize=30%2C30&#038;ssl=1\" alt=\"\" width=\"30\" height=\"30\" \/><\/td>\n<td>&#8211;<\/td>\n<\/tr>\n<tr>\n<td><strong>Dekor\u00e1cie:<\/strong><\/td>\n<td><img data-recalc-dims=\"1\" loading=\"lazy\" decoding=\"async\" src=\"https:\/\/i0.wp.com\/www.antstore.net\/shop\/images\/icons\/ants\/dekoration.jpg?resize=30%2C30&#038;ssl=1\" alt=\"\" width=\"30\" height=\"30\" \/><\/td>\n<td>&#8211;<\/td>\n<\/tr>\n<tr>\n<td><strong>Popis: V s\u00fa\u010dasnosti je na trhu viac ako 10 000 zariaden\u00ed, ktor\u00e9 s\u00fa ur\u010den\u00e9 na predaj:<\/strong><\/td>\n<td><img data-recalc-dims=\"1\" loading=\"lazy\" decoding=\"async\" src=\"https:\/\/i0.wp.com\/www.antstore.net\/shop\/images\/icons\/ants\/beschreibung.jpg?resize=30%2C30&#038;ssl=1\" alt=\"\" width=\"30\" height=\"30\" \/><\/td>\n<td>Atta mexicana je ve\u013emi prisp\u00f4sobiv\u00fd listo\u017erav\u00fd vt\u00e1k, ktor\u00fd zn\u00e1\u0161a aj ni\u017e\u0161ie teploty.V mestsk\u00fdch oblastiach Mexika je niekedy najbe\u017enej\u0161\u00edm listo\u017erav\u00fdm vt\u00e1kom.<br \/>\n<strong>D\u00f4le\u017eit\u00e9 inform\u00e1cie o preprave:<\/strong><br \/>\nKr\u00e1\u013eovn\u00e1 m\u00f4\u017ee v pr\u00edpade nebezpe\u010denstva alebo stresu hra\u0165 m\u0155tvu alebo upadn\u00fa\u0165 do akejsi strnulosti, tu pom\u00f4\u017eu asi 3 hodiny pri izbovej teplote a odpo\u010dinku.<\/td>\n<\/tr>\n<tr>\n<td><strong>V\u00fdvoj:<\/strong><\/td>\n<td><strong><img data-recalc-dims=\"1\" loading=\"lazy\" decoding=\"async\" src=\"https:\/\/i0.wp.com\/www.antstore.net\/shop\/images\/icons\/ants\/entwicklung.jpg?resize=30%2C30&#038;ssl=1\" alt=\"\" width=\"30\" height=\"30\" \/><\/strong><\/td>\n<td><strong>p\u00e1rovac\u00ed let:<\/strong> s prv\u00fdmi letn\u00fdmi da\u017e\u010fami<br \/>\n<strong>zalo\u017eenie:<\/strong>\u00a0 klaustr\u00e1la s k\u00faskom huby z maternice, ktor\u00e1 je najprv oplodnen\u00e1 trusom kr\u00e1\u013eovnej. Kr\u00e1\u013eovn\u00e1 m\u00f4\u017ee ma\u0165 a\u017e 15 rokov.<br \/>\n<strong>kol\u00f3nie:<\/strong> a\u017e 8 000 000 jednotlivcov<\/td>\n<\/tr>\n<tr>\n<td><strong>Mno\u017estvo:<\/strong><\/td>\n<td><img data-recalc-dims=\"1\" loading=\"lazy\" decoding=\"async\" src=\"https:\/\/i0.wp.com\/www.antstore.net\/shop\/images\/icons\/ants\/menge.jpg?resize=30%2C30&#038;ssl=1\" alt=\"\" width=\"30\" height=\"30\" \/><\/td>\n<td>jedna oplodnen\u00e1 kr\u00e1\u013eovn\u00e1 s hubami a robotnicami (pozri v\u00fdber); v\u00fdter (v z\u00e1vislosti od sez\u00f3ny a v\u00fdvoja)<\/td>\n<\/tr>\n<tr>\n<td><strong>Webov\u00e9 odkazy:<\/strong><\/td>\n<td><a href=\"http:\/\/www.antstore.net\/viewforum.php?f=9\"><span style=\"color: #0000ff;\"><img data-recalc-dims=\"1\" loading=\"lazy\" decoding=\"async\" src=\"https:\/\/i0.wp.com\/www.antstore.net\/shop\/images\/icons\/ants\/weblinks.jpg?resize=30%2C30&#038;ssl=1\" alt=\"\" width=\"30\" height=\"30\" \/><\/span><\/a><\/td>\n<td><a href=\"http:\/\/www.antstore.net\/viewforum.php?f=130\"><span style=\"color: #0000ff;\">- F\u00f3rum<\/span><\/a><\/p>\n<p><span style=\"color: #0000ff;\"><a href=\"http:\/\/www.antweb.org\/description.do?subfamily=myrmicinae&amp;genus=atta&amp;name=mexicana&amp;rank=species&amp;project=worldants\">- Odkaz<\/a><\/span><\/td>\n<\/tr>\n<\/tbody>\n<\/table>","protected":false},"excerpt":{"rendered":"<p>\u00darove\u0148 udr\u017eania 3 - \u00darove\u0148 rizika 2<br \/>\nVe\u013ekos\u0165: <strong>XL<\/strong><\/p>","protected":false},"featured_media":550,"comment_status":"open","ping_status":"closed","template":"","meta":{"_acf_changed":false,"content-type":"","_monsterinsights_skip_tracking":false,"_monsterinsights_sitenote_active":false,"_monsterinsights_sitenote_note":"","_monsterinsights_sitenote_category":0},"product_brand":[],"product_cat":[107,110,111],"product_tag":[],"class_list":{"0":"post-2724","1":"product","2":"type-product","3":"status-publish","4":"has-post-thumbnail","6":"product_cat-ants","7":"product_cat-north-america","8":"product_cat-south-and-central-america","10":"first","11":"instock","12":"product-type-external"},"acf":[],"aioseo_notices":[],"jetpack_sharing_enabled":true,"_links":{"self":[{"href":"https:\/\/antcube.shop\/sk\/wp-json\/wp\/v2\/product\/2724","targetHints":{"allow":["GET"]}}],"collection":[{"href":"https:\/\/antcube.shop\/sk\/wp-json\/wp\/v2\/product"}],"about":[{"href":"https:\/\/antcube.shop\/sk\/wp-json\/wp\/v2\/types\/product"}],"replies":[{"embeddable":true,"href":"https:\/\/antcube.shop\/sk\/wp-json\/wp\/v2\/comments?post=2724"}],"wp:featuredmedia":[{"embeddable":true,"href":"https:\/\/antcube.shop\/sk\/wp-json\/wp\/v2\/media\/550"}],"wp:attachment":[{"href":"https:\/\/antcube.shop\/sk\/wp-json\/wp\/v2\/media?parent=2724"}],"wp:term":[{"taxonomy":"product_brand","embeddable":true,"href":"https:\/\/antcube.shop\/sk\/wp-json\/wp\/v2\/product_brand?post=2724"},{"taxonomy":"product_cat","embeddable":true,"href":"https:\/\/antcube.shop\/sk\/wp-json\/wp\/v2\/product_cat?post=2724"},{"taxonomy":"product_tag","embeddable":true,"href":"https:\/\/antcube.shop\/sk\/wp-json\/wp\/v2\/product_tag?post=2724"}],"curies":[{"name":"wp","href":"https:\/\/api.w.org\/{rel}","templated":true}]}}