{"id":2673,"date":"2021-10-04T15:33:49","date_gmt":"2021-10-04T13:33:49","guid":{"rendered":"https:\/\/antcube.shop\/produkt\/antcube-starter-set-l-20x20-combi\/"},"modified":"2026-04-03T11:58:39","modified_gmt":"2026-04-03T09:58:39","slug":"antcube-starter-set-l-20x20-combi","status":"publish","type":"product","link":"https:\/\/antcube.shop\/sk\/produkt\/antcube-starter-set-l-20x20-combi\/","title":{"rendered":"\u0160tartovacia sada ANTCUBE L - 20 \u00d7 20 - Combi"},"content":{"rendered":"<p><strong>Obsah:<\/strong><br \/>\n1x ANTCUBE - Arena 20x20x20 - Combi L<br \/>\n1x kryt mraveniska 20\u00d720<br \/>\n4x upev\u0148ovac\u00ed bod pre kryt ar\u00e9ny<br \/>\n2x Formicarium z\u00e1tky pre 27 mm otvor<br \/>\n2x z\u00e1tka Formicarium pre 50 mm otvor<br \/>\n1x substr\u00e1t - pieskovo-hlinit\u00fd b\u00e9\u017eov\u00fd - 1000g<br \/>\n1x nap\u00e1ja\u010dka 2ml - 360 stup\u0148ov<br \/>\n1x dish clear 1&#215;20 &#8211; sponge<br \/>\n1x ru\u010dn\u00e1 lupa - 2x - 30 mm<br \/>\n1x pinzeta plastov\u00e1 prieh\u013eadn\u00e1<br \/>\n1x plastov\u00e1 pipeta 3 ml<br \/>\n1x Olej na \u00fanik mravcov 10ml<br \/>\n1x penov\u00fd stiera\u010d 150x18x2,5mm<\/p>\n<p><strong>Popis: V s\u00fa\u010dasnosti je na trhu viac ako 10 000 zariaden\u00ed, ktor\u00e9 s\u00fa ur\u010den\u00e9 na predaj:<\/strong><br \/>\nT\u00e1to \u0161tartovacia sada - Combi je vhodn\u00e1 pre v\u00e4\u010d\u0161inu druhov mravcov hrabaj\u00facich sa v p\u00f4de.<br \/>\nS\u00faprava je ve\u013emi kompaktn\u00e1 a dod\u00e1van\u00e9 pr\u00edslu\u0161enstvo je obmedzen\u00e9 na to najd\u00f4le\u017eitej\u0161ie.<br \/>\nIde teda o cenovo v\u00fdhodn\u00fa s\u00fapravu z kvalitn\u00fdch materi\u00e1lov, ktor\u00e1 je ide\u00e1lna pre za\u010diato\u010dn\u00edkov v chove mravcov.<br \/>\nPrilo\u017een\u00fd pieso\u010dnato-hlinit\u00fd b\u00e9\u017eov\u00fd substr\u00e1t je dobre prij\u00edman\u00fd v\u00e4\u010d\u0161inou druhov mravcov.<\/p>\n<p>Pr\u00edpadne sa do hniezdnej oblasti ar\u00e9ny m\u00f4\u017eu umiestni\u0165 in\u00e9 p\u00f4dne substr\u00e1ty alebo hniezdne vlo\u017eky.<br \/>\nPod n\u00e1vrhmi (pozri ni\u017e\u0161ie) n\u00e1jdete \u010fal\u0161ie u\u017eito\u010dn\u00e9 pr\u00edslu\u0161enstvo.<\/p>\n<p><strong>Odpor\u00fa\u010danie:<\/strong> Odpor\u00fa\u010dame vrstvu substr\u00e1tu s v\u00fd\u0161kou 2 mm, aby sa zvierat\u00e1 nemohli zahraba\u0165 do ar\u00e9ny a namiesto toho pou\u017e\u00edvali na tento \u00fa\u010del poskytnut\u00fd statok. Odpor\u00fa\u010dame tie\u017e, aby bol hniezdny materi\u00e1l vo farme (piesok\/hlina, Digfix at\u010f.) na jednom mieste \u013eahko napichan\u00fd, aby sa zvierat\u00e1m u\u013eah\u010dilo hrabanie.<\/p>\n<p><strong>D\u00f4le\u017eit\u00e9:<\/strong> Pred pou\u017eit\u00edm substr\u00e1t navlh\u010dite, aby sa zmes mohla spoji\u0165 a pevne sa uchyti\u0165 v mravenisku. Okrem toho pr\u00edli\u0161 such\u00fd a pra\u0161n\u00fd substr\u00e1t m\u00f4\u017ee sp\u00f4sobi\u0165 zablokovanie d\u00fdchac\u00edch ciest mravcov a v najhor\u0161om pr\u00edpade sa zvierat\u00e1 m\u00f4\u017eu udusi\u0165.<\/p>\n<p><strong>Upozornenie:<\/strong><br \/>\nPri pou\u017e\u00edvan\u00ed na\u0161ich vlo\u017eiek do hniezd si pros\u00edm v\u0161imnite, \u017ee s\u00fa o 8 mm u\u017e\u0161ie, preto\u017ee boli p\u00f4vodne navrhnut\u00e9 tak, aby sa do nich zmestili na\u0161e u\u017e\u0161ie mravenisk\u00e1, ako aj vlo\u017eky do ar\u00e9n! Tu by sa priestor medzi nimi musel vyplni\u0165 v\u00fdpl\u0148ov\u00fdm materi\u00e1lom, napr\u00edklad omietkou alebo hlinou.<\/p>\n<p><strong>Pozn\u00e1mky k v\u00fdrobe<\/strong><br \/>\nSklo sa br\u00fasi pod\u013ea normy DIN 1249 s toleranciou +\/- 1 mm. V pr\u00edpade extr\u00e9mne mal\u00fdch druhov mravcov je nevyhnutn\u00e1 dodato\u010dn\u00e1 ochrana proti \u00faniku.<\/p>\n<p><strong>Pokyny:<\/strong><br \/>\n- DE N\u00e1vod na pou\u017eitie \u0161tartovacej sady Combi (PDF 7,98 MB)<br \/>\n- SK N\u00e1vod na pou\u017eitie - \u0161tartovacia sada Combi (PDF 7,94 MB)<br \/>\n- ES Manual de instrucciones - Set de inicio Combi (PDF 7,94 MB)<br \/>\n- FR N\u00e1vod na obsluhu - S\u00faprava na demont\u00e1\u017e Combi (PDF 7,95 MB)<\/p>","protected":false},"excerpt":{"rendered":"<p>S\u00faprava pozost\u00e1va z 18 dielov a je vhodn\u00e1 pre v\u0161etky druhy mravcov.<br \/>\nVe\u013ekos\u0165: <span style=\"color: #0000ff;\"><strong>L<\/strong><\/span><\/p>","protected":false},"featured_media":5445,"comment_status":"open","ping_status":"closed","template":"","meta":{"_acf_changed":false,"content-type":"","_monsterinsights_skip_tracking":false,"_monsterinsights_sitenote_active":false,"_monsterinsights_sitenote_note":"","_monsterinsights_sitenote_category":0},"product_brand":[],"product_cat":[73,78],"product_tag":[],"class_list":{"0":"post-2673","1":"product","2":"type-product","3":"status-publish","4":"has-post-thumbnail","6":"product_cat-starter-sets","7":"product_cat-starter-sets-combi","9":"first","10":"instock","11":"taxable","12":"shipping-taxable","13":"purchasable","14":"product-type-simple"},"acf":[],"aioseo_notices":[],"jetpack_sharing_enabled":true,"_links":{"self":[{"href":"https:\/\/antcube.shop\/sk\/wp-json\/wp\/v2\/product\/2673","targetHints":{"allow":["GET"]}}],"collection":[{"href":"https:\/\/antcube.shop\/sk\/wp-json\/wp\/v2\/product"}],"about":[{"href":"https:\/\/antcube.shop\/sk\/wp-json\/wp\/v2\/types\/product"}],"replies":[{"embeddable":true,"href":"https:\/\/antcube.shop\/sk\/wp-json\/wp\/v2\/comments?post=2673"}],"wp:featuredmedia":[{"embeddable":true,"href":"https:\/\/antcube.shop\/sk\/wp-json\/wp\/v2\/media\/5445"}],"wp:attachment":[{"href":"https:\/\/antcube.shop\/sk\/wp-json\/wp\/v2\/media?parent=2673"}],"wp:term":[{"taxonomy":"product_brand","embeddable":true,"href":"https:\/\/antcube.shop\/sk\/wp-json\/wp\/v2\/product_brand?post=2673"},{"taxonomy":"product_cat","embeddable":true,"href":"https:\/\/antcube.shop\/sk\/wp-json\/wp\/v2\/product_cat?post=2673"},{"taxonomy":"product_tag","embeddable":true,"href":"https:\/\/antcube.shop\/sk\/wp-json\/wp\/v2\/product_tag?post=2673"}],"curies":[{"name":"wp","href":"https:\/\/api.w.org\/{rel}","templated":true}]}}