{"id":12445,"date":"2025-09-30T10:08:52","date_gmt":"2025-09-30T08:08:52","guid":{"rendered":"https:\/\/antcube.shop\/en\/product\/ameisen-lebenszyklus-praparat-metamorphose-einer-ameise\/"},"modified":"2026-04-08T04:11:22","modified_gmt":"2026-04-08T02:11:22","slug":"zivotny-cyklus-mravca-vzorka-metamorfozy-mravca","status":"publish","type":"product","link":"https:\/\/antcube.shop\/sk\/produkt\/zivotny-cyklus-mravca-vzorka-metamorfozy-mravca\/","title":{"rendered":"Vzorka \u017eivotn\u00e9ho cyklu mravcov: Metamorf\u00f3za mravca"},"content":{"rendered":"<p><strong>Rozmery:<\/strong> 30x30x10 mm<\/p>\n<p><strong>Materi\u00e1l:<\/strong> Syntetick\u00e1 \u017eivica<\/p>\n<p><strong>Popis: V s\u00fa\u010dasnosti je na trhu viac ako 10 000 zariaden\u00ed, ktor\u00e9 s\u00fa ur\u010den\u00e9 na predaj:<\/strong> Tento exempl\u00e1r bol starostlivo odliaty z prieh\u013eadnej syntetickej \u017eivice a je ide\u00e1lny na pou\u017eitie v \u0161kol\u00e1ch, na univerzit\u00e1ch a pre zberate\u013eov. Zobrazuje v\u00fdvojov\u00e9 \u0161t\u00e1di\u00e1 mravca - od larvy cez kuklu a\u017e po plne vyvinut\u00fa robotnicu.<\/p>","protected":false},"excerpt":{"rendered":"<p>Rozmery: Materi\u00e1l: 30x30x10 mm Syntetick\u00e1 \u017eivica Popis: Tento exempl\u00e1r bol starostlivo odliaty z prieh\u013eadnej syntetickej \u017eivice a je ide\u00e1lny na pou\u017eitie v \u0161kol\u00e1ch, na univerzit\u00e1ch a pre zberate\u013eov. Zobrazuje v\u00fdvojov\u00e9 \u0161t\u00e1di\u00e1 mravca - od larvy cez kuklu a\u017e po plne vyvinut\u00fa robotnicu.<\/p>","protected":false},"featured_media":12562,"comment_status":"open","ping_status":"closed","template":"","meta":{"_acf_changed":false,"content-type":"","_monsterinsights_skip_tracking":false,"_monsterinsights_sitenote_active":false,"_monsterinsights_sitenote_note":"","_monsterinsights_sitenote_category":0},"product_brand":[484],"product_cat":[547,257,245],"product_tag":[],"class_list":{"0":"post-12445","1":"product","2":"type-product","3":"status-publish","4":"has-post-thumbnail","6":"product_brand-antcube","7":"product_cat-all-products","8":"product_cat-new-innovatve-products","9":"product_cat-merchandise","11":"first","12":"instock","13":"taxable","14":"shipping-taxable","15":"purchasable","16":"product-type-simple"},"acf":[],"aioseo_notices":[],"jetpack_sharing_enabled":true,"_links":{"self":[{"href":"https:\/\/antcube.shop\/sk\/wp-json\/wp\/v2\/product\/12445","targetHints":{"allow":["GET"]}}],"collection":[{"href":"https:\/\/antcube.shop\/sk\/wp-json\/wp\/v2\/product"}],"about":[{"href":"https:\/\/antcube.shop\/sk\/wp-json\/wp\/v2\/types\/product"}],"replies":[{"embeddable":true,"href":"https:\/\/antcube.shop\/sk\/wp-json\/wp\/v2\/comments?post=12445"}],"wp:featuredmedia":[{"embeddable":true,"href":"https:\/\/antcube.shop\/sk\/wp-json\/wp\/v2\/media\/12562"}],"wp:attachment":[{"href":"https:\/\/antcube.shop\/sk\/wp-json\/wp\/v2\/media?parent=12445"}],"wp:term":[{"taxonomy":"product_brand","embeddable":true,"href":"https:\/\/antcube.shop\/sk\/wp-json\/wp\/v2\/product_brand?post=12445"},{"taxonomy":"product_cat","embeddable":true,"href":"https:\/\/antcube.shop\/sk\/wp-json\/wp\/v2\/product_cat?post=12445"},{"taxonomy":"product_tag","embeddable":true,"href":"https:\/\/antcube.shop\/sk\/wp-json\/wp\/v2\/product_tag?post=12445"}],"curies":[{"name":"wp","href":"https:\/\/api.w.org\/{rel}","templated":true}]}}