{"id":12443,"date":"2025-09-30T10:07:55","date_gmt":"2025-09-30T08:07:55","guid":{"rendered":"https:\/\/antcube.shop\/en\/product\/poster-lasius-niger-lebensweise-100x70\/"},"modified":"2026-01-12T12:43:19","modified_gmt":"2026-01-12T11:43:19","slug":"plagat-lasius-niger-sposob-zivota-100x70","status":"publish","type":"product","link":"https:\/\/antcube.shop\/sk\/produkt\/plagat-lasius-niger-sposob-zivota-100x70\/","title":{"rendered":"Plag\u00e1t - Lasius niger sp\u00f4sob \u017eivota - 100\u00d770"},"content":{"rendered":"<p><strong>Rozmery:<\/strong> 100 \u00d7 70 cm<\/p>\n<p><strong>Materi\u00e1l:<\/strong> Latexov\u00fd papier<br \/>\nTento papier je vodeodoln\u00fd, utierate\u013en\u00fd, odoln\u00fd, \u0161etrn\u00fd k \u017eivotn\u00e9mu prostrediu, preto\u017ee neobsahuje \u017eiadne rozp\u00fa\u0161\u0165adl\u00e1 \u0161kodliv\u00e9 pre \u017eivotn\u00e9 prostredie, a poskytuje vynikaj\u00facu kvalitu tla\u010de.<\/p>\n<p><strong>Popis: V s\u00fa\u010dasnosti je na trhu viac ako 10 000 zariaden\u00ed, ktor\u00e9 s\u00fa ur\u010den\u00e9 na predaj:<\/strong> Tento plag\u00e1t poskytuje jasn\u00fd preh\u013ead \u017eivotn\u00e9ho \u0161t\u00fdlu Lasius niger - \u010dierneho mravca. Je to jeden z najroz\u0161\u00edrenej\u0161\u00edch a najzn\u00e1mej\u0161\u00edch druhov mravcov v Eur\u00f3pe a mo\u017eno dokonca jeden z najob\u013e\u00fabenej\u0161\u00edch z\u00e1stupcov svojho rodu na celom svete.<\/p>\n<p><strong>D\u00f4le\u017eit\u00e9 - dodato\u010dn\u00e9 inform\u00e1cie:<\/strong> <a href=\"https:\/\/www.ants.de\/link\/1006\">Tu<\/a> na plag\u00e1te n\u00e1jdete podrobn\u00fd popis jednotliv\u00fdch sc\u00e9n. Tie nie s\u00fa s\u00fa\u010das\u0165ou balenia, ale m\u00f4\u017eete si ich samostatne prezrie\u0165 a vytla\u010di\u0165 prostredn\u00edctvom nasleduj\u00faceho odkazu. <a href=\"https:\/\/www.ants.de\/link\/1006\">https:\/\/www.ants.de\/link\/1006<\/a><\/p>","protected":false},"excerpt":{"rendered":"<p>Ve\u013ekos\u0165: 100 \u00d7 70 cm<\/p>","protected":false},"featured_media":12453,"comment_status":"open","ping_status":"closed","template":"","meta":{"_acf_changed":false,"content-type":"","_monsterinsights_skip_tracking":false,"_monsterinsights_sitenote_active":false,"_monsterinsights_sitenote_note":"","_monsterinsights_sitenote_category":0},"product_brand":[484],"product_cat":[547,500,245],"product_tag":[],"class_list":{"0":"post-12443","1":"product","2":"type-product","3":"status-publish","4":"has-post-thumbnail","6":"product_brand-antcube","7":"product_cat-all-products","8":"product_cat-ant-posters-and-teaching-aids","9":"product_cat-merchandise","11":"first","12":"instock","13":"taxable","14":"shipping-taxable","15":"purchasable","16":"product-type-simple"},"acf":[],"aioseo_notices":[],"jetpack_sharing_enabled":true,"_links":{"self":[{"href":"https:\/\/antcube.shop\/sk\/wp-json\/wp\/v2\/product\/12443","targetHints":{"allow":["GET"]}}],"collection":[{"href":"https:\/\/antcube.shop\/sk\/wp-json\/wp\/v2\/product"}],"about":[{"href":"https:\/\/antcube.shop\/sk\/wp-json\/wp\/v2\/types\/product"}],"replies":[{"embeddable":true,"href":"https:\/\/antcube.shop\/sk\/wp-json\/wp\/v2\/comments?post=12443"}],"wp:featuredmedia":[{"embeddable":true,"href":"https:\/\/antcube.shop\/sk\/wp-json\/wp\/v2\/media\/12453"}],"wp:attachment":[{"href":"https:\/\/antcube.shop\/sk\/wp-json\/wp\/v2\/media?parent=12443"}],"wp:term":[{"taxonomy":"product_brand","embeddable":true,"href":"https:\/\/antcube.shop\/sk\/wp-json\/wp\/v2\/product_brand?post=12443"},{"taxonomy":"product_cat","embeddable":true,"href":"https:\/\/antcube.shop\/sk\/wp-json\/wp\/v2\/product_cat?post=12443"},{"taxonomy":"product_tag","embeddable":true,"href":"https:\/\/antcube.shop\/sk\/wp-json\/wp\/v2\/product_tag?post=12443"}],"curies":[{"name":"wp","href":"https:\/\/api.w.org\/{rel}","templated":true}]}}