{"id":12437,"date":"2025-09-30T10:02:33","date_gmt":"2025-09-30T08:02:33","guid":{"rendered":"https:\/\/antcube.shop\/en\/product\/poster-anatomie-der-ameisen-lasius-niger-70x100\/"},"modified":"2026-01-12T12:43:18","modified_gmt":"2026-01-12T11:43:18","slug":"plagat-anatomia-mravcov-lasius-niger-70x100","status":"publish","type":"product","link":"https:\/\/antcube.shop\/sk\/produkt\/plagat-anatomia-mravcov-lasius-niger-70x100\/","title":{"rendered":"Plag\u00e1t - Anat\u00f3mia mravcov - Lasius niger - 70\u00d7100"},"content":{"rendered":"<p><strong>Rozmery:<\/strong> 70 \u00d7 100 cm<\/p>\n<p><strong>Materi\u00e1l:<\/strong> Latexov\u00fd papier<br \/>\nTento papier je vodeodoln\u00fd, utierate\u013en\u00fd, odoln\u00fd, \u0161etrn\u00fd k \u017eivotn\u00e9mu prostrediu, preto\u017ee neobsahuje \u017eiadne rozp\u00fa\u0161\u0165adl\u00e1 \u0161kodliv\u00e9 pre \u017eivotn\u00e9 prostredie, a poskytuje vynikaj\u00facu kvalitu tla\u010de.<\/p>\n<p><strong>Popis: V s\u00fa\u010dasnosti je na trhu viac ako 10 000 zariaden\u00ed, ktor\u00e9 s\u00fa ur\u010den\u00e9 na predaj:<\/strong> Tento plag\u00e1t zn\u00e1zor\u0148uje anat\u00f3miu mravca \u010dierneho (Lasius niger). Podrobn\u00e9 ilustr\u00e1cie zobrazuj\u00fa najd\u00f4le\u017eitej\u0161ie vn\u00fatorn\u00e9 a vonkaj\u0161ie telesn\u00e9 znaky a org\u00e1ny, \u010do u\u013eah\u010duje pochopenie stavby tohto roz\u0161\u00edren\u00e9ho druhu mravca. Ide\u00e1lne ako u\u010debn\u00fd materi\u00e1l pre \u0161koly a univerzity alebo ako dekorat\u00edvny zberate\u013esk\u00fd predmet.<\/p>\n<p><strong>D\u00f4le\u017eit\u00e9 - dodato\u010dn\u00e9 inform\u00e1cie:<\/strong> <a href=\"https:\/\/www.ants.de\/link\/1101\">Tu<\/a> na plag\u00e1te n\u00e1jdete podrobn\u00fd popis jednotliv\u00fdch sc\u00e9n. Tie sa nedod\u00e1vaj\u00fa spolu s plag\u00e1tom, ale m\u00f4\u017eete si ich pozrie\u0165 a vytla\u010di\u0165 samostatne prostredn\u00edctvom nasleduj\u00faceho odkazu. <a href=\"https:\/\/www.ants.de\/link\/1101\">https:\/\/www.ants.de\/link\/1101<\/a><\/p>","protected":false},"excerpt":{"rendered":"<p>Ve\u013ekos\u0165: 70 \u00d7 100 cm<\/p>","protected":false},"featured_media":12454,"comment_status":"open","ping_status":"closed","template":"","meta":{"_acf_changed":false,"content-type":"","_monsterinsights_skip_tracking":false,"_monsterinsights_sitenote_active":false,"_monsterinsights_sitenote_note":"","_monsterinsights_sitenote_category":0},"product_brand":[484],"product_cat":[547,500,245],"product_tag":[],"class_list":{"0":"post-12437","1":"product","2":"type-product","3":"status-publish","4":"has-post-thumbnail","6":"product_brand-antcube","7":"product_cat-all-products","8":"product_cat-ant-posters-and-teaching-aids","9":"product_cat-merchandise","11":"first","12":"instock","13":"taxable","14":"shipping-taxable","15":"purchasable","16":"product-type-simple"},"acf":[],"aioseo_notices":[],"jetpack_sharing_enabled":true,"_links":{"self":[{"href":"https:\/\/antcube.shop\/sk\/wp-json\/wp\/v2\/product\/12437","targetHints":{"allow":["GET"]}}],"collection":[{"href":"https:\/\/antcube.shop\/sk\/wp-json\/wp\/v2\/product"}],"about":[{"href":"https:\/\/antcube.shop\/sk\/wp-json\/wp\/v2\/types\/product"}],"replies":[{"embeddable":true,"href":"https:\/\/antcube.shop\/sk\/wp-json\/wp\/v2\/comments?post=12437"}],"wp:featuredmedia":[{"embeddable":true,"href":"https:\/\/antcube.shop\/sk\/wp-json\/wp\/v2\/media\/12454"}],"wp:attachment":[{"href":"https:\/\/antcube.shop\/sk\/wp-json\/wp\/v2\/media?parent=12437"}],"wp:term":[{"taxonomy":"product_brand","embeddable":true,"href":"https:\/\/antcube.shop\/sk\/wp-json\/wp\/v2\/product_brand?post=12437"},{"taxonomy":"product_cat","embeddable":true,"href":"https:\/\/antcube.shop\/sk\/wp-json\/wp\/v2\/product_cat?post=12437"},{"taxonomy":"product_tag","embeddable":true,"href":"https:\/\/antcube.shop\/sk\/wp-json\/wp\/v2\/product_tag?post=12437"}],"curies":[{"name":"wp","href":"https:\/\/api.w.org\/{rel}","templated":true}]}}