{"id":12435,"date":"2025-09-30T10:01:28","date_gmt":"2025-09-30T08:01:28","guid":{"rendered":"https:\/\/antcube.shop\/en\/product\/antcube-digfix-30x30-liegend\/"},"modified":"2026-04-01T13:28:23","modified_gmt":"2026-04-01T11:28:23","slug":"antcube-digfix-30x30-leziaci","status":"publish","type":"product","link":"https:\/\/antcube.shop\/sk\/produkt\/antcube-digfix-30x30-leziaci\/","title":{"rendered":"ANTCUBE - Digfix 30\u00d730 - le\u017eiaci"},"content":{"rendered":"<p><strong>Rozmery:<\/strong> 280x280x28mm<\/p>\n<p><strong>Materi\u00e1l:<\/strong> Digfix<\/p>\n<p><strong>Pou\u017eitie:<\/strong><br \/>\nHod\u00ed sa len do n\u00e1\u0161ho ANTCUBE - Nest 30\u00d730 - horizont\u00e1lne<\/p>\n<p><strong>Popis: V s\u00fa\u010dasnosti je na trhu viac ako 10 000 zariaden\u00ed, ktor\u00e9 s\u00fa ur\u010den\u00e9 na predaj:<\/strong><br \/>\nToto hniezdo Digfix, vyroben\u00e9 zo \u0161peci\u00e1lneho materi\u00e1lu, do ktor\u00e9ho sa d\u00e1 kopa\u0165, je navrhnut\u00e9 tak, aby dokonale zapadlo do na\u0161ich horizont\u00e1lnych hniezd ANTCUBE 30 \u00d7 30. Dosku mo\u017eno pou\u017ei\u0165 bu\u010f such\u00fa, alebo navlh\u010den\u00fa a je vhodn\u00e1 pre mnoh\u00e9 druhy mravcov - najm\u00e4 pre tie, ktor\u00e9 hniezdia v piesku alebo (m\u0155tvom) dreve. Je praktickou alternat\u00edvou k pieskovo-hlinen\u00fdm zmesiam alebo korkov\u00fdm hniezdnym vlo\u017ek\u00e1m.<\/p>\n<p>Osobitnou v\u00fdhodou je jednoduch\u00e1 kontrola \u00farovne vlhkosti: doska vidite\u013ene men\u00ed farbu, \u010do umo\u017e\u0148uje optim\u00e1lne pos\u00fadi\u0165 \u00farove\u0148 vlhkosti. Na rozdiel od pieso\u010dnato-hlinit\u00fdch zmes\u00ed zost\u00e1vaj\u00fa vn\u00fatorn\u00e9 panely mraveniska \u010dist\u00e9, preto\u017ee sa na ne nelep\u00ed \u017eiadny vo\u013en\u00fd substr\u00e1t.<\/p>\n<p>V\u010faka svojej pevnej \u0161trukt\u00fare materi\u00e1l trvalo udr\u017e\u00ed tunely a kom\u00f4rky vytvoren\u00e9 mravcami bez toho, aby sa zr\u00fatili - pre bezpe\u010dn\u00fd a prirodzen\u00fd z\u00e1\u017eitok z kopania.<\/p>","protected":false},"excerpt":{"rendered":"<p>Rozmery: 280x280x28mm<\/p>","protected":false},"featured_media":0,"comment_status":"open","ping_status":"closed","template":"","meta":{"_acf_changed":false,"content-type":"","_monsterinsights_skip_tracking":false,"_monsterinsights_sitenote_active":false,"_monsterinsights_sitenote_note":"","_monsterinsights_sitenote_category":0},"product_brand":[484],"product_cat":[547,257,87,88],"product_tag":[],"class_list":{"0":"post-12435","1":"product","2":"type-product","3":"status-publish","5":"product_brand-antcube","6":"product_cat-all-products","7":"product_cat-new-innovatve-products","8":"product_cat-nest-insets","9":"product_cat-digfix","11":"first","12":"instock","13":"taxable","14":"shipping-taxable","15":"purchasable","16":"product-type-simple"},"acf":[],"aioseo_notices":[],"jetpack_sharing_enabled":true,"_links":{"self":[{"href":"https:\/\/antcube.shop\/sk\/wp-json\/wp\/v2\/product\/12435","targetHints":{"allow":["GET"]}}],"collection":[{"href":"https:\/\/antcube.shop\/sk\/wp-json\/wp\/v2\/product"}],"about":[{"href":"https:\/\/antcube.shop\/sk\/wp-json\/wp\/v2\/types\/product"}],"replies":[{"embeddable":true,"href":"https:\/\/antcube.shop\/sk\/wp-json\/wp\/v2\/comments?post=12435"}],"wp:attachment":[{"href":"https:\/\/antcube.shop\/sk\/wp-json\/wp\/v2\/media?parent=12435"}],"wp:term":[{"taxonomy":"product_brand","embeddable":true,"href":"https:\/\/antcube.shop\/sk\/wp-json\/wp\/v2\/product_brand?post=12435"},{"taxonomy":"product_cat","embeddable":true,"href":"https:\/\/antcube.shop\/sk\/wp-json\/wp\/v2\/product_cat?post=12435"},{"taxonomy":"product_tag","embeddable":true,"href":"https:\/\/antcube.shop\/sk\/wp-json\/wp\/v2\/product_tag?post=12435"}],"curies":[{"name":"wp","href":"https:\/\/api.w.org\/{rel}","templated":true}]}}