{"id":12287,"date":"2025-09-02T09:53:14","date_gmt":"2025-09-02T07:53:14","guid":{"rendered":"https:\/\/antcube.shop\/en\/product\/antcube-nest-20x20-liegend\/"},"modified":"2026-04-14T09:35:08","modified_gmt":"2026-04-14T07:35:08","slug":"mravenisko-20x20-leziace","status":"publish","type":"product","link":"https:\/\/antcube.shop\/sk\/produkt\/mravenisko-20x20-leziace\/","title":{"rendered":"ANTCUBE - Hniezdo 20\u00d720 - le\u017eiace"},"content":{"rendered":"<p><strong>Rozmery:<\/strong><br \/>\nHniezdo: 190 x 190 x 28 mm<br \/>\nSklenen\u00fd kryt: 190 x 190 x 4 mm<\/p>\n<p><strong>Materi\u00e1l:<\/strong><br \/>\nPl\u00e1vaj\u00face sklo, plast<\/p>\n<p><strong>Farba:<\/strong><br \/>\nKri\u0161t\u00e1\u013eovo \u010dist\u00fd<\/p>\n<p><strong>Obsah:<\/strong><br \/>\n1x ANTCUBE - Hniezdo 20\u00d720 - horizont\u00e1lne s dvoma pripojovac\u00edmi z\u00e1suvkami L 20\/16<br \/>\n1x sklenen\u00fd kryt s 27 mm otvorom<\/p>\n<p><strong>Pripojenie:<\/strong> 2x 14\/16\/18\/20 x 20 mm z\u00e1suvka<\/p>\n<p>Hadica 14\/10 je pevne zasunut\u00e1 do 14 mm z\u00e1suvky<br \/>\nHadica 20\/16 je pevne pripojen\u00e1 k prv\u00e9mu 16 mm kroku<br \/>\nHadica 22\/18 tesne prilieha k druh\u00e9mu 20 mm stup\u0148u<\/p>\n<p><strong>Popis: V s\u00fa\u010dasnosti je na trhu viac ako 10 000 zariaden\u00ed, ktor\u00e9 s\u00fa ur\u010den\u00e9 na predaj: <\/strong>Na\u0161e horizont\u00e1lne hniezdo m\u00e1 dve pripojovacie z\u00e1suvky, ku ktor\u00fdm mo\u017eno pripoji\u0165 hadice alebo r\u00farky. Pr\u00edpadne sa daj\u00fa bezpe\u010dne uzavrie\u0165 vhodn\u00fdmi plastov\u00fdmi alebo sie\u0165ov\u00fdmi krytmi.<\/p>\n<p>V pr\u00edpade v\u00e4\u010d\u0161\u00edch druhov mravcov, ako s\u00fa r\u00f4zne druhy Camponotus, odpor\u00fa\u010dame kombinova\u0165 ho s jedn\u00fdm z na\u0161ich samostatne dostupn\u00fdch korkov\u00fdch hniezd. Hniezdo je v\u0161ak mo\u017en\u00e9 vyplni\u0165 aj p\u00f4dnym substr\u00e1tom.<\/p>\n<p>Kryt sa d\u00e1 od\u0148a\u0165 a v\u010faka pogumovan\u00e9mu okraju pevne a bezpe\u010dne sed\u00ed na mravenisku. V strede je 27 mm otvor, ktor\u00fd sa pou\u017e\u00edva na zvlh\u010dovanie vn\u00fatra hniezda. V z\u00e1vislosti od po\u017eadovanej vlhkosti mo\u017eno tento otvor uzavrie\u0165 bu\u010f sie\u0165ovou vlo\u017ekou, alebo z\u00e1tkou z formik\u00e1ria.<\/p>\n<p>Volite\u013ene je k dispoz\u00edcii \u010derven\u00fd kryt, ktor\u00fd stmavuje hniezdo a v z\u00e1vislosti od chovan\u00e9ho druhu m\u00f4\u017ee ma\u0165 pozit\u00edvny vplyv na v\u00fdvoj kol\u00f3nie.<\/p>\n<p><strong>Inform\u00e1cie o v\u00fdrobe<\/strong><br \/>\nSklo sa br\u00fasi pod\u013ea normy DIN 1249 s toleranciou +\/- 1 mm. Pri extr\u00e9mne mal\u00fdch druhoch mravcov je nevyhnutn\u00e1 dodato\u010dn\u00e1 ochrana proti vylomeniu.<\/p>\n<p><strong>Pozn\u00e1mka k pripojovac\u00edm z\u00e1suvk\u00e1m<\/strong><br \/>\nPri prip\u00e1jan\u00ed alebo odoberan\u00ed had\u00edc dbajte na nasleduj\u00face pokyny:<br \/>\nAk sa hadica ve\u013emi \u0165a\u017eko nasadzuje na pripojovaciu z\u00e1suvku, treba z\u00e1suvku z\u013eahka potrie\u0165 kvapkou n\u00e1\u0161ho oleja alebo pr\u00e1\u0161ku na ochranu proti vylomeniu. Hadica by sa potom mala nasun\u00fa\u0165 na konektor ot\u00e1\u010dan\u00edm alebo skrutkovan\u00edm, pri\u010dom na konektor netla\u010dte smerom nahor ani nadol. To ist\u00e9 plat\u00ed aj pri odstra\u0148ovan\u00ed had\u00edc z konektora. Neodstra\u0148ujte ich jednoducho!<\/p>","protected":false},"excerpt":{"rendered":"<p>Pripojenie: 2x 14\/16\/18\/20 mm z\u00e1suvka<br \/>\nVe\u013ekos\u0165: L<\/p>","protected":false},"featured_media":12292,"comment_status":"open","ping_status":"closed","template":"","meta":{"_acf_changed":false,"content-type":"","_monsterinsights_skip_tracking":false,"_monsterinsights_sitenote_active":false,"_monsterinsights_sitenote_note":"","_monsterinsights_sitenote_category":0},"product_brand":[484],"product_cat":[257,80,83,86],"product_tag":[],"class_list":{"0":"post-12287","1":"product","2":"type-product","3":"status-publish","4":"has-post-thumbnail","6":"product_brand-antcube","7":"product_cat-new-innovatve-products","8":"product_cat-antfarms","9":"product_cat-antfarms-l","10":"product_cat-formicariums","12":"first","13":"instock","14":"taxable","15":"shipping-taxable","16":"purchasable","17":"product-type-simple"},"acf":[],"aioseo_notices":[],"jetpack_sharing_enabled":true,"_links":{"self":[{"href":"https:\/\/antcube.shop\/sk\/wp-json\/wp\/v2\/product\/12287","targetHints":{"allow":["GET"]}}],"collection":[{"href":"https:\/\/antcube.shop\/sk\/wp-json\/wp\/v2\/product"}],"about":[{"href":"https:\/\/antcube.shop\/sk\/wp-json\/wp\/v2\/types\/product"}],"replies":[{"embeddable":true,"href":"https:\/\/antcube.shop\/sk\/wp-json\/wp\/v2\/comments?post=12287"}],"wp:featuredmedia":[{"embeddable":true,"href":"https:\/\/antcube.shop\/sk\/wp-json\/wp\/v2\/media\/12292"}],"wp:attachment":[{"href":"https:\/\/antcube.shop\/sk\/wp-json\/wp\/v2\/media?parent=12287"}],"wp:term":[{"taxonomy":"product_brand","embeddable":true,"href":"https:\/\/antcube.shop\/sk\/wp-json\/wp\/v2\/product_brand?post=12287"},{"taxonomy":"product_cat","embeddable":true,"href":"https:\/\/antcube.shop\/sk\/wp-json\/wp\/v2\/product_cat?post=12287"},{"taxonomy":"product_tag","embeddable":true,"href":"https:\/\/antcube.shop\/sk\/wp-json\/wp\/v2\/product_tag?post=12287"}],"curies":[{"name":"wp","href":"https:\/\/api.w.org\/{rel}","templated":true}]}}