{"id":12286,"date":"2025-09-02T09:53:07","date_gmt":"2025-09-02T07:53:07","guid":{"rendered":"https:\/\/antcube.shop\/en\/product\/antcube-korknest-30x30-liegend\/"},"modified":"2026-02-26T10:38:05","modified_gmt":"2026-02-26T09:38:05","slug":"antcube-corknest-30x30-leziaci","status":"publish","type":"product","link":"https:\/\/antcube.shop\/sk\/produkt\/antcube-corknest-30x30-leziaci\/","title":{"rendered":"ANTCUBE - Corknest 30\u00d730 - le\u017eiaci"},"content":{"rendered":"<p><strong>Rozmery:<\/strong> 280x280x28mm<\/p>\n<p><strong>Materi\u00e1l:<\/strong> Korok (jemn\u00fd)<\/p>\n<p><strong>Pou\u017eitie:<\/strong><br \/>\nHod\u00ed sa len do n\u00e1\u0161ho ANTCUBE - Nest 30\u00d730 - horizont\u00e1lne<\/p>\n<p><strong>Popis: V s\u00fa\u010dasnosti je na trhu viac ako 10 000 zariaden\u00ed, ktor\u00e9 s\u00fa ur\u010den\u00e9 na predaj:\u00a0<\/strong><br \/>\nToto korkov\u00e9 hniezdo s vopred pripraven\u00fdmi tunelmi a kom\u00f4rkami je vhodn\u00e9 pre mnoh\u00e9 druhy mravcov, najm\u00e4 pre tie, ktor\u00e9 hniezdia v (m\u0155tvom) dreve. M\u00e1 dva otvory, ktor\u00e9 sl\u00fa\u017eia ako vchody do hniezda.<\/p>\n<p>Korok je pr\u00edrodn\u00fd, chemicky neutr\u00e1lny materi\u00e1l. Jeho \u0161trukt\u00fara je nepriepustn\u00e1 pre kvapaliny, chemicky nereaguje, a preto zost\u00e1va dlho neporu\u0161en\u00fd. Trvalo vysok\u00fd obsah vlhkosti v\u0161ak m\u00f4\u017ee podporova\u0165 hnilobu a skracova\u0165 \u017eivotnos\u0165 hniezda. Vo v\u0161eobecnosti je korok ve\u013emi odoln\u00fd vo\u010di hnilobe a napadnutiu hubami a ples\u0148ami. Jeho \u0161peci\u00e1lny povrch a \u0161trukt\u00fara pon\u00fakaj\u00fa len m\u00e1lo vhodn\u00fdch podmienok na rozmno\u017eovanie plesn\u00ed. Napriek tomu m\u00f4\u017eu zvy\u0161ky jedla, v\u00fdkaly alebo in\u00e9 organick\u00e9 l\u00e1tky podporova\u0165 rast plesn\u00ed.<\/p>\n<p>V korkov\u00fdch hniezdach preto odpor\u00fa\u010dame chova\u0165 druhy mravcov zo such\u0161\u00edch oblast\u00ed. M\u00f4\u017eu v nich v\u0161ak by\u0165 umiestnen\u00e9 aj druhy z vlhkej\u0161\u00edch oblast\u00ed - pre v\u00e4\u010d\u0161inu z nich nie je probl\u00e9mom hniloba. Mnoh\u00e9 druhy mravcov vyskytuj\u00face sa v severnej Eur\u00f3pe, ako napr\u00edklad Camponotus herculeanus alebo Formica fusca, s\u00fa dokonca prirodzene prisp\u00f4soben\u00e9 na hnil\u00e9 alebo \u010diasto\u010dne rozpadnut\u00e9 drevo.<\/p>","protected":false},"excerpt":{"rendered":"<p>Ve\u013ekos\u0165: 280x280x28 mm<\/p>","protected":false},"featured_media":12291,"comment_status":"open","ping_status":"closed","template":"","meta":{"_acf_changed":false,"content-type":"","_monsterinsights_skip_tracking":false,"_monsterinsights_sitenote_active":false,"_monsterinsights_sitenote_note":"","_monsterinsights_sitenote_category":0},"product_brand":[484],"product_cat":[257,87,89],"product_tag":[],"class_list":{"0":"post-12286","1":"product","2":"type-product","3":"status-publish","4":"has-post-thumbnail","6":"product_brand-antcube","7":"product_cat-new-innovatve-products","8":"product_cat-nest-insets","9":"product_cat-cork","11":"first","12":"instock","13":"taxable","14":"shipping-taxable","15":"purchasable","16":"product-type-simple"},"acf":[],"aioseo_notices":[],"jetpack_sharing_enabled":true,"_links":{"self":[{"href":"https:\/\/antcube.shop\/sk\/wp-json\/wp\/v2\/product\/12286","targetHints":{"allow":["GET"]}}],"collection":[{"href":"https:\/\/antcube.shop\/sk\/wp-json\/wp\/v2\/product"}],"about":[{"href":"https:\/\/antcube.shop\/sk\/wp-json\/wp\/v2\/types\/product"}],"replies":[{"embeddable":true,"href":"https:\/\/antcube.shop\/sk\/wp-json\/wp\/v2\/comments?post=12286"}],"wp:featuredmedia":[{"embeddable":true,"href":"https:\/\/antcube.shop\/sk\/wp-json\/wp\/v2\/media\/12291"}],"wp:attachment":[{"href":"https:\/\/antcube.shop\/sk\/wp-json\/wp\/v2\/media?parent=12286"}],"wp:term":[{"taxonomy":"product_brand","embeddable":true,"href":"https:\/\/antcube.shop\/sk\/wp-json\/wp\/v2\/product_brand?post=12286"},{"taxonomy":"product_cat","embeddable":true,"href":"https:\/\/antcube.shop\/sk\/wp-json\/wp\/v2\/product_cat?post=12286"},{"taxonomy":"product_tag","embeddable":true,"href":"https:\/\/antcube.shop\/sk\/wp-json\/wp\/v2\/product_tag?post=12286"}],"curies":[{"name":"wp","href":"https:\/\/api.w.org\/{rel}","templated":true}]}}