{"id":11501,"date":"2025-04-25T15:14:28","date_gmt":"2025-04-25T13:14:28","guid":{"rendered":"https:\/\/antcube.shop\/en\/product\/poster-blattschneiderameisen-atta-lebensweise-100x70\/"},"modified":"2026-01-12T12:41:46","modified_gmt":"2026-01-12T11:41:46","slug":"plagat-mravce-listonohy-atta-sposob-zivota-100x70","status":"publish","type":"product","link":"https:\/\/antcube.shop\/sk\/produkt\/plagat-mravce-listonohy-atta-sposob-zivota-100x70\/","title":{"rendered":"Plag\u00e1t - Mravce listo\u017erav\u00e9 - Atta sp\u00f4sob \u017eivota - 100\u00d770"},"content":{"rendered":"<p>Mravce listonohy - Atta way of life - Mravce Plag\u00e1t a u\u010debn\u00e1 pom\u00f4cka pre \u0161koly\/\u0161k\u00f4lky.<\/p>\n<p><strong>Popis je k dispoz\u00edcii v nem\u010dine, angli\u010dtine, \u0161paniel\u010dine a franc\u00faz\u0161tine<\/strong><\/p>\n<p><strong>Rozmery:<\/strong> 100 \u00d7 70 cm<\/p>\n<p><strong>Materi\u00e1l:<\/strong> Latexov\u00fd papier<br \/>\nTento papier je vodeodoln\u00fd, utierate\u013en\u00fd, odoln\u00fd, \u0161etrn\u00fd k \u017eivotn\u00e9mu prostrediu, preto\u017ee neobsahuje \u017eiadne rozp\u00fa\u0161\u0165adl\u00e1 \u0161kodliv\u00e9 pre \u017eivotn\u00e9 prostredie, a poskytuje vynikaj\u00facu kvalitu tla\u010de.<\/p>\n<p><strong>Popis: V s\u00fa\u010dasnosti je na trhu viac ako 10 000 zariaden\u00ed, ktor\u00e9 s\u00fa ur\u010den\u00e9 na predaj:<\/strong> Tento plag\u00e1t poskytuje preh\u013ead o sp\u00f4sobe \u017eivota a stavbe hniezd mravcov Atta z Ju\u017enej a Strednej Ameriky.<\/p>\n<p><strong>D\u00f4le\u017eit\u00e9 - dodato\u010dn\u00e9 inform\u00e1cie:<\/strong> <a href=\"https:\/\/www.ants.de\/link\/1002\">Tu<\/a> na plag\u00e1te n\u00e1jdete podrobn\u00fd popis jednotliv\u00fdch sc\u00e9n. Tie sa nedod\u00e1vaj\u00fa spolu s plag\u00e1tom, ale m\u00f4\u017eete si ich pozrie\u0165 a vytla\u010di\u0165 samostatne prostredn\u00edctvom nasleduj\u00faceho odkazu. <a href=\"https:\/\/www.ants.de\/link\/1002\">https:\/\/www.ants.de\/link\/1002<\/a><\/p>","protected":false},"excerpt":{"rendered":"<p>Mravce tk\u00e1\u010dky - Oecophylla way of life - Mravce Plag\u00e1t a u\u010debn\u00e1 pom\u00f4cka pre \u0161koly\/\u0161k\u00f4lky. Popis k dispoz\u00edcii v nem\u010dine, angli\u010dtine, \u0161paniel\u010dine a franc\u00faz\u0161tine Rozmery: Materi\u00e1l: 100x70 cm: Tento papier je vodeodoln\u00fd, stierate\u013en\u00fd, odoln\u00fd, \u0161etrn\u00fd k \u017eivotn\u00e9mu prostrediu, preto\u017ee neobsahuje \u017eiadne rozp\u00fa\u0161\u0165adl\u00e1 \u0161kodliv\u00e9 pre \u017eivotn\u00e9 prostredie a poskytuje vynikaj\u00facu kvalitu tla\u010de. Popis: Latexov\u00fd papier je vyroben\u00fd z papiera, ktor\u00fd je vhodn\u00fd na pou\u017eitie v dom\u00e1cnosti: Tento plag\u00e1t poskytuje","protected":false},"featured_media":11401,"comment_status":"open","ping_status":"closed","template":"","meta":{"_acf_changed":false,"content-type":"","_monsterinsights_skip_tracking":false,"_monsterinsights_sitenote_active":false,"_monsterinsights_sitenote_note":"","_monsterinsights_sitenote_category":0},"product_brand":[484],"product_cat":[500],"product_tag":[],"class_list":{"0":"post-11501","1":"product","2":"type-product","3":"status-publish","4":"has-post-thumbnail","6":"product_brand-antcube","7":"product_cat-ant-posters-and-teaching-aids","9":"first","10":"instock","11":"taxable","12":"shipping-taxable","13":"purchasable","14":"product-type-simple"},"acf":[],"aioseo_notices":[],"jetpack_sharing_enabled":true,"_links":{"self":[{"href":"https:\/\/antcube.shop\/sk\/wp-json\/wp\/v2\/product\/11501","targetHints":{"allow":["GET"]}}],"collection":[{"href":"https:\/\/antcube.shop\/sk\/wp-json\/wp\/v2\/product"}],"about":[{"href":"https:\/\/antcube.shop\/sk\/wp-json\/wp\/v2\/types\/product"}],"replies":[{"embeddable":true,"href":"https:\/\/antcube.shop\/sk\/wp-json\/wp\/v2\/comments?post=11501"}],"wp:featuredmedia":[{"embeddable":true,"href":"https:\/\/antcube.shop\/sk\/wp-json\/wp\/v2\/media\/11401"}],"wp:attachment":[{"href":"https:\/\/antcube.shop\/sk\/wp-json\/wp\/v2\/media?parent=11501"}],"wp:term":[{"taxonomy":"product_brand","embeddable":true,"href":"https:\/\/antcube.shop\/sk\/wp-json\/wp\/v2\/product_brand?post=11501"},{"taxonomy":"product_cat","embeddable":true,"href":"https:\/\/antcube.shop\/sk\/wp-json\/wp\/v2\/product_cat?post=11501"},{"taxonomy":"product_tag","embeddable":true,"href":"https:\/\/antcube.shop\/sk\/wp-json\/wp\/v2\/product_tag?post=11501"}],"curies":[{"name":"wp","href":"https:\/\/api.w.org\/{rel}","templated":true}]}}