{"id":11496,"date":"2025-04-25T15:09:59","date_gmt":"2025-04-25T13:09:59","guid":{"rendered":"https:\/\/antcube.shop\/en\/product\/poster-feinde-der-ameisen-70x50\/"},"modified":"2026-02-03T16:29:11","modified_gmt":"2026-02-03T15:29:11","slug":"plagat-nepriatelia-mravcov-70x50","status":"publish","type":"product","link":"https:\/\/antcube.shop\/sk\/produkt\/plagat-nepriatelia-mravcov-70x50\/","title":{"rendered":"Plag\u00e1t - Nepriatelia mravcov - 70\u00d750"},"content":{"rendered":"<p>Nepriatelia mravcov - Plag\u00e1t mravcov a u\u010debn\u00e1 pom\u00f4cka pre \u0161koly\/\u0161k\u00f4lky.<\/p>\n<p><strong>Popis je k dispoz\u00edcii v nem\u010dine, angli\u010dtine, \u0161paniel\u010dine a franc\u00faz\u0161tine<\/strong><\/p>\n<p><strong>Rozmery:<\/strong> 70 \u00d7 50 cm<\/p>\n<p><strong>Materi\u00e1l:<\/strong> Latexov\u00fd papier<br \/>\nTento papier je vodeodoln\u00fd, utierate\u013en\u00fd, odoln\u00fd, \u0161etrn\u00fd k \u017eivotn\u00e9mu prostrediu, preto\u017ee neobsahuje \u017eiadne rozp\u00fa\u0161\u0165adl\u00e1 \u0161kodliv\u00e9 pre \u017eivotn\u00e9 prostredie, a poskytuje vynikaj\u00facu kvalitu tla\u010de.<\/p>\n<p><strong>Popis: V s\u00fa\u010dasnosti je na trhu viac ako 10 000 zariaden\u00ed, ktor\u00e9 s\u00fa ur\u010den\u00e9 na predaj:<\/strong> Tento plag\u00e1t poskytuje preh\u013ead prirodzen\u00fdch nepriate\u013eov mravcov, od mal\u00e9ho mravca leva a\u017e po n\u00e1s \u013eud\u00ed.<\/p>\n<p><strong>D\u00f4le\u017eit\u00e9 - dodato\u010dn\u00e9 inform\u00e1cie:<\/strong> <a href=\"https:\/\/www.ants.de\/link\/1010\">Tu<\/a> na plag\u00e1te n\u00e1jdete podrobn\u00fd popis jednotliv\u00fdch sc\u00e9n. Tie nie s\u00fa s\u00fa\u010das\u0165ou balenia, ale m\u00f4\u017eete si ich samostatne prezrie\u0165 a vytla\u010di\u0165 prostredn\u00edctvom nasleduj\u00faceho odkazu. <a href=\"https:\/\/www.ants.de\/link\/1010\">https:\/\/www.ants.de\/link\/1010<\/a><\/p>","protected":false},"excerpt":{"rendered":"<p>Nepriatelia mravcov - Plag\u00e1t mravcov a u\u010debn\u00e1 pom\u00f4cka pre \u0161koly\/\u0161k\u00f4lky. Popis je k dispoz\u00edcii v nem\u010dine, angli\u010dtine, \u0161paniel\u010dine a franc\u00faz\u0161tine Rozmery: Materi\u00e1l: 70x50 cm: Tento papier je vodeodoln\u00fd, stierate\u013en\u00fd, odoln\u00fd, \u0161etrn\u00fd k \u017eivotn\u00e9mu prostrediu, preto\u017ee neobsahuje \u017eiadne rozp\u00fa\u0161\u0165adl\u00e1 \u0161kodliv\u00e9 pre \u017eivotn\u00e9 prostredie a poskytuje vynikaj\u00facu kvalitu tla\u010de. Popis: Latexov\u00fd papier je vyroben\u00fd z papiera, ktor\u00fd je vhodn\u00fd na pou\u017eitie v dom\u00e1cnosti: Tento plag\u00e1t poskytuje preh\u013ead o","protected":false},"featured_media":11404,"comment_status":"open","ping_status":"closed","template":"","meta":{"_acf_changed":false,"content-type":"","_monsterinsights_skip_tracking":false,"_monsterinsights_sitenote_active":false,"_monsterinsights_sitenote_note":"","_monsterinsights_sitenote_category":0},"product_brand":[484],"product_cat":[500],"product_tag":[],"class_list":{"0":"post-11496","1":"product","2":"type-product","3":"status-publish","4":"has-post-thumbnail","6":"product_brand-antcube","7":"product_cat-ant-posters-and-teaching-aids","9":"first","10":"instock","11":"taxable","12":"shipping-taxable","13":"purchasable","14":"product-type-simple"},"acf":[],"aioseo_notices":[],"jetpack_sharing_enabled":true,"_links":{"self":[{"href":"https:\/\/antcube.shop\/sk\/wp-json\/wp\/v2\/product\/11496","targetHints":{"allow":["GET"]}}],"collection":[{"href":"https:\/\/antcube.shop\/sk\/wp-json\/wp\/v2\/product"}],"about":[{"href":"https:\/\/antcube.shop\/sk\/wp-json\/wp\/v2\/types\/product"}],"replies":[{"embeddable":true,"href":"https:\/\/antcube.shop\/sk\/wp-json\/wp\/v2\/comments?post=11496"}],"wp:featuredmedia":[{"embeddable":true,"href":"https:\/\/antcube.shop\/sk\/wp-json\/wp\/v2\/media\/11404"}],"wp:attachment":[{"href":"https:\/\/antcube.shop\/sk\/wp-json\/wp\/v2\/media?parent=11496"}],"wp:term":[{"taxonomy":"product_brand","embeddable":true,"href":"https:\/\/antcube.shop\/sk\/wp-json\/wp\/v2\/product_brand?post=11496"},{"taxonomy":"product_cat","embeddable":true,"href":"https:\/\/antcube.shop\/sk\/wp-json\/wp\/v2\/product_cat?post=11496"},{"taxonomy":"product_tag","embeddable":true,"href":"https:\/\/antcube.shop\/sk\/wp-json\/wp\/v2\/product_tag?post=11496"}],"curies":[{"name":"wp","href":"https:\/\/api.w.org\/{rel}","templated":true}]}}