{"id":11411,"date":"2025-04-11T16:41:28","date_gmt":"2025-04-11T14:41:28","guid":{"rendered":"https:\/\/antcube.shop\/en\/product\/light-strip-20-erweiterung\/"},"modified":"2026-03-16T10:38:25","modified_gmt":"2026-03-16T09:38:25","slug":"predlzenie-svetelneho-pasu-20","status":"publish","type":"product","link":"https:\/\/antcube.shop\/sk\/produkt\/predlzenie-svetelneho-pasu-20\/","title":{"rendered":"Pred\u013a\u017eenie sveteln\u00e9ho p\u00e1su 20"},"content":{"rendered":"<p><strong>Obsah:<\/strong><br \/>\n1x sveteln\u00fd p\u00e1s LED mini 14 cm<br \/>\n1x dr\u017eiak na mont\u00e1\u017e na strop vr\u00e1tane skrutiek<br \/>\n1x pripojovac\u00ed k\u00e1bel<br \/>\n1x pripojovacia z\u00e1str\u010dka<\/p>\n<p><strong>Technick\u00e9 \u00fadaje:<\/strong><br \/>\nRozmery: 140x60x9 mm<br \/>\nOsvetlenie: LED<br \/>\nSpotreba energie: 2 W<br \/>\nSveteln\u00fd tok: 210 lm (105 lm\/W)<br \/>\nFarba svetla: 3000K \/ 4000K \/ 6500K<br \/>\n\u017divotnos\u0165: ~ 25 000 h<br \/>\nD\u013a\u017eka k\u00e1bla: 30 cm<br \/>\nStmievate\u013en\u00e9<\/p>\n<p><strong>Materi\u00e1l:<\/strong> Plastov\u00e9<\/p>\n<p><strong>Farba:<\/strong> biela<\/p>\n<p><strong>Popis: V s\u00fa\u010dasnosti je na trhu viac ako 10 000 zariaden\u00ed, ktor\u00e9 s\u00fa ur\u010den\u00e9 na predaj:<\/strong><br \/>\nIde\u00e1lne pre v\u0161etky druhy mravcov. Spektrum podobn\u00e9 denn\u00e9mu svetlu s dobr\u00fdm osvetlen\u00edm formik\u00e1ria. \u017diadne ne\u017eiaduce vy\u017earovanie tepla, mimoriadne \u00fasporn\u00e9.<br \/>\nT\u00e1to LED lampa je vhodn\u00e1 pre formik\u00e1ri\u00e1 a viv\u00e1ria s rozmermi 20x20x20, 20x20x10 a 20x10x10. Mo\u017eno ju jednoducho umiestni\u0165 na veko. Jas je stmievate\u013en\u00fd v 10 \u00farovniach a je mo\u017en\u00e9 nastavi\u0165 3 r\u00f4zne farby svetla, od \"studen\u00e9ho bieleho\" cez \"prirodzen\u00e9\" a\u017e po \"tepl\u00e9\" svetlo. Pri formik\u00e1ri\u00e1ch so \u0161\u00edrkou 40 cm mo\u017eno do seba vlo\u017ei\u0165 dve lampy. Z v\u00fd\u0161ky viac ako 30 cm sa na spodok dostane len m\u00e1lo svetla.<\/p>\n<p><strong>D\u00f4le\u017eit\u00e9:<\/strong> Bez nap\u00e1jania! Funguje len v spojen\u00ed so sveteln\u00fdm p\u00e1som 20 (1005742) alebo 30 (1005742).<br \/>\nNapr\u00edklad 6 svietidiel 20 (do 12 W) m\u00f4\u017ee by\u0165 zapojen\u00fdch do s\u00e9rie s nap\u00e1jacou jednotkou.<\/p>","protected":false},"excerpt":{"rendered":"<p><span style=\"font-weight: 400;\">Spotreba energie: 2 W<\/span><\/p>","protected":false},"featured_media":11377,"comment_status":"open","ping_status":"closed","template":"","meta":{"_acf_changed":false,"content-type":"","_monsterinsights_skip_tracking":false,"_monsterinsights_sitenote_active":false,"_monsterinsights_sitenote_note":"","_monsterinsights_sitenote_category":0},"product_brand":[],"product_cat":[359,257,119],"product_tag":[],"class_list":{"0":"post-11411","1":"product","2":"type-product","3":"status-publish","4":"has-post-thumbnail","6":"product_cat-light-heat-humidity","7":"product_cat-new-innovatve-products","8":"product_cat-formicarium-components","10":"first","11":"instock","12":"taxable","13":"shipping-taxable","14":"purchasable","15":"product-type-simple"},"acf":[],"aioseo_notices":[],"jetpack_sharing_enabled":true,"_links":{"self":[{"href":"https:\/\/antcube.shop\/sk\/wp-json\/wp\/v2\/product\/11411","targetHints":{"allow":["GET"]}}],"collection":[{"href":"https:\/\/antcube.shop\/sk\/wp-json\/wp\/v2\/product"}],"about":[{"href":"https:\/\/antcube.shop\/sk\/wp-json\/wp\/v2\/types\/product"}],"replies":[{"embeddable":true,"href":"https:\/\/antcube.shop\/sk\/wp-json\/wp\/v2\/comments?post=11411"}],"wp:featuredmedia":[{"embeddable":true,"href":"https:\/\/antcube.shop\/sk\/wp-json\/wp\/v2\/media\/11377"}],"wp:attachment":[{"href":"https:\/\/antcube.shop\/sk\/wp-json\/wp\/v2\/media?parent=11411"}],"wp:term":[{"taxonomy":"product_brand","embeddable":true,"href":"https:\/\/antcube.shop\/sk\/wp-json\/wp\/v2\/product_brand?post=11411"},{"taxonomy":"product_cat","embeddable":true,"href":"https:\/\/antcube.shop\/sk\/wp-json\/wp\/v2\/product_cat?post=11411"},{"taxonomy":"product_tag","embeddable":true,"href":"https:\/\/antcube.shop\/sk\/wp-json\/wp\/v2\/product_tag?post=11411"}],"curies":[{"name":"wp","href":"https:\/\/api.w.org\/{rel}","templated":true}]}}