{"id":11410,"date":"2025-04-11T16:40:32","date_gmt":"2025-04-11T14:40:32","guid":{"rendered":"https:\/\/antcube.shop\/en\/product\/light-strip-30\/"},"modified":"2026-02-26T10:38:57","modified_gmt":"2026-02-26T09:38:57","slug":"svetelny-pas-30","status":"publish","type":"product","link":"https:\/\/antcube.shop\/sk\/produkt\/svetelny-pas-30\/","title":{"rendered":"Sveteln\u00fd p\u00e1s 30"},"content":{"rendered":"<p><strong>Obsah:<\/strong><br \/>\n1x sveteln\u00fd p\u00e1s LED mini 28 cm<br \/>\n1x dr\u017eiak na mont\u00e1\u017e na strop vr\u00e1tane skrutiek<br \/>\n1x sie\u0165ov\u00e1 z\u00e1str\u010dka s vyp\u00edna\u010dom<\/p>\n<p><strong>Technick\u00e9 \u00fadaje:<\/strong><br \/>\nRozmery: 280x60x9 mm<br \/>\nOsvetlenie: LED<br \/>\nSpotreba energie: 4W<br \/>\nSveteln\u00fd tok: 490 lm (123 lm\/W)<br \/>\nFarba svetla: 3000K \/ 4000K \/ 6500K<br \/>\n\u017divotnos\u0165: ~ 25 000 h<br \/>\nD\u013a\u017eka k\u00e1bla: 156 cm<br \/>\nStmievate\u013en\u00e9<\/p>\n<p><strong>Materi\u00e1l:<\/strong> Plastov\u00e9<\/p>\n<p><strong>Farba:<\/strong> biela<\/p>\n<p><strong>Popis: V s\u00fa\u010dasnosti je na trhu viac ako 10 000 zariaden\u00ed, ktor\u00e9 s\u00fa ur\u010den\u00e9 na predaj:<\/strong><br \/>\nIde\u00e1lne pre v\u0161etky druhy mravcov. Spektrum podobn\u00e9 denn\u00e9mu svetlu s dobr\u00fdm osvetlen\u00edm formik\u00e1ria. \u017diadne ne\u017eiaduce vy\u017earovanie tepla, mimoriadne \u00fasporn\u00e9.<br \/>\nT\u00e1to LED lampa je vhodn\u00e1 pre formik\u00e1ri\u00e1 a viv\u00e1ri\u00e1 s rozmermi 30x30x30, 30x30x20 a 30x30x10. Mo\u017eno ju jednoducho umiestni\u0165 na veko. Jas je stmievate\u013en\u00fd v 10 \u00farovniach a je mo\u017en\u00e9 nastavi\u0165 3 r\u00f4zne farby svetla, od \"studen\u00e9ho bieleho\" cez \"prirodzen\u00e9\" a\u017e po \"tepl\u00e9\" svetlo. K formik\u00e1riu so \u0161\u00edrkou 60 cm je mo\u017en\u00e9 objedna\u0165 nadstavec. Odkaz na\u0148 n\u00e1jdete \u010falej v \u010dl\u00e1nku. Z v\u00fd\u0161ky viac ako 30 cm sa na spodok dostane len m\u00e1lo svetla.<\/p>","protected":false},"excerpt":{"rendered":"<p><span style=\"font-weight: 400;\">Spotreba energie: 4W<\/span><\/p>","protected":false},"featured_media":11376,"comment_status":"open","ping_status":"closed","template":"","meta":{"_acf_changed":false,"content-type":"","_monsterinsights_skip_tracking":false,"_monsterinsights_sitenote_active":false,"_monsterinsights_sitenote_note":"","_monsterinsights_sitenote_category":0},"product_brand":[],"product_cat":[359,257,119],"product_tag":[],"class_list":{"0":"post-11410","1":"product","2":"type-product","3":"status-publish","4":"has-post-thumbnail","6":"product_cat-light-heat-humidity","7":"product_cat-new-innovatve-products","8":"product_cat-formicarium-components","10":"first","11":"outofstock","12":"taxable","13":"shipping-taxable","14":"purchasable","15":"product-type-simple"},"acf":[],"aioseo_notices":[],"jetpack_sharing_enabled":true,"_links":{"self":[{"href":"https:\/\/antcube.shop\/sk\/wp-json\/wp\/v2\/product\/11410","targetHints":{"allow":["GET"]}}],"collection":[{"href":"https:\/\/antcube.shop\/sk\/wp-json\/wp\/v2\/product"}],"about":[{"href":"https:\/\/antcube.shop\/sk\/wp-json\/wp\/v2\/types\/product"}],"replies":[{"embeddable":true,"href":"https:\/\/antcube.shop\/sk\/wp-json\/wp\/v2\/comments?post=11410"}],"wp:featuredmedia":[{"embeddable":true,"href":"https:\/\/antcube.shop\/sk\/wp-json\/wp\/v2\/media\/11376"}],"wp:attachment":[{"href":"https:\/\/antcube.shop\/sk\/wp-json\/wp\/v2\/media?parent=11410"}],"wp:term":[{"taxonomy":"product_brand","embeddable":true,"href":"https:\/\/antcube.shop\/sk\/wp-json\/wp\/v2\/product_brand?post=11410"},{"taxonomy":"product_cat","embeddable":true,"href":"https:\/\/antcube.shop\/sk\/wp-json\/wp\/v2\/product_cat?post=11410"},{"taxonomy":"product_tag","embeddable":true,"href":"https:\/\/antcube.shop\/sk\/wp-json\/wp\/v2\/product_tag?post=11410"}],"curies":[{"name":"wp","href":"https:\/\/api.w.org\/{rel}","templated":true}]}}