{"id":11408,"date":"2025-04-11T16:39:04","date_gmt":"2025-04-11T14:39:04","guid":{"rendered":"https:\/\/antcube.shop\/en\/product\/fotoruckwand-regenwald-60x60\/"},"modified":"2026-03-26T10:55:56","modified_gmt":"2026-03-26T09:55:56","slug":"fotostena-60x60-dazdovy-prales","status":"publish","type":"product","link":"https:\/\/antcube.shop\/sk\/produkt\/fotostena-60x60-dazdovy-prales\/","title":{"rendered":"Zadn\u00e1 stena fotografie 60\u00d760 da\u017e\u010fov\u00fd prales"},"content":{"rendered":"<p><strong>Rozmery:<\/strong> 60x60cm<\/p>\n<p><strong>Materi\u00e1l:<\/strong> Leskl\u00fd f\u00f3liov\u00fd papier<\/p>\n<p><strong>Obsah:<\/strong> 1x zadn\u00e1 stena s fotografiou<\/p>\n<p><strong>Popis: V s\u00fa\u010dasnosti je na trhu viac ako 10 000 zariaden\u00ed, ktor\u00e9 s\u00fa ur\u010den\u00e9 na predaj:<\/strong> Toto fotografick\u00e9 pozadie sa m\u00e1 pripevni\u0165 na zadn\u00fa \u010das\u0165 formik\u00e1ria zvonku, aby sa vytvoril dojem prostredia, ktor\u00e9 zodpoved\u00e1 prirodzen\u00e9mu prostrediu mravcov.<\/p>","protected":false},"excerpt":{"rendered":"<p>Rozmery: Materi\u00e1l: 60x60cm Obsah: leskl\u00fd f\u00f3liov\u00fd papier: Obsah: 1x fotostena Popis: 1x fotostena: Toto fotografick\u00e9 pozadie sa m\u00e1 pripevni\u0165 na zadn\u00fa stenu formik\u00e1ria z vonkaj\u0161ej strany, aby sa vytvoril dojem prostredia, ktor\u00e9 zodpoved\u00e1 prirodzen\u00e9mu prostrediu mravcov.<\/p>","protected":false},"featured_media":5530,"comment_status":"open","ping_status":"closed","template":"","meta":{"_acf_changed":false,"content-type":"","_monsterinsights_skip_tracking":false,"_monsterinsights_sitenote_active":false,"_monsterinsights_sitenote_note":"","_monsterinsights_sitenote_category":0},"product_brand":[484],"product_cat":[97,106],"product_tag":[],"class_list":{"0":"post-11408","1":"product","2":"type-product","3":"status-publish","4":"has-post-thumbnail","6":"product_brand-antcube","7":"product_cat-photo-backwalls","8":"product_cat-rainforest-photo-backwall","10":"first","11":"instock","12":"taxable","13":"shipping-taxable","14":"purchasable","15":"product-type-simple"},"acf":[],"aioseo_notices":[],"jetpack_sharing_enabled":true,"_links":{"self":[{"href":"https:\/\/antcube.shop\/sk\/wp-json\/wp\/v2\/product\/11408","targetHints":{"allow":["GET"]}}],"collection":[{"href":"https:\/\/antcube.shop\/sk\/wp-json\/wp\/v2\/product"}],"about":[{"href":"https:\/\/antcube.shop\/sk\/wp-json\/wp\/v2\/types\/product"}],"replies":[{"embeddable":true,"href":"https:\/\/antcube.shop\/sk\/wp-json\/wp\/v2\/comments?post=11408"}],"wp:featuredmedia":[{"embeddable":true,"href":"https:\/\/antcube.shop\/sk\/wp-json\/wp\/v2\/media\/5530"}],"wp:attachment":[{"href":"https:\/\/antcube.shop\/sk\/wp-json\/wp\/v2\/media?parent=11408"}],"wp:term":[{"taxonomy":"product_brand","embeddable":true,"href":"https:\/\/antcube.shop\/sk\/wp-json\/wp\/v2\/product_brand?post=11408"},{"taxonomy":"product_cat","embeddable":true,"href":"https:\/\/antcube.shop\/sk\/wp-json\/wp\/v2\/product_cat?post=11408"},{"taxonomy":"product_tag","embeddable":true,"href":"https:\/\/antcube.shop\/sk\/wp-json\/wp\/v2\/product_tag?post=11408"}],"curies":[{"name":"wp","href":"https:\/\/api.w.org\/{rel}","templated":true}]}}