{"id":11407,"date":"2025-04-11T16:38:16","date_gmt":"2025-04-11T14:38:16","guid":{"rendered":"https:\/\/antcube.shop\/en\/product\/terracube-60x30x60-terrarium-mit-schiebetur\/"},"modified":"2026-04-02T12:12:14","modified_gmt":"2026-04-02T10:12:14","slug":"terracube-60x30x60-terarium-s-posuvnymi-dverami","status":"publish","type":"product","link":"https:\/\/antcube.shop\/sk\/produkt\/terracube-60x30x60-terarium-s-posuvnymi-dverami\/","title":{"rendered":"TERRACUBE 60x30x60 Ter\u00e1rium s posuvn\u00fdmi dverami"},"content":{"rendered":"<p><strong>TERRACUBE Ter\u00e1rium 60x30x60 s posuvn\u00fdmi dverami a 2x 50 mm otvormi.<\/strong><\/p>\n<p><strong>Rozmery:<\/strong> 600 x 300 x 600 mm; hr\u00fabka skla 4 mm<br \/>\n<strong>Materi\u00e1l:<\/strong> plaven\u00e9 sklo<br \/>\n<strong>Pripojenie:<\/strong> 2x 50 mm otvor (2x na boku)<\/p>\n<p><strong>Predn\u00e9 otv\u00e1ranie (posuvn\u00e9 dvere):<\/strong> 300 \u00d7 300 mm<br \/>\nV\u00fd\u0161ka ty\u010de: 12,5 cm<br \/>\n\u0160\u00edrka ty\u010de: 4 cm<\/p>\n<p><strong>Popis: V s\u00fa\u010dasnosti je na trhu viac ako 10 000 zariaden\u00ed, ktor\u00e9 s\u00fa ur\u010den\u00e9 na predaj:<\/strong><br \/>\n<strong>TERRACUBE - \u00daplne prieh\u013eadn\u00fd modul\u00e1rny ter\u00e1riov\u00fd syst\u00e9m s inteligentn\u00fdmi detailmi<\/strong><br \/>\nTer\u00e1ri\u00e1 TERRACUBE sa vyzna\u010duj\u00fa maxim\u00e1lnou prieh\u013eadnos\u0165ou (360\u00b0) a elegantn\u00fdm, \u010dist\u00fdm dizajnom. V\u0161etky okraje s\u00fa presne nalepen\u00e9, tak\u017ee nie s\u00fa vidite\u013en\u00e9 \u017eiadne nepr\u00edjemn\u00e9 silik\u00f3nov\u00e9 \u0161vy. Pou\u017eit\u00fd silik\u00f3n je tie\u017e \u00faplne prieh\u013eadn\u00fd - pre v\u0161estrann\u00fd nezakryt\u00fd poh\u013ead do interi\u00e9ru.<\/p>\n<p><strong>D\u00f4myseln\u00e9 vetranie a technick\u00e9 pr\u00edstupov\u00e9 body<\/strong><br \/>\n<strong>Dva bo\u010dn\u00e9 otvory (ka\u017ed\u00fd \u00d8 50 mm) pon\u00fakaj\u00fa flexibiln\u00e9 mo\u017enosti pou\u017eitia:<\/strong><br \/>\nM\u00f4\u017eu sa pou\u017ei\u0165 bu\u010f na dodato\u010dn\u00e9 vetranie, alebo ako pr\u00edstup k technol\u00f3gi\u00e1m, ako s\u00fa termo\/hygrometre, hmlovacie zariadenia, vyhrievacie kamene a mnoh\u00e9 \u010fal\u0161ie.<\/p>\n<p>Kryt sa pred\u00e1va samostatne a je k dispoz\u00edcii v r\u00f4znych verzi\u00e1ch - s r\u00f4znymi vetrac\u00edmi plochami a otvormi na dodato\u010dn\u00e9 vetranie alebo technick\u00e9 pr\u00edslu\u0161enstvo, ako s\u00fa da\u017e\u010fov\u00e9 syst\u00e9my alebo ventil\u00e1tory, v z\u00e1vislosti od stanovi\u0161\u0165a.<\/p>\n<p><strong>Bezpe\u010dn\u00e1 mrie\u017eka - vhodn\u00e1 aj pre mal\u00e9 zvierat\u00e1<\/strong><br \/>\nJemn\u00e1 vetracia mrie\u017eka z nehrdzavej\u00facej ocele na ty\u010di je tak\u00e1 tesn\u00e1, \u017ee sa cez \u0148u nedostan\u00fa ani drobn\u00e9 druhy, ako s\u00fa ovocn\u00e9 mu\u0161ky (Drosophila) alebo mravce. Podopiera ju robustn\u00e1 perforovan\u00e1 hlin\u00edkov\u00e1 doska. V\u010faka tomu tento koncept nekoroduje (je nen\u00e1ro\u010dn\u00fd na \u00fadr\u017ebu a odoln\u00fd) a je stabiln\u00fd aj vo\u010di mechanick\u00fdm n\u00e1razom v\u00e4\u010d\u0161\u00edch plazov.<\/p>\n<p><strong>Posuvn\u00e9 dvere - praktick\u00e9 a takmer nevidite\u013en\u00e9<\/strong><br \/>\nPraktick\u00e9 posuvn\u00e9 dvere s\u00fa vybaven\u00e9 prieh\u013eadnou rukov\u00e4\u0165ou na rovnako prieh\u013eadnej konzole. V\u010faka tomu sa pozornos\u0165 v\u017edy s\u00fastred\u00ed na starostlivo navrhnut\u00fd interi\u00e9r alebo na zvierat\u00e1 chovan\u00e9 vo vn\u00fatri.<\/p>\n<p><strong>Modul\u00e1rny syst\u00e9m - spojte ter\u00e1ri\u00e1 dohromady<\/strong><br \/>\nNieko\u013eko ter\u00e1ri\u00ed TERRACUBE sa d\u00e1 spoji\u0165 v\u010faka otvorom na boku a zodpovedaj\u00facim prieh\u013eadn\u00fdm akrylov\u00fdm spojk\u00e1m alebo r\u00farkam.<br \/>\nNapr\u00edklad kol\u00f3nia mravcov m\u00f4\u017ee by\u0165 chovan\u00e1 v susednej n\u00e1dr\u017ei ako zdroj potravy pre plazy - s bezpe\u010dn\u00fdm \u00fastupom, ak plaz nem\u00f4\u017ee prejs\u0165 cez trubicu. Takto sa daj\u00fa flexibilne roz\u0161\u00edri\u0165 aj cel\u00e9 syst\u00e9my, napr\u00edklad pre \u017eaby alebo salamandry.<\/p>\n<p><strong>Pozn\u00e1mka:<\/strong> Sklo sa re\u017ee na mieru pod\u013ea normy DIN 1249 s toleranciou +\/- 1 mm. Pri extr\u00e9mne mal\u00fdch druhoch mravcov je nevyhnutn\u00e1 dodato\u010dn\u00e1 ochrana proti \u00faniku.<\/p>","protected":false},"excerpt":{"rendered":"<p>TERRACUBE Ter\u00e1rium 60x30x60 s posuvn\u00fdmi dverami a 2x 50 mm otvormi. Rozmery: 600 x 300 x 600 mm; hr\u00fabka skla 4 mm Materi\u00e1l: plaven\u00e9 sklo Pripojenie: 2x 50 mm otvor (2x na boku) Predn\u00fd otvor (posuvn\u00e9 dvere):  TERRACUBE - \u00faplne prieh\u013eadn\u00fd modul\u00e1rny ter\u00e1riov\u00fd syst\u00e9m","protected":false},"featured_media":11397,"comment_status":"open","ping_status":"closed","template":"","meta":{"_acf_changed":false,"content-type":"","_monsterinsights_skip_tracking":false,"_monsterinsights_sitenote_active":false,"_monsterinsights_sitenote_note":"","_monsterinsights_sitenote_category":0},"product_brand":[499],"product_cat":[257],"product_tag":[],"class_list":{"0":"post-11407","1":"product","2":"type-product","3":"status-publish","4":"has-post-thumbnail","6":"product_brand-terracube","7":"product_cat-new-innovatve-products","8":"product_shipping_class-forwarding-on-pallet","10":"first","11":"instock","12":"taxable","13":"shipping-taxable","14":"purchasable","15":"product-type-simple"},"acf":[],"aioseo_notices":[],"jetpack_sharing_enabled":true,"_links":{"self":[{"href":"https:\/\/antcube.shop\/sk\/wp-json\/wp\/v2\/product\/11407","targetHints":{"allow":["GET"]}}],"collection":[{"href":"https:\/\/antcube.shop\/sk\/wp-json\/wp\/v2\/product"}],"about":[{"href":"https:\/\/antcube.shop\/sk\/wp-json\/wp\/v2\/types\/product"}],"replies":[{"embeddable":true,"href":"https:\/\/antcube.shop\/sk\/wp-json\/wp\/v2\/comments?post=11407"}],"wp:featuredmedia":[{"embeddable":true,"href":"https:\/\/antcube.shop\/sk\/wp-json\/wp\/v2\/media\/11397"}],"wp:attachment":[{"href":"https:\/\/antcube.shop\/sk\/wp-json\/wp\/v2\/media?parent=11407"}],"wp:term":[{"taxonomy":"product_brand","embeddable":true,"href":"https:\/\/antcube.shop\/sk\/wp-json\/wp\/v2\/product_brand?post=11407"},{"taxonomy":"product_cat","embeddable":true,"href":"https:\/\/antcube.shop\/sk\/wp-json\/wp\/v2\/product_cat?post=11407"},{"taxonomy":"product_tag","embeddable":true,"href":"https:\/\/antcube.shop\/sk\/wp-json\/wp\/v2\/product_tag?post=11407"}],"curies":[{"name":"wp","href":"https:\/\/api.w.org\/{rel}","templated":true}]}}