{"id":11405,"date":"2025-04-11T16:36:21","date_gmt":"2025-04-11T14:36:21","guid":{"rendered":"https:\/\/antcube.shop\/en\/product\/nestkugel-ps-10-cm-klar\/"},"modified":"2026-04-02T12:12:14","modified_gmt":"2026-04-02T10:12:14","slug":"gula-do-hniezda-ps-10cm-cira","status":"publish","type":"product","link":"https:\/\/antcube.shop\/sk\/produkt\/gula-do-hniezda-ps-10cm-cira\/","title":{"rendered":"Lopta do hniezda PS 10 cm \u010d\u00edra"},"content":{"rendered":"<p><strong>Rozmery:<\/strong> Priemer 10 cm<\/p>\n<p><strong>Farba:<\/strong> hned\u00e1 \/ b\u00e9\u017eov\u00e1<\/p>\n<p><strong>Materi\u00e1l:<\/strong> Rastlina vini\u010da<\/p>\n<p><strong>Popis: V s\u00fa\u010dasnosti je na trhu viac ako 10 000 zariaden\u00ed, ktor\u00e9 s\u00fa ur\u010den\u00e9 na predaj:<\/strong> Dutina poskytuje ide\u00e1lne \u00fakryty a hniezda pre mravce tk\u00e1\u010dov.<\/p>\n<p><strong>Pozn\u00e1mka:<\/strong> Ke\u010f\u017ee ide o pr\u00edrodn\u00fd produkt, vyobrazenie sa m\u00f4\u017ee l\u00ed\u0161i\u0165 od dodan\u00e9ho produktu<\/p>","protected":false},"excerpt":{"rendered":"<p>Ve\u013ekos\u0165: 10 x 10 x 10 cm<\/p>","protected":false},"featured_media":11420,"comment_status":"open","ping_status":"closed","template":"","meta":{"_acf_changed":false,"content-type":"","_monsterinsights_skip_tracking":false,"_monsterinsights_sitenote_active":false,"_monsterinsights_sitenote_note":"","_monsterinsights_sitenote_category":0},"product_brand":[485],"product_cat":[257,119,239],"product_tag":[],"class_list":{"0":"post-11405","1":"product","2":"type-product","3":"status-publish","4":"has-post-thumbnail","6":"product_brand-antstore","7":"product_cat-new-innovatve-products","8":"product_cat-formicarium-components","9":"product_cat-useful-additions","11":"first","12":"instock","13":"taxable","14":"shipping-taxable","15":"purchasable","16":"product-type-simple"},"acf":[],"aioseo_notices":[],"jetpack_sharing_enabled":true,"_links":{"self":[{"href":"https:\/\/antcube.shop\/sk\/wp-json\/wp\/v2\/product\/11405","targetHints":{"allow":["GET"]}}],"collection":[{"href":"https:\/\/antcube.shop\/sk\/wp-json\/wp\/v2\/product"}],"about":[{"href":"https:\/\/antcube.shop\/sk\/wp-json\/wp\/v2\/types\/product"}],"replies":[{"embeddable":true,"href":"https:\/\/antcube.shop\/sk\/wp-json\/wp\/v2\/comments?post=11405"}],"wp:featuredmedia":[{"embeddable":true,"href":"https:\/\/antcube.shop\/sk\/wp-json\/wp\/v2\/media\/11420"}],"wp:attachment":[{"href":"https:\/\/antcube.shop\/sk\/wp-json\/wp\/v2\/media?parent=11405"}],"wp:term":[{"taxonomy":"product_brand","embeddable":true,"href":"https:\/\/antcube.shop\/sk\/wp-json\/wp\/v2\/product_brand?post=11405"},{"taxonomy":"product_cat","embeddable":true,"href":"https:\/\/antcube.shop\/sk\/wp-json\/wp\/v2\/product_cat?post=11405"},{"taxonomy":"product_tag","embeddable":true,"href":"https:\/\/antcube.shop\/sk\/wp-json\/wp\/v2\/product_tag?post=11405"}],"curies":[{"name":"wp","href":"https:\/\/api.w.org\/{rel}","templated":true}]}}