{"id":11137,"date":"2025-03-06T15:59:48","date_gmt":"2025-03-06T14:59:48","guid":{"rendered":"https:\/\/antcube.shop\/en\/product\/antcube-arena-60x30x60-mit-schiebetur\/"},"modified":"2026-01-12T12:41:14","modified_gmt":"2026-01-12T11:41:14","slug":"antcube-arena-60x30x60-s-posuvnymi-dverami","status":"publish","type":"product","link":"https:\/\/antcube.shop\/sk\/produkt\/antcube-arena-60x30x60-s-posuvnymi-dverami\/","title":{"rendered":"ANTCUBE Arena 60x30x60 s posuvn\u00fdmi dverami"},"content":{"rendered":"<p><strong>ANTCUBE Arena 60x30x60 s posuvn\u00fdmi dverami a 4x 50 mm otvormi.<\/strong><\/p>\n<p><strong>Rozmery:<\/strong> 600 x 300 x 600 mm; hr\u00fabka skla 4 mm<br \/>\n<strong>Materi\u00e1l:<\/strong> plaven\u00e9 sklo<br \/>\n<strong>Pripojenie:<\/strong> 4x 50 mm otvor (2x na boku a 2x vpredu)<\/p>\n<p><strong>Predn\u00e9 otv\u00e1ranie (posuvn\u00e9 dvere):<\/strong> 300 \u00d7 300 mm<\/p>\n<p><strong>Popis: V s\u00fa\u010dasnosti je na trhu viac ako 10 000 zariaden\u00ed, ktor\u00e9 s\u00fa ur\u010den\u00e9 na predaj:<\/strong> Na\u0161a ar\u00e9na ANTCUBE 60x30x60 s posuvn\u00fdmi dverami bola vyvinut\u00e1 tak, aby sa v nej dalo pohodlne pracova\u0165 aj v plnej forme. Je vhodn\u00e1 aj ako roz\u0161\u00edrenie na\u0161ej ar\u00e9ny s posuvn\u00fdmi dverami 60x30x30. Rozdielom s\u00fa nov\u00e9 otvory v prednej \u010dasti na vytvorenie dodato\u010dn\u00e9ho vetrania alebo, ak nie je po stran\u00e1ch priestor, na pripojenie \u010fal\u0161\u00edch ar\u00e9n s akrylov\u00fdmi r\u00farkami cez predn\u00e9 pr\u00edpojky. S\u00fa obzvl\u00e1\u0161\u0165 u\u017eito\u010dn\u00e9 ako formik\u00e1rium pre mravce tk\u00e1\u010dovit\u00e9 (Polyrhachis a Oecophylla), preto\u017ee sa radi stavaj\u00fa smerom nahor a potrebuj\u00fa hostite\u013esk\u00fa rastlinu. Druhy \u017eij\u00face na stromoch, ako napr\u00edklad Tetraponera, sa tie\u017e te\u0161ia z mo\u017enosti \u0161plhania. Niekedy m\u00f4\u017ee by\u0165 napr\u00edklad \u0165a\u017ek\u00e9 odstr\u00e1ni\u0165 odpad zo \u017eivo\u010d\u00edchov na dne formik\u00e1ria. V pr\u00edpade tejto \u0161peci\u00e1lne upravenej n\u00e1dr\u017ee to nie je probl\u00e9m. Posuvn\u00e9 dvierka s\u00fa ve\u013emi praktick\u00e9 aj pri n\u00e1dr\u017eiach na k\u0155menie mravcov Acromyrmex alebo listonoha Atta, preto\u017ee zvy\u0161ky rastl\u00edn a in\u00fd odpad sa daj\u00fa \u013eahko odstr\u00e1ni\u0165. Pre horn\u00fd otvor je samostatne k dispoz\u00edcii aj ochrann\u00fd r\u00e1m na vylamovanie 60 \u00d7 30 a kryt ar\u00e9ny 60 \u00d7 30 s v\u00e4\u010d\u0161ou vetracou plochou alebo bez nej.<\/p>\n<p><strong>Pozn\u00e1mka:<\/strong> Sklo sa re\u017ee na mieru pod\u013ea normy DIN 1249 s toleranciou +\/- 1 mm. Pri extr\u00e9mne mal\u00fdch druhoch mravcov je nevyhnutn\u00e1 dodato\u010dn\u00e1 ochrana proti \u00faniku.<\/p>","protected":false},"excerpt":{"rendered":"<p>Pripojenie: 4x otvor 50 mm<\/p>","protected":false},"featured_media":11138,"comment_status":"open","ping_status":"closed","template":"","meta":{"_acf_changed":false,"content-type":"","_monsterinsights_skip_tracking":false,"_monsterinsights_sitenote_active":false,"_monsterinsights_sitenote_note":"","_monsterinsights_sitenote_category":0},"product_brand":[484],"product_cat":[257,85,86],"product_tag":[],"class_list":{"0":"post-11137","1":"product","2":"type-product","3":"status-publish","4":"has-post-thumbnail","6":"product_brand-antcube","7":"product_cat-new-innovatve-products","8":"product_cat-ant-arenas","9":"product_cat-formicariums","10":"product_shipping_class-forwarding-on-pallet","12":"first","13":"instock","14":"taxable","15":"shipping-taxable","16":"purchasable","17":"product-type-simple"},"acf":[],"aioseo_notices":[],"jetpack_sharing_enabled":true,"_links":{"self":[{"href":"https:\/\/antcube.shop\/sk\/wp-json\/wp\/v2\/product\/11137","targetHints":{"allow":["GET"]}}],"collection":[{"href":"https:\/\/antcube.shop\/sk\/wp-json\/wp\/v2\/product"}],"about":[{"href":"https:\/\/antcube.shop\/sk\/wp-json\/wp\/v2\/types\/product"}],"replies":[{"embeddable":true,"href":"https:\/\/antcube.shop\/sk\/wp-json\/wp\/v2\/comments?post=11137"}],"wp:featuredmedia":[{"embeddable":true,"href":"https:\/\/antcube.shop\/sk\/wp-json\/wp\/v2\/media\/11138"}],"wp:attachment":[{"href":"https:\/\/antcube.shop\/sk\/wp-json\/wp\/v2\/media?parent=11137"}],"wp:term":[{"taxonomy":"product_brand","embeddable":true,"href":"https:\/\/antcube.shop\/sk\/wp-json\/wp\/v2\/product_brand?post=11137"},{"taxonomy":"product_cat","embeddable":true,"href":"https:\/\/antcube.shop\/sk\/wp-json\/wp\/v2\/product_cat?post=11137"},{"taxonomy":"product_tag","embeddable":true,"href":"https:\/\/antcube.shop\/sk\/wp-json\/wp\/v2\/product_tag?post=11137"}],"curies":[{"name":"wp","href":"https:\/\/api.w.org\/{rel}","templated":true}]}}