{"id":10988,"date":"2025-01-29T13:27:22","date_gmt":"2025-01-29T12:27:22","guid":{"rendered":"https:\/\/antcube.shop\/en\/product\/bundle-offer-pheidole-pallidula\/"},"modified":"2026-04-13T09:30:15","modified_gmt":"2026-04-13T07:30:15","slug":"ponuka-zvazku-pheidole-pallidula","status":"publish","type":"product","link":"https:\/\/antcube.shop\/sk\/produkt\/ponuka-zvazku-pheidole-pallidula\/","title":{"rendered":"Ponuka bal\u00edka - Crematogaster scutellaris"},"content":{"rendered":"<p id=\"docs-internal-guid-f360e18f-7fff-1fa7-2486-66b6ea8170c9\" dir=\"ltr\"><span data-text-color=\"secondary\"><strong>Ponuka bal\u00edka obsahuje kol\u00f3niu mravcov Crematogaster scutellaris (kr\u00e1\u013eovn\u00e1 s 5-10 robotnicami + ml\u00e1\u010fat\u00e1), \u0161tartovaciu sadu Digfix S, 2x podlo\u017eky do formik\u00e1ria a p\u00fa\u0161tne fotopozadie.<\/strong><\/span><\/p>\n<p dir=\"ltr\"><span data-text-color=\"alert\"><strong>Len do vypredania z\u00e1sob.<\/strong><\/span><\/p>\n<h2 dir=\"ltr\"><strong>V\u0161etko, \u010do potrebujete pre kol\u00f3niu mravcov Crematogaster scutellaris<\/strong><\/h2>\n<p dir=\"ltr\">Tento bal\u00edk obsahuje v\u0161etko, \u010do potrebujete na \u00faspe\u0161n\u00fa podporu kol\u00f3nie Crematogaster scutellaris po\u010das prv\u00fdch mesiacov chovu. Je ide\u00e1lny pre za\u010diato\u010dn\u00edkov a mo\u017eno ho \u013eahko roz\u0161\u00edri\u0165.<\/p>\n<h3 dir=\"ltr\"><strong>Druh mravca Crematogaster scutellaris<\/strong><\/h3>\n<p>Crematogaster scutellaris je preva\u017ene v\u0161e\u017erav\u00fd druh mravca, ktor\u00fd konzumuje rastlinn\u00fa aj \u017eivo\u010d\u00ed\u0161nu potravu. Je roz\u0161\u00edren\u00fd v celom Stredomor\u00ed a vyskytuje sa aj v ju\u017en\u00fdch \u010dastiach strednej Eur\u00f3py. Pre tento druh je typick\u00e9 jeho charakteristick\u00e9 hru\u0161kovit\u00e9 bru\u0161ko, ktor\u00e9 v pr\u00edpade nebezpe\u010denstva dv\u00edha - n\u00e1padn\u00e9 spr\u00e1vanie na odradenie nepriate\u013eov.<\/p>\n<p>Kol\u00f3nie sa zvy\u010dajne skladaj\u00fa z jednej kr\u00e1\u013eovnej (monog\u00fdnne), ale m\u00f4\u017eu ma\u0165 aj viacero kr\u00e1\u013eovien. Robotn\u00edci sa spr\u00e1vaj\u00fa akt\u00edvne a zvedavo a energicky br\u00e1nia svoje hniezda. Crematogaster scutellaris je zn\u00e1my najm\u00e4 svojou schopnos\u0165ou hniezdi\u0165 v m\u0155tvom dreve alebo v dutin\u00e1ch stromov.<\/p>\n<h3 dir=\"ltr\"><strong>Hniezdo pre Crematogaster scutellaris<\/strong><\/h3>\n<p dir=\"ltr\">Ke\u010f\u017ee tento druh preferuje hniezdenie v suchom m\u0155tvom dreve alebo v prasklin\u00e1ch a \u0161trbin\u00e1ch, t\u00e1to s\u00faprava obsahuje hniezdnu vlo\u017eku Digfix. T\u00e1 umo\u017e\u0148uje dobr\u00fd v\u00fdh\u013ead do vn\u00fatra hniezda a simuluje prirodzen\u00e9 podmienky. Alternat\u00edvne ich mo\u017eno chova\u0165 v korkov\u00fdch alebo dreven\u00fdch hniezdach, ktor\u00e9 sa ve\u013emi pribli\u017euj\u00fa ich prirodzen\u00e9mu prostrediu.<\/p>\n<h3 dir=\"ltr\"><strong>Potrava pre Crematogaster scutellaris<\/strong><\/h3>\n<p dir=\"ltr\">Crematogaster scutellaris je v\u0161e\u017eravec, ktor\u00fd uprednost\u0148uje najm\u00e4 sladk\u00e9 tekutiny, ako je med alebo cukrov\u00e9 roztoky. Potrebuje aj potravu bohat\u00fa na bielkoviny, napr. drobn\u00fd hmyz, najm\u00e4 na odchov ml\u00e1\u010fat. Vo vo\u013enej pr\u00edrode sa \u017eiv\u00ed aj miazgou stromov a drobn\u00fdmi \u010dl\u00e1nkono\u017ecami.<\/p>\n<h3 dir=\"ltr\"><strong>Klimatick\u00e9 podmienky pre Crematogaster scutellaris<\/strong><\/h3>\n<p dir=\"ltr\">Vlhkos\u0165:<br \/>\nAr\u00e9na: 30 - 50%<br \/>\nOblas\u0165 hniezda: 50 - 60%<br \/>\nTeplota:<br \/>\nAr\u00e9na: 24 - 30 \u00b0C<br \/>\nOblas\u0165 hniezda: 22 - 28\u00b0C<\/p>\n<p dir=\"ltr\">Crematogaster scutellaris je ide\u00e1lny pre za\u010diato\u010dn\u00edkov aj sk\u00fasen\u00fdch chovate\u013eov mravcov. V\u010faka svojmu akt\u00edvnemu spr\u00e1vaniu, n\u00e1padn\u00e9mu tvaru a sfarbeniu tela a sp\u00f4sobu stavby hniezda pon\u00faka vzru\u0161uj\u00faci poh\u013ead do \u017eivota mraveniska.<\/p>\n<p dir=\"ltr\"><strong>Obsah:<\/strong><br \/>\n1x mravenisko Crematogaster scutellaris (kr\u00e1\u013eovn\u00e1 + 5-10 robotn\u00edc + ml\u00e1\u010fat\u00e1)<br \/>\n1x roztok cukru a medu (SH) - n\u00e1pl\u0148 10 ml<br \/>\n1x cel\u00e9 blan\u0161\u00edrovan\u00e9 cvr\u010dky 10g<br \/>\n1x podlo\u017eka do formik\u00e1ria - 20x20cm<br \/>\n1x podlo\u017eka pod formik\u00e1rium - 20x6cm<br \/>\n1x p\u00fa\u0161tne fotografick\u00e9 pozadie 20\u00d710<br \/>\n1x ANTCUBE - Arena 20x20x10 - ploch\u00e1<br \/>\n1x r\u00e1m Arena 20\u00d720<br \/>\n1x kryt ar\u00e9ny 20\u00d720<br \/>\n4x Upev\u0148ovac\u00ed bod pre kryt ar\u00e9ny<br \/>\n1x ANTCUBE - mravenisko - S - 20\u00d720 - stojaci<br \/>\n1x ANTCUBE - Digfixov\u00e1 doska 20\u00d720 - S<br \/>\n1x 0,5 m prieh\u013eadn\u00e1 r\u00farka 10\/06 mm<br \/>\nANTCUBE - \u010cerven\u00e1 f\u00f3lia 20\u00d720 - Filter<br \/>\n1x samolepiace klipy - transparentn\u00e9 - 2 ks.<br \/>\n1x substr\u00e1t - pieso\u010dnato-hlinit\u00fd b\u00e9\u017eov\u00fd - 200g<br \/>\n1x sie\u0165ov\u00e1 vlo\u017eka - 50 mm - nerezov\u00e1 oce\u013e<br \/>\n1x formik\u00e1rska z\u00e1tka pre 50 mm otvor<br \/>\n1x formik\u00e1rska z\u00e1tka pre 27 mm otvor<br \/>\n1x krytka formicaria pre 6mm z\u00e1suvku<br \/>\n1x konektor pre um\u00fdvadlo B-27 a S-10-16 mm M25 - sada<br \/>\n1x 2ml pod\u00e1va\u010d - 360\u00b0<br \/>\n1x prieh\u013eadn\u00e1 miska na pitie 20 ml - \u0161pongia<br \/>\n1x prieh\u013eadn\u00fd poh\u00e1r na potraviny 1\u00d720 - huba<br \/>\n1x anal\u00f3gov\u00fd mini termohygrometer - z\u00e1vesn\u00fd displej<br \/>\n1x pr\u00e1\u0161ok na ochranu pred \u00fanikom mravcov 10ml<br \/>\n1x pinzeta z pru\u017einovej ocele - \u0161irok\u00e1 - m\u00e4kk\u00e1<br \/>\n1x pinzeta plastov\u00e1 prieh\u013eadn\u00e1<br \/>\n1x plastov\u00e1 pipeta 3 ml<br \/>\n1x ru\u010dn\u00e1 lupa - 2x - 30 mm<br \/>\n1x penov\u00fd stiera\u010d 150x18x2,5 mm<\/p>\n<p dir=\"ltr\"><strong>Popis: V s\u00fa\u010dasnosti je na trhu viac ako 10 000 zariaden\u00ed, ktor\u00e9 s\u00fa ur\u010den\u00e9 na predaj:<\/strong><br \/>\n\u0160tartovacia sada Digfix je vhodn\u00e1 pre r\u00f4zne druhy mravcov, najm\u00e4 pre t\u00fdch, ktor\u00ed hniezdia v piesku a (m\u0155tvom) dreve. M\u00f4\u017ee sa udr\u017eiava\u0165 v suchom alebo mierne vlhkom stave.<br \/>\nPrieh\u013eadn\u00fa farmu mo\u017eno pou\u017ei\u0165 s doskou ANTCUBE Digfix. Mravce si do materi\u00e1lu vyhrab\u00fa vlastn\u00e9 tunely a kom\u00f4rky. V pr\u00edpade potreby mo\u017eno cez 50 mm otvory v kryte pripoji\u0165 \u010fal\u0161ie moduly, napr\u00edklad samostatne dostupn\u00e9 hmlovacie zariadenia, ventil\u00e1tory alebo svetl\u00e1. Pr\u00edpadne s\u00fa s\u00fa\u010das\u0165ou dod\u00e1vky zodpovedaj\u00face formik\u00e1rske z\u00e1tky na uzavretie otvorov. Ak chcete, m\u00f4\u017eete formik\u00e1rium prev\u00e1dzkova\u0165 aj otvorene, sta\u010d\u00ed odn\u00edmate\u013en\u00fd r\u00e1m polo\u017ei\u0165 na zem a na jeho okraj nanies\u0165 olej na ochranu proti \u00faniku mravcov. Zalievacia n\u00e1dobka 2 ml - 360 stup\u0148ov\" je ur\u010den\u00e1 na medov\u00fd\/cukrov\u00fd roztok, \"zalievacia n\u00e1dobka \u010d\u00edra 20 ml - hubka\" na vodu. Mini termohydrometer\" mo\u017eno pripevni\u0165 na r\u00e1mik alebo kryt a zobrazuje klimatick\u00e9 hodnoty.<\/p>\n<p dir=\"ltr\"><span data-text-color=\"alert\"><strong>D\u00f4le\u017eit\u00e9:<\/strong><\/span> Pred pou\u017eit\u00edm navlh\u010dite p\u00f4du, aby sa zmes mohla spoji\u0165 a pevne sa uchyti\u0165 v mravenisku. Okrem toho pr\u00edli\u0161 such\u00e1 a pra\u0161n\u00e1 p\u00f4da m\u00f4\u017ee sp\u00f4sobi\u0165 zablokovanie d\u00fdchac\u00edch ciest mravcov, \u010do v najhor\u0161om pr\u00edpade sp\u00f4sob\u00ed ich udusenie.<\/p>\n<p dir=\"ltr\"><strong>Odpor\u00fa\u010danie:<\/strong> Odpor\u00fa\u010dame polo\u017ei\u0165 2 mm vysok\u00fa vrstvu substr\u00e1tu, aby sa zvierat\u00e1 nemohli zahraba\u0165 do ar\u00e9ny a namiesto toho pou\u017e\u00edvali na tento \u00fa\u010del poskytnut\u00fd statok. Odpor\u00fa\u010dame tie\u017e \u013eahko prepichn\u00fa\u0165 hniezdny materi\u00e1l vo farme (piesok\/hlina, Digfix at\u010f.) na jednom mieste, aby sa zvierat\u00e1m u\u013eah\u010dilo hrabanie.<br \/>\n<strong>Pozn\u00e1mka:<\/strong> Hniezdo sa m\u00f4\u017ee pou\u017e\u00edva\u0165 v suchom alebo vlhkom formik\u00e1riu. Ak je hniezdo trvalo vlhk\u00e9 (pr\u00edli\u0161 mokr\u00e9), zvy\u0161ky potravy m\u00f4\u017eu sp\u00f4sobi\u0165 tvorbu plesn\u00ed.<br \/>\n<strong>Pozn\u00e1mka k slu\u017ebe Digfix:<\/strong> Prirodzen\u00e1 farba sa m\u00f4\u017ee pohybova\u0165 od zeleno\u0161edohnedej po zemitohned\u00fa. Farba nem\u00e1 vplyv na kvalitu.<\/p>\n<p dir=\"ltr\"><strong>Pozn\u00e1mky k v\u00fdrobe<\/strong><br \/>\nSklo sa br\u00fasi pod\u013ea normy DIN 1249 s toleranciou +\/- 1 mm. V pr\u00edpade extr\u00e9mne mal\u00fdch druhov mravcov je nevyhnutn\u00e1 dodato\u010dn\u00e1 ochrana proti vylomeniu.<\/p>\n<p dir=\"ltr\"><strong>Pozn\u00e1mky k farme<\/strong><br \/>\nPri prip\u00e1jan\u00ed alebo odp\u00e1jan\u00ed r\u00farok je potrebn\u00e9 dba\u0165 na nasledovn\u00e9:<br \/>\nAk je \u0165a\u017ek\u00e9 nasadi\u0165 hadi\u010dku na konektor, treba na konektor nanies\u0165 kvapku n\u00e1\u0161ho oleja alebo pr\u00e1\u0161ku proti \u00faniku. Trubi\u010dku potom nasa\u010fte na konektor ot\u00e1\u010dan\u00edm alebo skrutkovan\u00edm bez toho, aby ste na konektor vyv\u00edjali tlak hore a dole. To ist\u00e9 plat\u00ed aj pri odstra\u0148ovan\u00ed r\u00farok z konektora farmy. Neodstra\u0148ujte ich len tak!<\/p>\n<p dir=\"ltr\"><strong>Pozn\u00e1mky k z\u00e1pasu Cricket Jam:<\/strong><br \/>\nN\u00e1\u0161 cvr\u010d\u010d\u00ed d\u017eem je jednoduch\u00fd sp\u00f4sob, ako poskytn\u00fa\u0165 mravcom \u010derstvo konzervovan\u00fa bielkovinov\u00fa potravu bez toho, aby ste museli k\u0155mi\u0165 \u017eiv\u00fd hmyz. Cvr\u010dky (Acheta domesticus) sa jemne uvaria, aby sa zachovala ich v\u00fd\u017eivn\u00e1 hodnota, chu\u0165 a v\u00f4\u0148a. Okrem toho sa t\u00fdmto sp\u00f4sobom zm\u00e4k\u010d\u00ed chit\u00ednov\u00fd exoskelet hmyzu, aby sa dal \u013eah\u0161ie str\u00e1vi\u0165. Kolag\u00e9nov\u00e9 bielkoviny sa rozdelia, aby ich mravce mohli lep\u0161ie vyu\u017ei\u0165. Acheta domesticus z konzervy maj\u00fa rovnak\u00fa v\u00fd\u017eivov\u00fa hodnotu ako \u017eiv\u00e9 cvr\u010dky, ale s\u00fa \u013eah\u0161ie str\u00e1vite\u013en\u00e9.<br \/>\nCricket Jam nie je vhodn\u00fd na lov druhov mravcov, ktor\u00e9 vy\u017eaduj\u00fa \u017eiv\u00fa potravu (napr. poniklecov (ve\u013ek\u00fdch mravcov), ako s\u00fa Harpegnathos alebo Odontomachus).<\/p>\n<p dir=\"ltr\"><strong>\u010eal\u0161ie v\u00fdhody:<\/strong><br \/>\nZaru\u010dene bez rozto\u010dov<br \/>\nM\u00f4\u017ee sa porciova\u0165 a riedi\u0165 vodou<br \/>\nSterilizovan\u00e9 a v\u00e1kuovo balen\u00e9<br \/>\nBez pr\u00eddavn\u00fdch l\u00e1tok<br \/>\nCvr\u010dky z udr\u017eate\u013en\u00e9ho \u010disto ekologick\u00e9ho chovu, k\u0155men\u00e9 organick\u00fdm odpadom<\/p>\n<p dir=\"ltr\"><strong>Pozn\u00e1mka:<\/strong><br \/>\nPo otvoren\u00ed sa m\u00f4\u017ee uchov\u00e1va\u0165 v chladni\u010dke pribli\u017ene \u0161tyri dni. Pri zmrazen\u00ed je trvanlivos\u0165 dlh\u0161ia.<\/p>\n<p dir=\"ltr\"><strong>Pozor<\/strong>: Najprv porciujte a potom zmrazte.<\/p>\n<p dir=\"ltr\"><strong>Pozn\u00e1mky k roztoku cukru a medu (ZH) - n\u00e1pl\u0148 10 ml<\/strong><br \/>\nObsah: 10 ml<\/p>\n<p dir=\"ltr\"><strong>Popis: V s\u00fa\u010dasnosti je na trhu viac ako 10 000 zariaden\u00ed, ktor\u00e9 s\u00fa ur\u010den\u00e9 na predaj:<\/strong> Ide o v\u00fdrobok pozost\u00e1vaj\u00faci z r\u00f4znych sacharidov (napr\u00edklad medu a cukru).<\/p>\n<p dir=\"ltr\"><strong>Pou\u017eitie:<\/strong> Potravn\u00fa trubicu mo\u017eno umiestni\u0165 cel\u00fa do formik\u00e1ria, pr\u00edpadne, v z\u00e1vislosti od potrieb\/ve\u013ekosti kol\u00f3nie, mo\u017eno men\u0161ie mno\u017estv\u00e1 umiestni\u0165 do misky s potravou. Krmivo by sa malo spotrebova\u0165 pribli\u017ene do 3 dn\u00ed, inak hroz\u00ed riziko vzniku plesn\u00ed. Z toho ist\u00e9ho d\u00f4vodu misku s krmivom pred op\u00e4tovn\u00fdm naplnen\u00edm vy\u010distite.<\/p>\n<p dir=\"ltr\"><strong>Pou\u017eitie:<\/strong><br \/>\nRoztok cukru a medu = pre druhy mravcov \u017eiviace sa cukrom\/medom<br \/>\nIde o doplnkov\u00fa potravinu<br \/>\nM\u00f4\u017ee sa pon\u00faka\u0165 zvierat\u00e1m ako dod\u00e1vka. Ke\u010f\u017ee koncentr\u00e1cia cukru kles\u00e1 v d\u00f4sledku vlhkosti a za\u010d\u00edna sa proces ferment\u00e1cie, krmivo by sa malo vymie\u0148a\u0165 ka\u017ed\u00e9 3 dni. Pred op\u00e4tovn\u00fdm pou\u017eit\u00edm d\u00f4kladne vy\u010distite misku na k\u0155menie.<br \/>\nPo otvoren\u00ed by sa malo balenie uchov\u00e1va\u0165 tesne uzavret\u00e9 (ak sa skladuje na suchom mieste) a spotrebova\u0165 do uveden\u00e9ho d\u00e1tumu (d\u00e1tum minim\u00e1lnej trvanlivosti).<\/p>\n<p dir=\"ltr\"><strong>Obsahuje:<\/strong><br \/>\nFrukt\u00f3za 27 a\u017e 44%,<br \/>\ngluk\u00f3za 22 a\u017e 41%,<br \/>\nsachar\u00f3zy a\u017e do 5%,<br \/>\nmalt\u00f3zy 4 a\u017e 14%,<br \/>\nin\u00e9 zlo\u017eit\u00e9 cukry 1 a\u017e 14%.<br \/>\nTuk: 0 g<br \/>\nSacharidy: 92g<br \/>\nBielkoviny: 0 g<br \/>\nSo\u013e: 0 g<\/p>\n<p dir=\"ltr\"><strong>Skladovanie:<\/strong> Aby sa zabezpe\u010dila kvalita krmiva, malo by sa skladova\u0165 na tmavom a suchom mieste.<\/p>\n<p dir=\"ltr\"><strong>Pozn\u00e1mka:<\/strong><br \/>\nZlo\u017eenie, analytick\u00e9 zlo\u017eky, d\u00e1tum minim\u00e1lnej trvanlivosti a \u010d\u00edslo \u0161ar\u017ee n\u00e1jdete v pr\u00edbalovom let\u00e1ku.<br \/>\nInforma\u010dn\u00e1 linka +49 30 439703870<\/p>\n<p dir=\"ltr\"><strong>Pr\u00edslu\u0161n\u00fd veterin\u00e1rny a potravinov\u00fd dozorn\u00fd org\u00e1n:<\/strong><br \/>\nVeterin\u00e1rna kancel\u00e1ria Steglitz<br \/>\nK\u00f6nigin-Luise-Str. 92<br \/>\n14195 Berl\u00edn<\/p>","protected":false},"excerpt":{"rendered":"<p>S\u00faprava pozost\u00e1va z 34 dielov<\/p>","protected":false},"featured_media":10983,"comment_status":"open","ping_status":"closed","template":"","meta":{"_acf_changed":false,"content-type":"","_monsterinsights_skip_tracking":false,"_monsterinsights_sitenote_active":false,"_monsterinsights_sitenote_note":"","_monsterinsights_sitenote_category":0},"product_brand":[484],"product_cat":[355,73],"product_tag":[],"class_list":{"0":"post-10988","1":"product","2":"type-product","3":"status-publish","4":"has-post-thumbnail","6":"product_brand-antcube","7":"product_cat-bundle-offers","8":"product_cat-starter-sets","10":"first","11":"instock","12":"taxable","13":"shipping-taxable","14":"purchasable","15":"product-type-simple"},"acf":[],"aioseo_notices":[],"jetpack_sharing_enabled":true,"_links":{"self":[{"href":"https:\/\/antcube.shop\/sk\/wp-json\/wp\/v2\/product\/10988","targetHints":{"allow":["GET"]}}],"collection":[{"href":"https:\/\/antcube.shop\/sk\/wp-json\/wp\/v2\/product"}],"about":[{"href":"https:\/\/antcube.shop\/sk\/wp-json\/wp\/v2\/types\/product"}],"replies":[{"embeddable":true,"href":"https:\/\/antcube.shop\/sk\/wp-json\/wp\/v2\/comments?post=10988"}],"wp:featuredmedia":[{"embeddable":true,"href":"https:\/\/antcube.shop\/sk\/wp-json\/wp\/v2\/media\/10983"}],"wp:attachment":[{"href":"https:\/\/antcube.shop\/sk\/wp-json\/wp\/v2\/media?parent=10988"}],"wp:term":[{"taxonomy":"product_brand","embeddable":true,"href":"https:\/\/antcube.shop\/sk\/wp-json\/wp\/v2\/product_brand?post=10988"},{"taxonomy":"product_cat","embeddable":true,"href":"https:\/\/antcube.shop\/sk\/wp-json\/wp\/v2\/product_cat?post=10988"},{"taxonomy":"product_tag","embeddable":true,"href":"https:\/\/antcube.shop\/sk\/wp-json\/wp\/v2\/product_tag?post=10988"}],"curies":[{"name":"wp","href":"https:\/\/api.w.org\/{rel}","templated":true}]}}