{"id":700,"date":"2021-08-17T10:57:40","date_gmt":"2021-08-17T08:57:40","guid":{"rendered":"https:\/\/antcube.shop\/?page_id=700"},"modified":"2026-02-09T11:09:28","modified_gmt":"2026-02-09T10:09:28","slug":"mravenisko","status":"publish","type":"page","link":"https:\/\/antcube.shop\/sk\/mravenisko\/","title":{"rendered":"O chove mravcov"},"content":{"rendered":"<div id=\"page-header-1158005073\" class=\"page-header-wrapper\">\n  <div class=\"page-title dark featured-title\">\n\n        <div class=\"page-title-bg\">\n      <div class=\"title-bg fill bg-fill\"\n        data-parallax-container=\".page-title\"\n        data-parallax-background\n data-parallax=\"-\">\n      <\/div>\n      <div class=\"title-overlay fill\"><\/div>\n    <\/div>\n    \n    <div class=\"page-title-inner container align-center flex-row medium-flex-wrap\" >\n              <div class=\"title-wrapper flex-col text-left medium-text-center\">\n          <h1 class=\"entry-title mb-0\">\n            O chove mravcov          <\/h1>\n        <\/div>\n                    <div class=\"title-content flex-col flex-right text-right medium-text-center\">\n        <div class=\"title-share pt-half pb-half\"><div class=\"social-icons share-icons share-row relative icon-style-outline\" ><a href=\"whatsapp:\/\/send?text=About%20ant%20keeping - https:\/\/antcube.shop\/sk\/mravenisko\/\" data-action=\"share\/whatsapp\/share\" class=\"icon button circle is-outline tooltip whatsapp show-for-medium\" title=\"Zdie\u013ea\u0165 na WhatsApp\" aria-label=\"Zdie\u013ea\u0165 na WhatsApp\"><i class=\"icon-whatsapp\" aria-hidden=\"true\"><\/i><\/a><a href=\"https:\/\/www.facebook.com\/sharer.php?u=https:\/\/antcube.shop\/sk\/mravenisko\/\" data-label=\"Facebook\" onclick=\"window.open(this.href,this.title,'width=500,height=500,top=300px,left=300px'); return false;\" target=\"_blank\" class=\"icon button circle is-outline tooltip facebook\" title=\"Zdie\u013ea\u0165 na Facebooku\" aria-label=\"Zdie\u013ea\u0165 na Facebooku\" rel=\"noopener nofollow\"><i class=\"icon-facebook\" aria-hidden=\"true\"><\/i><\/a><a href=\"https:\/\/twitter.com\/share?url=https:\/\/antcube.shop\/sk\/mravenisko\/\" onclick=\"window.open(this.href,this.title,'width=500,height=500,top=300px,left=300px'); return false;\" target=\"_blank\" class=\"icon button circle is-outline tooltip twitter\" title=\"Zdie\u013ea\u0165 na Twitteri\" aria-label=\"Zdie\u013ea\u0165 na Twitteri\" rel=\"noopener nofollow\"><i class=\"icon-twitter\" aria-hidden=\"true\"><\/i><\/a><a href=\"mailto:?subject=About%20ant%20keeping&body=Check%20this%20out%3A%20https%3A%2F%2Fantcube.shop%2Fsk%2Fmravenisko%2F\" class=\"icon button circle is-outline tooltip email\" title=\"Posla\u0165 e-mail priate\u013eovi\" aria-label=\"Posla\u0165 e-mail priate\u013eovi\" rel=\"nofollow\"><i class=\"icon-envelop\" aria-hidden=\"true\"><\/i><\/a><a href=\"https:\/\/pinterest.com\/pin\/create\/button?url=https:\/\/antcube.shop\/sk\/mravenisko\/&media&description=About%20ant%20keeping\" onclick=\"window.open(this.href,this.title,'width=500,height=500,top=300px,left=300px'); return false;\" target=\"_blank\" class=\"icon button circle is-outline tooltip pinterest\" title=\"Pripn\u00fa\u0165 na Pinterest\" aria-label=\"Pripn\u00fa\u0165 na Pinterest\" rel=\"noopener nofollow\"><i class=\"icon-pinterest\" aria-hidden=\"true\"><\/i><\/a><\/div><\/div>      <\/div>\n    <\/div>\n\n     \n<style>\n#page-header-1158005073 .page-title-inner {\n  min-height: 500px;\n}\n#page-header-1158005073 {\n  margin-bottom: 0px;\n}\n#page-header-1158005073 .title-bg {\n  background-image: url(https:\/\/antcube.shop\/wp-content\/uploads\/2021\/08\/ant-5094995_1920.jpg);\n  background-position: 65% 56%;\n}\n#page-header-1158005073 .title-overlay {\n  background-color: rgba(255, 255, 255, 0);\n}\n@media (min-width:550px) {\n  #page-header-1158005073 .page-title-inner {\n    min-height: 500px;\n  }\n}\n<\/style>\n  <\/div>\n    <\/div>\n  \n\n\t<div id=\"gap-1421466705\" class=\"gap-element clearfix\" style=\"display:block; height:auto;\">\n\t\t\n<style>\n#gap-1421466705 {\n  padding-top: 15px;\n}\n<\/style>\n\t<\/div>\n\t\n\n<div class=\"row\"  id=\"row-528401349\">\n\n\n\t<div id=\"col-1888882123\" class=\"col medium-6 small-12 large-6\"  >\n\t\t\t\t<div class=\"col-inner\"  >\n\t\t\t\n\t\t\t\n\n<h3>\u010co je chov mravcov?<\/h3>\n<p>Chov mravcov je starostlivos\u0165 o mravce a ich kol\u00f3nie a ich pozorovanie. Chov mravcov sa v posledn\u00fdch rokoch stal ve\u013emi ob\u013e\u00faben\u00fdm kon\u00ed\u010dkom. Hoci prv\u00e9 zn\u00e1me formik\u00e1rium (ter\u00e1rium pre mravce) bolo vystaven\u00e9 u\u017e na Svetovej v\u00fdstave v Par\u00ed\u017ei okolo roku 1900, prv\u00e9 formik\u00e1ri\u00e1 sa dali vo\u013ene k\u00fapi\u0165 a\u017e v roku 1956 v r\u00e1mci projektu \"Farma mravcov str\u00fd\u010dka Miltona\".<\/p>\n<p>U\u017e nieko\u013eko rokov existuje mnoho r\u00f4znych dod\u00e1vate\u013eov formik\u00e1ri\u00ed, z ktor\u00fdch v\u00e4\u010d\u0161ina je vyroben\u00e1 z plastu. Formik\u00e1rium sa zvy\u010dajne sklad\u00e1 z farmy, ktor\u00e1 sl\u00fa\u017ei ako hniezdisko pre zvierat\u00e1, a z ar\u00e9ny, ktor\u00e1 sa pou\u017e\u00edva na k\u0155menie zvierat a ako priestor na cvi\u010denie.<\/p>\n\n\t\t<\/div>\n\t\t\t\t\t<\/div>\n\n\t\n\n\t<div id=\"col-1575218037\" class=\"col medium-6 small-12 large-6\"  >\n\t\t\t\t<div class=\"col-inner\"  >\n\t\t\t\n\t\t\t\n\n\t<div class=\"img has-hover x md-x lg-x y md-y lg-y\" id=\"image_1300169723\">\n\t\t<a class=\"image-lightbox lightbox-gallery\" title=\"\" href=\"https:\/\/i0.wp.com\/antcube.shop\/wp-content\/uploads\/2021\/07\/Meranoplus-Bicolor-scaled.jpg?fit=900%2C600&#038;ssl=1\">\t\t\t\t\t\t<div class=\"img-inner image-zoom-long dark\" >\n\t\t\t<img data-recalc-dims=\"1\" loading=\"lazy\" decoding=\"async\" width=\"1020\" height=\"680\" src=\"https:\/\/i0.wp.com\/antcube.shop\/wp-content\/uploads\/2021\/07\/Meranoplus-Bicolor-scaled.jpg?resize=1020%2C680&#038;ssl=1\" class=\"attachment-original size-original\" alt=\"Druh mravca Meranoplus bicolor na liste paprade makro ANTSTORE ANTCUBE\" srcset=\"https:\/\/i0.wp.com\/antcube.shop\/wp-content\/uploads\/2021\/07\/Meranoplus-Bicolor-scaled.jpg?w=2560&amp;ssl=1 2560w, https:\/\/i0.wp.com\/antcube.shop\/wp-content\/uploads\/2021\/07\/Meranoplus-Bicolor-scaled.jpg?resize=510%2C340&amp;ssl=1 510w, https:\/\/i0.wp.com\/antcube.shop\/wp-content\/uploads\/2021\/07\/Meranoplus-Bicolor-scaled.jpg?resize=600%2C400&amp;ssl=1 600w, https:\/\/i0.wp.com\/antcube.shop\/wp-content\/uploads\/2021\/07\/Meranoplus-Bicolor-scaled.jpg?resize=1200%2C800&amp;ssl=1 1200w, https:\/\/i0.wp.com\/antcube.shop\/wp-content\/uploads\/2021\/07\/Meranoplus-Bicolor-scaled.jpg?resize=768%2C512&amp;ssl=1 768w, https:\/\/i0.wp.com\/antcube.shop\/wp-content\/uploads\/2021\/07\/Meranoplus-Bicolor-scaled.jpg?resize=1536%2C1024&amp;ssl=1 1536w, https:\/\/i0.wp.com\/antcube.shop\/wp-content\/uploads\/2021\/07\/Meranoplus-Bicolor-scaled.jpg?resize=2048%2C1365&amp;ssl=1 2048w\" sizes=\"auto, (max-width: 1020px) 100vw, 1020px\" \/>\t\t\t\t\t\t\n\t\t\t\t\t<\/div>\n\t\t\t\t\t\t<\/a>\t\t\n<style>\n#image_1300169723 {\n  width: 100%;\n}\n<\/style>\n\t<\/div>\n\t\n\n\t<div id=\"text-754720809\" class=\"text\">\n\t\t\n\n<p>Meranoplus bicolor<\/p>\n\t\t\n<style>\n#text-754720809 {\n  text-align: center;\n}\n<\/style>\n\t<\/div>\n\t\n\n\t\t<\/div>\n\t\t\t\t\t<\/div>\n\n\t\n\n<\/div>\n<div class=\"row\"  id=\"row-1350502395\">\n\n\n\t<div id=\"col-1602184111\" class=\"col medium-6 small-12 large-6\"  >\n\t\t\t\t<div class=\"col-inner\"  >\n\t\t\t\n\t\t\t\n\n<h3>Ak\u00e1 je faszin\u00e1cia chovu mravcov?<\/h3>\n<p>Mravce s\u00fa neuverite\u013ene fascinuj\u00face. Pozorova\u0165 jedin\u00fa kr\u00e1\u013eovn\u00fa, ako v priebehu rokov vychov\u00e1va prv\u00e9 robotnice a potom sledova\u0165, ako sa jej kol\u00f3nia v priebehu rokov rozrast\u00e1 na tis\u00edce \u010dlenov v\u010faka dokonalej spolupr\u00e1ci a vyu\u017e\u00edvaniu zdrojov, je jedine\u010dn\u00fd z\u00e1\u017eitok. S\u00fa to mimoriadne soci\u00e1lne \u017eivo\u010d\u00edchy a niektor\u00e9 druhy vytv\u00e1raj\u00fa r\u00f4zne kasty, napr\u00edklad robotn\u00edkov, vojakov, po\u013enohospod\u00e1rov alebo dokonca o\u0161etrovate\u013eov. A h\u00e1dajte \u010do, v\u0161etky s\u00fa to sami\u010dky.<\/p>\n<p>Mravce s\u00fa pre na\u0161e \u017eivotn\u00e9 prostredie nesmierne d\u00f4le\u017eit\u00e9. Nielen\u017ee s\u00fa pr\u00edtomn\u00e9 v ka\u017edom ob\u00fdvate\u013enom ekosyst\u00e9me na svete, ale s\u00fa \u0161pecializovanej\u0161ie a v\u0161estrannej\u0161ie ako ktor\u00fdko\u013evek in\u00fd druh. Mravce s\u00fa n\u00e1m podobn\u00e9 aj sp\u00f4sobom \u017eivota. V\u010faka de\u013ebe pr\u00e1ce, spolo\u010dn\u00e9mu \u017eivotu vo ve\u013ek\u00fdch kol\u00f3ni\u00e1ch v obmedzenom priestore a vyu\u017e\u00edvaniu r\u00f4znych \u00farovn\u00ed potravinov\u00e9ho re\u0165azca vo v\u0161etk\u00fdch ekosyst\u00e9moch s\u00fa tak\u00e9 \u00faspe\u0161n\u00e9, rovnako ako my \u013eudia. Jedin\u00fd rozdiel je v tom, \u017ee my nie sme ani z\u010faleka tak\u00ed efekt\u00edvni a mravce s\u00fa na svete u\u017e viac ako 130 mili\u00f3nov rokov, zatia\u013e \u010do \u013eudia len pribli\u017ene 300 000 rokov.<\/p>\n<p>\u00a0<\/p>\n<p>Pri rozhodovan\u00ed, ktor\u00e9 druhy mravcov si chcete ponecha\u0165, v\u00e1m pom\u00f4\u017ee n\u00e1\u0161 <a href=\"https:\/\/antcube.shop\/ant-finder\/\">&#8220;<strong>Vyh\u013ead\u00e1va\u010d mravcov<\/strong>&#8220;<\/a><\/p>\n\n\t\t<\/div>\n\t\t\t\t\t<\/div>\n\n\t\n\n\t<div id=\"col-696024291\" class=\"col medium-6 small-12 large-6\"  >\n\t\t\t\t<div class=\"col-inner\"  >\n\t\t\t\n\t\t\t\n\n\t<div class=\"img has-hover x md-x lg-x y md-y lg-y\" id=\"image_218627097\">\n\t\t<a class=\"image-lightbox lightbox-gallery\" title=\"\" href=\"https:\/\/i0.wp.com\/antcube.shop\/wp-content\/uploads\/2021\/07\/Camponotus-micans-Startbild.jpg?fit=800%2C600&#038;ssl=1\">\t\t\t\t\t\t<div class=\"img-inner image-zoom-long dark\" >\n\t\t\t<img data-recalc-dims=\"1\" loading=\"lazy\" decoding=\"async\" width=\"1020\" height=\"765\" src=\"https:\/\/i0.wp.com\/antcube.shop\/wp-content\/uploads\/2021\/07\/Camponotus-micans-Startbild.jpg?resize=1020%2C765&#038;ssl=1\" class=\"attachment-original size-original\" alt=\"Mrav\u010dia kr\u00e1\u013eovn\u00e1 Camponotus micans s mravcami a robotnicami makro na bielom pozad\u00ed\" srcset=\"https:\/\/i0.wp.com\/antcube.shop\/wp-content\/uploads\/2021\/07\/Camponotus-micans-Startbild.jpg?w=2048&amp;ssl=1 2048w, https:\/\/i0.wp.com\/antcube.shop\/wp-content\/uploads\/2021\/07\/Camponotus-micans-Startbild.jpg?resize=510%2C383&amp;ssl=1 510w, https:\/\/i0.wp.com\/antcube.shop\/wp-content\/uploads\/2021\/07\/Camponotus-micans-Startbild.jpg?resize=533%2C400&amp;ssl=1 533w, https:\/\/i0.wp.com\/antcube.shop\/wp-content\/uploads\/2021\/07\/Camponotus-micans-Startbild.jpg?resize=1067%2C800&amp;ssl=1 1067w, https:\/\/i0.wp.com\/antcube.shop\/wp-content\/uploads\/2021\/07\/Camponotus-micans-Startbild.jpg?resize=768%2C576&amp;ssl=1 768w, https:\/\/i0.wp.com\/antcube.shop\/wp-content\/uploads\/2021\/07\/Camponotus-micans-Startbild.jpg?resize=1536%2C1152&amp;ssl=1 1536w\" sizes=\"auto, (max-width: 1020px) 100vw, 1020px\" \/>\t\t\t\t\t\t\n\t\t\t\t\t<\/div>\n\t\t\t\t\t\t<\/a>\t\t\n<style>\n#image_218627097 {\n  width: 100%;\n}\n<\/style>\n\t<\/div>\n\t\n\n\t<div id=\"text-3527208321\" class=\"text\">\n\t\t\n\n<p>Camponotus micans<\/p>\n\t\t\n<style>\n#text-3527208321 {\n  text-align: center;\n}\n<\/style>\n\t<\/div>\n\t\n\n\t\t<\/div>\n\t\t\t\t\t<\/div>\n\n\t\n\n<\/div>\n<div class=\"row\"  id=\"row-1984867086\">\n\n\n\t<div id=\"col-1676791229\" class=\"col medium-6 small-12 large-6\"  >\n\t\t\t\t<div class=\"col-inner\"  >\n\t\t\t\n\t\t\t\n\n<h3>Ak\u00fd druh formik\u00e1ria potrebujem?<\/h3>\n<p>Ke\u010f\u017ee mravce sa vyskytuj\u00fa takmer vo v\u0161etk\u00fdch ekosyst\u00e9moch, aj ich potreby na chov s\u00fa r\u00f4zne. Mravce sa vyskytuj\u00fa v na\u0161ich mest\u00e1ch, lesoch, p\u00fa\u0161\u0165ach, hor\u00e1ch, tropick\u00fdch oblastiach a dokonca aj v mangrovov\u00fdch a subarktick\u00fdch oblastiach.<\/p>\n<p>Tak ako sa l\u00ed\u0161ia ob\u00fdvan\u00e9 biotopy, l\u00ed\u0161ia sa aj typy hniezd. Najbe\u017enej\u0161ou formou hniezda je hniezdo na zemi. In\u00e9 druhy \u017eij\u00fa napr\u00edklad v m\u0155tvom dreve, v dutin\u00e1ch v stromoch a medzi kame\u0148mi, v kop\u00e1\u010dskych hniezdach alebo v tzv. mravenisk\u00e1ch. \u010eal\u0161\u00edmi menej be\u017en\u00fdmi typmi hniezd s\u00fa bivakov\u00e9 hniezda mravcov krmiv\u00e1rov, hodv\u00e1bne hniezda mravcov tk\u00e1\u010dov alebo kart\u00f3nov\u00e9 hniezda mravcov Lasisus fuliginosus.<\/p>\n<p>Na \u00faspe\u0161n\u00fd chov mravcov sa osved\u010dilo \u010do najlep\u0161ie napodobni\u0165 pr\u00edrodn\u00e9 podmienky. Preto sme dlho experimentovali s r\u00f4znymi materi\u00e1lmi a kombin\u00e1ciami hniezd a ar\u00e9n a vyvinuli sme \u0161tartovaciu s\u00fapravu pre v\u0161etky komer\u010dne dostupn\u00e9 druhy mravcov.<\/p>\n<p>\u00a0<\/p>\n<p>Ak chcete n\u00e1js\u0165 \u0161tartovaciu sadu, ktor\u00e1 je najvhodnej\u0161ia pre druh mravca, ktor\u00fd chcete chova\u0165, pou\u017eite napr\u00edklad na\u0161u \"<strong><a href=\"https:\/\/antcube.shop\/formicarium-finder\/\">Vyh\u013ead\u00e1va\u010d \u0161tartovac\u00edch s\u00e1d<\/a><\/strong>&#8221;\u00a0<\/p>\n\n\t\t<\/div>\n\t\t\t\t\t<\/div>\n\n\t\n\n\t<div id=\"col-1317327379\" class=\"col medium-6 small-12 large-6\"  >\n\t\t\t\t<div class=\"col-inner\"  >\n\t\t\t\n\t\t\t\n\n\t<div class=\"img has-hover x md-x lg-x y md-y lg-y\" id=\"image_1186146294\">\n\t\t\t\t\t\t<div data-animate=\"fadeInUp\">\t\t<div class=\"img-inner image-zoom-long dark\" >\n\t\t\t<img data-recalc-dims=\"1\" loading=\"lazy\" decoding=\"async\" width=\"1020\" height=\"1020\" src=\"https:\/\/i0.wp.com\/antcube.shop\/wp-content\/uploads\/2021\/07\/Starter-Set-Combi.jpg?resize=1020%2C1020&#038;ssl=1\" class=\"attachment-original size-original\" alt=\"ANTCUBE Starter Set Combi je cenovo v\u00fdhodn\u00fd za\u010diatok chovu mravcov. T\u00e1to sada obsahuje ar\u00e9nu s integrovan\u00fdm hniezdom pre mrav\u010diu kol\u00f3niu\" srcset=\"https:\/\/i0.wp.com\/antcube.shop\/wp-content\/uploads\/2021\/07\/Starter-Set-Combi.jpg?w=2000&amp;ssl=1 2000w, https:\/\/i0.wp.com\/antcube.shop\/wp-content\/uploads\/2021\/07\/Starter-Set-Combi.jpg?resize=247%2C247&amp;ssl=1 247w, https:\/\/i0.wp.com\/antcube.shop\/wp-content\/uploads\/2021\/07\/Starter-Set-Combi.jpg?resize=100%2C100&amp;ssl=1 100w, https:\/\/i0.wp.com\/antcube.shop\/wp-content\/uploads\/2021\/07\/Starter-Set-Combi.jpg?resize=510%2C510&amp;ssl=1 510w, https:\/\/i0.wp.com\/antcube.shop\/wp-content\/uploads\/2021\/07\/Starter-Set-Combi.jpg?resize=400%2C400&amp;ssl=1 400w, https:\/\/i0.wp.com\/antcube.shop\/wp-content\/uploads\/2021\/07\/Starter-Set-Combi.jpg?resize=800%2C800&amp;ssl=1 800w, https:\/\/i0.wp.com\/antcube.shop\/wp-content\/uploads\/2021\/07\/Starter-Set-Combi.jpg?resize=280%2C280&amp;ssl=1 280w, https:\/\/i0.wp.com\/antcube.shop\/wp-content\/uploads\/2021\/07\/Starter-Set-Combi.jpg?resize=768%2C768&amp;ssl=1 768w, https:\/\/i0.wp.com\/antcube.shop\/wp-content\/uploads\/2021\/07\/Starter-Set-Combi.jpg?resize=1536%2C1536&amp;ssl=1 1536w\" sizes=\"auto, (max-width: 1020px) 100vw, 1020px\" \/>\t\t\t\t\t\t\n\t\t\t\t\t<\/div>\n\t\t<\/div>\t\t\t\t\t\t\n<style>\n#image_1186146294 {\n  width: 100%;\n}\n<\/style>\n\t<\/div>\n\t\n\n\n\t\t<\/div>\n\t\t\t\t\t<\/div>\n\n\t\n\n<\/div>","protected":false},"excerpt":{"rendered":"","protected":false},"author":1,"featured_media":0,"parent":0,"menu_order":0,"comment_status":"closed","ping_status":"closed","template":"","meta":{"_acf_changed":false,"content-type":"","_monsterinsights_skip_tracking":false,"_monsterinsights_sitenote_active":false,"_monsterinsights_sitenote_note":"","_monsterinsights_sitenote_category":0,"footnotes":""},"class_list":["post-700","page","type-page","status-publish","hentry"],"acf":[],"aioseo_notices":[],"jetpack_sharing_enabled":true,"_links":{"self":[{"href":"https:\/\/antcube.shop\/sk\/wp-json\/wp\/v2\/pages\/700","targetHints":{"allow":["GET"]}}],"collection":[{"href":"https:\/\/antcube.shop\/sk\/wp-json\/wp\/v2\/pages"}],"about":[{"href":"https:\/\/antcube.shop\/sk\/wp-json\/wp\/v2\/types\/page"}],"author":[{"embeddable":true,"href":"https:\/\/antcube.shop\/sk\/wp-json\/wp\/v2\/users\/1"}],"replies":[{"embeddable":true,"href":"https:\/\/antcube.shop\/sk\/wp-json\/wp\/v2\/comments?post=700"}],"version-history":[{"count":10,"href":"https:\/\/antcube.shop\/sk\/wp-json\/wp\/v2\/pages\/700\/revisions"}],"predecessor-version":[{"id":7096,"href":"https:\/\/antcube.shop\/sk\/wp-json\/wp\/v2\/pages\/700\/revisions\/7096"}],"wp:attachment":[{"href":"https:\/\/antcube.shop\/sk\/wp-json\/wp\/v2\/media?parent=700"}],"curies":[{"name":"wp","href":"https:\/\/api.w.org\/{rel}","templated":true}]}}