{"id":645,"date":"2021-07-30T13:36:43","date_gmt":"2021-07-30T11:36:43","guid":{"rendered":"https:\/\/antcube.shop\/?page_id=645"},"modified":"2024-11-29T15:29:21","modified_gmt":"2024-11-29T14:29:21","slug":"regulacia-dosahu","status":"publish","type":"page","link":"https:\/\/antcube.shop\/sk\/regulacia-dosahu\/","title":{"rendered":"Nariadenie REACH"},"content":{"rendered":"<div id=\"gap-1927566474\" class=\"gap-element clearfix\" style=\"display:block; height:auto;\">\n\t\t\n<style>\n#gap-1927566474 {\n  padding-top: 198px;\n}\n@media (min-width:850px) {\n  #gap-1927566474 {\n    padding-top: 190px;\n  }\n}\n<\/style>\n\t<\/div>\n\t\n\n<div class=\"row\"  id=\"row-736492149\">\n\n\n\t<div id=\"col-1461003076\" class=\"col small-12 large-12\"  >\n\t\t\t\t<div class=\"col-inner\"  >\n\t\t\t\n\t\t\t\n\n<h3><b>Zhoda na\u0161ich v\u00fdrobkov s nariaden\u00edm REACH<\/b><\/h3>\n<ol>\n<li><b> stav na\u0161ich v\u00fdrobkov pod\u013ea nariadenia REACH <\/b><b><br \/><\/b><span style=\"font-weight: 400;\">V\u00fdrobky ANTSTORE s\u00fa definovan\u00e9 ako <\/span><b>\u010dl\u00e1nky <\/b><span style=\"font-weight: 400;\">pod\u013ea nariadenia REACH.<\/span><\/li>\n<\/ol>\n<ul>\n<li style=\"font-weight: 400;\" aria-level=\"1\"><span style=\"font-weight: 400;\">Ich funkciu ur\u010duj\u00fa predov\u0161etk\u00fdm <\/span><b>ich tvar, formu a povrch<\/b><span style=\"font-weight: 400;\">, nie pod\u013ea ich chemick\u00e9ho zlo\u017eenia.<\/span><\/li>\n<li style=\"font-weight: 400;\" aria-level=\"1\"><b>Registr\u00e1cia nie je povinn\u00e1 <\/b><span style=\"font-weight: 400;\">t\u00fdchto v\u00fdrobkov pod\u013ea nariadenia REACH.<\/span><\/li>\n<\/ul>\n<ol start=\"2\">\n<li><b> l\u00e1tky SVHC (l\u00e1tky vzbudzuj\u00face ve\u013ek\u00e9 obavy)<\/b><\/li>\n<\/ol>\n<ul>\n<li style=\"font-weight: 400;\" aria-level=\"1\"><span style=\"font-weight: 400;\">Na\u0161e produkty <\/span><b>neobsahuj\u00fa \u017eiadne l\u00e1tky <\/b><span style=\"font-weight: 400;\">s obsahom viac ako 0,1 hmotnostn\u00e9ho percenta, ktor\u00e9 s\u00fa definovan\u00e9 ako <\/span><b>SVHC <\/b><span style=\"font-weight: 400;\">(l\u00e1tky vzbudzuj\u00face ve\u013emi ve\u013ek\u00e9 obavy) pod\u013ea \u010dl\u00e1nku 57 nariadenia REACH a uveden\u00e9 v pr\u00edlohe XIV nariadenia (tzv. \"kandid\u00e1tsky zoznam\").<\/span><\/li>\n<\/ul>\n<p><b>3 \u00daloha n\u00e1sledn\u00e9ho pou\u017e\u00edvate\u013ea <\/b><b><br \/><\/b><span style=\"font-weight: 400;\">Pod\u013ea nariadenia REACH sa na\u0161a spolo\u010dnos\u0165 pova\u017euje za <\/span><b>n\u00e1sledn\u00fd pou\u017e\u00edvate\u013e<\/b><span style=\"font-weight: 400;\">.<\/span><\/p>\n<ul>\n<li style=\"font-weight: 400;\" aria-level=\"1\"><span style=\"font-weight: 400;\">Pre v\u0161etky l\u00e1tky a pr\u00edpravky pou\u017e\u00edvan\u00e9 vo v\u00fdrobnom procese (napr. lepidl\u00e1, farby, maziv\u00e1):<\/span>\n<ul>\n<li style=\"font-weight: 400;\" aria-level=\"2\"><span style=\"font-weight: 400;\">Dostali sme od na\u0161ich dod\u00e1vate\u013eov potvrdenia a vyhl\u00e1senia o zam\u00fd\u0161\u013eanom pou\u017eit\u00ed a (aktu\u00e1lnom) <\/span><b>predbe\u017en\u00e1 registr\u00e1cia<\/b><span style=\"font-weight: 400;\">?<\/span><\/li>\n<li style=\"font-weight: 400;\" aria-level=\"2\"><span style=\"font-weight: 400;\">Sme v \u00fazkom kontakte s na\u0161imi dod\u00e1vate\u013emi, aby sme zabezpe\u010dili s\u00falad s nariaden\u00edm REACH.<\/span><\/li>\n<\/ul>\n<\/li>\n<li style=\"font-weight: 400;\" aria-level=\"1\"><span style=\"font-weight: 400;\">Nepou\u017e\u00edvame \u017eiadne l\u00e1tky ani pr\u00edpravky, pre ktor\u00e9 by na\u0161a spolo\u010dnos\u0165 potrebovala vlastn\u00fa (pred)registr\u00e1ciu.<\/span><\/li>\n<\/ul>\n<p><span style=\"font-weight: 400;\">Ak m\u00e1te ak\u00e9ko\u013evek \u010fal\u0161ie ot\u00e1zky t\u00fdkaj\u00face sa zhody na\u0161ich v\u00fdrobkov s nariaden\u00edm REACH, nev\u00e1hajte n\u00e1s kontaktova\u0165.<\/span><\/p>\n<p>\u00a0<\/p>\n<p>\u00a0<\/p>\n<p><a href=\"https:\/\/www.antstore.net\/shop\/images\/documents\/ant%20escape%20protection%20lacquer%20EN.pdf\" target=\"_blank\" rel=\"noopener\"><span style=\"font-family: verdana,arial,helvetica,sans-serif;\"><img data-recalc-dims=\"1\" decoding=\"async\" src=\"https:\/\/i0.wp.com\/www.antstore.net\/shop\/images\/pdf_logo.gif?w=1020&#038;ssl=1\" alt=\"\" border=\"0\" \/>\u00a0Karta bezpe\u010dnostn\u00fdch \u00fadajov pre lak na ochranu proti \u00faniku mravcov<\/span><\/a>\u00a0(anglicky) , (PDF 0,2 MB)<br \/><span style=\"color: #666666; font-family: arial,helvetica,sans-serif; font-size: xx-small;\">(obsah: bezpe\u010dnostn\u00e9 pokyny)<\/span><\/p>\n<p><a href=\"https:\/\/www.antstore.net\/shop\/images\/documents\/ant_escape_protection_oil_en.pdf\" target=\"_blank\" rel=\"noopener\"><span style=\"font-family: verdana,arial,helvetica,sans-serif;\"><img data-recalc-dims=\"1\" decoding=\"async\" src=\"https:\/\/i0.wp.com\/www.antstore.net\/shop\/images\/pdf_logo.gif?w=1020&#038;ssl=1\" alt=\"\" border=\"0\" \/>\u00a0Karta bezpe\u010dnostn\u00fdch \u00fadajov pre olej na ochranu pred \u00fanikom mravcov<\/span><\/a>\u00a0(anglicky) , (PDF 0,1 MB)<br \/><span style=\"color: #666666; font-family: arial,helvetica,sans-serif; font-size: xx-small;\">(obsah: bezpe\u010dnostn\u00e9 pokyny)<\/span>\u00a0<\/p>\n\n\t\t<\/div>\n\t\t\t\t\t<\/div>\n\n\t\n\n<\/div>","protected":false},"excerpt":{"rendered":"","protected":false},"author":1,"featured_media":0,"parent":0,"menu_order":0,"comment_status":"closed","ping_status":"closed","template":"","meta":{"_acf_changed":false,"content-type":"","_monsterinsights_skip_tracking":false,"_monsterinsights_sitenote_active":false,"_monsterinsights_sitenote_note":"","_monsterinsights_sitenote_category":0,"footnotes":""},"class_list":["post-645","page","type-page","status-publish","hentry"],"acf":[],"aioseo_notices":[],"jetpack_sharing_enabled":true,"_links":{"self":[{"href":"https:\/\/antcube.shop\/sk\/wp-json\/wp\/v2\/pages\/645","targetHints":{"allow":["GET"]}}],"collection":[{"href":"https:\/\/antcube.shop\/sk\/wp-json\/wp\/v2\/pages"}],"about":[{"href":"https:\/\/antcube.shop\/sk\/wp-json\/wp\/v2\/types\/page"}],"author":[{"embeddable":true,"href":"https:\/\/antcube.shop\/sk\/wp-json\/wp\/v2\/users\/1"}],"replies":[{"embeddable":true,"href":"https:\/\/antcube.shop\/sk\/wp-json\/wp\/v2\/comments?post=645"}],"version-history":[{"count":10,"href":"https:\/\/antcube.shop\/sk\/wp-json\/wp\/v2\/pages\/645\/revisions"}],"predecessor-version":[{"id":10640,"href":"https:\/\/antcube.shop\/sk\/wp-json\/wp\/v2\/pages\/645\/revisions\/10640"}],"wp:attachment":[{"href":"https:\/\/antcube.shop\/sk\/wp-json\/wp\/v2\/media?parent=645"}],"curies":[{"name":"wp","href":"https:\/\/api.w.org\/{rel}","templated":true}]}}