{"id":643,"date":"2021-07-30T13:36:12","date_gmt":"2021-07-30T11:36:12","guid":{"rendered":"https:\/\/antcube.shop\/?page_id=643"},"modified":"2024-11-29T15:31:27","modified_gmt":"2024-11-29T14:31:27","slug":"zakon-o-elektrickych-zariadeniach","status":"publish","type":"page","link":"https:\/\/antcube.shop\/sk\/zakon-o-elektrickych-zariadeniach\/","title":{"rendered":"Z\u00e1kon o elektrick\u00fdch zariadeniach"},"content":{"rendered":"<div id=\"gap-874002526\" class=\"gap-element clearfix\" style=\"display:block; height:auto;\">\n\t\t\n<style>\n#gap-874002526 {\n  padding-top: 190px;\n}\n<\/style>\n\t<\/div>\n\t\n\n<div class=\"row\"  id=\"row-1277506861\">\n\n\n\t<div id=\"col-1700843571\" class=\"col small-12 large-12\"  >\n\t\t\t\t<div class=\"col-inner\"  >\n\t\t\t\n\t\t\t\n\n\t<div id=\"text-1668226070\" class=\"text\">\n\t\t\n\n<h3><b>Inform\u00e1cie pod\u013ea nemeck\u00e9ho z\u00e1kona o elektrick\u00fdch a elektronick\u00fdch zariadeniach (ElektroG)<\/b><\/h3>\n<p><span style=\"font-weight: 400;\">Na\u0161e registra\u010dn\u00e9 \u010d\u00edslo WEEE: <\/span><b>DE 54590387<\/b><\/p>\n<p><b>1 \u00davod <\/b><b><br \/><\/b><span style=\"font-weight: 400;\">ElektroG reguluje <\/span><b>uvedenie na trh<\/b><span style=\"font-weight: 400;\">, <\/span><b>sp\u00e4tn\u00fd odber <\/b><span style=\"font-weight: 400;\">a <\/span><b>ekologick\u00e1 likvid\u00e1cia <\/b><span style=\"font-weight: 400;\">elektrick\u00fdch a elektronick\u00fdch zariaden\u00ed. Cie\u013eom je podporova\u0165 ochranu \u017eivotn\u00e9ho prostredia a zabezpe\u010di\u0165 recykl\u00e1ciu cenn\u00fdch surov\u00edn.<\/span><\/p>\n<ol start=\"2\">\n<li><b> pr\u00e1vne povinnosti spotrebite\u013eov<\/b><\/li>\n<\/ol>\n<ul>\n<li style=\"font-weight: 400;\" aria-level=\"1\"><b>Z\u00e1kaz zne\u0161kod\u0148ovania zvy\u0161kov\u00e9ho odpadu<\/b><span style=\"font-weight: 400;\">: Star\u00e9 elektrick\u00e9 spotrebi\u010de sa nesm\u00fa vyhadzova\u0165 do zvy\u0161kov\u00e9ho odpadu.<\/span><\/li>\n<li style=\"font-weight: 400;\" aria-level=\"1\"><b>Povinnos\u0165 vr\u00e1ti\u0165 sa<\/b><span style=\"font-weight: 400;\">: Spotrebitelia s\u00fa zo z\u00e1kona povinn\u00ed odovzda\u0165 pou\u017eit\u00e9 elektrick\u00e9 a elektronick\u00e9 zariadenia v obecn\u00fdch zbern\u00fdch stredisk\u00e1ch (\u00d6RE - verejn\u00e9 org\u00e1ny na likvid\u00e1ciu odpadu) alebo v pr\u00edslu\u0161n\u00fdch syst\u00e9moch sp\u00e4tn\u00e9ho odberu.<\/span><\/li>\n<li style=\"font-weight: 400;\" aria-level=\"1\"><b>Zne\u010dis\u0165uj\u00face l\u00e1tky a recykl\u00e1cia<\/b><span style=\"font-weight: 400;\">:<\/span>\n<ul>\n<li style=\"font-weight: 400;\" aria-level=\"2\"><span style=\"font-weight: 400;\">Star\u00e9 elektrick\u00e9 spotrebi\u010de m\u00f4\u017eu obsahova\u0165 \u0161kodliv\u00e9 l\u00e1tky, ktor\u00e9 m\u00f4\u017eu po\u0161kodi\u0165 \u017eivotn\u00e9 prostredie a zdravie, ak nie s\u00fa spr\u00e1vne uskladnen\u00e9 alebo zlikvidovan\u00e9.<\/span><\/li>\n<li style=\"font-weight: 400;\" aria-level=\"2\"><span style=\"font-weight: 400;\">Z\u00e1rove\u0148 obsahuj\u00fa cenn\u00e9 suroviny, ako je \u017eelezo, plast, striebro alebo sklo, ktor\u00e9 sa daj\u00fa recyklova\u0165.<\/span><\/li>\n<\/ul>\n<\/li>\n<\/ul>\n<p><b>3 Ktor\u00fdch zariaden\u00ed sa to t\u00fdka? <\/b><b><br \/><\/b><span style=\"font-weight: 400;\">ElektroG sa vz\u0165ahuje na v\u00e4\u010d\u0161inu elektrick\u00fdch a elektronick\u00fdch spotrebi\u010dov, ktor\u00e9 s\u00fa nap\u00e1jan\u00e9 elektrinou alebo elektromagnetick\u00fdm po\u013eom. Medzi ne patria okrem in\u00e9ho:<\/span><\/p>\n<ul>\n<li style=\"font-weight: 400;\" aria-level=\"1\"><span style=\"font-weight: 400;\">Klimatick\u00fd po\u010d\u00edta\u010d<\/span><\/li>\n<li style=\"font-weight: 400;\" aria-level=\"1\"><span style=\"font-weight: 400;\">Vykurovacie roho\u017ee a k\u00e1ble<\/span><\/li>\n<li style=\"font-weight: 400;\" aria-level=\"1\"><span style=\"font-weight: 400;\">Digit\u00e1lny teplomer a vlhkomer<\/span><\/li>\n<li style=\"font-weight: 400;\" aria-level=\"1\"><span style=\"font-weight: 400;\">Zvlh\u010dova\u010de vzduchu (hmlovky)<\/span><\/li>\n<li style=\"font-weight: 400;\" aria-level=\"1\"><span style=\"font-weight: 400;\">Ventil\u00e1tor<\/span><\/li>\n<\/ul>\n<p><span style=\"font-weight: 400;\">\u00dapln\u00fd zoznam pr\u00edslu\u0161n\u00fdch kateg\u00f3ri\u00ed je uveden\u00fd v platnej pr\u00e1vnej smernici.<\/span><\/p>\n<p><b>4 Ozna\u010dovanie dotknut\u00fdch pom\u00f4cok <\/b><b><br \/><\/b><span style=\"font-weight: 400;\">V\u00fdrobky, ktor\u00e9 spadaj\u00fa pod ElektroG, s\u00fa ozna\u010den\u00e9 symbolom <\/span><b>pre\u0161krtnut\u00fd odpadkov\u00fd k\u00f4\u0161<\/b><span style=\"font-weight: 400;\">. To znamen\u00e1, \u017ee spotrebi\u010d sa nesmie likvidova\u0165 spolu so zvy\u0161kov\u00fdm odpadom, ale mus\u00ed sa likvidova\u0165 prostredn\u00edctvom zbern\u00fdch stred\u00edsk alebo syst\u00e9mov sp\u00e4tn\u00e9ho odberu.<\/span><\/p>\n<p><b>5 Povinnosti ANTSTORE pod\u013ea ElektroG <\/b><b><br \/><\/b><span style=\"font-weight: 400;\">Spolo\u010dnos\u0165 ANTSTORE splnila v\u0161etky povinnosti vypl\u00fdvaj\u00face zo z\u00e1kona ElektroG, aby zabezpe\u010dila ekologick\u00fa likvid\u00e1ciu:<\/span><\/p>\n<ul>\n<li style=\"font-weight: 400;\" aria-level=\"1\"><b>Registr\u00e1cia v EAR<\/b><span style=\"font-weight: 400;\">:<\/span>\n<ul>\n<li style=\"font-weight: 400;\" aria-level=\"2\"><span style=\"font-weight: 400;\">Spolo\u010dnos\u0165 ANTSTORE je registrovan\u00e1 v nad\u00e1cii EAR (Register odpadov\u00fdch elektrick\u00fdch a elektronick\u00fdch zariaden\u00ed).<\/span><\/li>\n<li style=\"font-weight: 400;\" aria-level=\"2\"><span style=\"font-weight: 400;\">Na\u0161e registra\u010dn\u00e9 \u010d\u00edslo WEEE: <\/span><b>DE <\/b><span style=\"font-weight: 400;\">54590387.<\/span><\/li>\n<\/ul>\n<\/li>\n<li style=\"font-weight: 400;\" aria-level=\"1\"><b>Kontrola dod\u00e1vate\u013eov<\/b><span style=\"font-weight: 400;\">:<\/span>\n<ul>\n<li style=\"font-weight: 400;\" aria-level=\"2\"><span style=\"font-weight: 400;\">V\u0161etci dod\u00e1vatelia boli a s\u00fa priebe\u017ene kontrolovan\u00ed z h\u013eadiska dodr\u017eiavania registra\u010dn\u00fdch povinnost\u00ed.<\/span><\/li>\n<\/ul>\n<\/li>\n<li style=\"font-weight: 400;\" aria-level=\"1\"><b>Povinnos\u0165 ozna\u010dovania<\/b><span style=\"font-weight: 400;\">:<\/span>\n<ul>\n<li style=\"font-weight: 400;\" aria-level=\"2\"><span style=\"font-weight: 400;\">V\u0161etky v\u00fdrobky vyroben\u00e9 a dovezen\u00e9 do E\u00da s\u00fa riadne ozna\u010den\u00e9.<\/span><\/li>\n<\/ul>\n<\/li>\n<\/ul>\n<ol start=\"6\">\n<li><b> mo\u017enosti vr\u00e1tenia vo vetve ANTSTORE <\/b><b><br \/><\/b><span style=\"font-weight: 400;\">Okrem mestsk\u00fdch zbern\u00fdch miest pon\u00faka ANTSTORE svojim z\u00e1kazn\u00edkom <\/span><b>dobrovo\u013en\u00fd n\u00e1vrat <\/b><span style=\"font-weight: 400;\">star\u00fdch spotrebi\u010dov:<\/span><\/li>\n<\/ol>\n<ul>\n<li style=\"font-weight: 400;\" aria-level=\"1\"><span style=\"font-weight: 400;\">Z\u00e1kazn\u00edci m\u00f4\u017eu vr\u00e1ti\u0165 svoje star\u00e9 spotrebi\u010de <\/span><b>bezplatne <\/b><span style=\"font-weight: 400;\">pri nakupovan\u00ed v na\u0161om obchode.<\/span><\/li>\n<li style=\"font-weight: 400;\" aria-level=\"1\"><span style=\"font-weight: 400;\">T\u00fdmto sp\u00f4sobom podporujeme pohodln\u00fa a ekologick\u00fa likvid\u00e1ciu star\u00fdch elektrospotrebi\u010dov.<\/span><\/li>\n<\/ul>\n<p><b>Zhrnutie pre spotrebite\u013eov<\/b><\/p>\n<ul>\n<li style=\"font-weight: 400;\" aria-level=\"1\"><span style=\"font-weight: 400;\">Vyu\u017e\u00edvajte obecn\u00e9 zbern\u00e9 centr\u00e1 (\u00d6RE) alebo na\u0161e syst\u00e9my sp\u00e4tn\u00e9ho odberu v obchode.<\/span><\/li>\n<li style=\"font-weight: 400;\" aria-level=\"1\"><span style=\"font-weight: 400;\">Star\u00e9 elektrick\u00e9 spotrebi\u010de nikdy nevyhadzujte do zvy\u0161kov\u00e9ho odpadu.<\/span><\/li>\n<li style=\"font-weight: 400;\" aria-level=\"1\"><span style=\"font-weight: 400;\">Pom\u00f4\u017ete chr\u00e1ni\u0165 \u017eivotn\u00e9 prostredie a zdroje spr\u00e1vnou likvid\u00e1ciou odpadu.<\/span><\/li>\n<\/ul>\n<p><span style=\"font-weight: 400;\">Ak m\u00e1te ak\u00e9ko\u013evek \u010fal\u0161ie ot\u00e1zky t\u00fdkaj\u00face sa na\u0161ich slu\u017eieb sp\u00e4tn\u00e9ho odberu a likvid\u00e1cie, nev\u00e1hajte n\u00e1s kontaktova\u0165.<\/span><\/p>\n<p><b>\u010eal\u0161ie inform\u00e1cie:<\/b><\/p>\n<p><a href=\"https:\/\/www.stiftung-ear.de\/de\/home\"><span style=\"font-weight: 400;\">www.stiftung-ear.de<\/span><\/a><\/p>\n<p><a href=\"https:\/\/www.bmuv.de\/themen\/kreislaufwirtschaft\/abfallarten-und-abfallstroeme\/uebersicht-abfallarten-und-abfallstroeme\"><span style=\"font-weight: 400;\">www.bmu.de<\/span><\/a><\/p>\n\n\t\t\n<style>\n#text-1668226070 {\n  text-align: left;\n}\n<\/style>\n\t<\/div>\n\t\n\n\t\t<\/div>\n\t\t\t\t\t<\/div>\n\n\t\n\n<\/div>","protected":false},"excerpt":{"rendered":"","protected":false},"author":1,"featured_media":0,"parent":0,"menu_order":0,"comment_status":"closed","ping_status":"closed","template":"","meta":{"_acf_changed":false,"content-type":"","_monsterinsights_skip_tracking":false,"_monsterinsights_sitenote_active":false,"_monsterinsights_sitenote_note":"","_monsterinsights_sitenote_category":0,"footnotes":""},"class_list":["post-643","page","type-page","status-publish","hentry"],"acf":[],"aioseo_notices":[],"jetpack_sharing_enabled":true,"_links":{"self":[{"href":"https:\/\/antcube.shop\/sk\/wp-json\/wp\/v2\/pages\/643","targetHints":{"allow":["GET"]}}],"collection":[{"href":"https:\/\/antcube.shop\/sk\/wp-json\/wp\/v2\/pages"}],"about":[{"href":"https:\/\/antcube.shop\/sk\/wp-json\/wp\/v2\/types\/page"}],"author":[{"embeddable":true,"href":"https:\/\/antcube.shop\/sk\/wp-json\/wp\/v2\/users\/1"}],"replies":[{"embeddable":true,"href":"https:\/\/antcube.shop\/sk\/wp-json\/wp\/v2\/comments?post=643"}],"version-history":[{"count":6,"href":"https:\/\/antcube.shop\/sk\/wp-json\/wp\/v2\/pages\/643\/revisions"}],"predecessor-version":[{"id":10641,"href":"https:\/\/antcube.shop\/sk\/wp-json\/wp\/v2\/pages\/643\/revisions\/10641"}],"wp:attachment":[{"href":"https:\/\/antcube.shop\/sk\/wp-json\/wp\/v2\/media?parent=643"}],"curies":[{"name":"wp","href":"https:\/\/api.w.org\/{rel}","templated":true}]}}