{"id":641,"date":"2021-07-30T13:35:42","date_gmt":"2021-07-30T11:35:42","guid":{"rendered":"https:\/\/antcube.shop\/?page_id=641"},"modified":"2024-11-29T15:44:57","modified_gmt":"2024-11-29T14:44:57","slug":"zakon-o-bateriach","status":"publish","type":"page","link":"https:\/\/antcube.shop\/sk\/zakon-o-bateriach\/","title":{"rendered":"Z\u00e1kon o bat\u00e9ri\u00e1ch"},"content":{"rendered":"<div id=\"gap-393537254\" class=\"gap-element clearfix\" style=\"display:block; height:auto;\">\n\t\t\n<style>\n#gap-393537254 {\n  padding-top: 190px;\n}\n<\/style>\n\t<\/div>\n\t\n\n<div class=\"row\"  id=\"row-1130851600\">\n\n\n\t<div id=\"col-987315377\" class=\"col small-12 large-12\"  >\n\t\t\t\t<div class=\"col-inner\"  >\n\t\t\t\n\t\t\t\n\n<h3><b>Pozn\u00e1mky k z\u00e1konu o bat\u00e9ri\u00e1ch (BattG)<\/b><\/h3>\n<ol>\n<li><b> bat\u00e9rie a dob\u00edjate\u013en\u00e9 bat\u00e9rie v zariadeniach <\/b><b><br \/><\/b><span style=\"font-weight: 400;\">Mnoh\u00e9 z na\u0161ich v\u00fdrobkov obsahuj\u00fa bat\u00e9rie alebo dob\u00edjate\u013en\u00e9 bat\u00e9rie, ktor\u00e9 sa pou\u017e\u00edvaj\u00fa napr\u00edklad na prev\u00e1dzku dia\u013ekov\u00fdch ovl\u00e1da\u010dov alebo ako trvalo zabudovan\u00e9 komponenty v zariadeniach. V s\u00favislosti s predajom t\u00fdchto bat\u00e9ri\u00ed alebo dob\u00edjate\u013en\u00fdch bat\u00e9ri\u00ed by sme v\u00e1s chceli upozorni\u0165 na nasleduj\u00face skuto\u010dnosti:<\/span><\/li>\n<li><b> z\u00e1konn\u00e1 povinnos\u0165 vr\u00e1ti\u0165<\/b><\/li>\n<\/ol>\n<ul>\n<li style=\"font-weight: 400;\" aria-level=\"1\"><b>Likvid\u00e1cia pou\u017eit\u00fdch bat\u00e9ri\u00ed<\/b><span style=\"font-weight: 400;\"><br \/><\/span><span style=\"font-weight: 400;\"> V s\u00falade so z\u00e1konom o bat\u00e9ri\u00e1ch je potrebn\u00e9 pou\u017eit\u00e9 bat\u00e9rie bezplatne odovzda\u0165 v obecnom zbernom stredisku, v \u0161peci\u00e1lnych kontajneroch na pou\u017eit\u00e9 bat\u00e9rie alebo u miestneho predajcu.<\/span><\/li>\n<li style=\"font-weight: 400;\" aria-level=\"1\"><b>Z\u00e1kaz zne\u0161kod\u0148ovania odpadu z dom\u00e1cnost\u00ed<\/b><span style=\"font-weight: 400;\"><br \/><\/span><span style=\"font-weight: 400;\">Likvid\u00e1cia bat\u00e9ri\u00ed v dom\u00e1com odpade je v\u00fdslovne zak\u00e1zan\u00e1.<\/span><\/li>\n<\/ul>\n<ol start=\"3\">\n<li><b> mo\u017enosti vr\u00e1tenia v ANTSTORE <\/b><b><br \/><\/b><span style=\"font-weight: 400;\">Ak nechcete vyu\u017ei\u0165 obecn\u00e9 zbern\u00e9 miesto alebo miestneho predajcu, pon\u00fakame v\u00e1m nasleduj\u00face mo\u017enosti vr\u00e1tenia nami dodan\u00fdch bat\u00e9ri\u00ed:<\/span><\/li>\n<\/ol>\n<ul>\n<li style=\"font-weight: 400;\" aria-level=\"1\"><b>Bezplatn\u00e9 vr\u00e1tenie na mieste<\/b><span style=\"font-weight: 400;\"><br \/><\/span><span style=\"font-weight: 400;\">Bat\u00e9rie m\u00f4\u017eete vr\u00e1ti\u0165 priamo v na\u0161om obchode.<\/span><\/li>\n<li style=\"font-weight: 400;\" aria-level=\"1\"><b>Vr\u00e1tenie po\u0161tou<\/b><span style=\"font-weight: 400;\"><br \/><\/span><span style=\"font-weight: 400;\">Bat\u00e9rie po\u0161lite na adresu:<\/span><span style=\"font-weight: 400;\"><br \/><\/span><b>ANTSTORE<\/b><b><br \/><\/b><b>Selerweg 41<\/b><b><br \/><\/b><b>D-12169 Berl\u00edn<\/b><\/li>\n<\/ul>\n<ol start=\"4\">\n<li><b> ozna\u010dovanie bat\u00e9ri\u00ed obsahuj\u00facich \u0161kodliv\u00e9 l\u00e1tky <\/b><b><br \/><\/b><span style=\"font-weight: 400;\">Bat\u00e9rie obsahuj\u00face \u0161kodliv\u00e9 l\u00e1tky s\u00fa ozna\u010den\u00e9 symbolom <\/span><b>pre\u0161krtnut\u00fd odpadkov\u00fd k\u00f4\u0161<\/b><span style=\"font-weight: 400;\">. Pod t\u00fdmto symbolom sa nach\u00e1dzaj\u00fa chemick\u00e9 skratky \u0161kodliv\u00fdch l\u00e1tok, ktor\u00e9 obsahuje:<\/span><\/li>\n<\/ol>\n<ul>\n<li style=\"font-weight: 400;\" aria-level=\"1\"><b>Pb <\/b><span style=\"font-weight: 400;\">= bat\u00e9ria obsahuje olovo<\/span><\/li>\n<li style=\"font-weight: 400;\" aria-level=\"1\"><b>Cd <\/b><span style=\"font-weight: 400;\">= bat\u00e9ria obsahuje kadmium<\/span><\/li>\n<li style=\"font-weight: 400;\" aria-level=\"1\"><b>Hg <\/b><span style=\"font-weight: 400;\">= bat\u00e9ria obsahuje ortu\u0165<\/span><\/li>\n<\/ul>\n<ol start=\"5\">\n<li><b> \u010fal\u0161ie inform\u00e1cie<\/b><\/li>\n<\/ol>\n<ul>\n<li style=\"font-weight: 400;\" aria-level=\"1\"><span style=\"font-weight: 400;\">N\u00e1jdete tu podrobn\u00e9 inform\u00e1cie:<\/span>\n<ul>\n<li style=\"font-weight: 400;\" aria-level=\"2\"><span style=\"font-weight: 400;\">V sprievodn\u00fdch dokumentoch k dod\u00e1vke tovaru.<\/span><\/li>\n<li style=\"font-weight: 400;\" aria-level=\"2\"><span style=\"font-weight: 400;\">V n\u00e1vode na obsluhu pr\u00edslu\u0161n\u00e9ho v\u00fdrobcu zariadenia.<\/span><\/li>\n<\/ul>\n<\/li>\n<li style=\"font-weight: 400;\" aria-level=\"1\"><span style=\"font-weight: 400;\">\u010eal\u0161ie inform\u00e1cie n\u00e1jdete v z\u00e1kone o bat\u00e9ri\u00e1ch:<\/span>\n<ul>\n<li style=\"font-weight: 400;\" aria-level=\"2\"><span style=\"font-weight: 400;\">Na Spolkovom ministerstve \u017eivotn\u00e9ho prostredia, ochrany pr\u00edrody a jadrovej bezpe\u010dnosti <\/span><a href=\"http:\/\/www.bmu.de\/abfallwirtschaft\"><span style=\"font-weight: 400;\">(<\/span><span style=\"font-weight: 400;\">www.bmu.de)<\/span><\/a><\/li>\n<li style=\"font-weight: 400;\" aria-level=\"2\"><span style=\"font-weight: 400;\">Vo Feder\u00e1lnej agent\u00fare pre \u017eivotn\u00e9 prostredie <\/span><a href=\"http:\/\/www.uba.de\"><span style=\"font-weight: 400;\">(<\/span><span style=\"font-weight: 400;\">www.uba.de)<\/span><\/a><\/li>\n<\/ul>\n<\/li>\n<\/ul>\n<p><b>Zhrnutie<\/b><\/p>\n<ul>\n<li style=\"font-weight: 400;\" aria-level=\"1\"><span style=\"font-weight: 400;\">Bat\u00e9rie nepatria do domov\u00e9ho odpadu.<\/span><\/li>\n<li style=\"font-weight: 400;\" aria-level=\"1\"><span style=\"font-weight: 400;\">Vyu\u017eite obecn\u00e9 zbern\u00e9 miesta, kontajnery na pou\u017eit\u00e9 bat\u00e9rie alebo mo\u017enosti vr\u00e1tenia v ANTSTORE.<\/span><\/li>\n<li style=\"font-weight: 400;\" aria-level=\"1\"><span style=\"font-weight: 400;\">Pozor na symbol pre\u010diarknut\u00e9ho odpadkov\u00e9ho ko\u0161a a ozna\u010denie zne\u010dis\u0165uj\u00facich l\u00e1tok.<\/span><\/li>\n<\/ul>\n<p><span style=\"font-weight: 400;\">\u010eakujeme, \u017ee spr\u00e1vnou likvid\u00e1ciou bat\u00e9ri\u00ed akt\u00edvne prispievate k ochrane \u017eivotn\u00e9ho prostredia!<\/span><\/p>\n<h3><br \/><br \/><br \/><br \/><br \/><br \/><\/h3>\n\n\t\t<\/div>\n\t\t\t\t\t<\/div>\n\n\t\n\n<\/div>","protected":false},"excerpt":{"rendered":"","protected":false},"author":1,"featured_media":0,"parent":0,"menu_order":0,"comment_status":"closed","ping_status":"closed","template":"","meta":{"_acf_changed":false,"content-type":"","_monsterinsights_skip_tracking":false,"_monsterinsights_sitenote_active":false,"_monsterinsights_sitenote_note":"","_monsterinsights_sitenote_category":0,"footnotes":""},"class_list":["post-641","page","type-page","status-publish","hentry"],"acf":[],"aioseo_notices":[],"jetpack_sharing_enabled":true,"_links":{"self":[{"href":"https:\/\/antcube.shop\/sk\/wp-json\/wp\/v2\/pages\/641","targetHints":{"allow":["GET"]}}],"collection":[{"href":"https:\/\/antcube.shop\/sk\/wp-json\/wp\/v2\/pages"}],"about":[{"href":"https:\/\/antcube.shop\/sk\/wp-json\/wp\/v2\/types\/page"}],"author":[{"embeddable":true,"href":"https:\/\/antcube.shop\/sk\/wp-json\/wp\/v2\/users\/1"}],"replies":[{"embeddable":true,"href":"https:\/\/antcube.shop\/sk\/wp-json\/wp\/v2\/comments?post=641"}],"version-history":[{"count":3,"href":"https:\/\/antcube.shop\/sk\/wp-json\/wp\/v2\/pages\/641\/revisions"}],"predecessor-version":[{"id":10643,"href":"https:\/\/antcube.shop\/sk\/wp-json\/wp\/v2\/pages\/641\/revisions\/10643"}],"wp:attachment":[{"href":"https:\/\/antcube.shop\/sk\/wp-json\/wp\/v2\/media?parent=641"}],"curies":[{"name":"wp","href":"https:\/\/api.w.org\/{rel}","templated":true}]}}