{"id":639,"date":"2021-07-30T13:35:18","date_gmt":"2021-07-30T11:35:18","guid":{"rendered":"https:\/\/antcube.shop\/?page_id=639"},"modified":"2025-10-16T12:04:23","modified_gmt":"2025-10-16T10:04:23","slug":"sposoby-platby","status":"publish","type":"page","link":"https:\/\/antcube.shop\/sk\/sposoby-platby\/","title":{"rendered":"Sp\u00f4soby platby"},"content":{"rendered":"<div id=\"gap-1869931042\" class=\"gap-element clearfix\" style=\"display:block; height:auto;\">\n\t\t\n<style>\n#gap-1869931042 {\n  padding-top: 202px;\n}\n@media (min-width:850px) {\n  #gap-1869931042 {\n    padding-top: 172px;\n  }\n}\n<\/style>\n\t<\/div>\n\t\n\n<div class=\"row\"  id=\"row-435461907\">\n\n\n\t<div id=\"col-1801910436\" class=\"col small-12 large-12\"  >\n\t\t\t\t<div class=\"col-inner\"  >\n\t\t\t\n\t\t\t\n\n<h1>Typy platieb<\/h1>\n<h3><strong>1. Typy platieb<\/strong><\/h3>\n<h3><strong>- Preddavkov\u00e1 platba<\/strong><\/h3>\n<p><img data-recalc-dims=\"1\" loading=\"lazy\" decoding=\"async\" class=\"\" src=\"https:\/\/i0.wp.com\/www.antstore.net\/shop\/images\/icons\/vorkasse.jpg?resize=301%2C97&#038;ssl=1\" alt=\"\" width=\"301\" height=\"97\" \/><\/p>\n<h3><strong>- Sofort\u00fcberweisung \/ Klarna<\/strong><\/h3>\n<p><img data-recalc-dims=\"1\" loading=\"lazy\" decoding=\"async\" class=\"\" src=\"https:\/\/i0.wp.com\/www.antstore.net\/shop\/images\/icons\/sofort.jpg?resize=309%2C99&#038;ssl=1\" alt=\"\" width=\"309\" height=\"99\" \/><\/p>\n<h3><strong>- PayPal<\/strong><\/h3>\n<p><img data-recalc-dims=\"1\" loading=\"lazy\" decoding=\"async\" class=\"\" src=\"https:\/\/i0.wp.com\/www.antstore.net\/shop\/images\/icons\/paypal.jpg?resize=294%2C95&#038;ssl=1\" alt=\"\" width=\"294\" height=\"95\" \/><\/p>\n<p><strong>&#8211;\u00a0<\/strong>- Volite\u013en\u00e1 kreditn\u00e1 karta (Visa alebo Mastercard) a priame inkaso (slu\u017eba PayPal)<\/p>\n<p><img data-recalc-dims=\"1\" loading=\"lazy\" decoding=\"async\" class=\"\" src=\"https:\/\/i0.wp.com\/www.antstore.net\/shop\/images\/icons\/visa-master.JPG?resize=270%2C87&#038;ssl=1\" alt=\"\" width=\"270\" height=\"87\" \/><\/p>\n<p>- Kreditn\u00e1 karta (Visa, MasterCard) a priame inkaso (slu\u017eba PayPal)<\/p>\n<h3><strong>2. Poplatky za pr\u00edslu\u0161n\u00fd sp\u00f4sob platby:<\/strong><\/h3>\n<p>V r\u00e1mci E\u00da sa za pon\u00fakan\u00e9 sp\u00f4soby platby neplatia \u017eiadne poplatky.<\/p>\n<h3><strong>3. Mena<\/strong><\/h3>\n<p>Objedn\u00e1vky je mo\u017en\u00e9 zad\u00e1va\u0165 a platby uskuto\u010d\u0148ova\u0165 len v eur\u00e1ch (\u0161tandardn\u00e1 mena). V\u0161etky ostatn\u00e9 pr\u00edpadne zobrazen\u00e9 meny sl\u00fa\u017eia len na hrub\u00fd preh\u013ead.<br \/>Neposkytujeme \u017eiadnu z\u00e1ruku za aktu\u00e1lnos\u0165 \u00fadajov o v\u00fdmenn\u00fdch kurzoch!<\/p>\n<h3><strong>4. Ceny a dane<\/strong><\/h3>\n<p>Nemecko: V\u0161etky ceny s\u00fa vr\u00e1tane aktu\u00e1lnej DPH.<br \/>Eur\u00f3pska \u00fania (nie Nemecko). V\u0161etky ceny zah\u0155\u0148aj\u00fa aktu\u00e1lnu DPH pre komer\u010dn\u00fdch z\u00e1kazn\u00edkov s I\u010c DPH. ceny netto (bez DPH) bud\u00fa \u00fa\u010dtovan\u00e9.<\/p>\n\n\t\t<\/div>\n\t\t\t\t\t<\/div>\n\n\t\n\n<\/div>","protected":false},"excerpt":{"rendered":"","protected":false},"author":1,"featured_media":0,"parent":0,"menu_order":0,"comment_status":"closed","ping_status":"closed","template":"","meta":{"_acf_changed":false,"content-type":"","_monsterinsights_skip_tracking":false,"_monsterinsights_sitenote_active":false,"_monsterinsights_sitenote_note":"","_monsterinsights_sitenote_category":0,"footnotes":""},"class_list":["post-639","page","type-page","status-publish","hentry"],"acf":[],"aioseo_notices":[],"jetpack_sharing_enabled":true,"_links":{"self":[{"href":"https:\/\/antcube.shop\/sk\/wp-json\/wp\/v2\/pages\/639","targetHints":{"allow":["GET"]}}],"collection":[{"href":"https:\/\/antcube.shop\/sk\/wp-json\/wp\/v2\/pages"}],"about":[{"href":"https:\/\/antcube.shop\/sk\/wp-json\/wp\/v2\/types\/page"}],"author":[{"embeddable":true,"href":"https:\/\/antcube.shop\/sk\/wp-json\/wp\/v2\/users\/1"}],"replies":[{"embeddable":true,"href":"https:\/\/antcube.shop\/sk\/wp-json\/wp\/v2\/comments?post=639"}],"version-history":[{"count":9,"href":"https:\/\/antcube.shop\/sk\/wp-json\/wp\/v2\/pages\/639\/revisions"}],"predecessor-version":[{"id":6880,"href":"https:\/\/antcube.shop\/sk\/wp-json\/wp\/v2\/pages\/639\/revisions\/6880"}],"wp:attachment":[{"href":"https:\/\/antcube.shop\/sk\/wp-json\/wp\/v2\/media?parent=639"}],"curies":[{"name":"wp","href":"https:\/\/api.w.org\/{rel}","templated":true}]}}