{"id":632,"date":"2021-07-30T13:32:44","date_gmt":"2021-07-30T11:32:44","guid":{"rendered":"https:\/\/antcube.shop\/?page_id=632"},"modified":"2024-11-29T15:27:28","modified_gmt":"2024-11-29T14:27:28","slug":"politika-vratenia-penazi","status":"publish","type":"page","link":"https:\/\/antcube.shop\/sk\/politika-vratenia-penazi\/","title":{"rendered":"S\u0165a\u017enosti a pr\u00e1vo na odst\u00fapenie od zmluvy"},"content":{"rendered":"<div id=\"gap-1867512734\" class=\"gap-element clearfix\" style=\"display:block; height:auto;\">\n\t\t\n<style>\n#gap-1867512734 {\n  padding-top: 200px;\n}\n@media (min-width:550px) {\n  #gap-1867512734 {\n    padding-top: 197px;\n  }\n}\n@media (min-width:850px) {\n  #gap-1867512734 {\n    padding-top: 190px;\n  }\n}\n<\/style>\n\t<\/div>\n\t\n\n<div class=\"row\"  id=\"row-652996777\">\n\n\n\t<div id=\"col-1797210383\" class=\"col small-12 large-12\"  >\n\t\t\t\t<div class=\"col-inner\"  >\n\t\t\t\n\t\t\t\n\n<h3><b>Vybavovanie s\u0165a\u017enost\u00ed a pr\u00e1vo na zru\u0161enie<\/b><\/h3>\n<h4><b>1. spracovanie s\u0165a\u017enost\u00ed<\/b><\/h4>\n<p><b>V\u0161eobecn\u00e9 inform\u00e1cie:<\/b><\/p>\n<ul>\n<li style=\"font-weight: 400;\" aria-level=\"1\"><span style=\"font-weight: 400;\">Ak nie ste spokojn\u00ed s dodan\u00fdm tovarom alebo \u017eiv\u00fdmi zvieratami, bezodkladne n\u00e1s informujte.<\/span><\/li>\n<li style=\"font-weight: 400;\" aria-level=\"1\"><span style=\"font-weight: 400;\">Va\u0161e z\u00e1konn\u00e9 <\/span><b>z\u00e1ru\u010dn\u00e9 pr\u00e1va <\/b><span style=\"font-weight: 400;\">pod\u013ea \u00a7 434 a nasl. BGB (nemeck\u00fd ob\u010diansky z\u00e1konn\u00edk) zost\u00e1vaj\u00fa nedotknut\u00e9.<\/span><\/li>\n<\/ul>\n<p><b>Nahl\u00e1si\u0165 s\u0165a\u017enos\u0165:<\/b><\/p>\n<ul>\n<li style=\"font-weight: 400;\" aria-level=\"1\"><span style=\"font-weight: 400;\">Nahlasujte s\u0165a\u017enosti prostredn\u00edctvom svojho z\u00e1kazn\u00edckeho konta: <\/span><span style=\"font-weight: 400;\"><br \/><\/span><b>Va\u0161e konto \u2192 Va\u0161e objedn\u00e1vky \u2192 Ozn\u00e1menia. <\/b><b><br \/><\/b><span style=\"font-weight: 400;\">Pripraven\u00fd formul\u00e1r je v\u00e1m k dispoz\u00edcii na r\u00fdchle objasnenie probl\u00e9mov.<\/span><\/li>\n<\/ul>\n<p><b>D\u00f4le\u017eit\u00e9 kroky pri s\u0165a\u017enostiach:<\/b><\/p>\n<ol>\n<li style=\"font-weight: 400;\" aria-level=\"1\"><b>Pred vr\u00e1ten\u00edm tovaru n\u00e1s kontaktujte:<\/b>\n<ul>\n<li style=\"font-weight: 400;\" aria-level=\"2\"><span style=\"font-weight: 400;\">Tovar bez predch\u00e1dzaj\u00facej dohody nevracajte. Po\u0161kodenie je \u010dasto mo\u017en\u00e9 zdokumentova\u0165 fotografiami a objasni\u0165 e-mailom.<\/span><\/li>\n<li style=\"font-weight: 400;\" aria-level=\"2\"><span style=\"font-weight: 400;\">Vr\u00e1tenie tovaru sa uskuto\u010dn\u00ed len na z\u00e1klade na\u0161ich pokynov.<\/span><\/li>\n<\/ul>\n<\/li>\n<li style=\"font-weight: 400;\" aria-level=\"1\"><b>\u017div\u00e9 zvierat\u00e1:<\/b>\n<ul>\n<li style=\"font-weight: 400;\" aria-level=\"2\"><span style=\"font-weight: 400;\">Po prijat\u00ed skontrolujte, \u010di je v\u010delstvo kompletn\u00e9 (matka, plod, robotnice) a v dobrom stave (napr. poranenia, napadnutie rozto\u010dmi).<\/span><\/li>\n<li style=\"font-weight: 400;\" aria-level=\"2\"><span style=\"font-weight: 400;\">Ak\u00e9ko\u013evek nezrovnalosti alebo poruchy okam\u017eite nahl\u00e1ste e-mailom na adresu verkauf@antstore.de, vr\u00e1tane fotodokument\u00e1cie.<\/span><\/li>\n<\/ul>\n<\/li>\n<li style=\"font-weight: 400;\" aria-level=\"1\"><b>Po\u0161kodenie pri preprave:<\/b>\n<ul>\n<li style=\"font-weight: 400;\" aria-level=\"2\"><span style=\"font-weight: 400;\">Nechajte si vonkaj\u0161ie po\u0161kodenie obalu zaznamena\u0165 priamo doru\u010dovate\u013eom. Po\u0161kodenie zdokumentujte fotograficky a informujte n\u00e1s e-mailom na verkauf@antstore.de.<\/span><\/li>\n<\/ul>\n<\/li>\n<li style=\"font-weight: 400;\" aria-level=\"1\"><b>Technick\u00e9 chyby:<\/b>\n<ul>\n<li style=\"font-weight: 400;\" aria-level=\"2\"><span style=\"font-weight: 400;\">Technick\u00e9 probl\u00e9my nahl\u00e1ste bu\u010f n\u00e1m, alebo priamo v\u00fdrobcovi. Kontaktujte v\u00fdrobcu prostredn\u00edctvom uvedenej hor\u00facej linky alebo e-mailom.<\/span><\/li>\n<li style=\"font-weight: 400;\" aria-level=\"2\"><span style=\"font-weight: 400;\">V pr\u00edpade v\u00e1d m\u00e1te n\u00e1rok na <\/span><b>n\u00e1prava<\/b><span style=\"font-weight: 400;\">, <\/span><b>n\u00e1hradn\u00e1 dod\u00e1vka <\/b><span style=\"font-weight: 400;\">alebo, ak je n\u00e1prava ne\u00faspe\u0161n\u00e1, odst\u00fapenie od zmluvy alebo zn\u00ed\u017eenie k\u00fapnej ceny v s\u00falade s \u00a7 439 BGB.<\/span><\/li>\n<\/ul>\n<\/li>\n<li style=\"font-weight: 400;\" aria-level=\"1\"><b>Nespr\u00e1vne alebo ch\u00fdbaj\u00face \u010dl\u00e1nky:<\/b>\n<ul>\n<li style=\"font-weight: 400;\" aria-level=\"2\"><span style=\"font-weight: 400;\">Okam\u017eite skontrolujte spr\u00e1vnos\u0165 a \u00faplnos\u0165 dod\u00e1vky.<\/span><\/li>\n<li style=\"font-weight: 400;\" aria-level=\"2\"><span style=\"font-weight: 400;\">Ak polo\u017eky ch\u00fdbaj\u00fa alebo boli pomie\u0161an\u00e9, ozn\u00e1mte n\u00e1m to, aby sme mohli chybu okam\u017eite odstr\u00e1ni\u0165.<\/span><\/li>\n<\/ul>\n<\/li>\n<\/ol>\n<p><b>V\u00fdmena\/zru\u0161enie:<\/b><\/p>\n<ul>\n<li style=\"font-weight: 400;\" aria-level=\"1\"><span style=\"font-weight: 400;\">Ak v\u00e1m polo\u017eka nevyhovuje, m\u00f4\u017eete ju vr\u00e1ti\u0165 pod podmienkou <\/span><b>z\u00e1konn\u00e9 pr\u00e1vo na zru\u0161enie <\/b><span style=\"font-weight: 400;\">(pozri ni\u017e\u0161ie). Predpokladom je dodr\u017eanie term\u00ednov a podmienok.<\/span><\/li>\n<\/ul>\n<h4><b>2. pr\u00e1vo na zru\u0161enie<\/b><\/h4>\n<ol>\n<li><b> Storno podmienky pre spotrebite\u013eov (pod\u013ea \u00a7 355 BGB):<\/b><\/li>\n<li><b> v\u0161eobecn\u00e9 pr\u00e1vo na odst\u00fapenie od zmluvy na dia\u013eku:<\/b><\/li>\n<\/ol>\n<ul>\n<li style=\"font-weight: 400;\" aria-level=\"1\"><span style=\"font-weight: 400;\">Spotrebitelia (\u00a7 13 BGB), t. j. ka\u017ed\u00e1 fyzick\u00e1 osoba, ktor\u00e1 uzatv\u00e1ra pr\u00e1vny \u00fakon na \u00fa\u010dely, ktor\u00e9 nemo\u017eno v preva\u017enej miere prip\u00edsa\u0165 ani jej obchodnej, ani jej nez\u00e1vislej profesion\u00e1lnej \u010dinnosti, maj\u00fa pr\u00e1vo odst\u00fapi\u0165 od zmluvy o k\u00fape tovaru do 14 dn\u00ed bez uvedenia d\u00f4vodu.<\/span><\/li>\n<\/ul>\n<ol start=\"2\">\n<li><b> podrobnosti o lehote na zru\u0161enie:<\/b><\/li>\n<\/ol>\n<ul>\n<li style=\"font-weight: 400;\" aria-level=\"1\"><b>Za\u010diatok obdobia na zru\u0161enie:<\/b>\n<ul>\n<li style=\"font-weight: 400;\" aria-level=\"2\"><span style=\"font-weight: 400;\">V pr\u00edpade tovaru, ktor\u00fd mo\u017eno posla\u0165 bal\u00edkovou po\u0161tou: Odo d\u0148a, ke\u010f spotrebite\u013e alebo n\u00edm ur\u010den\u00e1 tretia osoba prevezme posledn\u00fd tovar z dod\u00e1vky.<\/span><\/li>\n<li style=\"font-weight: 400;\" aria-level=\"2\"><span style=\"font-weight: 400;\">Na zasielanie tovaru: Odo d\u0148a, ke\u010f zasielate\u013e odovzd\u00e1 posledn\u00fd tovar.<\/span><\/li>\n<\/ul>\n<\/li>\n<\/ul>\n<ol start=\"3\">\n<li><b> vyhl\u00e1senie o zru\u0161en\u00ed: <\/b><b><br \/><\/b><span style=\"font-weight: 400;\">Odst\u00fapenie od zmluvy sa uskuto\u010d\u0148uje jednozna\u010dn\u00fdm p\u00edsomn\u00fdm vyhl\u00e1sen\u00edm (listom, e-mailom) na adresu:<\/span><\/li>\n<\/ol>\n<p><b>Kontakt: <\/b><b><br \/><\/b><span style=\"font-weight: 400;\">ANTSTORE, Martin \u0160ebesta<\/span><span style=\"font-weight: 400;\"><br \/><\/span><span style=\"font-weight: 400;\">Selerweg 41, <\/span><span style=\"font-weight: 400;\">D-12169 Berl\u00edn<\/span><span style=\"font-weight: 400;\"><br \/><\/span><span style=\"font-weight: 400;\">Telef\u00f3n: +49 30 439703870<\/span><span style=\"font-weight: 400;\"><br \/><\/span><span style=\"font-weight: 400;\">E-mail: verkauf (at) antstore.de<\/span><\/p>\n<p><span style=\"font-weight: 400;\">Nasleduj\u00face <\/span><b>vzorov\u00fd formul\u00e1r na zru\u0161enie zmluvy<\/b><span style=\"font-weight: 400;\">mo\u017eno pou\u017ei\u0165 (nie je povinn\u00e9).<\/span><span style=\"font-weight: 400;\"><br \/><\/span><span style=\"font-weight: 400;\"> Na dodr\u017eanie lehoty sta\u010d\u00ed posla\u0165 ozn\u00e1menie o zru\u0161en\u00ed pred uplynut\u00edm lehoty.<\/span><\/p>\n<ol start=\"4\">\n<li><b> d\u00f4sledky zru\u0161enia:<\/b><\/li>\n<\/ol>\n<ul>\n<li style=\"font-weight: 400;\" aria-level=\"1\"><span style=\"font-weight: 400;\">Vr\u00e1tenie v\u0161etk\u00fdch uskuto\u010dnen\u00fdch platieb vr\u00e1tane \u0161tandardn\u00fdch n\u00e1kladov na dopravu (nie v\u0161ak v pr\u00edpade drah\u0161\u00edch po\u017eadovan\u00fdch dod\u00e1vok) sa uskuto\u010dn\u00ed najnesk\u00f4r do 14 dn\u00ed od prijatia odst\u00fapenia od zmluvy.<\/span><\/li>\n<li style=\"font-weight: 400;\" aria-level=\"1\"><span style=\"font-weight: 400;\">Ak nie je dohodnut\u00e9 inak, na vr\u00e1tenie pe\u0148az\u00ed sa pou\u017eije p\u00f4vodn\u00fd platobn\u00fd prostriedok. Za vr\u00e1tenie pe\u0148az\u00ed sa neplatia \u017eiadne poplatky.<\/span><\/li>\n<li style=\"font-weight: 400;\" aria-level=\"1\"><span style=\"font-weight: 400;\">Vr\u00e1tenie pe\u0148az\u00ed m\u00f4\u017ee by\u0165 odmietnut\u00e9, k\u00fdm tovar nebude vr\u00e1ten\u00fd alebo k\u00fdm nebude predlo\u017een\u00fd d\u00f4kaz o vr\u00e1ten\u00ed.<\/span><\/li>\n<\/ul>\n<p><b>Vr\u00e1tenie tovaru:<\/b><\/p>\n<ul>\n<li style=\"font-weight: 400;\" aria-level=\"1\"><span style=\"font-weight: 400;\">N\u00e1klady na vr\u00e1tenie tovaru zn\u00e1\u0161a spotrebite\u013e.<\/span><\/li>\n<li style=\"font-weight: 400;\" aria-level=\"1\"><span style=\"font-weight: 400;\">Tovar mus\u00ed by\u0165 vr\u00e1ten\u00fd najnesk\u00f4r do 14 dn\u00ed od vyhl\u00e1senia o odst\u00fapen\u00ed od zmluvy.<\/span><\/li>\n<li style=\"font-weight: 400;\" aria-level=\"1\"><span style=\"font-weight: 400;\">Spotrebite\u013e zodpoved\u00e1 za straty na hodnote len vtedy, ak s\u00fa sp\u00f4soben\u00e9 nespr\u00e1vnym zaobch\u00e1dzan\u00edm, ktor\u00e9 presahuje r\u00e1mec nevyhnutnej kontroly stavu a funk\u010dnosti.<\/span><\/li>\n<\/ul>\n<p><b>Pozn\u00e1mka:<\/b><\/p>\n<p><span style=\"font-weight: 400;\">Pri vr\u00e1ten\u00ed citliv\u00e9ho tovaru, ako je napr\u00edklad sklo, d\u00f4razne odpor\u00fa\u010dame pou\u017ei\u0165 p\u00f4vodn\u00fd obal. Je to najjednoduch\u0161\u00ed sp\u00f4sob, ako zabezpe\u010di\u0165, aby bol obal vhodn\u00fd na ochranu t\u00fdchto materi\u00e1lov. Origin\u00e1lne obaly s\u00fa \u010dasto \u0161peci\u00e1lne navrhnut\u00e9 na prepravu citliv\u00e9ho tovaru.<\/span><\/p>\n<p><span style=\"font-weight: 400;\">Ak u\u017e nem\u00e1te p\u00f4vodn\u00fd obal, je d\u00f4le\u017eit\u00e9, aby bol v\u00fdrobok dobre zabalen\u00fd a vystlan\u00fd. Okrem toho by mal by\u0165 v\u00fdrobok v krabici umiestnen\u00fd vzpriamene a vycentrovan\u00fd a pr\u00e1zdne miesta by mali by\u0165 vyplnen\u00e9 v\u00fdpl\u0148ov\u00fdm materi\u00e1lom, aby sa zabr\u00e1nilo pohybu v\u00fdrobku a jeho po\u0161kodeniu po\u010das prepravy.<\/span><\/p>\n<p><span style=\"font-weight: 400;\">Ak m\u00e1te ak\u00e9ko\u013evek ot\u00e1zky, obr\u00e1\u0165te sa na n\u00e1\u0161 z\u00e1kazn\u00edcky servis, ktor\u00fd v\u00e1m r\u00e1d pom\u00f4\u017ee n\u00e1js\u0165 spr\u00e1vny obal na bezpe\u010dn\u00e9 vr\u00e1tenie tovaru.<\/span><\/p>\n<ol>\n<li><b> Vyl\u00fa\u010denie a obmedzenie pr\u00e1va na odst\u00fapenie od zmluvy (\u00a7 312g BGB): <\/b><b><br \/><\/b><span style=\"font-weight: 400;\">Pr\u00e1vo na zru\u0161enie sa nevz\u0165ahuje na:<\/span><\/li>\n<\/ol>\n<ul>\n<li style=\"font-weight: 400;\" aria-level=\"1\"><span style=\"font-weight: 400;\">Tovar, ktor\u00fd je vyroben\u00fd pod\u013ea \u0161pecifik\u00e1ci\u00ed z\u00e1kazn\u00edka alebo je jasne personalizovan\u00fd.<\/span><\/li>\n<li style=\"font-weight: 400;\" aria-level=\"1\"><span style=\"font-weight: 400;\">Tovar podliehaj\u00faci skaze alebo tovar s kr\u00e1tkou dobou spotreby.<\/span><\/li>\n<li style=\"font-weight: 400;\" aria-level=\"1\"><span style=\"font-weight: 400;\">Zape\u010daten\u00fd tovar, ktor\u00fd sa po odstr\u00e1nen\u00ed pe\u010date nem\u00f4\u017ee vr\u00e1ti\u0165 z hygienick\u00fdch alebo zdravotn\u00fdch d\u00f4vodov.<\/span><\/li>\n<li style=\"font-weight: 400;\" aria-level=\"1\"><span style=\"font-weight: 400;\">Tovar, ktor\u00fd je vzh\u013eadom na svoju povahu neoddelite\u013ene zmie\u0161an\u00fd s in\u00fdm tovarom.<\/span><\/li>\n<li style=\"font-weight: 400;\" aria-level=\"1\"><span style=\"font-weight: 400;\">Noviny, \u010dasopisy alebo periodik\u00e1 (okrem predplatn\u00e9ho).<\/span><\/li>\n<\/ul>\n<ol>\n<li><b> Pred\u010dasn\u00e9 uplynutie pr\u00e1va na odst\u00fapenie od zmluvy (\u00a7 356 BGB): <\/b><b><br \/><\/b><span style=\"font-weight: 400;\">Pr\u00e1vo na zru\u0161enie pred\u010dasne zanik\u00e1, ak:<\/span><\/li>\n<\/ol>\n<ul>\n<li style=\"font-weight: 400;\" aria-level=\"1\"><span style=\"font-weight: 400;\">Dodanie zape\u010daten\u00fdch audio\/video nahr\u00e1vok alebo softv\u00e9ru, ak bola pe\u010da\u0165 odstr\u00e1nen\u00e1.<\/span><\/li>\n<li style=\"font-weight: 400;\" aria-level=\"1\"><span style=\"font-weight: 400;\">slu\u017eby, ktor\u00e9 boli poskytnut\u00e9 v plnom rozsahu, za predpokladu, \u017ee s t\u00fdm spotrebite\u013e vopred v\u00fdslovne s\u00fahlasil.<\/span><\/li>\n<\/ul>\n<h4><b>Vzor formul\u00e1ra na zru\u0161enie<\/b><\/h4>\n<p><span style=\"font-weight: 400;\">Ak chcete zru\u0161i\u0165 zmluvu, pou\u017eite nasleduj\u00faci formul\u00e1r:<\/span><\/p>\n<p><b>Vzorov\u00fd formul\u00e1r na zru\u0161enie zmluvy:<\/b><\/p>\n<p><b>Pre:<\/b><span style=\"font-weight: 400;\"><br \/><\/span><span style=\"font-weight: 400;\">ANTSTORE, Martin \u0160ebesta<\/span><span style=\"font-weight: 400;\"><br \/><\/span><span style=\"font-weight: 400;\">Selerweg 41, D-12169 Berl\u00edn<\/span><span style=\"font-weight: 400;\"><br \/><\/span><span style=\"font-weight: 400;\">Email:verkauf@antstore.de\u00a0<\/span><\/p>\n<p><b>Predmet:<\/b><\/p>\n<p><span style=\"font-weight: 400;\">Zru\u0161enie objedn\u00e1vky [\u010d\u00edslo objedn\u00e1vky]<\/span><\/p>\n<p>\u00a0<\/p>\n<p><b>Obsah:<\/b><\/p>\n<p><span style=\"font-weight: 400;\">T\u00fdmto ru\u0161\u00edm zmluvu o k\u00fape nasleduj\u00faceho tovaru:<\/span><span style=\"font-weight: 400;\"><br \/><\/span><span style=\"font-weight: 400;\"> [vlo\u017ete opis tovaru]<\/span><\/p>\n<p><b>Objednan\u00e9 d\u0148a:<\/b><span style=\"font-weight: 400;\"> [d\u00e1tum]<\/span><\/p>\n<p><b>Prijat\u00e9 d\u0148a: <\/b><span style=\"font-weight: 400;\">[d\u00e1tum]<\/span><\/p>\n<p><b>N\u00e1zov spotrebite\u013ea: <\/b><span style=\"font-weight: 400;\">[meno]<\/span><\/p>\n<p><b>Adresa spotrebite\u013ea: <\/b><span style=\"font-weight: 400;\">[adresa]<\/span><\/p>\n<p><span style=\"font-weight: 400;\">D\u00e1tum a podpis (len v pr\u00edpade p\u00edsomn\u00e9ho zru\u0161enia po\u0161tou)<\/span><\/p>\n<p>\u00a0<\/p>\n<p><strong><span style=\"font-family: Verdana; font-size: small;\">Stiahnite si storno formul\u00e1r:<\/span><\/strong><br \/><a href=\"https:\/\/www.antstore.net\/shop\/images\/documents\/Information-Reklamation-de.pdf\" target=\"_blank\" rel=\"noopener\"><span style=\"font-family: verdana,arial,helvetica,sans-serif;\"><img data-recalc-dims=\"1\" decoding=\"async\" src=\"https:\/\/i0.wp.com\/www.antstore.net\/shop\/images\/pdf_logo.gif?w=1020&#038;ssl=1\" alt=\"\" border=\"0\" \/>Inform\u00e1cie a n\u00e1vratnos\u0165<\/span><\/a> (nemecky), (PDF 0,4 MB)<br \/><span style=\"color: #666666; font-family: arial,helvetica,sans-serif; font-size: xx-small;\">(Obsahuje: Inform\u00e1cie \/ Formul\u00e1r)<\/span>\u00a0<\/p>\n<h2>Vr\u00e1tenie\/odvolanie tovaru Produkty<\/h2>\n<p>Dod\u00e1vku a v\u00fdrobu produktov v kateg\u00f3rii Merchandise zabezpe\u010duje n\u00e1\u0161 partner PRINTFUL. Objednan\u00edm niektor\u00e9ho z t\u00fdchto v\u00fdrobkov akceptujete zmluvn\u00e9 podmienky, z\u00e1sady ochrany osobn\u00fdch \u00fadajov a z\u00e1sady vr\u00e1tenia tovaru spolo\u010dnosti PRINTFUL.\u00a0<\/p>\n<p><a href=\"https:\/\/www.printful.com\/policies\/terms-of-service\">Tu n\u00e1jdete V\u0161eobecn\u00e9 obchodn\u00e9 podmienky spolo\u010dnosti PRINTFUL.<\/a><\/p>\n<p><a href=\"https:\/\/www.printful.com\/policies\/returns\">Z\u00e1sady vr\u00e1tenia tovaru spolo\u010dnosti PRINTFUL n\u00e1jdete tu.<\/a><\/p>\n<p><a href=\"https:\/\/www.printful.com\/policies\/privacy\">Z\u00e1sady ochrany osobn\u00fdch \u00fadajov spolo\u010dnosti PRINTFUL n\u00e1jdete tu.<\/a><\/p>\n\n\t\t<\/div>\n\t\t\t\t\t<\/div>\n\n\t\n\n<\/div>","protected":false},"excerpt":{"rendered":"","protected":false},"author":1,"featured_media":0,"parent":0,"menu_order":0,"comment_status":"closed","ping_status":"closed","template":"","meta":{"_acf_changed":false,"content-type":"","_monsterinsights_skip_tracking":false,"_monsterinsights_sitenote_active":false,"_monsterinsights_sitenote_note":"","_monsterinsights_sitenote_category":0,"footnotes":""},"class_list":["post-632","page","type-page","status-publish","hentry"],"acf":[],"aioseo_notices":[],"jetpack_sharing_enabled":true,"_links":{"self":[{"href":"https:\/\/antcube.shop\/sk\/wp-json\/wp\/v2\/pages\/632","targetHints":{"allow":["GET"]}}],"collection":[{"href":"https:\/\/antcube.shop\/sk\/wp-json\/wp\/v2\/pages"}],"about":[{"href":"https:\/\/antcube.shop\/sk\/wp-json\/wp\/v2\/types\/page"}],"author":[{"embeddable":true,"href":"https:\/\/antcube.shop\/sk\/wp-json\/wp\/v2\/users\/1"}],"replies":[{"embeddable":true,"href":"https:\/\/antcube.shop\/sk\/wp-json\/wp\/v2\/comments?post=632"}],"version-history":[{"count":10,"href":"https:\/\/antcube.shop\/sk\/wp-json\/wp\/v2\/pages\/632\/revisions"}],"predecessor-version":[{"id":10639,"href":"https:\/\/antcube.shop\/sk\/wp-json\/wp\/v2\/pages\/632\/revisions\/10639"}],"wp:attachment":[{"href":"https:\/\/antcube.shop\/sk\/wp-json\/wp\/v2\/media?parent=632"}],"curies":[{"name":"wp","href":"https:\/\/api.w.org\/{rel}","templated":true}]}}