{"id":630,"date":"2021-07-30T13:32:17","date_gmt":"2021-07-30T11:32:17","guid":{"rendered":"https:\/\/antcube.shop\/?page_id=630"},"modified":"2025-07-23T17:23:54","modified_gmt":"2025-07-23T15:23:54","slug":"pravne-upozornenie","status":"publish","type":"page","link":"https:\/\/antcube.shop\/sk\/pravne-upozornenie\/","title":{"rendered":"Pr\u00e1vne upozornenie"},"content":{"rendered":"<div id=\"gap-480503608\" class=\"gap-element clearfix\" style=\"display:block; height:auto;\">\n\t\t\n<style>\n#gap-480503608 {\n  padding-top: 199px;\n}\n@media (min-width:850px) {\n  #gap-480503608 {\n    padding-top: 190px;\n  }\n}\n<\/style>\n\t<\/div>\n\t\n\n<div class=\"row\"  id=\"row-367104005\">\n\n\n\t<div id=\"col-92061023\" class=\"col small-12 large-12\"  >\n\t\t\t\t<div class=\"col-inner\"  >\n\t\t\t\n\t\t\t\n\n<h1>Pr\u00e1vne upozornenie<\/h1>\n<p><strong>ANTCUBE od <\/strong><b>ANTSTORE, Martin \u0160ebesta<\/b><b><br \/><\/b><span style=\"font-weight: 400;\">Selerweg 41<\/span><span style=\"font-weight: 400;\"><br \/><\/span><span style=\"font-weight: 400;\">D-12169 Berl\u00edn<\/span><\/p>\n<p><b>Kontakt<\/b><b><br \/><\/b><span style=\"font-weight: 400;\">Telef\u00f3n: +49 30 439703870<\/span><span style=\"font-weight: 400;\"><br \/><\/span><span style=\"font-weight: 400;\">E-mail:law@ants.de\u00a0<\/span><\/p>\n<p><b>Identifika\u010dn\u00e9 \u010d\u00edslo pre da\u0148 z predaja: <\/b><span style=\"font-weight: 400;\">DE215167549 <\/span><span style=\"font-weight: 400;\"><br \/><\/span><b>Reg. \u010d. WEEE: <\/b><span style=\"font-weight: 400;\">DE54590387<\/span><\/p>\n<p><b>Zodpovednos\u0165 za obsah pod\u013ea \u00a7 55 ods. 2 RStV: <\/b><b><br \/><\/b><span style=\"font-weight: 400;\">Martin \u0160ebesta (adresa uveden\u00e1 vy\u0161\u0161ie)<\/span><\/p>\n<p><b>Inform\u00e1cie o pou\u017e\u00edvan\u00ed webovej str\u00e1nky<\/b><b><br \/><\/b><span style=\"font-weight: 400;\">S\u0165ahovanie alebo tla\u010d jednotliv\u00fdch str\u00e1nok alebo \u010dast\u00ed na\u0161ej webovej str\u00e1nky je povolen\u00e9 na s\u00fakromn\u00e9 \u00fa\u010dely.<\/span><span style=\"font-weight: 400;\"><br \/><\/span><span style=\"font-weight: 400;\"> \u00dapln\u00e1 alebo \u010diasto\u010dn\u00e1 reprodukcia, distrib\u00facia, prenos (elektronick\u00fd alebo in\u00fd), \u00faprava alebo pou\u017e\u00edvanie tejto webovej str\u00e1nky na verejn\u00e9 alebo komer\u010dn\u00e9 \u00fa\u010dely je bez n\u00e1\u0161ho predch\u00e1dzaj\u00faceho p\u00edsomn\u00e9ho s\u00fahlasu zak\u00e1zan\u00e9.<\/span><\/p>\n<p><b>Autorizovan\u00e9 pou\u017eitie na nekomer\u010dn\u00e9 \u00fa\u010dely: <\/b><b><br \/><\/b><span style=\"font-weight: 400;\">Pou\u017e\u00edvanie na\u0161ich obr\u00e1zkov v\u00fdrobkov na reklamu v miestnych obchodoch je povolen\u00e9 za t\u00fdchto podmienok:<\/span><\/p>\n<ul>\n<li style=\"font-weight: 400;\" aria-level=\"1\"><span style=\"font-weight: 400;\">V\u0161etky obr\u00e1zky musia by\u0165 ozna\u010den\u00e9 zdrojom a na\u0161\u00edm logom (ANTSTORE\/ ANTCUBE\/ PLANTCUBE). <\/span><span style=\"font-weight: 400;\"><br \/><\/span><b>Tla\u010doviny: <\/b><span style=\"font-weight: 400;\">Zdroj: <\/span><a href=\"https:\/\/www.antstore.de\"><span style=\"font-weight: 400;\">www.antstore.de<\/span><span style=\"font-weight: 400;\"><br \/><\/span><\/a><b> Webov\u00e9 str\u00e1nky: <\/b><span style=\"font-weight: 400;\">Zdroj: <\/span><a href=\"https:\/\/www.antstore.de\"><span style=\"font-weight: 400;\">www.antstore.de<\/span><\/a><span style=\"font-weight: 400;\"> (s odkazom na www.antstore.net\/shop\/) alebo <\/span><a href=\"https:\/\/www.antcube.shop\"><span style=\"font-weight: 400;\">www.antcube.shop<\/span><\/a><\/li>\n<\/ul>\n<p><span style=\"font-weight: 400;\">Ak m\u00e1te ak\u00e9ko\u013evek ot\u00e1zky t\u00fdkaj\u00face sa spr\u00e1vneho umiestnenia loga a chcete ho z\u00edska\u0165 ako digit\u00e1lny s\u00fabor, kontaktujte n\u00e1s na adrese marketing@antcube.de.<\/span><\/p>\n<p><b>D\u00f4le\u017eit\u00e9 upozornenie: <\/b><b><br \/><\/b><span style=\"font-weight: 400;\">Pou\u017e\u00edvanie na\u0161ich obr\u00e1zkov v internetov\u00fdch obchodoch alebo na in\u00e9 komer\u010dn\u00e9 \u00fa\u010dely je bez p\u00edsomn\u00e9ho s\u00fahlasu zak\u00e1zan\u00e9.<\/span><\/p>\n<p><b>Pozn\u00e1mka k odkazom na webovej str\u00e1nke <\/b><b><br \/><\/b><span style=\"font-weight: 400;\">Na\u0161a webov\u00e1 str\u00e1nka obsahuje odkazy na extern\u00e9 webov\u00e9 str\u00e1nky. Za obsah t\u00fdchto webov\u00fdch str\u00e1nok nenesieme \u017eiadnu zodpovednos\u0165, preto\u017ee nem\u00e1me vplyv na ich dizajn a obsah.<\/span><\/p>\n<p><span style=\"font-weight: 400;\">V\u00fdslovne vyhlasujeme, \u017ee neprij\u00edmame obsah extern\u00fdch str\u00e1nok za svoj vlastn\u00fd.<\/span><span style=\"font-weight: 400;\"><br \/><\/span><span style=\"font-weight: 400;\"> Odkazy na na\u0161ej webovej str\u00e1nke treba ch\u00e1pa\u0165 ako \"\u017eiv\u00e9\" (dynamick\u00e9) odkazy.<\/span><span style=\"font-weight: 400;\"><br \/><\/span><span style=\"font-weight: 400;\"> Ak zist\u00edme, \u017ee konkr\u00e9tna ponuka, na ktor\u00fa sme poskytli odkaz, zaklad\u00e1 ob\u010dianskopr\u00e1vnu alebo trestnopr\u00e1vnu zodpovednos\u0165, tento odkaz odstr\u00e1nime, ak je to technicky mo\u017en\u00e9 a primeran\u00e9.<\/span><\/p>\n<p>Dizajn, obsah a technick\u00e1 realiz\u00e1cia: Janik Wiedemann<\/p>\n\n\t\t<\/div>\n\t\t\t\t\t<\/div>\n\n\t\n\n<\/div>","protected":false},"excerpt":{"rendered":"","protected":false},"author":1,"featured_media":0,"parent":0,"menu_order":0,"comment_status":"closed","ping_status":"closed","template":"","meta":{"_acf_changed":false,"content-type":"","_monsterinsights_skip_tracking":false,"_monsterinsights_sitenote_active":false,"_monsterinsights_sitenote_note":"","_monsterinsights_sitenote_category":0,"footnotes":""},"class_list":["post-630","page","type-page","status-publish","hentry"],"acf":[],"aioseo_notices":[],"jetpack_sharing_enabled":true,"_links":{"self":[{"href":"https:\/\/antcube.shop\/sk\/wp-json\/wp\/v2\/pages\/630","targetHints":{"allow":["GET"]}}],"collection":[{"href":"https:\/\/antcube.shop\/sk\/wp-json\/wp\/v2\/pages"}],"about":[{"href":"https:\/\/antcube.shop\/sk\/wp-json\/wp\/v2\/types\/page"}],"author":[{"embeddable":true,"href":"https:\/\/antcube.shop\/sk\/wp-json\/wp\/v2\/users\/1"}],"replies":[{"embeddable":true,"href":"https:\/\/antcube.shop\/sk\/wp-json\/wp\/v2\/comments?post=630"}],"version-history":[{"count":10,"href":"https:\/\/antcube.shop\/sk\/wp-json\/wp\/v2\/pages\/630\/revisions"}],"predecessor-version":[{"id":12006,"href":"https:\/\/antcube.shop\/sk\/wp-json\/wp\/v2\/pages\/630\/revisions\/12006"}],"wp:attachment":[{"href":"https:\/\/antcube.shop\/sk\/wp-json\/wp\/v2\/media?parent=630"}],"curies":[{"name":"wp","href":"https:\/\/api.w.org\/{rel}","templated":true}]}}