{"id":628,"date":"2021-07-30T13:29:33","date_gmt":"2021-07-30T11:29:33","guid":{"rendered":"https:\/\/antcube.shop\/?page_id=628"},"modified":"2025-11-17T11:20:38","modified_gmt":"2025-11-17T10:20:38","slug":"predajca","status":"publish","type":"page","link":"https:\/\/antcube.shop\/sk\/predajca\/","title":{"rendered":"Sta\u0148te sa predajcom"},"content":{"rendered":"<div id=\"gap-636711283\" class=\"gap-element clearfix\" style=\"display:block; height:auto;\">\n\t\t\n<style>\n#gap-636711283 {\n  padding-top: 181px;\n}\n@media (min-width:550px) {\n  #gap-636711283 {\n    padding-top: 185px;\n  }\n}\n@media (min-width:850px) {\n  #gap-636711283 {\n    padding-top: 137px;\n  }\n}\n<\/style>\n\t<\/div>\n\t\n\n\n  <div class=\"banner has-hover\" id=\"banner-1965689900\">\n          <div class=\"banner-inner fill\">\n        <div class=\"banner-bg fill\" >\n            <img loading=\"lazy\" decoding=\"async\" width=\"900\" height=\"600\" src=\"https:\/\/i0.wp.com\/antcube.shop\/wp-content\/uploads\/2021\/09\/pexels-thirdman-5684382-scaled.jpg?fit=900%2C600&amp;ssl=1\" class=\"bg attachment-large size-large\" alt=\"\" \/>                        <div class=\"overlay\"><\/div>            \n                    <\/div>\n\t\t\n        <div class=\"banner-layers container\">\n            <div class=\"fill banner-link\"><\/div>            \n\n   <div id=\"text-box-956813084\" class=\"text-box banner-layer x0 md-x50 lg-x50 y50 md-y85 lg-y35 res-text\">\n                                <div class=\"text-box-content text dark text-shadow-3\">\n              \n              <div class=\"text-inner text-center\">\n                  \n\n\t<div id=\"text-1257630456\" class=\"text\">\n\t\t\n\n<h1><strong>H\u013ead\u00e1me predajcov!<\/strong><\/h1>\n<p>H\u013ead\u00e1me predajcov a partnerov na predaj na\u0161ich produktov ANTCUBE chovate\u013eom mravcov na celom svete. Ak sa k n\u00e1m chcete prida\u0165 a podie\u013ea\u0165 sa na vytv\u00e1ran\u00ed celosvetovej komunity milovn\u00edkov mravcov a pr\u00edrody<\/p>\n\t\t\n<style>\n#text-1257630456 {\n  font-size: 0.75rem;\n  line-height: 1;\n  text-align: center;\n}\n@media (min-width:550px) {\n  #text-1257630456 {\n    font-size: 0.95rem;\n  }\n}\n@media (min-width:850px) {\n  #text-1257630456 {\n    font-size: 1.25rem;\n  }\n}\n<\/style>\n\t<\/div>\n\t\n\t<div id=\"text-475126735\" class=\"text\">\n\t\t\n\n<p>Kontaktujte n\u00e1s na adrese\u00a0<\/p>\n\t\t\n<style>\n#text-475126735 {\n  font-size: 1.05rem;\n  line-height: 0.75;\n}\n@media (min-width:550px) {\n  #text-475126735 {\n    font-size: 2.25rem;\n  }\n}\n<\/style>\n\t<\/div>\n\t\n\t<div id=\"text-1764107717\" class=\"text\">\n\t\t\n\n<p>sales@antcube.de<\/p>\n\t\t\n<style>\n#text-1764107717 {\n  font-size: 0.75rem;\n  line-height: 0.75;\n}\n@media (min-width:550px) {\n  #text-1764107717 {\n    font-size: 2.25rem;\n  }\n}\n<\/style>\n\t<\/div>\n\t\n\n              <\/div>\n           <\/div>\n                            \n<style>\n#text-box-956813084 {\n  width: 100%;\n}\n#text-box-956813084 .text-box-content {\n  font-size: 100%;\n}\n@media (min-width:550px) {\n  #text-box-956813084 {\n    width: 87%;\n  }\n}\n<\/style>\n    <\/div>\n \n\n        <\/div>\n      <\/div>\n\n              <div class=\"height-fix is-invisible\"><img loading=\"lazy\" decoding=\"async\" width=\"900\" height=\"600\" src=\"https:\/\/i0.wp.com\/antcube.shop\/wp-content\/uploads\/2021\/09\/pexels-thirdman-5684382-scaled.jpg?fit=900%2C600&amp;ssl=1\" class=\"attachment-large size-large\" alt=\"\" srcset=\"https:\/\/i0.wp.com\/antcube.shop\/wp-content\/uploads\/2021\/09\/pexels-thirdman-5684382-scaled.jpg?w=2560&amp;ssl=1 2560w, https:\/\/i0.wp.com\/antcube.shop\/wp-content\/uploads\/2021\/09\/pexels-thirdman-5684382-scaled.jpg?resize=510%2C340&amp;ssl=1 510w, https:\/\/i0.wp.com\/antcube.shop\/wp-content\/uploads\/2021\/09\/pexels-thirdman-5684382-scaled.jpg?resize=600%2C400&amp;ssl=1 600w, https:\/\/i0.wp.com\/antcube.shop\/wp-content\/uploads\/2021\/09\/pexels-thirdman-5684382-scaled.jpg?resize=1200%2C800&amp;ssl=1 1200w, https:\/\/i0.wp.com\/antcube.shop\/wp-content\/uploads\/2021\/09\/pexels-thirdman-5684382-scaled.jpg?resize=768%2C512&amp;ssl=1 768w, https:\/\/i0.wp.com\/antcube.shop\/wp-content\/uploads\/2021\/09\/pexels-thirdman-5684382-scaled.jpg?resize=1536%2C1024&amp;ssl=1 1536w, https:\/\/i0.wp.com\/antcube.shop\/wp-content\/uploads\/2021\/09\/pexels-thirdman-5684382-scaled.jpg?resize=2048%2C1365&amp;ssl=1 2048w\" sizes=\"auto, (max-width: 900px) 100vw, 900px\" \/><\/div>\n            \n<style>\n#banner-1965689900 .overlay {\n  background-color: rgba(0, 0, 0, 0.174);\n}\n#banner-1965689900 .banner-bg img {\n  object-position: 50% 45%;\n}\n<\/style>\n  <\/div>\n\n\n\t<div id=\"gap-1204515397\" class=\"gap-element clearfix\" style=\"display:block; height:auto;\">\n\t\t\n<style>\n#gap-1204515397 {\n  padding-top: 30px;\n}\n<\/style>\n\t<\/div>\n\t\n\n<div class=\"row\"  id=\"row-985284417\">\n\n\n\t<div id=\"col-795137610\" class=\"col small-12 large-12\"  >\n\t\t\t\t<div class=\"col-inner\"  >\n\t\t\t\n\t\t\t\n\n<div class=\"wp-block-cover alignfull has-nv-site-bg-background-color has-background-dim\">\n<div class=\"wp-block-cover__inner-container\">\n<h2 class=\"has-text-align-center has-neve-text-color-color has-text-color\">M\u00e1te z\u00e1ujem o predaj na\u0161ich produktov?<\/h2>\n<\/div>\n<\/div>\n<h2 class=\"has-text-align-center has-medium-font-size\">N\u00e1\u0161 cie\u013e<\/h2>\n<p class=\"has-text-align-center\">H\u013ead\u00e1me predajcov a partnerov na predaj na\u0161ich produktov ANTCUBE chovate\u013eom mravcov na celom svete. Chceme vytvori\u0165 medzin\u00e1rodn\u00fa komunitu majite\u013eov obchodov a hobbyistov, aby sa chov mravcov stal popul\u00e1rnej\u0161\u00edm a profesion\u00e1lnej\u0161\u00edm. Ak u\u017e vlastn\u00edte obchod alebo h\u013ead\u00e1te nov\u00fa obchodn\u00fa pr\u00edle\u017eitos\u0165, nev\u00e1hajte n\u00e1s kontaktova\u0165.<\/p>\n<h2 class=\"has-text-align-center has-medium-font-size\">Chov mravcov je rast\u00faci biznis<\/h2>\n<p class=\"has-text-align-center\">Chov mravcov sa v posledn\u00fdch rokoch stal ve\u013emi popul\u00e1rnym. Sme svedkami rast\u00facej komunity v\u00e1\u0161niv\u00fdch milovn\u00edkov mravcov z cel\u00e9ho sveta. Okrem toho dost\u00e1vame \u010doraz viac \u017eiadost\u00ed od spolo\u010dnost\u00ed, zoologick\u00fdch z\u00e1hrad, m\u00faze\u00ed, univerz\u00edt, vedeck\u00fdch in\u0161tit\u00faci\u00ed at\u010f.<\/p>\n<h2 class=\"has-text-align-center has-medium-font-size\" style=\"font-size: 23.04px;\">\u00a0<\/h2>\n<p><img data-recalc-dims=\"1\" loading=\"lazy\" decoding=\"async\" class=\"size-medium wp-image-3944 aligncenter\" src=\"https:\/\/i0.wp.com\/antcube.shop\/wp-content\/uploads\/2021\/11\/Palette-Beispiel-mit-Export-600x400.jpg?resize=600%2C400&#038;ssl=1\" alt=\"\" width=\"600\" height=\"400\" srcset=\"https:\/\/i0.wp.com\/antcube.shop\/wp-content\/uploads\/2021\/11\/Palette-Beispiel-mit-Export-scaled.jpg?resize=600%2C400&amp;ssl=1 600w, https:\/\/i0.wp.com\/antcube.shop\/wp-content\/uploads\/2021\/11\/Palette-Beispiel-mit-Export-scaled.jpg?resize=1200%2C800&amp;ssl=1 1200w, https:\/\/i0.wp.com\/antcube.shop\/wp-content\/uploads\/2021\/11\/Palette-Beispiel-mit-Export-scaled.jpg?resize=768%2C512&amp;ssl=1 768w, https:\/\/i0.wp.com\/antcube.shop\/wp-content\/uploads\/2021\/11\/Palette-Beispiel-mit-Export-scaled.jpg?resize=1536%2C1024&amp;ssl=1 1536w, https:\/\/i0.wp.com\/antcube.shop\/wp-content\/uploads\/2021\/11\/Palette-Beispiel-mit-Export-scaled.jpg?resize=2048%2C1365&amp;ssl=1 2048w, https:\/\/i0.wp.com\/antcube.shop\/wp-content\/uploads\/2021\/11\/Palette-Beispiel-mit-Export-scaled.jpg?resize=18%2C12&amp;ssl=1 18w, https:\/\/i0.wp.com\/antcube.shop\/wp-content\/uploads\/2021\/11\/Palette-Beispiel-mit-Export-scaled.jpg?resize=510%2C340&amp;ssl=1 510w\" sizes=\"auto, (max-width: 600px) 100vw, 600px\" \/><\/p>\n<h2 class=\"has-text-align-center has-medium-font-size\">Pre\u010do pr\u00e1ve ANTCUBE?<\/h2>\n<p class=\"has-text-align-center\">Sme jedn\u00fdm z najv\u00e4\u010d\u0161\u00edch a najdlh\u0161ie existuj\u00facich mraven\u00edsk na svete. Viac ako 20 rokov sk\u00fasenost\u00ed s chovom mravcov a budovan\u00edm formik\u00e1ri\u00ed z n\u00e1s urobilo to, \u010d\u00edm sme dnes. Sme presved\u010den\u00ed, \u017ee kvalita, trvanlivos\u0165 a udr\u017eate\u013enos\u0165 s\u00fa \u010doraz d\u00f4le\u017eitej\u0161ie. Preto sa zameriavame na sklo ako materi\u00e1l na\u0161ich formik\u00e1ri\u00ed. Na rozdiel od akrylu a plastu zanech\u00e1va sklo ove\u013ea men\u0161iu ekologick\u00fa stopu. Okrem toho pracujeme na \u00faplne recyklovate\u013en\u00fdch obaloch.<\/p>\n<p class=\"has-text-align-center\">V\u00fdhodou skla je aj to, \u017ee sa neznehodnocuje pri \u017eiadnej teplote alebo vlhkosti vhodnej na chov mravcov. Sklenen\u00e9 tabule sa tak r\u00fdchlo nepo\u0161kriabu, nedeformuj\u00fa sa a nemenia farbu. \u010cistenie a obsluha s\u00fa jednoduch\u00e9, vzh\u013ead je ve\u013emi prirodzen\u00fd a elegantn\u00fd. Na\u0161a \u00fanikov\u00e1 ochrana je ve\u013emi \u00fa\u010dinn\u00e1 aj pri obzvl\u00e1\u0161\u0165 mal\u00fdch druhoch mravcov a existuj\u00fa nekone\u010dn\u00e9 mo\u017enosti prisp\u00f4sobenia a roz\u0161\u00edrenia.<\/p>\n<h2 class=\"has-text-align-center has-medium-font-size\">Pre\u010do chova\u0165 mravce?<\/h2>\n<p class=\"has-text-align-center\">Mravce sa v z\u00e1vislosti od druhu chovaj\u00fa ve\u013emi \u013eahko. Nepotrebujete ve\u013ea priestoru a m\u00f4\u017eete ich k\u0155mi\u0165 takmer \u010d\u00edmko\u013evek. Mravce nesp\u00f4sobuj\u00fa takmer \u017eiadne z\u00e1pachy, s\u00fa to ve\u013emi \u010dist\u00e9 zvierat\u00e1, nevyd\u00e1vaj\u00fa \u017eiadny hluk a po obstaran\u00ed kol\u00f3nie a formik\u00e1ria neprodukuj\u00fa takmer \u017eiadne n\u00e1klady. Okrem toho nikdy nemusia chodi\u0165 k veterin\u00e1rovi.<\/p>\n<p class=\"has-text-align-center\">Mravce s\u00fa neuverite\u013ene fascinuj\u00face. Pozorova\u0165 jedin\u00fa kr\u00e1\u013eovn\u00fa, ako v priebehu rokov vychov\u00e1va prv\u00e9 robotnice a potom sledova\u0165, ako sa jej kol\u00f3nia v priebehu rokov rozrast\u00e1 na tis\u00edce \u010dlenov v\u010faka dokonalej spolupr\u00e1ci a vyu\u017e\u00edvaniu zdrojov, je jedine\u010dn\u00fd z\u00e1\u017eitok. S\u00fa to mimoriadne soci\u00e1lne \u017eivo\u010d\u00edchy a niektor\u00e9 druhy tvoria r\u00f4zne kasty, ako s\u00fa robotn\u00edci, vojaci, po\u013enohospod\u00e1ri alebo dokonca o\u0161etrovatelia, a h\u00e1dajte \u010do, v\u0161etky s\u00fa to sami\u010dky. Mravce s\u00fa tie\u017e nesmierne d\u00f4le\u017eit\u00e9 pre na\u0161e \u017eivotn\u00e9 prostredie. Nielen\u017ee s\u00fa pr\u00edtomn\u00e9 v ka\u017edom ob\u00fdvate\u013enom ekosyst\u00e9me na svete, ale s\u00fa \u0161pecializovanej\u0161ie a v\u0161estrannej\u0161ie ako ktor\u00fdko\u013evek in\u00fd druh. Mravce s\u00fa n\u00e1m podobn\u00e9 aj sp\u00f4sobom \u017eivota. V\u010faka de\u013ebe pr\u00e1ce, spolo\u010dn\u00e9mu \u017eivotu vo ve\u013ek\u00fdch kol\u00f3ni\u00e1ch v obmedzenom priestore a vyu\u017e\u00edvaniu r\u00f4znych \u00farovn\u00ed potravinov\u00e9ho re\u0165azca vo v\u0161etk\u00fdch ekosyst\u00e9moch s\u00fa tak\u00e9 \u00faspe\u0161n\u00e9, rovnako ako my \u013eudia. Jedin\u00fd rozdiel je v tom, \u017ee my nie sme ani z\u010faleka tak\u00ed efekt\u00edvni a mravce existuj\u00fa u\u017e viac ako 130 mili\u00f3nov rokov, zatia\u013e \u010do \u013eudia len pribli\u017ene 300 000 rokov.<\/p>\n\n\t\t<\/div>\n\t\t\t\t\t<\/div>\n\n\t\n\n<\/div>\n<div class=\"row\"  id=\"row-1021463665\">\n\n\n\t<div id=\"col-50757951\" class=\"col medium-6 large-6\"  >\n\t\t\t\t<div class=\"col-inner\" style=\"background-color:#61ca9f;\" >\n\t\t\t\n\t\t\t\n\n<div class=\"container section-title-container\" ><h3 class=\"section-title section-title-normal\"><b aria-hidden=\"true\"><\/b><span class=\"section-title-main\" ><i class=\"icon-envelop\" aria-hidden=\"true\"><\/i>Kontaktujte n\u00e1s<\/span><b aria-hidden=\"true\"><\/b><\/h3><\/div>\n\n\t<div id=\"text-1782016507\" class=\"text\">\n\t\t\n\n<\/p>\n<ul>\n<li><strong>E-mail<\/strong>: sales@antcube.de<\/li>\n<li><strong>Telef\u00f3n<\/strong>: +49 30 439703870<\/li>\n<\/ul>\n<p><strong>Pracovn\u00fd \u010das <\/strong>(UTC\/GMT +1):<\/p>\n<ul>\n<li>Utorok a\u017e piatok od 10:00 do 18:00<\/li>\n<\/ul>\n\n\t\t\n<style>\n#text-1782016507 {\n  font-size: 0.75rem;\n}\n@media (min-width:550px) {\n  #text-1782016507 {\n    font-size: 1.5rem;\n  }\n}\n<\/style>\n\t<\/div>\n\t\n\t<div id=\"gap-54092629\" class=\"gap-element clearfix\" style=\"display:block; height:auto;\">\n\t\t\n<style>\n#gap-54092629 {\n  padding-top: 60px;\n}\n<\/style>\n\t<\/div>\n\t\n\n\t<div class=\"img has-hover x md-x lg-x y md-y lg-y\" id=\"image_2013326225\">\n\t\t\t\t\t\t\t\t<div class=\"img-inner dark\" >\n\t\t\t<img data-recalc-dims=\"1\" loading=\"lazy\" decoding=\"async\" width=\"900\" height=\"900\" src=\"https:\/\/i0.wp.com\/antcube.shop\/wp-content\/uploads\/2021\/09\/Firmeneingang.jpg?resize=900%2C900&#038;ssl=1\" class=\"attachment-original size-original\" alt=\"Vstup do ANTSTORE\" srcset=\"https:\/\/i0.wp.com\/antcube.shop\/wp-content\/uploads\/2021\/09\/Firmeneingang.jpg?w=900&amp;ssl=1 900w, https:\/\/i0.wp.com\/antcube.shop\/wp-content\/uploads\/2021\/09\/Firmeneingang.jpg?resize=247%2C247&amp;ssl=1 247w, https:\/\/i0.wp.com\/antcube.shop\/wp-content\/uploads\/2021\/09\/Firmeneingang.jpg?resize=100%2C100&amp;ssl=1 100w, https:\/\/i0.wp.com\/antcube.shop\/wp-content\/uploads\/2021\/09\/Firmeneingang.jpg?resize=510%2C510&amp;ssl=1 510w, https:\/\/i0.wp.com\/antcube.shop\/wp-content\/uploads\/2021\/09\/Firmeneingang.jpg?resize=400%2C400&amp;ssl=1 400w, https:\/\/i0.wp.com\/antcube.shop\/wp-content\/uploads\/2021\/09\/Firmeneingang.jpg?resize=800%2C800&amp;ssl=1 800w, https:\/\/i0.wp.com\/antcube.shop\/wp-content\/uploads\/2021\/09\/Firmeneingang.jpg?resize=280%2C280&amp;ssl=1 280w, https:\/\/i0.wp.com\/antcube.shop\/wp-content\/uploads\/2021\/09\/Firmeneingang.jpg?resize=768%2C768&amp;ssl=1 768w\" sizes=\"auto, (max-width: 900px) 100vw, 900px\" \/>\t\t\t\t\t\t\n\t\t\t\t\t<\/div>\n\t\t\t\t\t\t\t\t\n<style>\n#image_2013326225 {\n  width: 100%;\n}\n<\/style>\n\t<\/div>\n\t\n\n\n\t\t<\/div>\n\t\t\t\t\t<\/div>\n\n\t\n\n\t<div id=\"col-241400350\" class=\"col medium-6 large-6\"  >\n\t\t\t\t<div class=\"col-inner\"  >\n\t\t\t\n\t\t\t\n\n<div class=\"container section-title-container\" ><h3 class=\"section-title section-title-normal\"><b aria-hidden=\"true\"><\/b><span class=\"section-title-main\" >Nav\u0161t\u00edvte n\u00e1\u0161 obchod<\/span><b aria-hidden=\"true\"><\/b><\/h3><\/div>\n\n\t<div id=\"text-606326959\" class=\"text\">\n\t\t\n\n<p><strong>Adresa:<\/strong><\/p>\n<ul>\n<li>Ulica: Selerweg 41<\/li>\n<li>Po\u0161tov\u00e9 smerovacie \u010d\u00edslo: D - 12169<\/li>\n<li>Mesto: Berl\u00edn<\/li>\n<li>Krajina: Nemecko<\/li>\n<li>Okres: Steglitz-Zehlendorf<\/li>\n<\/ul>\n<p><strong>Otv\u00e1racie hodiny<\/strong> (UTC\/GMT +1)<\/p>\n<ul>\n<li>Utorok a\u017e piatok 13:00 - 18:00<\/li>\n<\/ul>\n<p><strong>COVID-19 POZN\u00c1MKA:<\/strong> Na\u0161a maloobchodn\u00e1 predaj\u0148a je <strong>zatvoren\u00e9 od marca 2020<\/strong> alebo e\u0161te nie s\u00fa pr\u00edstupn\u00e9 n\u00e1v\u0161tevn\u00edkom. Na\u0161e v\u00fdrobky si v\u0161ak m\u00f4\u017eete objedna\u0165 a zaplati\u0165 online a potom si v\u0161etko vyzdvihn\u00fa\u0165 pred na\u0161imi dverami alebo v\u00e1m v\u00fdrobky po\u0161leme bal\u00edkovou slu\u017ebou a\u017e domov. N\u00e1\u0161 t\u00edm podpory je st\u00e1le k dispoz\u00edcii pre va\u0161e po\u017eiadavky prostredn\u00edctvom e-mailu alebo telef\u00f3nu! Budeme v\u00e1s informova\u0165 o aktu\u00e1lnych inform\u00e1ci\u00e1ch.<\/p>\n<p><iframe loading=\"lazy\" style=\"border: 0;\" src=\"https:\/\/www.google.com\/maps\/embed?pb=!1m18!1m12!1m3!1d2431.3708399886823!2d13.335121715997175!3d52.454311048847416!2m3!1f0!2f0!3f0!3m2!1i1024!2i768!4f13.1!3m3!1m2!1s0x47a85a9242e5bc07%3A0xc44ee1d5a0728440!2sANTSTORE!5e0!3m2!1sde!2sde!4v1632470583913!5m2!1sde!2sde\" width=\"600\" height=\"450\" allowfullscreen=\"allowfullscreen\"><\/iframe><\/p>\n\t\t\n<style>\n#text-606326959 {\n  font-size: 0.75rem;\n}\n<\/style>\n\t<\/div>\n\t\n\n\t\t<\/div>\n\t\t\t\t\t<\/div>\n\n\t\n\n<\/div>","protected":false},"excerpt":{"rendered":"","protected":false},"author":1,"featured_media":0,"parent":0,"menu_order":0,"comment_status":"closed","ping_status":"closed","template":"","meta":{"_acf_changed":false,"content-type":"","_monsterinsights_skip_tracking":false,"_monsterinsights_sitenote_active":false,"_monsterinsights_sitenote_note":"","_monsterinsights_sitenote_category":0,"footnotes":""},"class_list":["post-628","page","type-page","status-publish","hentry"],"acf":[],"aioseo_notices":[],"jetpack_sharing_enabled":true,"_links":{"self":[{"href":"https:\/\/antcube.shop\/sk\/wp-json\/wp\/v2\/pages\/628","targetHints":{"allow":["GET"]}}],"collection":[{"href":"https:\/\/antcube.shop\/sk\/wp-json\/wp\/v2\/pages"}],"about":[{"href":"https:\/\/antcube.shop\/sk\/wp-json\/wp\/v2\/types\/page"}],"author":[{"embeddable":true,"href":"https:\/\/antcube.shop\/sk\/wp-json\/wp\/v2\/users\/1"}],"replies":[{"embeddable":true,"href":"https:\/\/antcube.shop\/sk\/wp-json\/wp\/v2\/comments?post=628"}],"version-history":[{"count":10,"href":"https:\/\/antcube.shop\/sk\/wp-json\/wp\/v2\/pages\/628\/revisions"}],"predecessor-version":[{"id":12738,"href":"https:\/\/antcube.shop\/sk\/wp-json\/wp\/v2\/pages\/628\/revisions\/12738"}],"wp:attachment":[{"href":"https:\/\/antcube.shop\/sk\/wp-json\/wp\/v2\/media?parent=628"}],"curies":[{"name":"wp","href":"https:\/\/api.w.org\/{rel}","templated":true}]}}