{"id":616,"date":"2021-07-30T13:10:43","date_gmt":"2021-07-30T11:10:43","guid":{"rendered":"https:\/\/antcube.shop\/?page_id=616"},"modified":"2023-12-15T13:09:49","modified_gmt":"2023-12-15T12:09:49","slug":"stiahnut","status":"publish","type":"page","link":"https:\/\/antcube.shop\/sk\/stiahnut\/","title":{"rendered":"Stiahnite si"},"content":{"rendered":"<div id=\"gap-1807195460\" class=\"gap-element clearfix\" style=\"display:block; height:auto;\">\n\t\t\n<style>\n#gap-1807195460 {\n  padding-top: 196px;\n}\n@media (min-width:850px) {\n  #gap-1807195460 {\n    padding-top: 171px;\n  }\n}\n<\/style>\n\t<\/div>\n\t\n\n<div class=\"row\"  id=\"row-18637784\">\n\n\n\t<div id=\"col-2076804206\" class=\"col small-12 large-12\"  >\n\t\t\t\t<div class=\"col-inner\"  >\n\t\t\t\n\t\t\t\n\n<h1 style=\"text-align: center;\">Stiahnite si<\/h1>\n<p style=\"text-align: center;\">Tu n\u00e1jdete preh\u013ead n\u00e1\u0161ho bezplatn\u00e9ho obsahu na stiahnutie.<\/p>\n<h3 class=\"accordion_title\">Pou\u017e\u00edvate\u013esk\u00e9 pr\u00edru\u010dky pre na\u0161e \u0161tartovacie sady<\/h3><div class=\"accordion\">\n\n\t<div id=\"accordion-258700728\" class=\"accordion-item\">\n\t\t<a id=\"accordion-258700728-label\" class=\"accordion-title plain\" href=\"#accordion-item-german-user-manuals\" aria-expanded=\"false\" aria-controls=\"accordion-258700728-content\">\n\t\t\t<button class=\"toggle\" aria-label=\"Prep\u00edna\u010d\"><i class=\"icon-angle-down\" aria-hidden=\"true\"><\/i><\/button>\n\t\t\t<span>Nemeck\u00e9 pou\u017e\u00edvate\u013esk\u00e9 pr\u00edru\u010dky<\/span>\n\t\t<\/a>\n\t\t<div id=\"accordion-258700728-content\" class=\"accordion-inner\" aria-labelledby=\"accordion-258700728-label\">\n\t\t\t\n\n<p><a href=\"https:\/\/antcube.shop\/wp-content\/uploads\/2021\/10\/Gebrauchsanweisung-Starter-Set-Combi-1.pdf\">Gebrauchsanweisung \u0160tartovacia sada Combi<\/a><\/p>\n<p><a href=\"https:\/\/antcube.shop\/wp-content\/uploads\/2021\/10\/Gebrauchsanweisung-Starter-Set-Digfix-1.pdf\">Gebrauchsanweisung \u0160tartovacia sada Digfix<\/a><\/p>\n<p><a href=\"https:\/\/antcube.shop\/wp-content\/uploads\/2021\/10\/Gebrauchsanweisung-Starter-Set-Gips.pdf\">Gebrauchsanweisung \u0160tartovacia sada Gips<\/a><\/p>\n<p><a href=\"https:\/\/antcube.shop\/wp-content\/uploads\/2021\/10\/Gebrauchsanweisung-Starter-Set-Habitat-1.pdf\">Gebrauchsanweisung \u0160tartovacia sada Habitat<\/a><\/p>\n<p><a href=\"https:\/\/antcube.shop\/wp-content\/uploads\/2021\/10\/Gebrauchsanweisung-Starter-Set-Kork.pdf\">Gebrauchsanweisung Starter Set Kork<\/a><\/p>\n<p><a href=\"https:\/\/antcube.shop\/wp-content\/uploads\/2021\/10\/Gebrauchsanweisung-Starter-Set-Ernteameisen.pdf\">Gebrauchsanweisung Starter Set Ernteameisen<\/a><\/p>\n\n\t\t<\/div>\n\t<\/div>\n\t\n\t<div id=\"accordion-1631864810\" class=\"accordion-item\">\n\t\t<a id=\"accordion-1631864810-label\" class=\"accordion-title plain\" href=\"#accordion-item-english-user-manuals\" aria-expanded=\"false\" aria-controls=\"accordion-1631864810-content\">\n\t\t\t<button class=\"toggle\" aria-label=\"Prep\u00edna\u010d\"><i class=\"icon-angle-down\" aria-hidden=\"true\"><\/i><\/button>\n\t\t\t<span>Anglick\u00e9 pou\u017e\u00edvate\u013esk\u00e9 pr\u00edru\u010dky<\/span>\n\t\t<\/a>\n\t\t<div id=\"accordion-1631864810-content\" class=\"accordion-inner\" aria-labelledby=\"accordion-1631864810-label\">\n\t\t\t\n\n<p><a href=\"https:\/\/antcube.shop\/wp-content\/uploads\/2021\/10\/User-manual-Starter-Set-Combi.docx1_.pdf\">Pou\u017e\u00edvate\u013esk\u00e1 pr\u00edru\u010dka - \u0161tartovacia s\u00faprava Combi<\/a><\/p>\n<p><a href=\"https:\/\/antcube.shop\/wp-content\/uploads\/2021\/10\/User-manual-Starter-Set-Digfix-.docx1_.pdf\">Pou\u017e\u00edvate\u013esk\u00e1 pr\u00edru\u010dka - \u0161tartovacia sada Digfix<\/a><\/p>\n<p><a href=\"https:\/\/antcube.shop\/wp-content\/uploads\/2021\/10\/User-manual-Starter-Set-Plaster.docx1_.pdf\">Pou\u017e\u00edvate\u013esk\u00e1 pr\u00edru\u010dka - \u0161tartovacia sada sadra\/omietka<\/a><\/p>\n<p><a href=\"https:\/\/antcube.shop\/wp-content\/uploads\/2021\/10\/User-manual-Starter-Set-Habitat.docx1_.pdf\">Pou\u017e\u00edvate\u013esk\u00e1 pr\u00edru\u010dka - \u0161tartovacia sada Habitat<\/a><\/p>\n<p><a href=\"https:\/\/antcube.shop\/wp-content\/uploads\/2021\/10\/User-manual-Starter-Set-Cork-.docx1_.pdf\">Pou\u017e\u00edvate\u013esk\u00e1 pr\u00edru\u010dka - \u0161tartovacia sada Cork<\/a><\/p>\n<p><a href=\"https:\/\/antcube.shop\/wp-content\/uploads\/2021\/10\/User-manual-Starter-Set-for-Harvester-Ants.docx1_.pdf\">Pou\u017e\u00edvate\u013esk\u00e1 pr\u00edru\u010dka - \u0160tartovacia sada pre mravce Harvester<\/a><\/p>\n\n\t\t<\/div>\n\t<\/div>\n\t\n\t<div id=\"accordion-805377366\" class=\"accordion-item\">\n\t\t<a id=\"accordion-805377366-label\" class=\"accordion-title plain\" href=\"#accordion-item-spanish-user-manuals\" aria-expanded=\"false\" aria-controls=\"accordion-805377366-content\">\n\t\t\t<button class=\"toggle\" aria-label=\"Prep\u00edna\u010d\"><i class=\"icon-angle-down\" aria-hidden=\"true\"><\/i><\/button>\n\t\t\t<span>\u0160panielske pou\u017e\u00edvate\u013esk\u00e9 pr\u00edru\u010dky<\/span>\n\t\t<\/a>\n\t\t<div id=\"accordion-805377366-content\" class=\"accordion-inner\" aria-labelledby=\"accordion-805377366-label\">\n\t\t\t\n\n<p><a href=\"https:\/\/antcube.shop\/wp-content\/uploads\/2021\/10\/Manual-de-instrucciones-Set-de-inicio-Combi.docx1_.pdf\">Manu\u00e1l s in\u0161trukciami - Set de inicio Combi<\/a><\/p>\n<p><a href=\"https:\/\/antcube.shop\/wp-content\/uploads\/2021\/10\/Manual-de-instrucciones-Set-de-inicio-Digfix.docx1_.pdf\">Manu\u00e1l s in\u0161trukciami - Set de inicio Digfix<\/a><\/p>\n<p><a href=\"https:\/\/antcube.shop\/wp-content\/uploads\/2021\/10\/Manual-de-instrucciones-Set-de-inicio-de-yeso-.docx1_.pdf\">Manu\u00e1l s in\u0161trukciami - Set de inicio de yeso<\/a><\/p>\n<p><a href=\"https:\/\/antcube.shop\/wp-content\/uploads\/2021\/10\/Manual-de-instrucciones-Set-de-inicio-Habitat.docx1_.pdf\">Manu\u00e1l s in\u0161trukciami - Set de inicio H\u00e1bitat<\/a><\/p>\n<p><a href=\"https:\/\/antcube.shop\/wp-content\/uploads\/2021\/10\/Manual-de-instrucciones-Set-de-inicio-de-corcho-.docx1_.pdf\">Manu\u00e1l s in\u0161trukciami - Set de inicio de corcho<\/a><\/p>\n<p><a href=\"https:\/\/antcube.shop\/wp-content\/uploads\/2021\/10\/Manual-de-instrucciones-Set-de-inicio-para-las-hormigas-de-la-cosecha-_-messor.docx1_.pdf\">Manual de instrucciones - Set de inicio para las hormigas de la cosecha - messor<\/a><\/p>\n\n\t\t<\/div>\n\t<\/div>\n\t\n\t<div id=\"accordion-2519549245\" class=\"accordion-item\">\n\t\t<a id=\"accordion-2519549245-label\" class=\"accordion-title plain\" href=\"#accordion-item-french-user-manuals\" aria-expanded=\"false\" aria-controls=\"accordion-2519549245-content\">\n\t\t\t<button class=\"toggle\" aria-label=\"Prep\u00edna\u010d\"><i class=\"icon-angle-down\" aria-hidden=\"true\"><\/i><\/button>\n\t\t\t<span>Franc\u00fazske pou\u017e\u00edvate\u013esk\u00e9 pr\u00edru\u010dky<\/span>\n\t\t<\/a>\n\t\t<div id=\"accordion-2519549245-content\" class=\"accordion-inner\" aria-labelledby=\"accordion-2519549245-label\">\n\t\t\t\n\n<p><a href=\"https:\/\/antcube.shop\/wp-content\/uploads\/2021\/10\/Manuel-dinstruction-Kit-de-demarrage-Combi.docx1_.pdf\">N\u00e1vod na obsluhu - S\u00faprava na demont\u00e1\u017e Combi<\/a><\/p>\n<p><a href=\"https:\/\/antcube.shop\/wp-content\/uploads\/2021\/10\/Manuel-dinstruction-Kit-de-demarrage-Digfix.docx1_.pdf\">Manu\u00e1l s n\u00e1vodom na pou\u017eitie - Kit de d\u00e9marrage Digfix<\/a><\/p>\n<p><a href=\"https:\/\/antcube.shop\/wp-content\/uploads\/2021\/10\/Manuel-dinstruction-Set-de-demarrage-platre.docx1_.pdf\">N\u00e1vod na pou\u017eitie - Set de d\u00e9marrage pl\u00e2tre<\/a><\/p>\n<p><a href=\"https:\/\/antcube.shop\/wp-content\/uploads\/2021\/10\/Manuel-dinstruction-Kit-de-demarrage-Habitat.docx1_.pdf\">Manuel d'instruction - Kit de d\u00e9marrage Habitat<\/a><\/p>\n<p><a href=\"https:\/\/antcube.shop\/wp-content\/uploads\/2021\/10\/Manuel-dinstruction-Kit-de-demarrage-en-liege.docx1_.pdf\">Manuel d'instruction - Kit de d\u00e9marrage en li\u00e8ge<\/a><\/p>\n<p><a href=\"https:\/\/antcube.shop\/wp-content\/uploads\/2021\/10\/Manuel-dinstruction-Kit-de-demarrage-pour-les-fourmis-moissonneuses_-Messor.docx2_.pdf\">Manuel d'instruction - Kit de d\u00e9marrage pour les fourmis moissonneuses_ Messor<\/a><\/p>\n\n\t\t<\/div>\n\t<\/div>\n\t\n\n<\/div>\n\n\t\t<\/div>\n\t\t\t\t\t<\/div>\n\n\t\n\n<\/div>","protected":false},"excerpt":{"rendered":"","protected":false},"author":1,"featured_media":0,"parent":0,"menu_order":0,"comment_status":"closed","ping_status":"closed","template":"","meta":{"_acf_changed":false,"content-type":"","_monsterinsights_skip_tracking":false,"_monsterinsights_sitenote_active":false,"_monsterinsights_sitenote_note":"","_monsterinsights_sitenote_category":0,"footnotes":""},"class_list":["post-616","page","type-page","status-publish","hentry"],"acf":[],"aioseo_notices":[],"jetpack_sharing_enabled":true,"_links":{"self":[{"href":"https:\/\/antcube.shop\/sk\/wp-json\/wp\/v2\/pages\/616","targetHints":{"allow":["GET"]}}],"collection":[{"href":"https:\/\/antcube.shop\/sk\/wp-json\/wp\/v2\/pages"}],"about":[{"href":"https:\/\/antcube.shop\/sk\/wp-json\/wp\/v2\/types\/page"}],"author":[{"embeddable":true,"href":"https:\/\/antcube.shop\/sk\/wp-json\/wp\/v2\/users\/1"}],"replies":[{"embeddable":true,"href":"https:\/\/antcube.shop\/sk\/wp-json\/wp\/v2\/comments?post=616"}],"version-history":[{"count":10,"href":"https:\/\/antcube.shop\/sk\/wp-json\/wp\/v2\/pages\/616\/revisions"}],"predecessor-version":[{"id":6886,"href":"https:\/\/antcube.shop\/sk\/wp-json\/wp\/v2\/pages\/616\/revisions\/6886"}],"wp:attachment":[{"href":"https:\/\/antcube.shop\/sk\/wp-json\/wp\/v2\/media?parent=616"}],"curies":[{"name":"wp","href":"https:\/\/api.w.org\/{rel}","templated":true}]}}