{"id":2479,"date":"2021-09-30T10:43:05","date_gmt":"2021-09-30T08:43:05","guid":{"rendered":"https:\/\/antcube.shop\/?page_id=2479"},"modified":"2023-12-14T13:31:40","modified_gmt":"2023-12-14T12:31:40","slug":"krok-4","status":"publish","type":"page","link":"https:\/\/antcube.shop\/sk\/vyhladavac-mravcov\/medziprodukt\/krok-4\/","title":{"rendered":"Krok 4"},"content":{"rendered":"<div id=\"gap-526798371\" class=\"gap-element clearfix\" style=\"display:block; height:auto;\">\n\t\t\n<style>\n#gap-526798371 {\n  padding-top: 200px;\n}\n@media (min-width:850px) {\n  #gap-526798371 {\n    padding-top: 175px;\n  }\n}\n<\/style>\n\t<\/div>\n\t\n\n<div class=\"row\"  id=\"row-63226470\">\n\n\n\t<div id=\"col-321593270\" class=\"col small-12 large-12\"  >\n\t\t\t\t<div class=\"col-inner\"  >\n\t\t\t\n\t\t\t\n\n\t<div id=\"text-921825980\" class=\"text\">\n\t\t\n\n<h3>Mravce pre sk\u00fasen\u00fdch chovate\u013eov mravcov<\/h3>\n<p>Ke\u010f\u017ee mravce \u017eij\u00fa vo ve\u013emi odli\u0161n\u00fdch biotopoch s ve\u013emi odli\u0161n\u00fdmi klimatick\u00fdmi podmienkami, mus\u00edte sa uisti\u0165, \u017ee dok\u00e1\u017eete zabezpe\u010di\u0165 spr\u00e1vnu teplotu a vlhkos\u0165.<\/p>\n<p>Na udr\u017eanie spr\u00e1vnej vlhkosti sta\u010d\u00ed mravenisko zvlh\u010di\u0165 napr\u00edklad pomocou rozpra\u0161ova\u010da. Pokia\u013e v\u0161ak ide o udr\u017eiavanie spr\u00e1vnej teploty, je to trochu zlo\u017eitej\u0161ie. Potrebujete bu\u010f tepeln\u00fa lampu, vykurovaciu roho\u017e alebo k\u00e1bel, alebo miestnos\u0165, v ktorej mravce chov\u00e1te, vyhrieva\u0165 na spr\u00e1vnu teplotu.<\/p>\n<p>Napriek tomu existuje mnoho druhov, ktor\u00e9 m\u00f4\u017eete uchov\u00e1va\u0165 pri izbovej teplote. Aj ke\u010f je teplota o 1-3 \u00b0C ni\u017e\u0161ia ako odpor\u00fa\u010dan\u00e1, zvy\u010dajne to nie je probl\u00e9m.\u00a0<\/p>\n\t\t\n<style>\n#text-921825980 {\n  text-align: center;\n}\n<\/style>\n\t<\/div>\n\t\n\n\t\t<\/div>\n\t\t\t\t\t<\/div>\n\n\t\n\n<\/div>\n\t<div id=\"text-118523827\" class=\"text\">\n\t\t\n\n<p><strong>Ot\u00e1zka: H\u013ead\u00e1te druh mravca, ktor\u00e9ho m\u00f4\u017eete chova\u0165 pri izbovej teplote?<\/strong><\/p>\n\t\t\n<style>\n#text-118523827 {\n  font-size: 1.8rem;\n  text-align: center;\n}\n<\/style>\n\t<\/div>\n\t\n<div class=\"row\"  id=\"row-2079509322\">\n\n\n\t<div id=\"col-284824700\" class=\"col medium-6 small-12 large-6\"  >\n\t\t\t\t<div class=\"col-inner\"  >\n\t\t\t\n\t\t\t\n\n<a href=\"https:\/\/antcube.shop\/ant-finder\/intermediate\/step-4\/step-7\/\" class=\"button secondary expand\" >\n\t\t<span>\u00c1no, chcem ich uchov\u00e1va\u0165 pri izbovej teplote<\/span>\n\t<\/a>\n\n\n\n\t\t<\/div>\n\t\t\t\t\t<\/div>\n\n\t\n\n\t<div id=\"col-997281207\" class=\"col medium-6 small-12 large-6\"  >\n\t\t\t\t<div class=\"col-inner\"  >\n\t\t\t\n\t\t\t\n\n<a href=\"https:\/\/antcube.shop\/ant-finder\/intermediate\/step-4\/step-8\/\" class=\"button secondary expand\" >\n\t\t<span>Nie, zabezpe\u010d\u00edm potrebn\u00fa teplotu<\/span>\n\t<\/a>\n\n\n\n\t\t<\/div>\n\t\t\t\t\t<\/div>\n\n\t\n\n<\/div>","protected":false},"excerpt":{"rendered":"","protected":false},"author":1,"featured_media":0,"parent":2468,"menu_order":0,"comment_status":"closed","ping_status":"closed","template":"","meta":{"_acf_changed":false,"content-type":"","_monsterinsights_skip_tracking":false,"_monsterinsights_sitenote_active":false,"_monsterinsights_sitenote_note":"","_monsterinsights_sitenote_category":0,"footnotes":""},"class_list":["post-2479","page","type-page","status-publish","hentry"],"acf":[],"aioseo_notices":[],"jetpack_sharing_enabled":true,"_links":{"self":[{"href":"https:\/\/antcube.shop\/sk\/wp-json\/wp\/v2\/pages\/2479","targetHints":{"allow":["GET"]}}],"collection":[{"href":"https:\/\/antcube.shop\/sk\/wp-json\/wp\/v2\/pages"}],"about":[{"href":"https:\/\/antcube.shop\/sk\/wp-json\/wp\/v2\/types\/page"}],"author":[{"embeddable":true,"href":"https:\/\/antcube.shop\/sk\/wp-json\/wp\/v2\/users\/1"}],"replies":[{"embeddable":true,"href":"https:\/\/antcube.shop\/sk\/wp-json\/wp\/v2\/comments?post=2479"}],"version-history":[{"count":10,"href":"https:\/\/antcube.shop\/sk\/wp-json\/wp\/v2\/pages\/2479\/revisions"}],"predecessor-version":[{"id":6793,"href":"https:\/\/antcube.shop\/sk\/wp-json\/wp\/v2\/pages\/2479\/revisions\/6793"}],"up":[{"embeddable":true,"href":"https:\/\/antcube.shop\/sk\/wp-json\/wp\/v2\/pages\/2468"}],"wp:attachment":[{"href":"https:\/\/antcube.shop\/sk\/wp-json\/wp\/v2\/media?parent=2479"}],"curies":[{"name":"wp","href":"https:\/\/api.w.org\/{rel}","templated":true}]}}