{"id":2468,"date":"2021-09-30T10:04:30","date_gmt":"2021-09-30T08:04:30","guid":{"rendered":"https:\/\/antcube.shop\/?page_id=2468"},"modified":"2023-12-15T12:50:52","modified_gmt":"2023-12-15T11:50:52","slug":"medziprodukt","status":"publish","type":"page","link":"https:\/\/antcube.shop\/sk\/vyhladavac-mravcov\/medziprodukt\/","title":{"rendered":"medziprodukt"},"content":{"rendered":"<div id=\"gap-377118730\" class=\"gap-element clearfix\" style=\"display:block; height:auto;\">\n\t\t\n<style>\n#gap-377118730 {\n  padding-top: 200px;\n}\n@media (min-width:850px) {\n  #gap-377118730 {\n    padding-top: 175px;\n  }\n}\n<\/style>\n\t<\/div>\n\t\n\n<div class=\"row\"  id=\"row-1265128725\">\n\n\n\t<div id=\"col-240897129\" class=\"col small-12 large-12\"  >\n\t\t\t\t<div class=\"col-inner\"  >\n\t\t\t\n\t\t\t\n\n\t<div id=\"text-4034320449\" class=\"text\">\n\t\t\n\n<h3>Mravce pre sk\u00fasen\u00fdch chovate\u013eov mravcov<\/h3>\n<p>Mnoh\u00e9 druhy mravcov z chladnej\u0161\u00edch oblast\u00ed potrebuj\u00fa zimn\u00fd sp\u00e1nok. To sa l\u00ed\u0161i v z\u00e1vislosti od p\u00f4vodu druhu. Mravce, ktor\u00e9 hibernuj\u00fa vo vo\u013enej pr\u00edrode, by mali hibernova\u0165 aj u v\u00e1s doma. Ak zvierat\u00e1m neumo\u017en\u00edte prirodzen\u00fa prest\u00e1vku, m\u00f4\u017ee sa spomali\u0165 rast kol\u00f3nie alebo kr\u00e1\u013eovn\u00e1 m\u00f4\u017ee ve\u013emi skoro zahyn\u00fa\u0165.\u00a0<\/p>\n<p>Niektor\u00e9 mravce hibernuj\u00fa len tri mesiace, zatia\u013e \u010do in\u00e9 potrebuj\u00fa obdobie \u0161tyroch a\u017e piatich mesiacov (zvy\u010dajne od novembra do marca). Aj teplota, ktor\u00fa niektor\u00e9 druhy potrebuj\u00fa na hibern\u00e1ciu, sa l\u00ed\u0161i. Napr\u00edklad severoeur\u00f3pske druhy potrebuj\u00fa teplotu medzi 5 \u00b0C a 8 \u00b0C, zatia\u013e \u010do juhoeur\u00f3pske druhy potrebuj\u00fa teplotu okolo 15 \u00b0C. Severoeur\u00f3pske druhy po\u010das hibern\u00e1cie \u00faplne zastavia svoju aktivitu a juhoeur\u00f3pske druhy s\u00fa st\u00e1le mierne akt\u00edvne.<\/p>\n\t\t\n<style>\n#text-4034320449 {\n  text-align: center;\n}\n<\/style>\n\t<\/div>\n\t\n\n\t\t<\/div>\n\t\t\t\t\t<\/div>\n\n\t\n\n<\/div>\n\t<div id=\"text-3960015208\" class=\"text\">\n\t\t\n\n<p><strong>Ot\u00e1zka: H\u013ead\u00e1te druh mravca s hibern\u00e1ciou alebo bez nej?<\/strong><\/p>\n\t\t\n<style>\n#text-3960015208 {\n  font-size: 1.8rem;\n  text-align: center;\n}\n<\/style>\n\t<\/div>\n\t\n<div class=\"row\" style=\"max-width:650px\" id=\"row-77210413\">\n\n\n\t<div id=\"col-1355060635\" class=\"col medium-6 small-12 large-6\"  >\n\t\t\t\t<div class=\"col-inner\"  >\n\t\t\t\n\t\t\t\n\n<a href=\"https:\/\/antcube.shop\/ant-finder\/intermediate\/step-3\/\" class=\"button secondary expand\" >\n\t\t<span>Mravce, ktor\u00e9 potrebuj\u00fa hibern\u00e1ciu<\/span>\n\t<\/a>\n\n\n\n\t\t<\/div>\n\t\t\t\t\t<\/div>\n\n\t\n\n\t<div id=\"col-184413782\" class=\"col medium-6 small-12 large-6\"  >\n\t\t\t\t<div class=\"col-inner\"  >\n\t\t\t\n\t\t\t\n\n<a href=\"https:\/\/antcube.shop\/ant-finder\/intermediate\/step-4\/\" class=\"button secondary expand\" >\n\t\t<span>\u017eiadna hibern\u00e1cia<\/span>\n\t<\/a>\n\n\n\n\t\t<\/div>\n\t\t\t\t\t<\/div>\n\n\t\n\n<\/div>","protected":false},"excerpt":{"rendered":"","protected":false},"author":1,"featured_media":0,"parent":721,"menu_order":0,"comment_status":"closed","ping_status":"closed","template":"","meta":{"_acf_changed":false,"content-type":"","_monsterinsights_skip_tracking":false,"_monsterinsights_sitenote_active":false,"_monsterinsights_sitenote_note":"","_monsterinsights_sitenote_category":0,"footnotes":""},"class_list":["post-2468","page","type-page","status-publish","hentry"],"acf":[],"aioseo_notices":[],"jetpack_sharing_enabled":true,"_links":{"self":[{"href":"https:\/\/antcube.shop\/sk\/wp-json\/wp\/v2\/pages\/2468","targetHints":{"allow":["GET"]}}],"collection":[{"href":"https:\/\/antcube.shop\/sk\/wp-json\/wp\/v2\/pages"}],"about":[{"href":"https:\/\/antcube.shop\/sk\/wp-json\/wp\/v2\/types\/page"}],"author":[{"embeddable":true,"href":"https:\/\/antcube.shop\/sk\/wp-json\/wp\/v2\/users\/1"}],"replies":[{"embeddable":true,"href":"https:\/\/antcube.shop\/sk\/wp-json\/wp\/v2\/comments?post=2468"}],"version-history":[{"count":10,"href":"https:\/\/antcube.shop\/sk\/wp-json\/wp\/v2\/pages\/2468\/revisions"}],"predecessor-version":[{"id":6870,"href":"https:\/\/antcube.shop\/sk\/wp-json\/wp\/v2\/pages\/2468\/revisions\/6870"}],"up":[{"embeddable":true,"href":"https:\/\/antcube.shop\/sk\/wp-json\/wp\/v2\/pages\/721"}],"wp:attachment":[{"href":"https:\/\/antcube.shop\/sk\/wp-json\/wp\/v2\/media?parent=2468"}],"curies":[{"name":"wp","href":"https:\/\/api.w.org\/{rel}","templated":true}]}}