{"id":1331,"date":"2021-09-10T10:39:13","date_gmt":"2021-09-10T08:39:13","guid":{"rendered":"https:\/\/antcube.shop\/?page_id=1331"},"modified":"2023-12-15T12:23:13","modified_gmt":"2023-12-15T11:23:13","slug":"podne-hniezdo","status":"publish","type":"page","link":"https:\/\/antcube.shop\/sk\/formicarium-finder\/typ-hniezda\/podne-hniezdo\/","title":{"rendered":"P\u00f4dne hniezdo"},"content":{"rendered":"<div id=\"gap-715853018\" class=\"gap-element clearfix\" style=\"display:block; height:auto;\">\n\t\t\n<style>\n#gap-715853018 {\n  padding-top: 197px;\n}\n@media (min-width:550px) {\n  #gap-715853018 {\n    padding-top: 200px;\n  }\n}\n@media (min-width:850px) {\n  #gap-715853018 {\n    padding-top: 171px;\n  }\n}\n<\/style>\n\t<\/div>\n\t\n\n<div class=\"row\"  id=\"row-1575427342\">\n\n\n\t<div id=\"col-594839888\" class=\"col small-12 large-12\"  >\n\t\t\t\t<div class=\"col-inner\"  >\n\t\t\t\n\t\t\t\n\n\t<div id=\"text-3640249314\" class=\"text\">\n\t\t\n\n<p><strong>Ot\u00e1zka: <\/strong><strong>Odkia\u013e poch\u00e1dza v\u00e1\u0161 po\u017eadovan\u00fd druh mravca alebo ktor\u00e9mu biotopu d\u00e1va prednos\u0165?<\/strong><\/p>\n\t\t\n<style>\n#text-3640249314 {\n  font-size: 1.45rem;\n  text-align: center;\n}\n@media (min-width:550px) {\n  #text-3640249314 {\n    font-size: 1.95rem;\n  }\n}\n<\/style>\n\t<\/div>\n\t\n\t<div id=\"text-4046342642\" class=\"text\">\n\t\t\n\n<p style=\"text-align: center;\"><strong>V tomto kroku n\u00e1\u0161ho \"vyh\u013ead\u00e1va\u010da formik\u00e1ri\u00ed\" sa mus\u00edte rozhodn\u00fa\u0165, z ktor\u00e9ho prostredia alebo pr\u00edrodn\u00e9ho prostredia v\u00e1\u0161 druh mravca poch\u00e1dza. <\/strong>Ak si nie ste ist\u00ed, sta\u010d\u00ed si pozrie\u0165 pr\u00edslu\u0161n\u00fd opis produktu po\u017eadovan\u00e9ho druhu mravca. N\u00e1jdete tam inform\u00e1cie.<\/p>\n\t\t\n<style>\n#text-4046342642 {\n  text-align: center;\n}\n<\/style>\n\t<\/div>\n\t\n\n\t\t<\/div>\n\t\t\t\t\t<\/div>\n\n\t\n\n<\/div>\n<div class=\"row\"  id=\"row-1806600655\">\n\n\n\t<div id=\"col-2084804442\" class=\"col medium-3 small-6 large-3\"  >\n\t\t\t\t<div class=\"col-inner\"  >\n\t\t\t\n\t\t\t\n\n\n  <div class=\"banner has-hover\" id=\"banner-382065177\">\n          <div class=\"banner-inner fill\">\n        <div class=\"banner-bg fill\" >\n            <img loading=\"lazy\" decoding=\"async\" width=\"906\" height=\"600\" src=\"https:\/\/i0.wp.com\/antcube.shop\/wp-content\/uploads\/2021\/08\/walter-sturn-HOCCH6oPVmw-unsplash-scaled.jpg?fit=906%2C600&amp;ssl=1\" class=\"bg attachment-large size-large\" alt=\"\" \/>                        <div class=\"overlay\"><\/div>            \n                    <\/div>\n\t\t\n        <div class=\"banner-layers container\">\n            <a class=\"fill\" href=\"https:\/\/antcube.shop\/formicarium-finder\/nest-type\/soil-nest\/habitat-meadow\/\"><div class=\"fill banner-link\"><\/div><\/a>            \n\n   <div id=\"text-box-1035525127\" class=\"text-box banner-layer x50 md-x50 lg-x50 y5 md-y5 lg-y20 res-text\">\n                                <div class=\"text-box-content text dark text-shadow-5\">\n              \n              <div class=\"text-inner text-center\">\n                  \n\n\t<div id=\"text-2821771143\" class=\"text\">\n\t\t\n\n<h3 class=\"uppercase\"><strong>L\u00faka<\/strong><\/h3>\n\t\t\n<style>\n#text-2821771143 {\n  font-size: 0.75rem;\n}\n@media (min-width:550px) {\n  #text-2821771143 {\n    font-size: 0.75rem;\n  }\n}\n@media (min-width:850px) {\n  #text-2821771143 {\n    font-size: 1.1rem;\n  }\n}\n<\/style>\n\t<\/div>\n\t\n\n              <\/div>\n           <\/div>\n                            \n<style>\n#text-box-1035525127 {\n  width: 100%;\n}\n#text-box-1035525127 .text-box-content {\n  font-size: 100%;\n}\n@media (min-width:550px) {\n  #text-box-1035525127 {\n    width: 100%;\n  }\n}\n@media (min-width:850px) {\n  #text-box-1035525127 {\n    width: 60%;\n  }\n}\n<\/style>\n    <\/div>\n \n\n        <\/div>\n      <\/div>\n\n            \n<style>\n#banner-382065177 {\n  padding-top: 99.99%;\n}\n#banner-382065177 .overlay {\n  background-color: rgba(0, 0, 0, 0);\n}\n<\/style>\n  <\/div>\n\n\n\n\t\t<\/div>\n\t\t\t\t\t<\/div>\n\n\t\n\n\t<div id=\"col-912227414\" class=\"col medium-3 small-6 large-3\"  >\n\t\t\t\t<div class=\"col-inner\"  >\n\t\t\t\n\t\t\t\n\n\n  <div class=\"banner has-hover\" id=\"banner-1053326537\">\n          <div class=\"banner-inner fill\">\n        <div class=\"banner-bg fill\" >\n            <img loading=\"lazy\" decoding=\"async\" width=\"401\" height=\"600\" src=\"https:\/\/i0.wp.com\/antcube.shop\/wp-content\/uploads\/2021\/08\/daniel-sessler-78kaMQmUUq4-unsplash-scaled.jpg?fit=401%2C600&amp;ssl=1\" class=\"bg attachment-large size-large\" alt=\"\" \/>                        <div class=\"overlay\"><\/div>            \n                    <\/div>\n\t\t\n        <div class=\"banner-layers container\">\n            <a class=\"fill\" href=\"https:\/\/antcube.shop\/formicarium-finder\/nest-type\/soil-nest\/habitat-forest\/\"><div class=\"fill banner-link\"><\/div><\/a>            \n\n   <div id=\"text-box-1199864684\" class=\"text-box banner-layer x50 md-x50 lg-x50 y5 md-y5 lg-y20 res-text\">\n                                <div class=\"text-box-content text dark text-shadow-5\">\n              \n              <div class=\"text-inner text-center\">\n                  \n\n\t<div id=\"text-3746853879\" class=\"text\">\n\t\t\n\n<h3 class=\"uppercase\"><strong>Forest<\/strong><\/h3>\n\t\t\n<style>\n#text-3746853879 {\n  font-size: 0.75rem;\n}\n@media (min-width:550px) {\n  #text-3746853879 {\n    font-size: 0.75rem;\n  }\n}\n@media (min-width:850px) {\n  #text-3746853879 {\n    font-size: 1.1rem;\n  }\n}\n<\/style>\n\t<\/div>\n\t\n\n              <\/div>\n           <\/div>\n                            \n<style>\n#text-box-1199864684 {\n  width: 100%;\n}\n#text-box-1199864684 .text-box-content {\n  font-size: 100%;\n}\n@media (min-width:550px) {\n  #text-box-1199864684 {\n    width: 100%;\n  }\n}\n@media (min-width:850px) {\n  #text-box-1199864684 {\n    width: 60%;\n  }\n}\n<\/style>\n    <\/div>\n \n\n        <\/div>\n      <\/div>\n\n            \n<style>\n#banner-1053326537 {\n  padding-top: 99.99%;\n}\n#banner-1053326537 .overlay {\n  background-color: rgba(0, 0, 0, 0);\n}\n#banner-1053326537 .banner-bg img {\n  object-position: 25% 69%;\n}\n<\/style>\n  <\/div>\n\n\n\n\t\t<\/div>\n\t\t\t\t\t<\/div>\n\n\t\n\n\t<div id=\"col-383221319\" class=\"col medium-3 small-6 large-3\"  >\n\t\t\t\t<div class=\"col-inner\"  >\n\t\t\t\n\t\t\t\n\n\n  <div class=\"banner has-hover\" id=\"banner-2058660934\">\n          <div class=\"banner-inner fill\">\n        <div class=\"banner-bg fill\" >\n            <img loading=\"lazy\" decoding=\"async\" width=\"400\" height=\"600\" src=\"https:\/\/i0.wp.com\/antcube.shop\/wp-content\/uploads\/2021\/08\/huper-by-joshua-earle-mErSbLOqSJk-unsplash-scaled.jpg?fit=400%2C600&amp;ssl=1\" class=\"bg attachment-large size-large\" alt=\"\" \/>                        <div class=\"overlay\"><\/div>            \n                    <\/div>\n\t\t\n        <div class=\"banner-layers container\">\n            <a class=\"fill\" href=\"https:\/\/antcube.shop\/formicarium-finder\/nest-type\/soil-nest\/habitat-desert\/\"><div class=\"fill banner-link\"><\/div><\/a>            \n\n   <div id=\"text-box-1344132614\" class=\"text-box banner-layer x0 md-x50 lg-x50 y0 md-y5 lg-y10 res-text\">\n                                <div class=\"text-box-content text dark text-shadow-5\">\n              \n              <div class=\"text-inner text-center\">\n                  \n\n\t<div id=\"text-3287964651\" class=\"text\">\n\t\t\n\n<h3 class=\"uppercase\"><strong>P\u00fa\u0161te alebo stepi<\/strong><\/h3>\n\t\t\n<style>\n#text-3287964651 {\n  font-size: 0.75rem;\n  text-align: center;\n}\n@media (min-width:550px) {\n  #text-3287964651 {\n    font-size: 0.75rem;\n  }\n}\n@media (min-width:850px) {\n  #text-3287964651 {\n    font-size: 1.1rem;\n  }\n}\n<\/style>\n\t<\/div>\n\t\n\n              <\/div>\n           <\/div>\n                            \n<style>\n#text-box-1344132614 {\n  width: 100%;\n}\n#text-box-1344132614 .text-box-content {\n  font-size: 100%;\n}\n@media (min-width:550px) {\n  #text-box-1344132614 {\n    width: 100%;\n  }\n}\n@media (min-width:850px) {\n  #text-box-1344132614 {\n    width: 60%;\n  }\n}\n<\/style>\n    <\/div>\n \n\n        <\/div>\n      <\/div>\n\n            \n<style>\n#banner-2058660934 {\n  padding-top: 99.99%;\n}\n#banner-2058660934 .overlay {\n  background-color: rgba(0, 0, 0, 0);\n}\n#banner-2058660934 .banner-bg img {\n  object-position: 51% 61%;\n}\n<\/style>\n  <\/div>\n\n\n\n\t\t<\/div>\n\t\t\t\t\t<\/div>\n\n\t\n\n\t<div id=\"col-333822038\" class=\"col medium-3 small-6 large-3\"  >\n\t\t\t\t<div class=\"col-inner\"  >\n\t\t\t\n\t\t\t\n\n\n  <div class=\"banner has-hover\" id=\"banner-1784451833\">\n          <div class=\"banner-inner fill\">\n        <div class=\"banner-bg fill\" >\n            <img loading=\"lazy\" decoding=\"async\" width=\"402\" height=\"600\" src=\"https:\/\/i0.wp.com\/antcube.shop\/wp-content\/uploads\/2021\/08\/david-clode-SF4Gj1xvqk0-unsplash-scaled.jpg?fit=402%2C600&amp;ssl=1\" class=\"bg attachment-large size-large\" alt=\"\" \/>                        <div class=\"overlay\"><\/div>            \n                    <\/div>\n\t\t\n        <div class=\"banner-layers container\">\n            <a class=\"fill\" href=\"https:\/\/antcube.shop\/formicarium-finder\/nest-type\/soil-nest\/habitat-rainforest\/\"><div class=\"fill banner-link\"><\/div><\/a>            \n\n   <div id=\"text-box-1906067312\" class=\"text-box banner-layer x0 md-x0 lg-x50 y5 md-y5 lg-y20 res-text\">\n                                <div class=\"text-box-content text dark text-shadow-5\">\n              \n              <div class=\"text-inner text-center\">\n                  \n\n\t<div id=\"text-1371386644\" class=\"text\">\n\t\t\n\n<h3 class=\"uppercase\"><strong>Da\u017e\u010fov\u00fd prales<\/strong><\/h3>\n\t\t\n<style>\n#text-1371386644 {\n  font-size: 0.75rem;\n  text-align: center;\n}\n@media (min-width:550px) {\n  #text-1371386644 {\n    font-size: 0.75rem;\n  }\n}\n@media (min-width:850px) {\n  #text-1371386644 {\n    font-size: 1.1rem;\n  }\n}\n<\/style>\n\t<\/div>\n\t\n\n              <\/div>\n           <\/div>\n                            \n<style>\n#text-box-1906067312 {\n  width: 100%;\n}\n#text-box-1906067312 .text-box-content {\n  font-size: 100%;\n}\n@media (min-width:550px) {\n  #text-box-1906067312 {\n    width: 100%;\n  }\n}\n@media (min-width:850px) {\n  #text-box-1906067312 {\n    width: 82%;\n  }\n}\n<\/style>\n    <\/div>\n \n\n        <\/div>\n      <\/div>\n\n            \n<style>\n#banner-1784451833 {\n  padding-top: 99.99%;\n}\n#banner-1784451833 .overlay {\n  background-color: rgba(0, 0, 0, 0);\n}\n#banner-1784451833 .banner-bg img {\n  object-position: 65% 69%;\n}\n<\/style>\n  <\/div>\n\n\n\n\t\t<\/div>\n\t\t\t\t\t<\/div>\n\n\t\n\n<\/div>\n\t<div id=\"gap-1723619084\" class=\"gap-element clearfix\" style=\"display:block; height:auto;\">\n\t\t\n<style>\n#gap-1723619084 {\n  padding-top: 50px;\n}\n<\/style>\n\t<\/div>","protected":false},"excerpt":{"rendered":"","protected":false},"author":1,"featured_media":0,"parent":1264,"menu_order":0,"comment_status":"closed","ping_status":"closed","template":"","meta":{"_acf_changed":false,"content-type":"","_monsterinsights_skip_tracking":false,"_monsterinsights_sitenote_active":false,"_monsterinsights_sitenote_note":"","_monsterinsights_sitenote_category":0,"footnotes":""},"class_list":["post-1331","page","type-page","status-publish","hentry"],"acf":[],"aioseo_notices":[],"jetpack_sharing_enabled":true,"_links":{"self":[{"href":"https:\/\/antcube.shop\/sk\/wp-json\/wp\/v2\/pages\/1331","targetHints":{"allow":["GET"]}}],"collection":[{"href":"https:\/\/antcube.shop\/sk\/wp-json\/wp\/v2\/pages"}],"about":[{"href":"https:\/\/antcube.shop\/sk\/wp-json\/wp\/v2\/types\/page"}],"author":[{"embeddable":true,"href":"https:\/\/antcube.shop\/sk\/wp-json\/wp\/v2\/users\/1"}],"replies":[{"embeddable":true,"href":"https:\/\/antcube.shop\/sk\/wp-json\/wp\/v2\/comments?post=1331"}],"version-history":[{"count":10,"href":"https:\/\/antcube.shop\/sk\/wp-json\/wp\/v2\/pages\/1331\/revisions"}],"predecessor-version":[{"id":6850,"href":"https:\/\/antcube.shop\/sk\/wp-json\/wp\/v2\/pages\/1331\/revisions\/6850"}],"up":[{"embeddable":true,"href":"https:\/\/antcube.shop\/sk\/wp-json\/wp\/v2\/pages\/1264"}],"wp:attachment":[{"href":"https:\/\/antcube.shop\/sk\/wp-json\/wp\/v2\/media?parent=1331"}],"curies":[{"name":"wp","href":"https:\/\/api.w.org\/{rel}","templated":true}]}}