{"id":1264,"date":"2021-09-09T14:24:10","date_gmt":"2021-09-09T12:24:10","guid":{"rendered":"https:\/\/antcube.shop\/?page_id=1264"},"modified":"2023-12-15T10:55:28","modified_gmt":"2023-12-15T09:55:28","slug":"typ-hniezda","status":"publish","type":"page","link":"https:\/\/antcube.shop\/sk\/formicarium-finder\/typ-hniezda\/","title":{"rendered":"Formik\u00e1rium pre mravce"},"content":{"rendered":"<div id=\"gap-2037068745\" class=\"gap-element clearfix\" style=\"display:block; height:auto;\">\n\t\t\n<style>\n#gap-2037068745 {\n  padding-top: 200px;\n}\n@media (min-width:550px) {\n  #gap-2037068745 {\n    padding-top: 201px;\n  }\n}\n@media (min-width:850px) {\n  #gap-2037068745 {\n    padding-top: 171px;\n  }\n}\n<\/style>\n\t<\/div>\n\t\n\n<div class=\"row\"  id=\"row-1983316392\">\n\n\n\t<div id=\"col-1031002790\" class=\"col small-12 large-12\"  >\n\t\t\t\t<div class=\"col-inner\"  >\n\t\t\t\n\t\t\t\n\n\t<div id=\"text-18695665\" class=\"text\">\n\t\t\n\n<p><strong>Ot\u00e1zka: Kde v pr\u00edrode r\u00e1d hniezdi v\u00e1\u0161 po\u017eadovan\u00fd druh mravca?<\/strong><\/p>\n\t\t\n<style>\n#text-18695665 {\n  font-size: 1.45rem;\n  text-align: center;\n}\n@media (min-width:550px) {\n  #text-18695665 {\n    font-size: 1.95rem;\n  }\n}\n<\/style>\n\t<\/div>\n\t\n\t<div id=\"text-3769671877\" class=\"text\">\n\t\t\n\n<p style=\"text-align: center;\"><strong>V tomto kroku n\u00e1\u0161ho \"vyh\u013ead\u00e1va\u010da formik\u00e1ri\u00ed\" sa mus\u00edte rozhodn\u00fa\u0165, ktor\u00fa oblas\u0165 hniezdenia alebo typ hniezda preferuje v\u00e1\u0161 druh mravca vo svojom prirodzenom prostred\u00ed. <\/strong>Ak si nie ste ist\u00ed, sta\u010d\u00ed si pozrie\u0165 pr\u00edslu\u0161n\u00fd opis produktu po\u017eadovan\u00e9ho druhu mravca. N\u00e1jdete tam inform\u00e1cie.<\/p>\n<h3>\u00a0<\/h3>\n\t\t\n<style>\n#text-3769671877 {\n  text-align: center;\n}\n<\/style>\n\t<\/div>\n\t\n\n\t\t<\/div>\n\t\t\t\t\t<\/div>\n\n\t\n\n<\/div>\n<div class=\"row align-center\"  id=\"row-232653864\">\n\n\n\t<div id=\"col-1965502383\" class=\"col medium-3 small-6 large-3\"  >\n\t\t\t\t<div class=\"col-inner\"  >\n\t\t\t\n\t\t\t\n\n\n  <div class=\"banner has-hover\" id=\"banner-687030597\">\n          <div class=\"banner-inner fill\">\n        <div class=\"banner-bg fill\" >\n            <img data-recalc-dims=\"1\" loading=\"lazy\" decoding=\"async\" width=\"1020\" height=\"680\" src=\"https:\/\/i0.wp.com\/antcube.shop\/wp-content\/uploads\/2021\/08\/macro-3821280_1920.jpg?resize=1020%2C680&#038;ssl=1\" class=\"bg attachment-original size-original\" alt=\"\" \/>                        <div class=\"overlay\"><\/div>            \n                    <\/div>\n\t\t\n        <div class=\"banner-layers container\">\n            <a class=\"fill\" href=\"https:\/\/antcube.shop\/formicarium-finder\/nest-type\/soil-nest\/\"><div class=\"fill banner-link\"><\/div><\/a>            \n\n   <div id=\"text-box-103025977\" class=\"text-box banner-layer x0 md-x0 lg-x50 y5 md-y5 lg-y5 res-text\">\n                                <div class=\"text-box-content text dark text-shadow-5\">\n              \n              <div class=\"text-inner text-center\">\n                  \n\n\t<div id=\"text-3756214012\" class=\"text\">\n\t\t\n\n<h5 class=\"uppercase\"><strong>Hniezdenie v p\u00f4de<\/strong><\/h5>\n\t\t\n<style>\n#text-3756214012 {\n  font-size: 0.85rem;\n}\n@media (min-width:550px) {\n  #text-3756214012 {\n    font-size: 0.9rem;\n  }\n}\n@media (min-width:850px) {\n  #text-3756214012 {\n    font-size: 1.35rem;\n  }\n}\n<\/style>\n\t<\/div>\n\t\n\n              <\/div>\n           <\/div>\n                            \n<style>\n#text-box-103025977 {\n  width: 100%;\n}\n#text-box-103025977 .text-box-content {\n  font-size: 100%;\n}\n@media (min-width:550px) {\n  #text-box-103025977 {\n    width: 100%;\n  }\n}\n@media (min-width:850px) {\n  #text-box-103025977 {\n    width: 100%;\n  }\n}\n<\/style>\n    <\/div>\n \n\n        <\/div>\n      <\/div>\n\n            \n<style>\n#banner-687030597 {\n  padding-top: 99.99%;\n}\n#banner-687030597 .overlay {\n  background-color: rgba(0, 0, 0, 0);\n}\n#banner-687030597 .banner-bg img {\n  object-position: 46% 50%;\n}\n<\/style>\n  <\/div>\n\n\n\n\t\t<\/div>\n\t\t\t\t\t<\/div>\n\n\t\n\n\t<div id=\"col-182785811\" class=\"col medium-3 small-6 large-3\"  >\n\t\t\t\t<div class=\"col-inner\"  >\n\t\t\t\n\t\t\t\n\n\n  <div class=\"banner has-hover\" id=\"banner-2129659726\">\n          <div class=\"banner-inner fill\">\n        <div class=\"banner-bg fill\" >\n            <img data-recalc-dims=\"1\" loading=\"lazy\" decoding=\"async\" width=\"1020\" height=\"1530\" src=\"https:\/\/i0.wp.com\/antcube.shop\/wp-content\/uploads\/2021\/09\/frank-albrecht-DVWR_mGz0Ek-unsplash-1-scaled.jpg?resize=1020%2C1530&#038;ssl=1\" class=\"bg attachment-original size-original\" alt=\"\" \/>                                    \n                    <\/div>\n\t\t\n        <div class=\"banner-layers container\">\n            <a class=\"fill\" href=\"https:\/\/antcube.shop\/formicarium-finder\/nest-type\/wood-nest\/\"><div class=\"fill banner-link\"><\/div><\/a>            \n\n   <div id=\"text-box-936693386\" class=\"text-box banner-layer x50 md-x50 lg-x0 y5 md-y5 lg-y5 res-text\">\n                                <div class=\"text-box-content text dark text-shadow-5\">\n              \n              <div class=\"text-inner text-center\">\n                  \n\n\t<div id=\"text-4082135799\" class=\"text\">\n\t\t\n\n<h5 class=\"uppercase\"><strong>Hniezdenie v dreve alebo m\u0155tvom dreve<\/strong><\/h5>\n\t\t\n<style>\n#text-4082135799 {\n  font-size: 0.9rem;\n  text-align: center;\n}\n@media (min-width:550px) {\n  #text-4082135799 {\n    font-size: 0.9rem;\n  }\n}\n@media (min-width:850px) {\n  #text-4082135799 {\n    font-size: 1.35rem;\n  }\n}\n<\/style>\n\t<\/div>\n\t\n\n              <\/div>\n           <\/div>\n                            \n<style>\n#text-box-936693386 {\n  width: 100%;\n}\n#text-box-936693386 .text-box-content {\n  font-size: 100%;\n}\n@media (min-width:550px) {\n  #text-box-936693386 {\n    width: 100%;\n  }\n}\n@media (min-width:850px) {\n  #text-box-936693386 {\n    width: 100%;\n  }\n}\n<\/style>\n    <\/div>\n \n\n        <\/div>\n      <\/div>\n\n            \n<style>\n#banner-2129659726 {\n  padding-top: 99.99%;\n}\n#banner-2129659726 .banner-bg img {\n  object-position: 47% 92%;\n}\n<\/style>\n  <\/div>\n\n\n\n\t\t<\/div>\n\t\t\t\t\t<\/div>\n\n\t\n\n\t<div id=\"col-323649672\" class=\"col medium-3 small-6 large-3\"  >\n\t\t\t\t<div class=\"col-inner\"  >\n\t\t\t\n\t\t\t\n\n\n  <div class=\"banner has-hover\" id=\"banner-211911078\">\n          <div class=\"banner-inner fill\">\n        <div class=\"banner-bg fill\" >\n            <img loading=\"lazy\" decoding=\"async\" width=\"900\" height=\"600\" src=\"https:\/\/i0.wp.com\/antcube.shop\/wp-content\/uploads\/2021\/09\/wolfgang-hasselmann-J7ArFYQrBXw-unsplash1-scaled.jpg?fit=900%2C600&amp;ssl=1\" class=\"bg attachment-large size-large\" alt=\"\" \/>                        <div class=\"overlay\"><\/div>            \n                    <\/div>\n\t\t\n        <div class=\"banner-layers container\">\n            <a class=\"fill\" href=\"https:\/\/antcube.shop\/formicarium-finder\/nest-type\/stone-nest\/\"><div class=\"fill banner-link\"><\/div><\/a>            \n\n   <div id=\"text-box-808128120\" class=\"text-box banner-layer x0 md-x0 lg-x50 y0 md-y5 lg-y5 res-text\">\n                                <div class=\"text-box-content text dark text-shadow-5\">\n              \n              <div class=\"text-inner text-center\">\n                  \n\n\t<div id=\"text-3510997211\" class=\"text\">\n\t\t\n\n<h5 class=\"uppercase\"><strong>Hniezdenie medzi kame\u0148mi alebo pod nimi<\/strong><\/h5>\n\t\t\n<style>\n#text-3510997211 {\n  font-size: 0.85rem;\n  text-align: center;\n}\n@media (min-width:550px) {\n  #text-3510997211 {\n    font-size: 0.9rem;\n  }\n}\n@media (min-width:850px) {\n  #text-3510997211 {\n    font-size: 1.35rem;\n  }\n}\n<\/style>\n\t<\/div>\n\t\n\n              <\/div>\n           <\/div>\n                            \n<style>\n#text-box-808128120 {\n  width: 100%;\n}\n#text-box-808128120 .text-box-content {\n  font-size: 100%;\n}\n@media (min-width:550px) {\n  #text-box-808128120 {\n    width: 100%;\n  }\n}\n@media (min-width:850px) {\n  #text-box-808128120 {\n    width: 100%;\n  }\n}\n<\/style>\n    <\/div>\n \n\n        <\/div>\n      <\/div>\n\n            \n<style>\n#banner-211911078 {\n  padding-top: 99.99%;\n}\n#banner-211911078 .overlay {\n  background-color: rgba(0, 0, 0, 0);\n}\n#banner-211911078 .banner-bg img {\n  object-position: 43% 45%;\n}\n<\/style>\n  <\/div>\n\n\n\n\t\t<\/div>\n\t\t\t\t\t<\/div>\n\n\t\n\n<\/div>","protected":false},"excerpt":{"rendered":"","protected":false},"author":1,"featured_media":0,"parent":727,"menu_order":0,"comment_status":"closed","ping_status":"closed","template":"","meta":{"_acf_changed":false,"content-type":"","_monsterinsights_skip_tracking":false,"_monsterinsights_sitenote_active":false,"_monsterinsights_sitenote_note":"","_monsterinsights_sitenote_category":0,"footnotes":""},"class_list":["post-1264","page","type-page","status-publish","hentry"],"acf":[],"aioseo_notices":[],"jetpack_sharing_enabled":true,"_links":{"self":[{"href":"https:\/\/antcube.shop\/sk\/wp-json\/wp\/v2\/pages\/1264","targetHints":{"allow":["GET"]}}],"collection":[{"href":"https:\/\/antcube.shop\/sk\/wp-json\/wp\/v2\/pages"}],"about":[{"href":"https:\/\/antcube.shop\/sk\/wp-json\/wp\/v2\/types\/page"}],"author":[{"embeddable":true,"href":"https:\/\/antcube.shop\/sk\/wp-json\/wp\/v2\/users\/1"}],"replies":[{"embeddable":true,"href":"https:\/\/antcube.shop\/sk\/wp-json\/wp\/v2\/comments?post=1264"}],"version-history":[{"count":10,"href":"https:\/\/antcube.shop\/sk\/wp-json\/wp\/v2\/pages\/1264\/revisions"}],"predecessor-version":[{"id":6828,"href":"https:\/\/antcube.shop\/sk\/wp-json\/wp\/v2\/pages\/1264\/revisions\/6828"}],"up":[{"embeddable":true,"href":"https:\/\/antcube.shop\/sk\/wp-json\/wp\/v2\/pages\/727"}],"wp:attachment":[{"href":"https:\/\/antcube.shop\/sk\/wp-json\/wp\/v2\/media?parent=1264"}],"curies":[{"name":"wp","href":"https:\/\/api.w.org\/{rel}","templated":true}]}}