{"id":1135,"date":"2021-09-08T09:48:21","date_gmt":"2021-09-08T07:48:21","guid":{"rendered":"https:\/\/antcube.shop\/?page_id=1135"},"modified":"2024-10-24T14:32:46","modified_gmt":"2024-10-24T12:32:46","slug":"udrzatelnost","status":"publish","type":"page","link":"https:\/\/antcube.shop\/sk\/o-nas\/udrzatelnost\/","title":{"rendered":"Udr\u017eate\u013enos\u0165"},"content":{"rendered":"<div id=\"gap-1951044260\" class=\"gap-element clearfix\" style=\"display:block; height:auto;\">\n\t\t\n<style>\n#gap-1951044260 {\n  padding-top: 181px;\n}\n@media (min-width:850px) {\n  #gap-1951044260 {\n    padding-top: 75px;\n  }\n}\n<\/style>\n\t<\/div>\n\t\n\n\n  <div class=\"banner has-hover\" id=\"banner-2080123418\">\n          <div class=\"banner-inner fill\">\n        <div class=\"banner-bg fill\" >\n            <img data-recalc-dims=\"1\" loading=\"lazy\" decoding=\"async\" width=\"1020\" height=\"574\" src=\"https:\/\/i0.wp.com\/antcube.shop\/wp-content\/uploads\/2021\/08\/caspian-dahlstrom-xXbaTOP31M4-unsplash-scaled.jpg?resize=1020%2C574&#038;ssl=1\" class=\"bg attachment-original size-original\" alt=\"\" \/>                        <div class=\"overlay\"><\/div>            \n                    <\/div>\n\t\t\n        <div class=\"banner-layers container\">\n            <div class=\"fill banner-link\"><\/div>            \n\n   <div id=\"text-box-827201149\" class=\"text-box banner-layer x50 md-x50 lg-x50 y50 md-y50 lg-y50 res-text\">\n                                <div class=\"text-box-content text dark\">\n              \n              <div class=\"text-inner text-center\">\n                  \n\n<h3 class=\"uppercase\"><strong>Udr\u017eate\u013enos\u0165<\/strong><\/h3>\n<p>\u00a0<\/p>\n\n              <\/div>\n           <\/div>\n                            \n<style>\n#text-box-827201149 {\n  width: 60%;\n}\n#text-box-827201149 .text-box-content {\n  font-size: 100%;\n}\n<\/style>\n    <\/div>\n \n\n        <\/div>\n      <\/div>\n\n            \n<style>\n#banner-2080123418 {\n  padding-top: 60%;\n}\n#banner-2080123418 .overlay {\n  background-color: rgba(0, 0, 0, 0);\n}\n#banner-2080123418 .banner-bg img {\n  object-position: 51% 51%;\n}\n@media (min-width:550px) {\n  #banner-2080123418 {\n    padding-top: 500px;\n  }\n}\n<\/style>\n  <\/div>\n\n\n\t<div id=\"gap-1530917501\" class=\"gap-element clearfix\" style=\"display:block; height:auto;\">\n\t\t\n<style>\n#gap-1530917501 {\n  padding-top: 40px;\n}\n<\/style>\n\t<\/div>\n\t\n\n<div class=\"row\"  id=\"row-903274718\">\n\n\n\t<div id=\"col-1532545060\" class=\"col medium-7 small-12 large-6\"  >\n\t\t\t\t<div class=\"col-inner\"  >\n\t\t\t\n\t\t\t\n\n\t<div id=\"text-2939019140\" class=\"text\">\n\t\t\n\n<h2>Ako pracujeme na tom, aby sme boli \u0161etrnej\u0161\u00ed k \u017eivotn\u00e9mu prostrediu<\/h2>\n<p align=\"CENTER\"><strong><span style=\"color: #ff0000;\">V\u0161etci sme zodpovedn\u00ed za t\u00fato plan\u00e9tu!<\/span><\/strong><\/p>\n<p>To mal na mysli u\u017e n\u00e1\u0161 zakladate\u013e, ke\u010f pred 20 rokmi zakladal ANTSTORE. Zachova\u0165 pr\u00edrodu pou\u017e\u00edvan\u00edm skla na mravenisko namiesto akrylov\u00fdch zost\u00e1v.<\/p>\n<p>Ch\u00e1peme, \u017ee Zem n\u00e1s nepotrebuje, ale my potrebujeme t\u00fato n\u00e1dhern\u00fa plan\u00e9tu. Preto pracujme spolo\u010dne na ochrane na\u0161ej pr\u00edrody, sme v\u010fa\u010dn\u00ed za ak\u00fako\u013evek pomoc pri v\u00fdskume a v\u00fdvoji ekologick\u00fdch a recyklovate\u013en\u00fdch obalov, aby sme u\u017e viac nezvy\u0161ovali percento polyetyl\u00e9nov\u00fdch \u010dast\u00edc v na\u0161ej vode.<\/p>\n<p>Preto teraz podnik\u00e1me prv\u00e9 kroky, aby sme po roku 2022 pou\u017e\u00edvali len ekologick\u00e9 obaly. Vieme, \u017ee zmena obalov je len mal\u00fdm krokom k tomu, aby sa spolo\u010dnos\u0165 stala udr\u017eate\u013enou, preto pracujeme aj na digitaliz\u00e1cii, optimaliz\u00e1cii prepravn\u00fdch tr\u00e1s a vzdel\u00e1van\u00ed.<\/p>\n<p>K\u00fapou na\u0161ich produktov n\u00e1s m\u00f4\u017eete podpori\u0165. Pom\u00f4\u017ete n\u00e1m splni\u0165 na\u0161u povinnos\u0165 zachova\u0165 t\u00fato n\u00e1dhern\u00fa zelen\u00fa plan\u00e9tu so v\u0161etk\u00fdmi jej rozmanit\u00fdmi formami \u017eivota. Svoj\u00edm n\u00e1kupom podpor\u00edte na\u0161e oddelenie Resarch &amp; Developement, aby mohlo vyv\u00edja\u0165 e\u0161te udr\u017eate\u013enej\u0161ie rie\u0161enia v prospech n\u00e1s v\u0161etk\u00fdch.<\/p>\n<p>Okrem toho pl\u00e1nujeme spolupracova\u0165 s \"nad\u00e1ciou na v\u00fdsadbu stromov\", aby na\u0161e lesy za\u010dali op\u00e4\u0165 r\u00e1s\u0165. S\u00fa to jedny z najd\u00f4le\u017eitej\u0161\u00edch biotopov aj pre mravce! \u010coskoro v\u00e1s budeme informova\u0165 o novink\u00e1ch.<\/p>\n\t\t\n<style>\n#text-2939019140 {\n  text-align: center;\n}\n<\/style>\n\t<\/div>\n\t\n\n\t\t<\/div>\n\t\t\t\t\t<\/div>\n\n\t\n\n\t<div id=\"col-1977563519\" class=\"col medium-5 small-12 large-6\"  >\n\t\t\t\t<div class=\"col-inner\"  >\n\t\t\t\n\t\t\t\n\n\t<div class=\"img has-hover x md-x lg-x y md-y lg-y\" id=\"image_149026104\">\n\t\t\t\t\t\t\t\t<div class=\"img-inner dark\" >\n\t\t\t<img data-recalc-dims=\"1\" loading=\"lazy\" decoding=\"async\" width=\"1020\" height=\"681\" src=\"https:\/\/i0.wp.com\/antcube.shop\/wp-content\/uploads\/2021\/08\/mark-AddyORqTyCg-unsplash-scaled.jpg?resize=1020%2C681&#038;ssl=1\" class=\"attachment-original size-original\" alt=\"\" srcset=\"https:\/\/i0.wp.com\/antcube.shop\/wp-content\/uploads\/2021\/08\/mark-AddyORqTyCg-unsplash-scaled.jpg?w=2560&amp;ssl=1 2560w, https:\/\/i0.wp.com\/antcube.shop\/wp-content\/uploads\/2021\/08\/mark-AddyORqTyCg-unsplash-scaled.jpg?resize=510%2C341&amp;ssl=1 510w, https:\/\/i0.wp.com\/antcube.shop\/wp-content\/uploads\/2021\/08\/mark-AddyORqTyCg-unsplash-scaled.jpg?resize=599%2C400&amp;ssl=1 599w, https:\/\/i0.wp.com\/antcube.shop\/wp-content\/uploads\/2021\/08\/mark-AddyORqTyCg-unsplash-scaled.jpg?resize=1198%2C800&amp;ssl=1 1198w, https:\/\/i0.wp.com\/antcube.shop\/wp-content\/uploads\/2021\/08\/mark-AddyORqTyCg-unsplash-scaled.jpg?resize=768%2C513&amp;ssl=1 768w, https:\/\/i0.wp.com\/antcube.shop\/wp-content\/uploads\/2021\/08\/mark-AddyORqTyCg-unsplash-scaled.jpg?resize=1536%2C1026&amp;ssl=1 1536w, https:\/\/i0.wp.com\/antcube.shop\/wp-content\/uploads\/2021\/08\/mark-AddyORqTyCg-unsplash-scaled.jpg?resize=2048%2C1368&amp;ssl=1 2048w\" sizes=\"auto, (max-width: 1020px) 100vw, 1020px\" \/>\t\t\t\t\t\t\n\t\t\t\t\t<\/div>\n\t\t\t\t\t\t\t\t\n<style>\n#image_149026104 {\n  width: 100%;\n}\n<\/style>\n\t<\/div>\n\t\n\n\n\t\t<\/div>\n\t\t\t\t\t<\/div>\n\n\t\n\n<\/div>","protected":false},"excerpt":{"rendered":"","protected":false},"author":1,"featured_media":0,"parent":104,"menu_order":0,"comment_status":"closed","ping_status":"closed","template":"","meta":{"_acf_changed":false,"content-type":"","_monsterinsights_skip_tracking":false,"_monsterinsights_sitenote_active":false,"_monsterinsights_sitenote_note":"","_monsterinsights_sitenote_category":0,"footnotes":""},"class_list":["post-1135","page","type-page","status-publish","hentry"],"acf":[],"aioseo_notices":[],"jetpack_sharing_enabled":true,"_links":{"self":[{"href":"https:\/\/antcube.shop\/sk\/wp-json\/wp\/v2\/pages\/1135","targetHints":{"allow":["GET"]}}],"collection":[{"href":"https:\/\/antcube.shop\/sk\/wp-json\/wp\/v2\/pages"}],"about":[{"href":"https:\/\/antcube.shop\/sk\/wp-json\/wp\/v2\/types\/page"}],"author":[{"embeddable":true,"href":"https:\/\/antcube.shop\/sk\/wp-json\/wp\/v2\/users\/1"}],"replies":[{"embeddable":true,"href":"https:\/\/antcube.shop\/sk\/wp-json\/wp\/v2\/comments?post=1135"}],"version-history":[{"count":10,"href":"https:\/\/antcube.shop\/sk\/wp-json\/wp\/v2\/pages\/1135\/revisions"}],"predecessor-version":[{"id":10349,"href":"https:\/\/antcube.shop\/sk\/wp-json\/wp\/v2\/pages\/1135\/revisions\/10349"}],"up":[{"embeddable":true,"href":"https:\/\/antcube.shop\/sk\/wp-json\/wp\/v2\/pages\/104"}],"wp:attachment":[{"href":"https:\/\/antcube.shop\/sk\/wp-json\/wp\/v2\/media?parent=1135"}],"curies":[{"name":"wp","href":"https:\/\/api.w.org\/{rel}","templated":true}]}}