{"id":102,"date":"2013-08-11T19:22:53","date_gmt":"2013-08-11T19:22:53","guid":{"rendered":"http:\/\/localhost:8888\/test\/?page_id=532"},"modified":"2025-02-17T15:02:29","modified_gmt":"2025-02-17T14:02:29","slug":"kontakt","status":"publish","type":"page","link":"https:\/\/antcube.shop\/sk\/kontakt\/","title":{"rendered":"Kontakt"},"content":{"rendered":"<div id=\"gap-1027130746\" class=\"gap-element clearfix\" style=\"display:block; height:auto;\">\n\t\t\n<style>\n#gap-1027130746 {\n  padding-top: 30px;\n}\n<\/style>\n\t<\/div>\n\t\n\n<div class=\"row\"  id=\"row-1215590779\">\n\n\n\t<div id=\"col-127046713\" class=\"col medium-6 large-6\"  >\n\t\t\t\t<div class=\"col-inner\"  >\n\t\t\t\n\t\t\t\n\n<div class=\"container section-title-container\" ><h3 class=\"section-title section-title-normal\"><b aria-hidden=\"true\"><\/b><span class=\"section-title-main\" >\u010casto kladen\u00e9 ot\u00e1zky<\/span><b aria-hidden=\"true\"><\/b><\/h3><\/div>\n\n<p class=\"lead\">Pre\u010d\u00edtajte si, pros\u00edm, na\u0161e <a href=\"https:\/\/antcube.shop\/faq-shop\/\">\u010cASTO KLADEN\u00c9 OT\u00c1ZKY<\/a> pred odoslan\u00edm spr\u00e1vy.<\/p>\n<div class=\"accordion\">\n\n\t<div id=\"accordion-4223413577\" class=\"accordion-item\">\n\t\t<a id=\"accordion-4223413577-label\" class=\"accordion-title plain\" href=\"#accordion-item-you-do-not-know-what-ant-species-to-keep-or-which-formicarium-you-should-use?\" aria-expanded=\"false\" aria-controls=\"accordion-4223413577-content\">\n\t\t\t<button class=\"toggle\" aria-label=\"Prep\u00edna\u010d\"><i class=\"icon-angle-down\" aria-hidden=\"true\"><\/i><\/button>\n\t\t\t<span>Neviete, ak\u00e9 druhy mravcov chova\u0165 alebo ak\u00e9 formik\u00e1rium pou\u017ei\u0165?<\/span>\n\t\t<\/a>\n\t\t<div id=\"accordion-4223413577-content\" class=\"accordion-inner\" aria-labelledby=\"accordion-4223413577-label\">\n\t\t\t\n\n<p>Vysk\u00fa\u0161ajte n\u00e1\u0161 \"Vyh\u013ead\u00e1va\u010d mravcov\" alebo \"Vyh\u013ead\u00e1va\u010d formik\u00e1ri\u00ed\" - N\u00e1\u0161 online z\u00e1kazn\u00edcky servis<\/p>\n<p><a href=\"https:\/\/antcube.shop\/ant-finder\/\">N\u00e1jdite svoj druh mravca<\/a><\/p>\n<p><a href=\"https:\/\/antcube.shop\/formicarium-finder\/\">N\u00e1jdite svoje formik\u00e1rium<\/a><\/p>\n\n\t\t<\/div>\n\t<\/div>\n\t\n\t<div id=\"accordion-1597601636\" class=\"accordion-item\">\n\t\t<a id=\"accordion-1597601636-label\" class=\"accordion-title plain\" href=\"#accordion-item-what-are-the-delivery-times-and-charges-for-orders-from-the-online-shop?\" aria-expanded=\"false\" aria-controls=\"accordion-1597601636-content\">\n\t\t\t<button class=\"toggle\" aria-label=\"Prep\u00edna\u010d\"><i class=\"icon-angle-down\" aria-hidden=\"true\"><\/i><\/button>\n\t\t\t<span>Ak\u00e9 s\u00fa dodacie lehoty a poplatky za objedn\u00e1vky z internetov\u00e9ho obchodu?<\/span>\n\t\t<\/a>\n\t\t<div id=\"accordion-1597601636-content\" class=\"accordion-inner\" aria-labelledby=\"accordion-1597601636-label\">\n\t\t\t\n\n<p>Inform\u00e1cie o predpokladanom \u010dase dodania n\u00e1jdete tu:<\/p>\n<p><a href=\"https:\/\/antcube.shop\/delivery-times\/\">Dodacie lehoty<\/a><\/p>\n<p>Ak chcete vedie\u0165 o odhadovan\u00fdch n\u00e1kladoch na dopravu a obmedzeniach doru\u010denia, pozrite sa sem:<\/p>\n<p><a href=\"https:\/\/antcube.shop\/shipping-costs-delivery-restrictions\/\">N\u00e1klady na dopravu\/obmedzenia t\u00fdkaj\u00face sa doru\u010denia<\/a><\/p>\n\n\t\t<\/div>\n\t<\/div>\n\t\n\t<div id=\"accordion-3138671976\" class=\"accordion-item\">\n\t\t<a id=\"accordion-3138671976-label\" class=\"accordion-title plain\" href=\"#accordion-item-you-have-questions-about-returns-or-refunds?\" aria-expanded=\"false\" aria-controls=\"accordion-3138671976-content\">\n\t\t\t<button class=\"toggle\" aria-label=\"Prep\u00edna\u010d\"><i class=\"icon-angle-down\" aria-hidden=\"true\"><\/i><\/button>\n\t\t\t<span>M\u00e1te ot\u00e1zky t\u00fdkaj\u00face sa vr\u00e1tenia alebo refund\u00e1cie?<\/span>\n\t\t<\/a>\n\t\t<div id=\"accordion-3138671976-content\" class=\"accordion-inner\" aria-labelledby=\"accordion-3138671976-label\">\n\t\t\t\n\n<p><a href=\"https:\/\/antcube.shop\/refund-policy\/\">Z\u00e1sady vr\u00e1tenia pe\u0148az\u00ed<\/a><\/p>\n<p><a href=\"https:\/\/antcube.shop\/terms-and-conditions\/\">Podmienky a pravidl\u00e1<\/a><\/p>\n\n\t\t<\/div>\n\t<\/div>\n\t\n\t<div id=\"accordion-1497417741\" class=\"accordion-item\">\n\t\t<a id=\"accordion-1497417741-label\" class=\"accordion-title plain\" href=\"#accordion-item-which-payment-methods-are-accepted-in-the-online-shop?\" aria-expanded=\"false\" aria-controls=\"accordion-1497417741-content\">\n\t\t\t<button class=\"toggle\" aria-label=\"Prep\u00edna\u010d\"><i class=\"icon-angle-down\" aria-hidden=\"true\"><\/i><\/button>\n\t\t\t<span>Ktor\u00e9 sp\u00f4soby platby s\u00fa akceptovan\u00e9 v online obchode?<\/span>\n\t\t<\/a>\n\t\t<div id=\"accordion-1497417741-content\" class=\"accordion-inner\" aria-labelledby=\"accordion-1497417741-label\">\n\t\t\t\n\n<p>Preh\u013ead na\u0161ich akceptovan\u00fdch sp\u00f4sobov platby n\u00e1jdete tu:<\/p>\n<p><a href=\"https:\/\/antcube.shop\/payment-methods\/\">Sp\u00f4soby platby<\/a><\/p>\n\n\t\t<\/div>\n\t<\/div>\n\t\n\t<div id=\"accordion-4076903673\" class=\"accordion-item\">\n\t\t<a id=\"accordion-4076903673-label\" class=\"accordion-title plain\" href=\"#accordion-item-you-are-looking-for-user-manuals-for-your-starter-set?\" aria-expanded=\"false\" aria-controls=\"accordion-4076903673-content\">\n\t\t\t<button class=\"toggle\" aria-label=\"Prep\u00edna\u010d\"><i class=\"icon-angle-down\" aria-hidden=\"true\"><\/i><\/button>\n\t\t\t<span>H\u013ead\u00e1te pou\u017e\u00edvate\u013esk\u00e9 pr\u00edru\u010dky pre svoju \u0161tartovaciu s\u00fapravu?<\/span>\n\t\t<\/a>\n\t\t<div id=\"accordion-4076903673-content\" class=\"accordion-inner\" aria-labelledby=\"accordion-4076903673-label\">\n\t\t\t\n\n<p>Tu n\u00e1jdete n\u00e1vody na pou\u017e\u00edvanie vo form\u00e1te PDF na vytla\u010denie alebo stiahnutie:<\/p>\n<p><a href=\"https:\/\/antcube.shop\/download\/\">Stiahnite si<\/a><\/p>\n\n\t\t<\/div>\n\t<\/div>\n\t\n\t<div id=\"accordion-383791698\" class=\"accordion-item\">\n\t\t<a id=\"accordion-383791698-label\" class=\"accordion-title plain\" href=\"#accordion-item-you-need-more-information-about-certain-ant-species-or-ant-keeping-in-general?\" aria-expanded=\"false\" aria-controls=\"accordion-383791698-content\">\n\t\t\t<button class=\"toggle\" aria-label=\"Prep\u00edna\u010d\"><i class=\"icon-angle-down\" aria-hidden=\"true\"><\/i><\/button>\n\t\t\t<span>Potrebujete viac inform\u00e1ci\u00ed o ur\u010dit\u00fdch druhoch mravcov alebo o chove mravcov v\u0161eobecne?<\/span>\n\t\t<\/a>\n\t\t<div id=\"accordion-383791698-content\" class=\"accordion-inner\" aria-labelledby=\"accordion-383791698-label\">\n\t\t\t\n\n<p>Tu n\u00e1jdete \u010dasto kladen\u00e9 ot\u00e1zky o mravcoch a ich chove:<\/p>\n<p><a href=\"https:\/\/antcube.shop\/faq-ants\/\">\u010casto kladen\u00e9 ot\u00e1zky o mravcoch<\/a><\/p>\n<p><a href=\"https:\/\/antcube.shop\/catching-queen-ants\/\">Ako chyti\u0165 mrav\u010diu kr\u00e1\u013eovn\u00fa<\/a><\/p>\n<p><a href=\"https:\/\/antcube.shop\/ant-species\/\">\u010eal\u0161ie inform\u00e1cie o mravcoch<\/a><\/p>\n<p><a href=\"https:\/\/antcube.shop\/social-media\/\">Pozrite si na\u0161e kan\u00e1ly YouTube, kde n\u00e1jdete u\u017eito\u010dn\u00e9 tipy a inform\u00e1cie.<\/a><\/p>\n\n\t\t<\/div>\n\t<\/div>\n\t\n\t<div id=\"accordion-2687567681\" class=\"accordion-item\">\n\t\t<a id=\"accordion-2687567681-label\" class=\"accordion-title plain\" href=\"#accordion-item-you-have-questions-about-our-products?\" aria-expanded=\"false\" aria-controls=\"accordion-2687567681-content\">\n\t\t\t<button class=\"toggle\" aria-label=\"Prep\u00edna\u010d\"><i class=\"icon-angle-down\" aria-hidden=\"true\"><\/i><\/button>\n\t\t\t<span>M\u00e1te ot\u00e1zky o na\u0161ich produktoch?<\/span>\n\t\t<\/a>\n\t\t<div id=\"accordion-2687567681-content\" class=\"accordion-inner\" aria-labelledby=\"accordion-2687567681-label\">\n\t\t\t\n\n<p>Ak m\u00e1te ot\u00e1zky t\u00fdkaj\u00face sa na\u0161ich produktov, pozrite sa najprv do pr\u00edslu\u0161n\u00e9ho popisu produktu v na\u0161om obchode.<\/p>\n<p>V opa\u010dnom pr\u00edpade n\u00e1jdete viac inform\u00e1ci\u00ed tu:<\/p>\n<p><a href=\"https:\/\/antcube.shop\/product-information\/\">Inform\u00e1cie o v\u00fdrobku<\/a><\/p>\n\n\t\t<\/div>\n\t<\/div>\n\t\n\n<\/div>\n\t<div id=\"gap-2092646309\" class=\"gap-element clearfix\" style=\"display:block; height:auto;\">\n\t\t\n<style>\n#gap-2092646309 {\n  padding-top: 60px;\n}\n<\/style>\n\t<\/div>\n\t\n\n\t<div class=\"img has-hover x md-x lg-x y md-y lg-y\" id=\"image_894067404\">\n\t\t\t\t\t\t\t\t<div class=\"img-inner dark\" >\n\t\t\t<img data-recalc-dims=\"1\" loading=\"lazy\" decoding=\"async\" width=\"900\" height=\"900\" src=\"https:\/\/i0.wp.com\/antcube.shop\/wp-content\/uploads\/2021\/09\/Firmeneingang.jpg?resize=900%2C900&#038;ssl=1\" class=\"attachment-original size-original\" alt=\"Vstup do ANTSTORE\" srcset=\"https:\/\/i0.wp.com\/antcube.shop\/wp-content\/uploads\/2021\/09\/Firmeneingang.jpg?w=900&amp;ssl=1 900w, https:\/\/i0.wp.com\/antcube.shop\/wp-content\/uploads\/2021\/09\/Firmeneingang.jpg?resize=247%2C247&amp;ssl=1 247w, https:\/\/i0.wp.com\/antcube.shop\/wp-content\/uploads\/2021\/09\/Firmeneingang.jpg?resize=100%2C100&amp;ssl=1 100w, https:\/\/i0.wp.com\/antcube.shop\/wp-content\/uploads\/2021\/09\/Firmeneingang.jpg?resize=510%2C510&amp;ssl=1 510w, https:\/\/i0.wp.com\/antcube.shop\/wp-content\/uploads\/2021\/09\/Firmeneingang.jpg?resize=400%2C400&amp;ssl=1 400w, https:\/\/i0.wp.com\/antcube.shop\/wp-content\/uploads\/2021\/09\/Firmeneingang.jpg?resize=800%2C800&amp;ssl=1 800w, https:\/\/i0.wp.com\/antcube.shop\/wp-content\/uploads\/2021\/09\/Firmeneingang.jpg?resize=280%2C280&amp;ssl=1 280w, https:\/\/i0.wp.com\/antcube.shop\/wp-content\/uploads\/2021\/09\/Firmeneingang.jpg?resize=768%2C768&amp;ssl=1 768w\" sizes=\"auto, (max-width: 900px) 100vw, 900px\" \/>\t\t\t\t\t\t\n\t\t\t\t\t<\/div>\n\t\t\t\t\t\t\t\t\n<style>\n#image_894067404 {\n  width: 100%;\n}\n<\/style>\n\t<\/div>\n\t\n\n\n\t\t<\/div>\n\t\t\t\t\t<\/div>\n\n\t\n\n\t<div id=\"col-1588134932\" class=\"col medium-6 large-6\"  >\n\t\t\t\t<div class=\"col-inner\"  >\n\t\t\t\n\t\t\t\n\n<div class=\"container section-title-container\" ><h3 class=\"section-title section-title-normal\"><b aria-hidden=\"true\"><\/b><span class=\"section-title-main\" >Kontaktujte n\u00e1s<\/span><b aria-hidden=\"true\"><\/b><\/h3><\/div>\n\n<ul>\n<li><strong>E-mail<\/strong>: contact@antcube.de<\/li>\n<li><strong>Telef\u00f3n<\/strong>: <a href=\"tel:+49 30 439703870\">+49 30 439703870<\/a><\/li>\n<\/ul>\n<p><strong>Pracovn\u00fd \u010das <\/strong>(UTC\/GMT +1):<\/p>\n<ul>\n<li>Utorok a\u017e piatok od 10:00 do 12:00 a od 13:00 do 18:00<\/li>\n<\/ul>\n<div class=\"container section-title-container\" ><h3 class=\"section-title section-title-normal\"><b aria-hidden=\"true\"><\/b><span class=\"section-title-main\" >Nav\u0161t\u00edvte n\u00e1\u0161 obchod<\/span><b aria-hidden=\"true\"><\/b><\/h3><\/div>\n\n<p><strong>Adresa:<\/strong><\/p>\n<ul>\n<li>Ulica: Selerweg 41<\/li>\n<li>Po\u0161tov\u00e9 smerovacie \u010d\u00edslo: D - 12169<\/li>\n<li>Mesto: Berl\u00edn<\/li>\n<li>Krajina: Nemecko<\/li>\n<li>Okres: Steglitz-Zehlendorf<\/li>\n<\/ul>\n<p><strong>Otv\u00e1racie hodiny<\/strong> (UTC\/GMT +1)<\/p>\n<ul>\n<li>Utorok a\u017e piatok 13:00 - 18:00<\/li>\n<\/ul>\n<p><iframe loading=\"lazy\" style=\"border: 0;\" src=\"https:\/\/www.google.com\/maps\/embed?pb=!1m18!1m12!1m3!1d2431.3708399886823!2d13.335121715997175!3d52.454311048847416!2m3!1f0!2f0!3f0!3m2!1i1024!2i768!4f13.1!3m3!1m2!1s0x47a85a9242e5bc07%3A0xc44ee1d5a0728440!2sANTSTORE!5e0!3m2!1sde!2sde!4v1632470583913!5m2!1sde!2sde\" width=\"600\" height=\"450\" allowfullscreen=\"allowfullscreen\"><\/iframe><\/p>\n\n\t\t<\/div>\n\t\t\t\t\t<\/div>\n\n\t\n\n<\/div>","protected":false},"excerpt":{"rendered":"","protected":false},"author":1,"featured_media":27,"parent":0,"menu_order":0,"comment_status":"closed","ping_status":"closed","template":"page-blank.php","meta":{"_acf_changed":false,"content-type":"","_monsterinsights_skip_tracking":false,"_monsterinsights_sitenote_active":false,"_monsterinsights_sitenote_note":"","_monsterinsights_sitenote_category":0,"footnotes":""},"class_list":["post-102","page","type-page","status-publish","has-post-thumbnail","hentry"],"acf":[],"aioseo_notices":[],"jetpack_sharing_enabled":true,"_links":{"self":[{"href":"https:\/\/antcube.shop\/sk\/wp-json\/wp\/v2\/pages\/102","targetHints":{"allow":["GET"]}}],"collection":[{"href":"https:\/\/antcube.shop\/sk\/wp-json\/wp\/v2\/pages"}],"about":[{"href":"https:\/\/antcube.shop\/sk\/wp-json\/wp\/v2\/types\/page"}],"author":[{"embeddable":true,"href":"https:\/\/antcube.shop\/sk\/wp-json\/wp\/v2\/users\/1"}],"replies":[{"embeddable":true,"href":"https:\/\/antcube.shop\/sk\/wp-json\/wp\/v2\/comments?post=102"}],"version-history":[{"count":10,"href":"https:\/\/antcube.shop\/sk\/wp-json\/wp\/v2\/pages\/102\/revisions"}],"predecessor-version":[{"id":11083,"href":"https:\/\/antcube.shop\/sk\/wp-json\/wp\/v2\/pages\/102\/revisions\/11083"}],"wp:featuredmedia":[{"embeddable":true,"href":"https:\/\/antcube.shop\/sk\/wp-json\/wp\/v2\/media\/27"}],"wp:attachment":[{"href":"https:\/\/antcube.shop\/sk\/wp-json\/wp\/v2\/media?parent=102"}],"curies":[{"name":"wp","href":"https:\/\/api.w.org\/{rel}","templated":true}]}}