{"id":9884,"date":"2024-10-08T15:18:28","date_gmt":"2024-10-08T13:18:28","guid":{"rendered":"https:\/\/antcube.shop\/en\/product\/abdeckung-hybrid-60x30\/"},"modified":"2026-04-05T20:47:15","modified_gmt":"2026-04-05T18:47:15","slug":"capac-hibrid-60x30","status":"publish","type":"product","link":"https:\/\/antcube.shop\/ro\/produs\/capac-hibrid-60x30\/","title":{"rendered":"Capac hibrid 60\u00d730"},"content":{"rendered":"<p>Sticl\u0103 sigur\u0103 pentru furnici \u0219i Drosophila + capac cu plas\u0103 din o\u021bel inoxidabil. Chiar \u0219i cele mai mici specii nu pot trece prin plasa fin\u0103 din o\u021bel inoxidabil \u0219i nici furnicile t\u0103ietoare de frunze nu o pot t\u0103ia.<\/p>\n<p><strong>Dimensiuni (LxLxA):<\/strong> 60x30x0,4 cm<br \/>\n<strong>Conexiuni:<\/strong> 3 orificii de 50 mm<br \/>\n11,7x 47,5 cm suprafa\u021b\u0103 de ventila\u021bie<\/p>\n<p><strong>Material:<\/strong> sticl\u0103 flotat\u0103, gril\u0103 din o\u021bel inoxidabil<\/p>\n<p><strong>Culoare:<\/strong> cristalin \/ transparent<\/p>\n<p><strong>Con\u021binut:<\/strong><br \/>\n1x capac hibrid 60\u00d730<br \/>\n1x puncte de fixare la 4 buc.<\/p>\n<p><strong>Descriere:<\/strong><br \/>\nAcoperi\u0219 de sticl\u0103 pentru arena pentru furnici ca protec\u021bie \u00eempotriva evad\u0103rii<\/p>\n<p><strong>Cerere:<\/strong><br \/>\nCapacul de sticl\u0103 pentru arena furnicilor este plasat pe o aren\u0103 de furnici \u0219i este utilizat \u0219i pentru reglarea climei.<br \/>\n\u00cen deschiderile de 50 mm pot fi introduse diverse module pentru controlul climei, de exemplu, grile de ventila\u021bie, iluminat sau umidificare.<br \/>\nPentru a \u00eempiedica furnicile s\u0103 scape prin deschideri, trebuie aplicat\u0103 o protec\u021bie \u00eempotriva evad\u0103rii (ulei, pudr\u0103 sau lac) pe partea inferioar\u0103 din jurul g\u0103urilor.<\/p>\n<p><strong>Not\u0103:<\/strong><br \/>\nDeoarece articolul este fabricat din sticl\u0103 \u0219i, prin urmare, este fragil, trebuie manipulat cu mare grij\u0103.<\/p>","protected":false},"excerpt":{"rendered":"<p>Sticl\u0103 sigur\u0103 pentru furnici \u0219i Drosophila + capac cu plas\u0103 din o\u021bel inoxidabil. Chiar \u0219i cele mai mici specii nu pot trece prin plasa fin\u0103 din o\u021bel inoxidabil \u0219i nici furnicile t\u0103ietoare de frunze nu o pot t\u0103ia. Dimensiuni (LxLxA): 60x30x0,4 cm Conexiuni: 3 orificii de 50 mm 11,7x 47,5 cm zon\u0103 de ventila\u021bie Material: sticl\u0103 flotat\u0103, gril\u0103 din o\u021bel inoxidabil Culoare: cristalin\u0103 \/ transparent\u0103 Con\u021binut: sticl\u0103 flotat\u0103:","protected":false},"featured_media":9891,"comment_status":"open","ping_status":"closed","template":"","meta":{"_acf_changed":false,"content-type":"","_monsterinsights_skip_tracking":false,"_monsterinsights_sitenote_active":false,"_monsterinsights_sitenote_note":"","_monsterinsights_sitenote_category":0},"product_brand":[484],"product_cat":[257,91,92],"product_tag":[],"class_list":{"0":"post-9884","1":"product","2":"type-product","3":"status-publish","4":"has-post-thumbnail","6":"product_brand-antcube","7":"product_cat-new-innovatve-products","8":"product_cat-formicarium-modules","9":"product_cat-arena-cover","11":"first","12":"instock","13":"taxable","14":"shipping-taxable","15":"purchasable","16":"product-type-simple"},"acf":[],"aioseo_notices":[],"jetpack_sharing_enabled":true,"_links":{"self":[{"href":"https:\/\/antcube.shop\/ro\/wp-json\/wp\/v2\/product\/9884","targetHints":{"allow":["GET"]}}],"collection":[{"href":"https:\/\/antcube.shop\/ro\/wp-json\/wp\/v2\/product"}],"about":[{"href":"https:\/\/antcube.shop\/ro\/wp-json\/wp\/v2\/types\/product"}],"replies":[{"embeddable":true,"href":"https:\/\/antcube.shop\/ro\/wp-json\/wp\/v2\/comments?post=9884"}],"wp:featuredmedia":[{"embeddable":true,"href":"https:\/\/antcube.shop\/ro\/wp-json\/wp\/v2\/media\/9891"}],"wp:attachment":[{"href":"https:\/\/antcube.shop\/ro\/wp-json\/wp\/v2\/media?parent=9884"}],"wp:term":[{"taxonomy":"product_brand","embeddable":true,"href":"https:\/\/antcube.shop\/ro\/wp-json\/wp\/v2\/product_brand?post=9884"},{"taxonomy":"product_cat","embeddable":true,"href":"https:\/\/antcube.shop\/ro\/wp-json\/wp\/v2\/product_cat?post=9884"},{"taxonomy":"product_tag","embeddable":true,"href":"https:\/\/antcube.shop\/ro\/wp-json\/wp\/v2\/product_tag?post=9884"}],"curies":[{"name":"wp","href":"https:\/\/api.w.org\/{rel}","templated":true}]}}