{"id":9351,"date":"2024-09-17T16:28:32","date_gmt":"2024-09-17T14:28:32","guid":{"rendered":"https:\/\/antcube.shop\/en\/product\/trinkschale-bark-9cm\/"},"modified":"2026-02-23T10:54:06","modified_gmt":"2026-02-23T09:54:06","slug":"castron-de-baut-scoarta-9cm","status":"publish","type":"product","link":"https:\/\/antcube.shop\/ro\/produs\/castron-de-baut-scoarta-9cm\/","title":{"rendered":"Bol de b\u0103ut Scoar\u021b\u0103 9cm"},"content":{"rendered":"<p><strong>Dimensiuni:<\/strong> 9 cm<\/p>\n<p><strong>Material:<\/strong><br \/>\nR\u0103\u0219in\u0103 de poliester, material sigur pentru alimente<\/p>\n<p><strong>Descriere:<\/strong><br \/>\nPute\u021bi oferi furnicilor m\u00e2ncare sau gel de ap\u0103 \u00een aceste boluri de piatr\u0103. Interiorul neted le face u\u0219or de cur\u0103\u021bat. T\u0103vile pentru roci sunt fabricate din r\u0103\u0219in\u0103 sintetic\u0103 robust\u0103 \u0219i nu pot fi distruse de furnici.<\/p>","protected":false},"excerpt":{"rendered":"<p><strong>Dimensiune:<\/strong> 9 x 9 x 3 cm<\/p>","protected":false},"featured_media":9445,"comment_status":"open","ping_status":"closed","template":"","meta":{"_acf_changed":false,"content-type":"","_monsterinsights_skip_tracking":false,"_monsterinsights_sitenote_active":false,"_monsterinsights_sitenote_note":"","_monsterinsights_sitenote_category":0},"product_brand":[],"product_cat":[115,118],"product_tag":[],"class_list":{"0":"post-9351","1":"product","2":"type-product","3":"status-publish","4":"has-post-thumbnail","6":"product_cat-food-and-feeding","7":"product_cat-feeding-bowls","9":"first","10":"instock","11":"taxable","12":"shipping-taxable","13":"purchasable","14":"product-type-simple"},"acf":[],"aioseo_notices":[],"jetpack_sharing_enabled":true,"_links":{"self":[{"href":"https:\/\/antcube.shop\/ro\/wp-json\/wp\/v2\/product\/9351","targetHints":{"allow":["GET"]}}],"collection":[{"href":"https:\/\/antcube.shop\/ro\/wp-json\/wp\/v2\/product"}],"about":[{"href":"https:\/\/antcube.shop\/ro\/wp-json\/wp\/v2\/types\/product"}],"replies":[{"embeddable":true,"href":"https:\/\/antcube.shop\/ro\/wp-json\/wp\/v2\/comments?post=9351"}],"wp:featuredmedia":[{"embeddable":true,"href":"https:\/\/antcube.shop\/ro\/wp-json\/wp\/v2\/media\/9445"}],"wp:attachment":[{"href":"https:\/\/antcube.shop\/ro\/wp-json\/wp\/v2\/media?parent=9351"}],"wp:term":[{"taxonomy":"product_brand","embeddable":true,"href":"https:\/\/antcube.shop\/ro\/wp-json\/wp\/v2\/product_brand?post=9351"},{"taxonomy":"product_cat","embeddable":true,"href":"https:\/\/antcube.shop\/ro\/wp-json\/wp\/v2\/product_cat?post=9351"},{"taxonomy":"product_tag","embeddable":true,"href":"https:\/\/antcube.shop\/ro\/wp-json\/wp\/v2\/product_tag?post=9351"}],"curies":[{"name":"wp","href":"https:\/\/api.w.org\/{rel}","templated":true}]}}