{"id":9350,"date":"2024-09-17T16:28:05","date_gmt":"2024-09-17T14:28:05","guid":{"rendered":"https:\/\/antcube.shop\/en\/product\/futternapf-6cm\/"},"modified":"2026-04-10T09:16:08","modified_gmt":"2026-04-10T07:16:08","slug":"castron-alimentar-6cm","status":"publish","type":"product","link":"https:\/\/antcube.shop\/ro\/produs\/castron-alimentar-6cm\/","title":{"rendered":"Bol de m\u00e2ncare - 6cm"},"content":{"rendered":"<p><strong>Dimensiuni:<\/strong> 6 x 1,5 x 4,5 cm<\/p>\n<p><strong>Material:<\/strong><br \/>\nR\u0103\u0219in\u0103 de poliester, material sigur pentru alimente<\/p>\n<p><strong>Descriere:<\/strong><br \/>\nPute\u021bi oferi furnicilor hran\u0103 sau gel de ap\u0103 \u00een aceste t\u0103vi pentru roci. Interiorul neted le face u\u0219or de cur\u0103\u021bat. T\u0103vile pentru roci sunt fabricate din r\u0103\u0219in\u0103 sintetic\u0103 robust\u0103 \u0219i nu pot fi distruse de furnici.<\/p>","protected":false},"excerpt":{"rendered":"<p><strong>Dimensiuni:\u00a0<\/strong> 6 x 1,5 x 4,5 cm<\/p>","protected":false},"featured_media":9447,"comment_status":"open","ping_status":"closed","template":"","meta":{"_acf_changed":false,"content-type":"","_monsterinsights_skip_tracking":false,"_monsterinsights_sitenote_active":false,"_monsterinsights_sitenote_note":"","_monsterinsights_sitenote_category":0},"product_brand":[],"product_cat":[115,118],"product_tag":[],"class_list":{"0":"post-9350","1":"product","2":"type-product","3":"status-publish","4":"has-post-thumbnail","6":"product_cat-food-and-feeding","7":"product_cat-feeding-bowls","9":"first","10":"instock","11":"taxable","12":"shipping-taxable","13":"purchasable","14":"product-type-simple"},"acf":[],"aioseo_notices":[],"jetpack_sharing_enabled":true,"_links":{"self":[{"href":"https:\/\/antcube.shop\/ro\/wp-json\/wp\/v2\/product\/9350","targetHints":{"allow":["GET"]}}],"collection":[{"href":"https:\/\/antcube.shop\/ro\/wp-json\/wp\/v2\/product"}],"about":[{"href":"https:\/\/antcube.shop\/ro\/wp-json\/wp\/v2\/types\/product"}],"replies":[{"embeddable":true,"href":"https:\/\/antcube.shop\/ro\/wp-json\/wp\/v2\/comments?post=9350"}],"wp:featuredmedia":[{"embeddable":true,"href":"https:\/\/antcube.shop\/ro\/wp-json\/wp\/v2\/media\/9447"}],"wp:attachment":[{"href":"https:\/\/antcube.shop\/ro\/wp-json\/wp\/v2\/media?parent=9350"}],"wp:term":[{"taxonomy":"product_brand","embeddable":true,"href":"https:\/\/antcube.shop\/ro\/wp-json\/wp\/v2\/product_brand?post=9350"},{"taxonomy":"product_cat","embeddable":true,"href":"https:\/\/antcube.shop\/ro\/wp-json\/wp\/v2\/product_cat?post=9350"},{"taxonomy":"product_tag","embeddable":true,"href":"https:\/\/antcube.shop\/ro\/wp-json\/wp\/v2\/product_tag?post=9350"}],"curies":[{"name":"wp","href":"https:\/\/api.w.org\/{rel}","templated":true}]}}