{"id":9348,"date":"2024-09-17T16:27:06","date_gmt":"2024-09-17T14:27:06","guid":{"rendered":"https:\/\/antcube.shop\/en\/product\/antcube-popcorn-nest-30x30-l\/"},"modified":"2026-02-09T17:52:54","modified_gmt":"2026-02-09T16:52:54","slug":"antcube-popcorn-cuib-30x30-l","status":"publish","type":"product","link":"https:\/\/antcube.shop\/ro\/produs\/antcube-popcorn-cuib-30x30-l\/","title":{"rendered":"ANTCUBE - Cuib de popcorn 30\u00d730 - L"},"content":{"rendered":"<p><strong>Dimensiuni:<\/strong> 283x237x19 mm<\/p>\n<p><strong>Material:<\/strong> Popcorn presat cu zaharoz\u0103 \u0219i proteine<\/p>\n<p><strong>Se potrive\u0219te numai<\/strong> \u00een fermele noastre de furnici de m\u0103rimea L<\/p>\n<p><strong>Descriere:<\/strong> Acest cuib de popcorn cu pasaje \u0219i camere prefabricate este perfect ca hambar pentru furnicile Messor, de exemplu, dar \u0219i pentru alte specii de furnici care colecteaz\u0103 cereale. Are o gaur\u0103 pentru accesul la cuib. Cuibul de popcorn absoarbe umezeala \u0219i se poate mic\u0219ora ca urmare, astfel \u00eenc\u00e2t<strong> trebuie s\u0103 fie \u00eentotdeauna p\u0103strat uscat.<\/strong> Messor barbarus accept\u0103 cuibul nostru de popcorn ANTCUBE foarte bine ca un hambar. \u00cen timp, furnicile \u00eencep s\u0103 extind\u0103 cuibul de popcorn \u0219i \u00ee\u0219i croiesc drum prin materialul de cuib\u0103rit.<\/p>\n<p>Cuibul de floricele ar trebui s\u0103 fie utilizat numai pentru speciile de furnici care au nevoie de foarte pu\u021bin\u0103 sau deloc umiditate \u00een zona cuibului.<\/p>","protected":false},"excerpt":{"rendered":"<p>Dimensiune: <strong>L<\/strong><\/p>","protected":false},"featured_media":9459,"comment_status":"open","ping_status":"closed","template":"","meta":{"_acf_changed":false,"content-type":"","_monsterinsights_skip_tracking":false,"_monsterinsights_sitenote_active":false,"_monsterinsights_sitenote_note":"","_monsterinsights_sitenote_category":0},"product_brand":[484],"product_cat":[257,344,87],"product_tag":[],"class_list":{"0":"post-9348","1":"product","2":"type-product","3":"status-publish","4":"has-post-thumbnail","6":"product_brand-antcube","7":"product_cat-new-innovatve-products","8":"product_cat-popcorn","9":"product_cat-nest-insets","11":"first","12":"instock","13":"taxable","14":"shipping-taxable","15":"purchasable","16":"product-type-simple"},"acf":[],"aioseo_notices":[],"jetpack_sharing_enabled":true,"_links":{"self":[{"href":"https:\/\/antcube.shop\/ro\/wp-json\/wp\/v2\/product\/9348","targetHints":{"allow":["GET"]}}],"collection":[{"href":"https:\/\/antcube.shop\/ro\/wp-json\/wp\/v2\/product"}],"about":[{"href":"https:\/\/antcube.shop\/ro\/wp-json\/wp\/v2\/types\/product"}],"replies":[{"embeddable":true,"href":"https:\/\/antcube.shop\/ro\/wp-json\/wp\/v2\/comments?post=9348"}],"wp:featuredmedia":[{"embeddable":true,"href":"https:\/\/antcube.shop\/ro\/wp-json\/wp\/v2\/media\/9459"}],"wp:attachment":[{"href":"https:\/\/antcube.shop\/ro\/wp-json\/wp\/v2\/media?parent=9348"}],"wp:term":[{"taxonomy":"product_brand","embeddable":true,"href":"https:\/\/antcube.shop\/ro\/wp-json\/wp\/v2\/product_brand?post=9348"},{"taxonomy":"product_cat","embeddable":true,"href":"https:\/\/antcube.shop\/ro\/wp-json\/wp\/v2\/product_cat?post=9348"},{"taxonomy":"product_tag","embeddable":true,"href":"https:\/\/antcube.shop\/ro\/wp-json\/wp\/v2\/product_tag?post=9348"}],"curies":[{"name":"wp","href":"https:\/\/api.w.org\/{rel}","templated":true}]}}