{"id":9345,"date":"2024-09-17T16:25:36","date_gmt":"2024-09-17T14:25:36","guid":{"rendered":"https:\/\/antcube.shop\/en\/product\/ameisenarena-rahmen-30x15\/"},"modified":"2026-03-16T10:36:55","modified_gmt":"2026-03-16T09:36:55","slug":"ameisenarena-rahmen-30x15","status":"publish","type":"product","link":"https:\/\/antcube.shop\/ro\/produs\/ameisenarena-rahmen-30x15\/","title":{"rendered":"Cadru aren\u0103 furnici 30\u00d715"},"content":{"rendered":"<p><strong>Dimensiuni (LxLxA):<\/strong> 30x15x0,4 cm<\/p>\n<p><strong>Material:<\/strong> sticl\u0103 float<\/p>\n<p><strong>Culoare:<\/strong> cristalin \/ transparent<\/p>\n<p><strong>Cuprins:<\/strong><br \/>\n1x cadru pentru arena de furnici<\/p>\n<p><strong>Descriere:<\/strong><br \/>\nCadru de sticl\u0103 pentru arena furnicilor ca protec\u021bie \u00eempotriva evad\u0103rii. Potrivit pentru arenele noastre de furnici de perete.<\/p>\n<p><strong>Cerere:<\/strong><br \/>\nRama pentru arena furnicilor este o ram\u0103 din sticl\u0103 care este plasat\u0103 deasupra unei arene pentru furnici \u0219i prev\u0103zut\u0103 cu o protec\u021bie \u00eempotriva evad\u0103rii (ulei, pudr\u0103 sau lac) pe partea inferioar\u0103 pentru a \u00eempiedica furnicile s\u0103 evadeze.<\/p>\n<p><strong>Not\u0103:<\/strong><br \/>\nDeoarece articolul este fabricat din sticl\u0103 \u0219i, prin urmare, este fragil, acesta trebuie manipulat cu mare aten\u021bie. Sticla este t\u0103iat\u0103 la dimensiune \u00een conformitate cu DIN 1249 cu o toleran\u021b\u0103 de +\/- 1 mm. O protec\u021bie suplimentar\u0103 \u00eempotriva ruperii este esen\u021bial\u0103 pentru speciile de furnici extrem de mici.<\/p>","protected":false},"excerpt":{"rendered":"<p>Dimensiuni (LxLxA): 30x15x0.4 cm Material: sticl\u0103 flotat\u0103 Culoare: cristalin\u0103 \/ transparent\u0103 Con\u021binut: 1x ram\u0103 pentru arena furnicilor Descriere: Cadru de sticl\u0103 pentru arena furnicilor ca protec\u021bie \u00eempotriva evad\u0103rii. Potrivit pentru arenele noastre de furnici de perete. Aplica\u021bie: Rama pentru arena furnicilor este o ram\u0103 din sticl\u0103 care este plasat\u0103 deasupra unei arene pentru furnici \u0219i furnizat\u0103","protected":false},"featured_media":9466,"comment_status":"open","ping_status":"closed","template":"","meta":{"_acf_changed":false,"content-type":"","_monsterinsights_skip_tracking":false,"_monsterinsights_sitenote_active":false,"_monsterinsights_sitenote_note":"","_monsterinsights_sitenote_category":0},"product_brand":[484],"product_cat":[91,93],"product_tag":[],"class_list":{"0":"post-9345","1":"product","2":"type-product","3":"status-publish","4":"has-post-thumbnail","6":"product_brand-antcube","7":"product_cat-formicarium-modules","8":"product_cat-arena-frame","10":"first","11":"instock","12":"taxable","13":"shipping-taxable","14":"purchasable","15":"product-type-simple"},"acf":[],"aioseo_notices":[],"jetpack_sharing_enabled":true,"_links":{"self":[{"href":"https:\/\/antcube.shop\/ro\/wp-json\/wp\/v2\/product\/9345","targetHints":{"allow":["GET"]}}],"collection":[{"href":"https:\/\/antcube.shop\/ro\/wp-json\/wp\/v2\/product"}],"about":[{"href":"https:\/\/antcube.shop\/ro\/wp-json\/wp\/v2\/types\/product"}],"replies":[{"embeddable":true,"href":"https:\/\/antcube.shop\/ro\/wp-json\/wp\/v2\/comments?post=9345"}],"wp:featuredmedia":[{"embeddable":true,"href":"https:\/\/antcube.shop\/ro\/wp-json\/wp\/v2\/media\/9466"}],"wp:attachment":[{"href":"https:\/\/antcube.shop\/ro\/wp-json\/wp\/v2\/media?parent=9345"}],"wp:term":[{"taxonomy":"product_brand","embeddable":true,"href":"https:\/\/antcube.shop\/ro\/wp-json\/wp\/v2\/product_brand?post=9345"},{"taxonomy":"product_cat","embeddable":true,"href":"https:\/\/antcube.shop\/ro\/wp-json\/wp\/v2\/product_cat?post=9345"},{"taxonomy":"product_tag","embeddable":true,"href":"https:\/\/antcube.shop\/ro\/wp-json\/wp\/v2\/product_tag?post=9345"}],"curies":[{"name":"wp","href":"https:\/\/api.w.org\/{rel}","templated":true}]}}