{"id":9330,"date":"2024-09-17T16:18:59","date_gmt":"2024-09-17T14:18:59","guid":{"rendered":"https:\/\/antcube.shop\/en\/product\/alpha-ants-mini-scheibenmagnet-eckig\/"},"modified":"2026-03-31T18:19:04","modified_gmt":"2026-03-31T16:19:04","slug":"furnici-alfa-mini-scheibenmagnet-eckig","status":"publish","type":"product","link":"https:\/\/antcube.shop\/ro\/produs\/furnici-alfa-mini-scheibenmagnet-eckig\/","title":{"rendered":"Mini-disc magnetic Alpha Ants - p\u0103trat"},"content":{"rendered":"<p><strong>Descriere:<\/strong> Cunoa\u0219te\u021bi problema: furnicile dvs. au f\u0103cut din nou mizerie cu geamurile din cuib sau le-au acoperit cu nisip? Cu acest mic mini magnet cu disc pute\u021bi cur\u0103\u021ba pasajele \u0219i camerele din acvariu.<\/p>\n<p>Ace\u0219tia sunt magne\u021bi de calitate foarte puternici. Pute\u021bi utiliza un magnet de ghidare pentru a deplasa magnetul mic de cur\u0103\u021bare \u00een jurul formicariului \u0219i pentru a cur\u0103\u021ba geamurile murdare din interior.<\/p>\n<p><strong>Not\u0103:<\/strong> Nu l\u0103sa\u021bi magne\u021bii s\u0103 se ciocneasc\u0103 (loveasc\u0103) deoarece sunt fragili.<\/p>\n<p><strong>Cuprins:<\/strong> 2 discuri magnetice foarte puternice (10x10x4 mm \u0219i 3x2x2 mm)<\/p>","protected":false},"excerpt":{"rendered":"<p>Descriere: Cunoa\u0219te\u021bi problema: Furnicile dvs. au f\u0103cut din nou mizerie cu geamurile din cuib sau le-au acoperit cu nisip? Cu acest mic mini-magnet cu disc pute\u021bi cur\u0103\u021ba pasajele \u0219i camerele din acvariu. Ace\u0219tia sunt magne\u021bi de calitate foarte puternici. Pute\u021bi utiliza un magnet de ghidare pentru a muta","protected":false},"featured_media":9804,"comment_status":"open","ping_status":"closed","template":"","meta":{"_acf_changed":false,"content-type":"","_monsterinsights_skip_tracking":false,"_monsterinsights_sitenote_active":false,"_monsterinsights_sitenote_note":"","_monsterinsights_sitenote_category":0},"product_brand":[],"product_cat":[237],"product_tag":[],"class_list":{"0":"post-9330","1":"product","2":"type-product","3":"status-publish","4":"has-post-thumbnail","6":"product_cat-tools","8":"first","9":"instock","10":"taxable","11":"shipping-taxable","12":"purchasable","13":"product-type-simple"},"acf":[],"aioseo_notices":[],"jetpack_sharing_enabled":true,"_links":{"self":[{"href":"https:\/\/antcube.shop\/ro\/wp-json\/wp\/v2\/product\/9330","targetHints":{"allow":["GET"]}}],"collection":[{"href":"https:\/\/antcube.shop\/ro\/wp-json\/wp\/v2\/product"}],"about":[{"href":"https:\/\/antcube.shop\/ro\/wp-json\/wp\/v2\/types\/product"}],"replies":[{"embeddable":true,"href":"https:\/\/antcube.shop\/ro\/wp-json\/wp\/v2\/comments?post=9330"}],"wp:featuredmedia":[{"embeddable":true,"href":"https:\/\/antcube.shop\/ro\/wp-json\/wp\/v2\/media\/9804"}],"wp:attachment":[{"href":"https:\/\/antcube.shop\/ro\/wp-json\/wp\/v2\/media?parent=9330"}],"wp:term":[{"taxonomy":"product_brand","embeddable":true,"href":"https:\/\/antcube.shop\/ro\/wp-json\/wp\/v2\/product_brand?post=9330"},{"taxonomy":"product_cat","embeddable":true,"href":"https:\/\/antcube.shop\/ro\/wp-json\/wp\/v2\/product_cat?post=9330"},{"taxonomy":"product_tag","embeddable":true,"href":"https:\/\/antcube.shop\/ro\/wp-json\/wp\/v2\/product_tag?post=9330"}],"curies":[{"name":"wp","href":"https:\/\/api.w.org\/{rel}","templated":true}]}}