{"id":9329,"date":"2024-09-17T16:18:36","date_gmt":"2024-09-17T14:18:36","guid":{"rendered":"https:\/\/antcube.shop\/en\/product\/alpha-ants-mini-scheibenmagnet-rund\/"},"modified":"2026-03-02T09:49:08","modified_gmt":"2026-03-02T08:49:08","slug":"alpha-furnici-mini-disc-magnet-rotund","status":"publish","type":"product","link":"https:\/\/antcube.shop\/ro\/produs\/alpha-furnici-mini-disc-magnet-rotund\/","title":{"rendered":"Mini-disc magnetic Alpha Ants - rotund"},"content":{"rendered":"<p><strong>Descriere:<\/strong> Cunoa\u0219te\u021bi problema: furnicile dvs. au f\u0103cut din nou mizerie cu geamurile din cuib sau le-au acoperit cu nisip? Cu ace\u0219ti mini magne\u021bi cu discuri mici de 10x10x4 mm \u0219i 4x4x2 mm pute\u021bi cur\u0103\u021ba din nou pasajele \u0219i camerele din acvariu.<\/p>\n<p>Ace\u0219tia sunt magne\u021bi de calitate foarte puternici. Pute\u021bi utiliza un magnet de ghidare pentru a deplasa magnetul mic de cur\u0103\u021bare \u00een jurul formicariului \u0219i pentru a cur\u0103\u021ba geamurile murdare din interior.<\/p>\n<p><strong>Not\u0103:<\/strong> Nu l\u0103sa\u021bi magne\u021bii s\u0103 se ciocneasc\u0103 (loveasc\u0103) deoarece sunt fragili.<\/p>\n<p><strong>Cuprins:<\/strong> 2x magne\u021bi cu disc extra puternici acoperi\u021bi cu p\u00e2sl\u0103.<\/p>","protected":false},"excerpt":{"rendered":"<p>Descriere: Sunte\u021bi familiarizat cu problema: furnicile dvs. au f\u0103cut din nou mizerie cu geamurile din cuib sau le-au acoperit cu nisip? Cu ace\u0219ti mici magne\u021bi mini disc 10x10x4 mm \u0219i 4x4x2 mm pute\u021bi cur\u0103\u021ba din nou pasajele \u0219i camerele din acvariu. Ace\u0219tia sunt magne\u021bi de calitate foarte puternici. V\u0103","protected":false},"featured_media":9810,"comment_status":"open","ping_status":"closed","template":"","meta":{"_acf_changed":false,"content-type":"","_monsterinsights_skip_tracking":false,"_monsterinsights_sitenote_active":false,"_monsterinsights_sitenote_note":"","_monsterinsights_sitenote_category":0},"product_brand":[],"product_cat":[237],"product_tag":[],"class_list":{"0":"post-9329","1":"product","2":"type-product","3":"status-publish","4":"has-post-thumbnail","6":"product_cat-tools","8":"first","9":"instock","10":"taxable","11":"shipping-taxable","12":"purchasable","13":"product-type-simple"},"acf":[],"aioseo_notices":[],"jetpack_sharing_enabled":true,"_links":{"self":[{"href":"https:\/\/antcube.shop\/ro\/wp-json\/wp\/v2\/product\/9329","targetHints":{"allow":["GET"]}}],"collection":[{"href":"https:\/\/antcube.shop\/ro\/wp-json\/wp\/v2\/product"}],"about":[{"href":"https:\/\/antcube.shop\/ro\/wp-json\/wp\/v2\/types\/product"}],"replies":[{"embeddable":true,"href":"https:\/\/antcube.shop\/ro\/wp-json\/wp\/v2\/comments?post=9329"}],"wp:featuredmedia":[{"embeddable":true,"href":"https:\/\/antcube.shop\/ro\/wp-json\/wp\/v2\/media\/9810"}],"wp:attachment":[{"href":"https:\/\/antcube.shop\/ro\/wp-json\/wp\/v2\/media?parent=9329"}],"wp:term":[{"taxonomy":"product_brand","embeddable":true,"href":"https:\/\/antcube.shop\/ro\/wp-json\/wp\/v2\/product_brand?post=9329"},{"taxonomy":"product_cat","embeddable":true,"href":"https:\/\/antcube.shop\/ro\/wp-json\/wp\/v2\/product_cat?post=9329"},{"taxonomy":"product_tag","embeddable":true,"href":"https:\/\/antcube.shop\/ro\/wp-json\/wp\/v2\/product_tag?post=9329"}],"curies":[{"name":"wp","href":"https:\/\/api.w.org\/{rel}","templated":true}]}}