{"id":9323,"date":"2024-09-17T16:16:22","date_gmt":"2024-09-17T14:16:22","guid":{"rendered":"https:\/\/antcube.shop\/en\/product\/greifzange-60-cm\/"},"modified":"2026-04-09T09:58:37","modified_gmt":"2026-04-09T07:58:37","slug":"gripper-60-cm","status":"publish","type":"product","link":"https:\/\/antcube.shop\/ro\/produs\/gripper-60-cm\/","title":{"rendered":"Gripper 60 cm"},"content":{"rendered":"<p><strong>Lungime:<\/strong> 60 cm<\/p>\n<p><strong>Descriere:<\/strong> Acest bra\u021b de prindere poate fi utilizat pentru a opera \u00een zone inaccesibile m\u00e2inilor \u0219i pentru a scoate piese din tuburi sau furtunuri. Diametru frontal 10,5 mm. Se potrive\u0219te printr-o gaur\u0103 de 11 mm. Clemele de prindere au o deschidere de 20 mm.<\/p>\n<p><strong>Not\u0103:<\/strong><br \/>\nExist\u0103 riscul de r\u0103nire dac\u0103 p\u0103r\u021bi ale corpului se prind \u00een cle\u0219te.<\/p>","protected":false},"excerpt":{"rendered":"<p>Lungime: 60 cm Descriere: Acest bra\u021b de prindere poate fi utilizat pentru a opera \u00een zone inaccesibile m\u00e2inilor \u0219i pentru a scoate piese din tuburi sau furtunuri. Diametru frontal 10,5 mm. Se potrive\u0219te printr-o gaur\u0103 de 11 mm. Clemele de prindere au o deschidere de 20 mm. Not\u0103: Exist\u0103 riscul de r\u0103nire dac\u0103 p\u0103r\u021bile corpului","protected":false},"featured_media":9580,"comment_status":"open","ping_status":"closed","template":"","meta":{"_acf_changed":false,"content-type":"","_monsterinsights_skip_tracking":false,"_monsterinsights_sitenote_active":false,"_monsterinsights_sitenote_note":"","_monsterinsights_sitenote_category":0},"product_brand":[],"product_cat":[237],"product_tag":[],"class_list":{"0":"post-9323","1":"product","2":"type-product","3":"status-publish","4":"has-post-thumbnail","6":"product_cat-tools","8":"first","9":"instock","10":"taxable","11":"shipping-taxable","12":"purchasable","13":"product-type-simple"},"acf":[],"aioseo_notices":[],"jetpack_sharing_enabled":true,"_links":{"self":[{"href":"https:\/\/antcube.shop\/ro\/wp-json\/wp\/v2\/product\/9323","targetHints":{"allow":["GET"]}}],"collection":[{"href":"https:\/\/antcube.shop\/ro\/wp-json\/wp\/v2\/product"}],"about":[{"href":"https:\/\/antcube.shop\/ro\/wp-json\/wp\/v2\/types\/product"}],"replies":[{"embeddable":true,"href":"https:\/\/antcube.shop\/ro\/wp-json\/wp\/v2\/comments?post=9323"}],"wp:featuredmedia":[{"embeddable":true,"href":"https:\/\/antcube.shop\/ro\/wp-json\/wp\/v2\/media\/9580"}],"wp:attachment":[{"href":"https:\/\/antcube.shop\/ro\/wp-json\/wp\/v2\/media?parent=9323"}],"wp:term":[{"taxonomy":"product_brand","embeddable":true,"href":"https:\/\/antcube.shop\/ro\/wp-json\/wp\/v2\/product_brand?post=9323"},{"taxonomy":"product_cat","embeddable":true,"href":"https:\/\/antcube.shop\/ro\/wp-json\/wp\/v2\/product_cat?post=9323"},{"taxonomy":"product_tag","embeddable":true,"href":"https:\/\/antcube.shop\/ro\/wp-json\/wp\/v2\/product_tag?post=9323"}],"curies":[{"name":"wp","href":"https:\/\/api.w.org\/{rel}","templated":true}]}}