{"id":9322,"date":"2024-09-17T16:15:47","date_gmt":"2024-09-17T14:15:47","guid":{"rendered":"https:\/\/antcube.shop\/en\/product\/formicarienunterlage-60x6cm\/"},"modified":"2026-04-05T01:10:14","modified_gmt":"2026-04-04T23:10:14","slug":"tampon-formicarium-60x6cm","status":"publish","type":"product","link":"https:\/\/antcube.shop\/ro\/produs\/tampon-formicarium-60x6cm\/","title":{"rendered":"Formicarium pad - 60x6cm"},"content":{"rendered":"<p><strong>Dimensiuni:<\/strong> 590 x 60 x 4mm<\/p>\n<p><strong>Material:<\/strong> spum\u0103 PE<\/p>\n<p><strong>Culoare:<\/strong> gri<\/p>\n<p><strong>Con\u021binut:<\/strong> 1 buc.<\/p>\n<p><strong>Descriere:<\/strong><br \/>\nPl\u0103cu\u021ba de covor formicarium este fabricat\u0103 din spum\u0103 moale.<br \/>\nAcesta protejeaz\u0103 formicarul, precum \u0219i piesa de mobilier pe care se afl\u0103 formicarul, de zg\u00e2rieturi.<br \/>\nPl\u0103cu\u021ba serve\u0219te, de asemenea, ca izola\u021bie termic\u0103 care compenseaz\u0103 cele mai mici denivel\u0103ri \u0219i, de asemenea, protejeaz\u0103 \u00eempotriva vibra\u021biilor.<\/p>","protected":false},"excerpt":{"rendered":"<p>Dimensiuni: 590 x 60 x 4mm Material: Spum\u0103 PE Culoare: gri Con\u021binut: 1 buc: 1 buc. Descriere: Covorul de pardoseal\u0103 este format din Tamponul de covor pentru formicarium este fabricat din spum\u0103 moale. Acesta protejeaz\u0103 formicariul, precum \u0219i mobilierul pe care se afl\u0103 formicariul de zg\u00e2rieturi. Tamponul de covor serve\u0219te \u0219i ca izola\u021bie termic\u0103 care compenseaz\u0103 cele mai mici denivel\u0103ri \u0219i [...]","protected":false},"featured_media":9823,"comment_status":"open","ping_status":"closed","template":"","meta":{"_acf_changed":false,"content-type":"","_monsterinsights_skip_tracking":false,"_monsterinsights_sitenote_active":false,"_monsterinsights_sitenote_note":"","_monsterinsights_sitenote_category":0},"product_brand":[484],"product_cat":[119,239],"product_tag":[],"class_list":{"0":"post-9322","1":"product","2":"type-product","3":"status-publish","4":"has-post-thumbnail","6":"product_brand-antcube","7":"product_cat-formicarium-components","8":"product_cat-useful-additions","10":"first","11":"instock","12":"taxable","13":"shipping-taxable","14":"purchasable","15":"product-type-simple"},"acf":[],"aioseo_notices":[],"jetpack_sharing_enabled":true,"_links":{"self":[{"href":"https:\/\/antcube.shop\/ro\/wp-json\/wp\/v2\/product\/9322","targetHints":{"allow":["GET"]}}],"collection":[{"href":"https:\/\/antcube.shop\/ro\/wp-json\/wp\/v2\/product"}],"about":[{"href":"https:\/\/antcube.shop\/ro\/wp-json\/wp\/v2\/types\/product"}],"replies":[{"embeddable":true,"href":"https:\/\/antcube.shop\/ro\/wp-json\/wp\/v2\/comments?post=9322"}],"wp:featuredmedia":[{"embeddable":true,"href":"https:\/\/antcube.shop\/ro\/wp-json\/wp\/v2\/media\/9823"}],"wp:attachment":[{"href":"https:\/\/antcube.shop\/ro\/wp-json\/wp\/v2\/media?parent=9322"}],"wp:term":[{"taxonomy":"product_brand","embeddable":true,"href":"https:\/\/antcube.shop\/ro\/wp-json\/wp\/v2\/product_brand?post=9322"},{"taxonomy":"product_cat","embeddable":true,"href":"https:\/\/antcube.shop\/ro\/wp-json\/wp\/v2\/product_cat?post=9322"},{"taxonomy":"product_tag","embeddable":true,"href":"https:\/\/antcube.shop\/ro\/wp-json\/wp\/v2\/product_tag?post=9322"}],"curies":[{"name":"wp","href":"https:\/\/api.w.org\/{rel}","templated":true}]}}