{"id":9319,"date":"2024-09-17T16:14:42","date_gmt":"2024-09-17T14:14:42","guid":{"rendered":"https:\/\/antcube.shop\/en\/product\/antcube-rote-folie-60x30-filter\/"},"modified":"2026-04-06T17:28:14","modified_gmt":"2026-04-06T15:28:14","slug":"antcube-rote-folie-60x30-filtru","status":"publish","type":"product","link":"https:\/\/antcube.shop\/ro\/produs\/antcube-rote-folie-60x30-filtru\/","title":{"rendered":"ANTCUBE - Folie ro\u0219ie 60\u00d730 - Filtru"},"content":{"rendered":"<p><strong>Dimensiuni:<\/strong> 59x24cm<\/p>\n<p><strong>Material:<\/strong> PVC<\/p>\n<p><strong>Descriere:<\/strong> Folia ro\u0219ie transparent\u0103 este utilizat\u0103 pentru a da furnicilor senza\u021bia de subteran. Prin urmare, recomand\u0103m utilizarea acestui produs cel pu\u021bin par\u021bial \u00een zona cuibului. Cu toate acestea, furnicile pot fi \u00een continuare observate cu u\u0219urin\u021b\u0103 \u00een cuib. T\u0103iat exact la dimensiune pentru ANTCUBE \"Furnicar 60x30cm S\/M\/L - vertical\".<\/p>\n<p>Acest film filtrant are un efect de filtrare a luminii mai bun dec\u00e2t filmul de acoperire normal. Rezistent la temperaturi de p\u00e2n\u0103 la 180\u00b0C<\/p>\n<p>Folia de filtru ader\u0103 singur\u0103 la ferm\u0103 sau la zona cuibului prin presiune u\u0219oar\u0103 \u0219i uniform\u0103. Alternativ, banda adeziv\u0103 transparent\u0103 este potrivit\u0103 pentru fixare. Pur \u0219i simplu fixa\u021bi-o cu dou\u0103 benzi mici \u00een col\u021burile superioare, astfel \u00eenc\u00e2t folia s\u0103 poat\u0103 fi ridicat\u0103 ulterior pentru o vizibilitate mai bun\u0103 \u00een zona de cuib\u0103rit.<\/p>","protected":false},"excerpt":{"rendered":"<p>Dimensiuni: 59x24cm Material: PVC: PVC Descriere: Folia ro\u0219ie transparent\u0103 este folosit\u0103 pentru a da furnicilor senza\u021bia de subteran. Prin urmare, recomand\u0103m utilizarea acestui produs cel pu\u021bin par\u021bial \u00een zona cuibului. Cu toate acestea, furnicile pot fi \u00een continuare observate cu u\u0219urin\u021b\u0103 \u00een cuib. T\u0103iat exact la dimensiune pentru ANTCUBE \"Furnicar 60x30cm S\/M\/L - vertical\". Acest","protected":false},"featured_media":9826,"comment_status":"open","ping_status":"closed","template":"","meta":{"_acf_changed":false,"content-type":"","_monsterinsights_skip_tracking":false,"_monsterinsights_sitenote_active":false,"_monsterinsights_sitenote_note":"","_monsterinsights_sitenote_category":0},"product_brand":[],"product_cat":[119,239],"product_tag":[],"class_list":{"0":"post-9319","1":"product","2":"type-product","3":"status-publish","4":"has-post-thumbnail","6":"product_cat-formicarium-components","7":"product_cat-useful-additions","9":"first","10":"instock","11":"taxable","12":"shipping-taxable","13":"purchasable","14":"product-type-simple"},"acf":[],"aioseo_notices":[],"jetpack_sharing_enabled":true,"_links":{"self":[{"href":"https:\/\/antcube.shop\/ro\/wp-json\/wp\/v2\/product\/9319","targetHints":{"allow":["GET"]}}],"collection":[{"href":"https:\/\/antcube.shop\/ro\/wp-json\/wp\/v2\/product"}],"about":[{"href":"https:\/\/antcube.shop\/ro\/wp-json\/wp\/v2\/types\/product"}],"replies":[{"embeddable":true,"href":"https:\/\/antcube.shop\/ro\/wp-json\/wp\/v2\/comments?post=9319"}],"wp:featuredmedia":[{"embeddable":true,"href":"https:\/\/antcube.shop\/ro\/wp-json\/wp\/v2\/media\/9826"}],"wp:attachment":[{"href":"https:\/\/antcube.shop\/ro\/wp-json\/wp\/v2\/media?parent=9319"}],"wp:term":[{"taxonomy":"product_brand","embeddable":true,"href":"https:\/\/antcube.shop\/ro\/wp-json\/wp\/v2\/product_brand?post=9319"},{"taxonomy":"product_cat","embeddable":true,"href":"https:\/\/antcube.shop\/ro\/wp-json\/wp\/v2\/product_cat?post=9319"},{"taxonomy":"product_tag","embeddable":true,"href":"https:\/\/antcube.shop\/ro\/wp-json\/wp\/v2\/product_tag?post=9319"}],"curies":[{"name":"wp","href":"https:\/\/api.w.org\/{rel}","templated":true}]}}