{"id":9317,"date":"2024-09-17T16:13:59","date_gmt":"2024-09-17T14:13:59","guid":{"rendered":"https:\/\/antcube.shop\/en\/product\/ameisen-ausbruchsschutz-set\/"},"modified":"2026-04-24T09:50:15","modified_gmt":"2026-04-24T07:50:15","slug":"set-de-protectie-impotriva-focarelor-de-furnici","status":"publish","type":"product","link":"https:\/\/antcube.shop\/ro\/produs\/set-de-protectie-impotriva-focarelor-de-furnici\/","title":{"rendered":"Set de protec\u021bie \u00eempotriva focarelor de furnici"},"content":{"rendered":"<p><strong>Cuprins:<\/strong><br \/>\n1x ulei de protec\u021bie \u00eempotriva focarelor de furnici 10ml (pe baz\u0103 de ulei de kerosen)<br \/>\n1x pudr\u0103 de protec\u021bie \u00eempotriva focarelor de furnici 10ml (pe baz\u0103 de talc)<br \/>\n1x lac de protec\u021bie \u00eempotriva focarelor de furnici 10ml (pe baz\u0103 de PTFE)<br \/>\n3x perie special\u0103 din spum\u0103 pentru aplicarea materialului de protec\u021bie a focarelor<br \/>\n3x recipient de amestecare pentru dozare sau amestecare.<\/p>\n<p><strong>Descriere:<\/strong> Am alc\u0103tuit un set restr\u00e2ns din cele mai eficiente materiale de protec\u021bie \u00eempotriva epidemiilor, astfel \u00eenc\u00e2t s\u0103 pute\u021bi testa care protec\u021bie \u00eempotriva epidemiilor este cea mai potrivit\u0103 pentru colonia dumneavoastr\u0103.<\/p>\n<p><a href=\"https:\/\/www.antstore.net\/shop\/images\/documents\/ant%20escape%20protection%20lacquer%20EN.pdf\">Fi\u0219a cu date de securitate pentru vopseaua de protec\u021bie \u00eempotriva focarelor de furnici (englez\u0103), (PDF 0.2 MB)<\/a><br \/>\n(Con\u021bine: Instruc\u021biuni de siguran\u021b\u0103)<\/p>\n<p><a href=\"https:\/\/www.antstore.net\/shop\/images\/documents\/ant_escape_protection_oil_en.pdf\">Fi\u0219a cu date de securitate pentru Ant Outbreak Protection Oil (English) , (PDF 0.1 MB)<\/a><br \/>\n(Con\u021bine: Instruc\u021biuni de siguran\u021b\u0103)<\/p>","protected":false},"excerpt":{"rendered":"<p>Con\u021binut: 1x ulei de protec\u021bie \u00eempotriva focarelor de furnici 10ml (pe baz\u0103 de ulei de kerosen) 1x pulbere de protec\u021bie \u00eempotriva focarelor de furnici 10ml (pe baz\u0103 de talc) 1x lac de protec\u021bie \u00eempotriva focarelor de furnici 10ml (pe baz\u0103 de PTFE) 3x perie special\u0103 din spum\u0103 pentru aplicarea materialului de protec\u021bie \u00eempotriva focarelor 3x recipient de amestecare pentru dozare sau amestecare. Descriere: Am creat un mic set de seturi de produse pentru protec\u021bia \u00eempotriva insectelor: Am adunat un set mic de cele mai eficiente produse de combatere a focarelor","protected":false},"featured_media":9591,"comment_status":"open","ping_status":"closed","template":"","meta":{"_acf_changed":false,"content-type":"","_monsterinsights_skip_tracking":false,"_monsterinsights_sitenote_active":false,"_monsterinsights_sitenote_note":"","_monsterinsights_sitenote_category":0},"product_brand":[484],"product_cat":[237],"product_tag":[],"class_list":{"0":"post-9317","1":"product","2":"type-product","3":"status-publish","4":"has-post-thumbnail","6":"product_brand-antcube","7":"product_cat-tools","9":"first","10":"instock","11":"taxable","12":"shipping-taxable","13":"purchasable","14":"product-type-simple"},"acf":[],"aioseo_notices":[],"jetpack_sharing_enabled":true,"_links":{"self":[{"href":"https:\/\/antcube.shop\/ro\/wp-json\/wp\/v2\/product\/9317","targetHints":{"allow":["GET"]}}],"collection":[{"href":"https:\/\/antcube.shop\/ro\/wp-json\/wp\/v2\/product"}],"about":[{"href":"https:\/\/antcube.shop\/ro\/wp-json\/wp\/v2\/types\/product"}],"replies":[{"embeddable":true,"href":"https:\/\/antcube.shop\/ro\/wp-json\/wp\/v2\/comments?post=9317"}],"wp:featuredmedia":[{"embeddable":true,"href":"https:\/\/antcube.shop\/ro\/wp-json\/wp\/v2\/media\/9591"}],"wp:attachment":[{"href":"https:\/\/antcube.shop\/ro\/wp-json\/wp\/v2\/media?parent=9317"}],"wp:term":[{"taxonomy":"product_brand","embeddable":true,"href":"https:\/\/antcube.shop\/ro\/wp-json\/wp\/v2\/product_brand?post=9317"},{"taxonomy":"product_cat","embeddable":true,"href":"https:\/\/antcube.shop\/ro\/wp-json\/wp\/v2\/product_cat?post=9317"},{"taxonomy":"product_tag","embeddable":true,"href":"https:\/\/antcube.shop\/ro\/wp-json\/wp\/v2\/product_tag?post=9317"}],"curies":[{"name":"wp","href":"https:\/\/api.w.org\/{rel}","templated":true}]}}