{"id":9316,"date":"2024-09-17T16:13:38","date_gmt":"2024-09-17T14:13:38","guid":{"rendered":"https:\/\/antcube.shop\/en\/product\/ameisen-ausbruchsschutz-lack-10ml\/"},"modified":"2026-04-08T22:16:11","modified_gmt":"2026-04-08T20:16:11","slug":"ameisen-ausbruchsschutz-lipsa-10ml","status":"publish","type":"product","link":"https:\/\/antcube.shop\/ro\/produs\/ameisen-ausbruchsschutz-lipsa-10ml\/","title":{"rendered":"Vernis de protec\u021bie \u00eempotriva focarelor de furnici 10ml"},"content":{"rendered":"<p><strong>Con\u021binut:<\/strong> 10 ml (suficient nediluat pentru aproximativ 10 metri de band\u0103 cu l\u0103\u021bimea de 20 mm)<\/p>\n<p><strong>Culoare:<\/strong> alb l\u0103ptos<\/p>\n<p><strong>Material:<\/strong> Pe baz\u0103 de PTFE<\/p>\n<p><strong>Descriere:<\/strong> Lacul este solu\u021bia ideal\u0103 de protec\u021bie antiefrac\u021bie pentru furnici; un tip de plastic care este adesea folosit \u0219i ca anti-adeziv - recomandat \u0219i de oamenii de \u0219tiin\u021b\u0103 H\u00f6lldobler \u0219i Wilson ca protec\u021bie antiefrac\u021bie \u00een furnicare. Furnicile nu g\u0103sesc aderen\u021b\u0103 pe folia aplicat\u0103 \u0219i alunec\u0103. Stratul de acoperire este de lung\u0103 durat\u0103 \u0219i, prin urmare, nu trebuie re\u00eennoit la fel de des ca alte alternative.<\/p>\n<p><strong>Avantaj:<\/strong><br \/>\n- Dac\u0103 este aplicat curat, nu este necesar\u0103 re\u00eennoirea.<br \/>\n- Ideal pentru suprafe\u021be din sticl\u0103.<\/p>\n<p><strong>Dezavantaj:<\/strong><br \/>\n- Nu este potrivit pentru formicaria cu umiditate ridicat\u0103, deoarece lacul este solubil \u00een ap\u0103.<br \/>\n- Lacul nu este at\u00e2t de potrivit pentru suprafe\u021bele din plastic, deoarece acestea sunt autogresante.<br \/>\n- Aplicarea trebuie exersat\u0103 \u00een prealabil, deoarece suprafa\u021ba \"l\u0103cuit\u0103\" nu trebuie s\u0103 devin\u0103 aspr\u0103 sau zg\u00e2riat\u0103.<\/p>\n<p><strong>Cerere:<\/strong> Se agit\u0103 bine \u00eenainte de utilizare. Lacul poate fi utilizat a\u0219a cum este furnizat sau diluat cu ap\u0103 p\u00e2n\u0103 la un maxim de 1:10. Poate fi aplicat cu o pensul\u0103 sau pur \u0219i simplu picurat cu grij\u0103 pe suprafe\u021bele care urmeaz\u0103 s\u0103 fie tratate. Filmul trebuie s\u0103 fie de aproximativ 3 ori mai lat la margine dec\u00e2t furnicile sunt lungi. Cel mai simplu mod de a face acest lucru este s\u0103 masca\u021bi zona cu band\u0103 adeziv\u0103 \u0219i s\u0103 aplica\u021bi vopseaua \u00eentins\u0103 pe partea lateral\u0103 a rezervorului. Timpul de uscare pe fiecare parte este de aproximativ 45 de minute, dar poate varia u\u0219or \u00een func\u021bie de grosimea aplica\u021biei.<\/p>\n<p><strong>Not\u0103 important\u0103:<\/strong> Evita\u021bi contactul cu ochii. \u00cen caz de contact cu ochii, cl\u0103ti\u021bi imediat cu mult\u0103 ap\u0103 \u0219i consulta\u021bi un medic. Nu fuma\u021bi \u00een timpul aplic\u0103rii. Utiliza\u021bi numai \u00een zone bine ventilate. A nu se l\u0103sa la \u00eendem\u00e2na copiilor! Vopseaua \u00ee\u0219i poate schimba ireversibil consisten\u021ba la temperaturi sub zero grade. Prin urmare, expediem numai la temperaturi de peste 0\u00b0C!<\/p>\n<p><a href=\"https:\/\/www.antstore.net\/shop\/images\/documents\/ant%20escape%20protection%20lacquer%20EN.pdf\">Fi\u0219a cu date de securitate pentru vopseaua de protec\u021bie \u00eempotriva focarelor de furnici (englez\u0103) , (PDF 0.2 MB)<\/a><br \/>\n(Con\u021bine: Instruc\u021biuni de siguran\u021b\u0103)<\/p>\n<p>&nbsp;<\/p>","protected":false},"excerpt":{"rendered":"<p>Con\u021binut: 10 ml (10 ml pentru o cantitate minim\u0103 de 10 ml): 10 ml (suficient de nediluat pentru aprox. 10 metri de band\u0103 cu l\u0103\u021bimea de 20 mm) Culoare: alb l\u0103ptos Material: PTFE: Pe baz\u0103 de PTFE Descriere: Lacul este protec\u021bia anti-rupere ideal\u0103 pentru furnici; un tip de plastic care este, de asemenea, adesea folosit ca anti-adeziv - recomandat \u0219i de oamenii de \u0219tiin\u021b\u0103 H\u00f6lldobler \u0219i Wilson ca protec\u021bie anti-rupere \u00een furnici","protected":false},"featured_media":9592,"comment_status":"open","ping_status":"closed","template":"","meta":{"_acf_changed":false,"content-type":"","_monsterinsights_skip_tracking":false,"_monsterinsights_sitenote_active":false,"_monsterinsights_sitenote_note":"","_monsterinsights_sitenote_category":0},"product_brand":[484],"product_cat":[237],"product_tag":[],"class_list":{"0":"post-9316","1":"product","2":"type-product","3":"status-publish","4":"has-post-thumbnail","6":"product_brand-antcube","7":"product_cat-tools","9":"first","10":"instock","11":"taxable","12":"shipping-taxable","13":"purchasable","14":"product-type-simple"},"acf":[],"aioseo_notices":[],"jetpack_sharing_enabled":true,"_links":{"self":[{"href":"https:\/\/antcube.shop\/ro\/wp-json\/wp\/v2\/product\/9316","targetHints":{"allow":["GET"]}}],"collection":[{"href":"https:\/\/antcube.shop\/ro\/wp-json\/wp\/v2\/product"}],"about":[{"href":"https:\/\/antcube.shop\/ro\/wp-json\/wp\/v2\/types\/product"}],"replies":[{"embeddable":true,"href":"https:\/\/antcube.shop\/ro\/wp-json\/wp\/v2\/comments?post=9316"}],"wp:featuredmedia":[{"embeddable":true,"href":"https:\/\/antcube.shop\/ro\/wp-json\/wp\/v2\/media\/9592"}],"wp:attachment":[{"href":"https:\/\/antcube.shop\/ro\/wp-json\/wp\/v2\/media?parent=9316"}],"wp:term":[{"taxonomy":"product_brand","embeddable":true,"href":"https:\/\/antcube.shop\/ro\/wp-json\/wp\/v2\/product_brand?post=9316"},{"taxonomy":"product_cat","embeddable":true,"href":"https:\/\/antcube.shop\/ro\/wp-json\/wp\/v2\/product_cat?post=9316"},{"taxonomy":"product_tag","embeddable":true,"href":"https:\/\/antcube.shop\/ro\/wp-json\/wp\/v2\/product_tag?post=9316"}],"curies":[{"name":"wp","href":"https:\/\/api.w.org\/{rel}","templated":true}]}}